{"id":3712,"date":"2023-09-26T10:43:24","date_gmt":"2023-09-26T10:43:24","guid":{"rendered":"https:\/\/www.upo.es\/convenios-practicas-empresa\/?page_id=3712"},"modified":"2024-07-22T11:17:58","modified_gmt":"2024-07-22T11:17:58","slug":"doble-master-en-abogacia-y-derecho-de-las-nuevas-tecnologias","status":"publish","type":"page","link":"https:\/\/www.upo.es\/convenios-practicas-empresa\/centro-de-estudios-de-postgrado-cedep\/doble-master-en-abogacia-y-derecho-de-las-nuevas-tecnologias\/","title":{"rendered":"Doble M\u00e1ster en Abogac\u00eda y Derecho de las Nuevas Tecnolog\u00edas"},"content":{"rendered":"\t\t<div data-elementor-type=\"wp-post\" data-elementor-id=\"3712\" class=\"elementor elementor-3712\">\n\t\t\t\t\t\t<section class=\"elementor-section elementor-top-section elementor-element elementor-element-f183281 elementor-section-boxed elementor-section-height-default elementor-section-height-default\" data-id=\"f183281\" data-element_type=\"section\" data-e-type=\"section\">\n\t\t\t\t\t\t<div class=\"elementor-container elementor-column-gap-default\">\n\t\t\t\t\t<div class=\"elementor-column elementor-col-100 elementor-top-column elementor-element elementor-element-fdf21db\" data-id=\"fdf21db\" data-element_type=\"column\" data-e-type=\"column\">\n\t\t\t<div class=\"elementor-widget-wrap elementor-element-populated\">\n\t\t\t\t\t\t<div class=\"elementor-element elementor-element-bf681b1 elementor-widget elementor-widget-heading\" data-id=\"bf681b1\" data-element_type=\"widget\" data-e-type=\"widget\" data-widget_type=\"heading.default\">\n\t\t\t\t<div class=\"elementor-widget-container\">\n\t\t\t\t\t<h3 class=\"elementor-heading-title elementor-size-default\">Doble M\u00e1ster en Abogac\u00eda y Derecho de las Nuevas Tecnolog\u00edas<\/h3>\t\t\t\t<\/div>\n\t\t\t\t<\/div>\n\t\t\t\t\t<\/div>\n\t\t<\/div>\n\t\t\t\t\t<\/div>\n\t\t<\/section>\n\t\t\t\t<section class=\"elementor-section elementor-top-section elementor-element elementor-element-208df66 elementor-section-boxed elementor-section-height-default elementor-section-height-default\" data-id=\"208df66\" data-element_type=\"section\" data-e-type=\"section\">\n\t\t\t\t\t\t<div class=\"elementor-container elementor-column-gap-default\">\n\t\t\t\t\t<div class=\"elementor-column elementor-col-100 elementor-top-column elementor-element elementor-element-350b7c6\" data-id=\"350b7c6\" data-element_type=\"column\" data-e-type=\"column\">\n\t\t\t<div class=\"elementor-widget-wrap elementor-element-populated\">\n\t\t\t\t\t\t<div class=\"elementor-element elementor-element-1075600 elementor-widget elementor-widget-heading\" data-id=\"1075600\" data-element_type=\"widget\" data-e-type=\"widget\" data-widget_type=\"heading.default\">\n\t\t\t\t<div class=\"elementor-widget-container\">\n\t\t\t\t\t<h3 class=\"elementor-heading-title elementor-size-default\">Plazas ofertadas por curso acad\u00e9mico<\/h3>\t\t\t\t<\/div>\n\t\t\t\t<\/div>\n\t\t\t\t<div class=\"elementor-element elementor-element-c6249b9 elementor-tabs-view-horizontal elementor-widget elementor-widget-tabs\" data-id=\"c6249b9\" data-element_type=\"widget\" data-e-type=\"widget\" data-widget_type=\"tabs.default\">\n\t\t\t\t<div class=\"elementor-widget-container\">\n\t\t\t\t\t\t\t<div class=\"elementor-tabs\">\n\t\t\t<div class=\"elementor-tabs-wrapper\" role=\"tablist\" >\n\t\t\t\t\t\t\t\t\t<div id=\"elementor-tab-title-2071\" class=\"elementor-tab-title elementor-tab-desktop-title\" aria-selected=\"true\" data-tab=\"1\" role=\"tab\" tabindex=\"0\" aria-controls=\"elementor-tab-content-2071\" aria-expanded=\"false\">2023-2024<\/div>\n\t\t\t\t\t\t\t\t\t<div id=\"elementor-tab-title-2072\" class=\"elementor-tab-title elementor-tab-desktop-title\" aria-selected=\"false\" data-tab=\"2\" role=\"tab\" tabindex=\"-1\" aria-controls=\"elementor-tab-content-2072\" aria-expanded=\"false\">2022-2023<\/div>\n\t\t\t\t\t\t\t<\/div>\n\t\t\t<div class=\"elementor-tabs-content-wrapper\" role=\"tablist\" aria-orientation=\"vertical\">\n\t\t\t\t\t\t\t\t\t<div class=\"elementor-tab-title elementor-tab-mobile-title\" aria-selected=\"true\" data-tab=\"1\" role=\"tab\" tabindex=\"0\" aria-controls=\"elementor-tab-content-2071\" aria-expanded=\"false\">2023-2024<\/div>\n\t\t\t\t\t<div id=\"elementor-tab-content-2071\" class=\"elementor-tab-content elementor-clearfix\" data-tab=\"1\" role=\"tabpanel\" aria-labelledby=\"elementor-tab-title-2071\" tabindex=\"0\" hidden=\"false\">\n<table id=\"tablepress-171\" class=\"tablepress tablepress-id-171\">\n<thead>\n<tr class=\"row-1\">\n\t<th class=\"column-1\"><strong>Nombre Empresa<\/strong><\/th><th class=\"column-2\"><strong>Localidad<\/strong><\/th><th class=\"column-3\"><strong>Provincia<\/strong><\/th><th class=\"column-4\"><strong> Plazas<\/strong><\/th>\n<\/tr>\n<\/thead>\n<tbody class=\"row-striping row-hover\">\n<tr class=\"row-2\">\n\t<td class=\"column-1\">Alcaber Legal, S.L.P.<\/td><td class=\"column-2\">Sanlucar La Mayor<\/td><td class=\"column-3\">Sevilla<\/td><td class=\"column-4\">1<\/td>\n<\/tr>\n<tr class=\"row-3\">\n\t<td class=\"column-1\">Cremades &amp; Calvo-Sotelo Abogados Sevilla<\/td><td class=\"column-2\">Sevilla<\/td><td class=\"column-3\">Sevilla<\/td><td class=\"column-4\">1<\/td>\n<\/tr>\n<tr class=\"row-4\">\n\t<td class=\"column-1\">Edefense Legal &amp; Prevention Consulting, S.L.<\/td><td class=\"column-2\">Sevilla<\/td><td class=\"column-3\">Sevilla<\/td><td class=\"column-4\">2<\/td>\n<\/tr>\n<tr class=\"row-5\">\n\t<td class=\"column-1\">Emerge<\/td><td class=\"column-2\">Sevilla<\/td><td class=\"column-3\">Sevilla<\/td><td class=\"column-4\">1<\/td>\n<\/tr>\n<tr class=\"row-6\">\n\t<td class=\"column-1\">Francisco Javier Garo\u00f1a Fernandez<\/td><td class=\"column-2\">Sevilla<\/td><td class=\"column-3\">Sevilla<\/td><td class=\"column-4\">1<\/td>\n<\/tr>\n<tr class=\"row-7\">\n\t<td class=\"column-1\">In Diem Consulting, S.L.<\/td><td class=\"column-2\">Sevilla<\/td><td class=\"column-3\">Sevilla<\/td><td class=\"column-4\">1<\/td>\n<\/tr>\n<tr class=\"row-8\">\n\t<td class=\"column-1\">Juzgado De Instrucci\u00f3n N\u00ba 7<\/td><td class=\"column-2\">Sevilla<\/td><td class=\"column-3\">Sevilla<\/td><td class=\"column-4\">1<\/td>\n<\/tr>\n<tr class=\"row-9\">\n\t<td class=\"column-1\">Monta\u00f1o Ybarra Asociados S.L<\/td><td class=\"column-2\">Sevilla<\/td><td class=\"column-3\">Sevilla<\/td><td class=\"column-4\">4<\/td>\n<\/tr>\n<tr class=\"row-10\">\n\t<td class=\"column-1\">Oes\u00eda Networks<\/td><td class=\"column-2\">Rivas-Vaciamadrid<\/td><td class=\"column-3\">Madrid<\/td><td class=\"column-4\">2<\/td>\n<\/tr>\n<tr class=\"row-11\">\n\t<td class=\"column-1\">Penaltech<\/td><td class=\"column-2\">Sevilla<\/td><td class=\"column-3\">Sevilla<\/td><td class=\"column-4\">1<\/td>\n<\/tr>\n<\/tbody>\n<\/table>\n<\/div>\n\t\t\t\t\t\t\t\t\t<div class=\"elementor-tab-title elementor-tab-mobile-title\" aria-selected=\"false\" data-tab=\"2\" role=\"tab\" tabindex=\"-1\" aria-controls=\"elementor-tab-content-2072\" aria-expanded=\"false\">2022-2023<\/div>\n\t\t\t\t\t<div id=\"elementor-tab-content-2072\" class=\"elementor-tab-content elementor-clearfix\" data-tab=\"2\" role=\"tabpanel\" aria-labelledby=\"elementor-tab-title-2072\" tabindex=\"0\" hidden=\"hidden\">\n<table id=\"tablepress-119\" class=\"tablepress tablepress-id-119\">\n<thead>\n<tr class=\"row-1\">\n\t<th class=\"column-1\"><strong>Nombre Empresa<\/strong><\/th><th class=\"column-2\"><strong>Localidad<\/strong><\/th><th class=\"column-3\"><strong>Provincia<\/strong><\/th><th class=\"column-4\"><strong>Plazas<\/strong><\/th>\n<\/tr>\n<\/thead>\n<tbody class=\"row-striping row-hover\">\n<tr class=\"row-2\">\n\t<td class=\"column-1\">Adicae Sevilla (Asociaci\u00f3n de Usuarios de Bancos, Cajas y Seguros)<\/td><td class=\"column-2\">Sevilla<\/td><td class=\"column-3\">Sevilla<\/td><td class=\"column-4\">1<\/td>\n<\/tr>\n<tr class=\"row-3\">\n\t<td class=\"column-1\">Andersen<\/td><td class=\"column-2\">Valencia<\/td><td class=\"column-3\">Valencia<\/td><td class=\"column-4\">2<\/td>\n<\/tr>\n<tr class=\"row-4\">\n\t<td class=\"column-1\">Atenin S. Coop. And. de Inter\u00e9s Social<\/td><td class=\"column-2\">Huelva<\/td><td class=\"column-3\">Huelva<\/td><td class=\"column-4\">1<\/td>\n<\/tr>\n<tr class=\"row-5\">\n\t<td class=\"column-1\">Bufete Delgado Lamet &amp; Asociados<\/td><td class=\"column-2\">Sevilla<\/td><td class=\"column-3\">Sevilla<\/td><td class=\"column-4\">1<\/td>\n<\/tr>\n<tr class=\"row-6\">\n\t<td class=\"column-1\">Edefense Legal &amp; Prevention Consulting, S.L.<\/td><td class=\"column-2\">Sevilla<\/td><td class=\"column-3\">Sevilla<\/td><td class=\"column-4\">1<\/td>\n<\/tr>\n<tr class=\"row-7\">\n\t<td class=\"column-1\">Elisabet Moreno Mart\u00ednez<\/td><td class=\"column-2\">Sevilla<\/td><td class=\"column-3\">Sevilla<\/td><td class=\"column-4\">2<\/td>\n<\/tr>\n<tr class=\"row-8\">\n\t<td class=\"column-1\">Emerge<\/td><td class=\"column-2\">Sevilla<\/td><td class=\"column-3\">Sevilla<\/td><td class=\"column-4\">1<\/td>\n<\/tr>\n<tr class=\"row-9\">\n\t<td class=\"column-1\">Filpo y Asociados, S.L.<\/td><td class=\"column-2\">Sevilla<\/td><td class=\"column-3\">Sevilla<\/td><td class=\"column-4\">1<\/td>\n<\/tr>\n<tr class=\"row-10\">\n\t<td class=\"column-1\">Francisco Javier Garo\u00f1a Fern\u00e1ndez<\/td><td class=\"column-2\">Sevilla<\/td><td class=\"column-3\">Sevilla<\/td><td class=\"column-4\">1<\/td>\n<\/tr>\n<tr class=\"row-11\">\n\t<td class=\"column-1\">Grupo Medialex<\/td><td class=\"column-2\">Sevilla<\/td><td class=\"column-3\">Sevilla<\/td><td class=\"column-4\">1<\/td>\n<\/tr>\n<tr class=\"row-12\">\n\t<td class=\"column-1\">Guadaltel, S.A.<\/td><td class=\"column-2\">Sevilla<\/td><td class=\"column-3\">Sevilla<\/td><td class=\"column-4\">1<\/td>\n<\/tr>\n<tr class=\"row-13\">\n\t<td class=\"column-1\">In Diem Consulting, S.L.<\/td><td class=\"column-2\">Sevilla<\/td><td class=\"column-3\">Sevilla<\/td><td class=\"column-4\">4<\/td>\n<\/tr>\n<tr class=\"row-14\">\n\t<td class=\"column-1\">Legal Support and Professional Services, S.L.<\/td><td class=\"column-2\">Madrid<\/td><td class=\"column-3\">Madrid<\/td><td class=\"column-4\">1<\/td>\n<\/tr>\n<tr class=\"row-15\">\n\t<td class=\"column-1\">M Torres Abogados<\/td><td class=\"column-2\">C\u00e1diz<\/td><td class=\"column-3\">C\u00e1diz<\/td><td class=\"column-4\">1<\/td>\n<\/tr>\n<tr class=\"row-16\">\n\t<td class=\"column-1\">Manuel Laguna Barn\u00e9s<\/td><td class=\"column-2\">Sevilla<\/td><td class=\"column-3\">Sevilla<\/td><td class=\"column-4\">2<\/td>\n<\/tr>\n<tr class=\"row-17\">\n\t<td class=\"column-1\">Monta\u00f1o Ybarra Asociados S.L.<\/td><td class=\"column-2\">Sevilla<\/td><td class=\"column-3\">Sevilla<\/td><td class=\"column-4\">1<\/td>\n<\/tr>\n<tr class=\"row-18\">\n\t<td class=\"column-1\">Patenting<\/td><td class=\"column-2\">Sevilla<\/td><td class=\"column-3\">Sevilla<\/td><td class=\"column-4\">1<\/td>\n<\/tr>\n<tr class=\"row-19\">\n\t<td class=\"column-1\">Penaltech<\/td><td class=\"column-2\">Sevilla<\/td><td class=\"column-3\">Sevilla<\/td><td class=\"column-4\">2<\/td>\n<\/tr>\n<tr class=\"row-20\">\n\t<td class=\"column-1\">Sollertia Abogados S.L.P.<\/td><td class=\"column-2\">Sevilla<\/td><td class=\"column-3\">Sevilla<\/td><td class=\"column-4\">1<\/td>\n<\/tr>\n<tr class=\"row-21\">\n\t<td class=\"column-1\">Iniversitat de Valencia<\/td><td class=\"column-2\">Valencia<\/td><td class=\"column-3\">Valencia<\/td><td class=\"column-4\">1<\/td>\n<\/tr>\n<tr class=\"row-22\">\n\t<td class=\"column-1\">Vicente Ort\u00edz Abogados y Asociados S.L.P.<\/td><td class=\"column-2\">Marbella<\/td><td class=\"column-3\">M\u00e1laga<\/td><td class=\"column-4\">1<\/td>\n<\/tr>\n<tr class=\"row-23\">\n\t<td class=\"column-1\">Youforget.me S.L.<\/td><td class=\"column-2\">Sevilla<\/td><td class=\"column-3\">Sevilla<\/td><td class=\"column-4\">1<\/td>\n<\/tr>\n<tr class=\"row-24\">\n\t<td class=\"column-1\">Zurbar\u00e1n Abogados, S.L.P.<\/td><td class=\"column-2\">Sevilla<\/td><td class=\"column-3\">Sevilla<\/td><td class=\"column-4\">1<\/td>\n<\/tr>\n<\/tbody>\n<\/table>\n<\/div>\n\t\t\t\t\t\t\t<\/div>\n\t\t<\/div>\n\t\t\t\t\t\t<\/div>\n\t\t\t\t<\/div>\n\t\t\t\t\t<\/div>\n\t\t<\/div>\n\t\t\t\t\t<\/div>\n\t\t<\/section>\n\t\t\t\t<section class=\"elementor-section elementor-top-section elementor-element elementor-element-fe44ec6 elementor-section-boxed elementor-section-height-default elementor-section-height-default\" data-id=\"fe44ec6\" data-element_type=\"section\" data-e-type=\"section\">\n\t\t\t\t\t\t<div class=\"elementor-container elementor-column-gap-default\">\n\t\t\t\t\t<div class=\"elementor-column elementor-col-100 elementor-top-column elementor-element elementor-element-9e635ae\" data-id=\"9e635ae\" data-element_type=\"column\" data-e-type=\"column\">\n\t\t\t<div class=\"elementor-widget-wrap elementor-element-populated\">\n\t\t\t\t\t\t<div class=\"elementor-element elementor-element-59cbbe1 elementor-widget elementor-widget-heading\" data-id=\"59cbbe1\" data-element_type=\"widget\" data-e-type=\"widget\" data-widget_type=\"heading.default\">\n\t\t\t\t<div class=\"elementor-widget-container\">\n\t\t\t\t\t<h3 class=\"elementor-heading-title elementor-size-default\">Convenios<\/h3>\t\t\t\t<\/div>\n\t\t\t\t<\/div>\n\t\t\t\t<div class=\"elementor-element elementor-element-686c4f7 elementor-widget elementor-widget-shortcode\" data-id=\"686c4f7\" data-element_type=\"widget\" data-e-type=\"widget\" data-widget_type=\"shortcode.default\">\n\t\t\t\t<div class=\"elementor-widget-container\">\n\t\t\t\t\t\t\t<div class=\"elementor-shortcode\"><!--><\/div>\n\t\t\t\t\t\t<\/div>\n\t\t\t\t<\/div>\n\t\t\t\t\t<\/div>\n\t\t<\/div>\n\t\t\t\t\t<\/div>\n\t\t<\/section>\n\t\t\t\t<section class=\"elementor-section elementor-top-section elementor-element elementor-element-aa4da5e elementor-section-boxed elementor-section-height-default elementor-section-height-default\" data-id=\"aa4da5e\" data-element_type=\"section\" data-e-type=\"section\">\n\t\t\t\t\t\t<div class=\"elementor-container elementor-column-gap-default\">\n\t\t\t\t\t<div class=\"elementor-column elementor-col-100 elementor-top-column elementor-element elementor-element-a6bea61\" data-id=\"a6bea61\" data-element_type=\"column\" data-e-type=\"column\">\n\t\t\t<div class=\"elementor-widget-wrap elementor-element-populated\">\n\t\t\t\t\t\t<div class=\"elementor-element elementor-element-1d5ea56 elementor-widget elementor-widget-heading\" data-id=\"1d5ea56\" data-element_type=\"widget\" data-e-type=\"widget\" data-widget_type=\"heading.default\">\n\t\t\t\t<div class=\"elementor-widget-container\">\n\t\t\t\t\t<h3 class=\"elementor-heading-title elementor-size-default\">Adendas<\/h3>\t\t\t\t<\/div>\n\t\t\t\t<\/div>\n\t\t\t\t<div class=\"elementor-element elementor-element-e30fc27 elementor-widget elementor-widget-shortcode\" data-id=\"e30fc27\" data-element_type=\"widget\" data-e-type=\"widget\" data-widget_type=\"shortcode.default\">\n\t\t\t\t<div class=\"elementor-widget-container\">\n\t\t\t\t\t\t\t<div class=\"elementor-shortcode\"><!-- --><\/div>\n\t\t\t\t\t\t<\/div>\n\t\t\t\t<\/div>\n\t\t\t\t\t<\/div>\n\t\t<\/div>\n\t\t\t\t\t<\/div>\n\t\t<\/section>\n\t\t\t\t<\/div>\n\t\t","protected":false},"excerpt":{"rendered":"<p>Doble M\u00e1ster en Abogac\u00eda y Derecho de las Nuevas Tecnolog\u00edas Plazas ofertadas por curso acad\u00e9mico 2023-2024 2022-2023 2023-2024 Editar Nombre Empresa Localidad Provincia Plazas Alcaber Legal, S.L.P. Sanlucar La Mayor Sevilla 1 Cremades &amp; Calvo-Sotelo Abogados Sevilla Sevilla Sevilla 1 Edefense Legal &amp; Prevention Consulting, S.L. Sevilla Sevilla 2 Emerge Sevilla Sevilla 1 Francisco Javier [&hellip;]<\/p>\n","protected":false},"author":1,"featured_media":0,"parent":604,"menu_order":1,"comment_status":"closed","ping_status":"closed","template":"elementor_header_footer","meta":{"site-sidebar-layout":"no-sidebar","site-content-layout":"page-builder","ast-site-content-layout":"full-width-container","site-content-style":"unboxed","site-sidebar-style":"unboxed","ast-global-header-display":"","ast-banner-title-visibility":"","ast-main-header-display":"","ast-hfb-above-header-display":"","ast-hfb-below-header-display":"","ast-hfb-mobile-header-display":"","site-post-title":"disabled","ast-breadcrumbs-content":"","ast-featured-img":"disabled","footer-sml-layout":"","ast-disable-related-posts":"","theme-transparent-header-meta":"default","adv-header-id-meta":"","stick-header-meta":"","header-above-stick-meta":"","header-main-stick-meta":"","header-below-stick-meta":"","astra-migrate-meta-layouts":"set","ast-page-background-enabled":"default","ast-page-background-meta":{"desktop":{"background-color":"","background-image":"","background-repeat":"repeat","background-position":"center center","background-size":"auto","background-attachment":"scroll","background-type":"","background-media":"","overlay-type":"","overlay-color":"","overlay-opacity":"","overlay-gradient":""},"tablet":{"background-color":"","background-image":"","background-repeat":"repeat","background-position":"center center","background-size":"auto","background-attachment":"scroll","background-type":"","background-media":"","overlay-type":"","overlay-color":"","overlay-opacity":"","overlay-gradient":""},"mobile":{"background-color":"","background-image":"","background-repeat":"repeat","background-position":"center center","background-size":"auto","background-attachment":"scroll","background-type":"","background-media":"","overlay-type":"","overlay-color":"","overlay-opacity":"","overlay-gradient":""}},"ast-content-background-meta":{"desktop":{"background-color":"var(--ast-global-color-5)","background-image":"","background-repeat":"repeat","background-position":"center center","background-size":"auto","background-attachment":"scroll","background-type":"","background-media":"","overlay-type":"","overlay-color":"","overlay-opacity":"","overlay-gradient":""},"tablet":{"background-color":"var(--ast-global-color-5)","background-image":"","background-repeat":"repeat","background-position":"center center","background-size":"auto","background-attachment":"scroll","background-type":"","background-media":"","overlay-type":"","overlay-color":"","overlay-opacity":"","overlay-gradient":""},"mobile":{"background-color":"var(--ast-global-color-5)","background-image":"","background-repeat":"repeat","background-position":"center center","background-size":"auto","background-attachment":"scroll","background-type":"","background-media":"","overlay-type":"","overlay-color":"","overlay-opacity":"","overlay-gradient":""}},"footnotes":""},"class_list":["post-3712","page","type-page","status-publish","hentry"],"_links":{"self":[{"href":"https:\/\/www.upo.es\/convenios-practicas-empresa\/wp-json\/wp\/v2\/pages\/3712","targetHints":{"allow":["GET"]}}],"collection":[{"href":"https:\/\/www.upo.es\/convenios-practicas-empresa\/wp-json\/wp\/v2\/pages"}],"about":[{"href":"https:\/\/www.upo.es\/convenios-practicas-empresa\/wp-json\/wp\/v2\/types\/page"}],"author":[{"embeddable":true,"href":"https:\/\/www.upo.es\/convenios-practicas-empresa\/wp-json\/wp\/v2\/users\/1"}],"replies":[{"embeddable":true,"href":"https:\/\/www.upo.es\/convenios-practicas-empresa\/wp-json\/wp\/v2\/comments?post=3712"}],"version-history":[{"count":0,"href":"https:\/\/www.upo.es\/convenios-practicas-empresa\/wp-json\/wp\/v2\/pages\/3712\/revisions"}],"up":[{"embeddable":true,"href":"https:\/\/www.upo.es\/convenios-practicas-empresa\/wp-json\/wp\/v2\/pages\/604"}],"wp:attachment":[{"href":"https:\/\/www.upo.es\/convenios-practicas-empresa\/wp-json\/wp\/v2\/media?parent=3712"}],"curies":[{"name":"wp","href":"https:\/\/api.w.org\/{rel}","templated":true}]}}