{"id":4849,"date":"2024-07-25T10:53:32","date_gmt":"2024-07-25T10:53:32","guid":{"rendered":"https:\/\/www.upo.es\/convenios-practicas-empresa\/?page_id=4849"},"modified":"2025-11-27T09:47:17","modified_gmt":"2025-11-27T08:47:17","slug":"master-universitario-en-direccion-empresas","status":"publish","type":"page","link":"https:\/\/www.upo.es\/convenios-practicas-empresa\/centro-de-estudios-de-postgrado-cedep\/master-universitario-en-direccion-empresas\/","title":{"rendered":"M\u00e1ster Universitario en Direcci\u00f3n de Empresas"},"content":{"rendered":"\t\t<div data-elementor-type=\"wp-post\" data-elementor-id=\"4849\" class=\"elementor elementor-4849\">\n\t\t\t\t\t\t<section class=\"elementor-section elementor-top-section elementor-element elementor-element-f183281 elementor-section-boxed elementor-section-height-default elementor-section-height-default\" data-id=\"f183281\" data-element_type=\"section\" data-e-type=\"section\">\n\t\t\t\t\t\t<div class=\"elementor-container elementor-column-gap-default\">\n\t\t\t\t\t<div class=\"elementor-column elementor-col-100 elementor-top-column elementor-element elementor-element-fdf21db\" data-id=\"fdf21db\" data-element_type=\"column\" data-e-type=\"column\">\n\t\t\t<div class=\"elementor-widget-wrap elementor-element-populated\">\n\t\t\t\t\t\t<div class=\"elementor-element elementor-element-bf681b1 elementor-widget elementor-widget-heading\" data-id=\"bf681b1\" data-element_type=\"widget\" data-e-type=\"widget\" data-widget_type=\"heading.default\">\n\t\t\t\t<div class=\"elementor-widget-container\">\n\t\t\t\t\t<h3 class=\"elementor-heading-title elementor-size-default\">M\u00e1ster Universitario en Direcci\u00f3n de Empresas<\/h3>\t\t\t\t<\/div>\n\t\t\t\t<\/div>\n\t\t\t\t\t<\/div>\n\t\t<\/div>\n\t\t\t\t\t<\/div>\n\t\t<\/section>\n\t\t\t\t<section class=\"elementor-section elementor-top-section elementor-element elementor-element-fd9c1e9 elementor-section-boxed elementor-section-height-default elementor-section-height-default\" data-id=\"fd9c1e9\" data-element_type=\"section\" data-e-type=\"section\">\n\t\t\t\t\t\t<div class=\"elementor-container elementor-column-gap-default\">\n\t\t\t\t\t<div class=\"elementor-column elementor-col-100 elementor-top-column elementor-element elementor-element-fe1a374\" data-id=\"fe1a374\" data-element_type=\"column\" data-e-type=\"column\">\n\t\t\t<div class=\"elementor-widget-wrap elementor-element-populated\">\n\t\t\t\t\t\t<div class=\"elementor-element elementor-element-326a4c6 elementor-widget elementor-widget-heading\" data-id=\"326a4c6\" data-element_type=\"widget\" data-e-type=\"widget\" data-widget_type=\"heading.default\">\n\t\t\t\t<div class=\"elementor-widget-container\">\n\t\t\t\t\t<h3 class=\"elementor-heading-title elementor-size-default\"><span style=\"font-size: 1.5rem;font-style: normal;font-weight: 700\">Plazas ofertadas por curso acad\u00e9mico<\/span><\/h3>\t\t\t\t<\/div>\n\t\t\t\t<\/div>\n\t\t\t\t<div class=\"elementor-element elementor-element-bd9ccef elementor-tabs-view-horizontal elementor-widget elementor-widget-tabs\" data-id=\"bd9ccef\" data-element_type=\"widget\" data-e-type=\"widget\" data-widget_type=\"tabs.default\">\n\t\t\t\t<div class=\"elementor-widget-container\">\n\t\t\t\t\t\t\t<div class=\"elementor-tabs\">\n\t\t\t<div class=\"elementor-tabs-wrapper\" role=\"tablist\" >\n\t\t\t\t\t\t\t\t\t<div id=\"elementor-tab-title-1981\" class=\"elementor-tab-title elementor-tab-desktop-title\" aria-selected=\"true\" data-tab=\"1\" role=\"tab\" tabindex=\"0\" aria-controls=\"elementor-tab-content-1981\" aria-expanded=\"false\">2024-2025<\/div>\n\t\t\t\t\t\t\t\t\t<div id=\"elementor-tab-title-1982\" class=\"elementor-tab-title elementor-tab-desktop-title\" aria-selected=\"false\" data-tab=\"2\" role=\"tab\" tabindex=\"-1\" aria-controls=\"elementor-tab-content-1982\" aria-expanded=\"false\">2023-2024<\/div>\n\t\t\t\t\t\t\t\t\t<div id=\"elementor-tab-title-1983\" class=\"elementor-tab-title elementor-tab-desktop-title\" aria-selected=\"false\" data-tab=\"3\" role=\"tab\" tabindex=\"-1\" aria-controls=\"elementor-tab-content-1983\" aria-expanded=\"false\">2022-2023<\/div>\n\t\t\t\t\t\t\t\t\t<div id=\"elementor-tab-title-1984\" class=\"elementor-tab-title elementor-tab-desktop-title\" aria-selected=\"false\" data-tab=\"4\" role=\"tab\" tabindex=\"-1\" aria-controls=\"elementor-tab-content-1984\" aria-expanded=\"false\">2021-2022<\/div>\n\t\t\t\t\t\t\t<\/div>\n\t\t\t<div class=\"elementor-tabs-content-wrapper\" role=\"tablist\" aria-orientation=\"vertical\">\n\t\t\t\t\t\t\t\t\t<div class=\"elementor-tab-title elementor-tab-mobile-title\" aria-selected=\"true\" data-tab=\"1\" role=\"tab\" tabindex=\"0\" aria-controls=\"elementor-tab-content-1981\" aria-expanded=\"false\">2024-2025<\/div>\n\t\t\t\t\t<div id=\"elementor-tab-content-1981\" class=\"elementor-tab-content elementor-clearfix\" data-tab=\"1\" role=\"tabpanel\" aria-labelledby=\"elementor-tab-title-1981\" tabindex=\"0\" hidden=\"false\">\n<table id=\"tablepress-246\" class=\"tablepress tablepress-id-246\">\n<thead>\n<tr class=\"row-1\">\n\t<th class=\"column-1\"><strong>Nombre Empresa<\/strong><\/th><th class=\"column-2\"><strong>Localidad <\/strong><\/th><th class=\"column-3\"><strong>Provincia <\/strong><\/th><th class=\"column-4\"><strong>Plazas<\/strong><\/th>\n<\/tr>\n<\/thead>\n<tbody class=\"row-striping row-hover\">\n<tr class=\"row-2\">\n\t<td class=\"column-1\">TECHNICAL ENGLISH CENTRE, S.L.<\/td><td class=\"column-2\">SEVILLA<\/td><td class=\"column-3\">Sevilla<\/td><td class=\"column-4\">1<\/td>\n<\/tr>\n<tr class=\"row-3\">\n\t<td class=\"column-1\">RESTAURANT BOOKING &amp; DISTRIBUTION SERVICES S.L<\/td><td class=\"column-2\">SEVILLA<\/td><td class=\"column-3\">Sevilla<\/td><td class=\"column-4\">8<\/td>\n<\/tr>\n<tr class=\"row-4\">\n\t<td class=\"column-1\">UNI\u00d3N SINDICAL OBRERA<\/td><td class=\"column-2\">SEVILLA<\/td><td class=\"column-3\">Sevilla<\/td><td class=\"column-4\">1<\/td>\n<\/tr>\n<tr class=\"row-5\">\n\t<td class=\"column-1\">SERVICIOS INFORM\u00c1TICOS Y ECON\u00d3MICOS, S. L<\/td><td class=\"column-2\">SEVILLA<\/td><td class=\"column-3\">Sevilla<\/td><td class=\"column-4\">1<\/td>\n<\/tr>\n<tr class=\"row-6\">\n\t<td class=\"column-1\">INSTITUTO DE M\u00daSICA Y CONOCIMIENTO<\/td><td class=\"column-2\">SEVILLA<\/td><td class=\"column-3\">Sevilla<\/td><td class=\"column-4\">1<\/td>\n<\/tr>\n<tr class=\"row-7\">\n\t<td class=\"column-1\">CARITAS DIOCESANA DE SEVILLA<\/td><td class=\"column-2\">SEVILLA<\/td><td class=\"column-3\">Sevilla<\/td><td class=\"column-4\">1<\/td>\n<\/tr>\n<tr class=\"row-8\">\n\t<td class=\"column-1\">VIAVANSI CORPORACI\u00d3N, S.L.<\/td><td class=\"column-2\">TOMARES<\/td><td class=\"column-3\">Sevilla<\/td><td class=\"column-4\">1<\/td>\n<\/tr>\n<tr class=\"row-9\">\n\t<td class=\"column-1\">Whater App Solutions S.L<\/td><td class=\"column-2\">SAN JOSE DE LA RINCONADA<\/td><td class=\"column-3\">Sevilla<\/td><td class=\"column-4\">1<\/td>\n<\/tr>\n<tr class=\"row-10\">\n\t<td class=\"column-1\">Whater App Solutions S.L<\/td><td class=\"column-2\">SAN JOSE DE LA RINCONADA<\/td><td class=\"column-3\">Sevilla<\/td><td class=\"column-4\">1<\/td>\n<\/tr>\n<tr class=\"row-11\">\n\t<td class=\"column-1\">Supercubo<\/td><td class=\"column-2\">GELVES<\/td><td class=\"column-3\">Sevilla<\/td><td class=\"column-4\">1<\/td>\n<\/tr>\n<tr class=\"row-12\">\n\t<td class=\"column-1\">CAPFLEX ENERGIA S.L.<\/td><td class=\"column-2\">GELVES<\/td><td class=\"column-3\">Sevilla<\/td><td class=\"column-4\">1<\/td>\n<\/tr>\n<tr class=\"row-13\">\n\t<td class=\"column-1\">J.C.GONZALEZ LOIS, S.L.<\/td><td class=\"column-2\">DOS HERMANAS<\/td><td class=\"column-3\">Sevilla<\/td><td class=\"column-4\">1<\/td>\n<\/tr>\n<\/tbody>\n<\/table>\n<\/div>\n\t\t\t\t\t\t\t\t\t<div class=\"elementor-tab-title elementor-tab-mobile-title\" aria-selected=\"false\" data-tab=\"2\" role=\"tab\" tabindex=\"-1\" aria-controls=\"elementor-tab-content-1982\" aria-expanded=\"false\">2023-2024<\/div>\n\t\t\t\t\t<div id=\"elementor-tab-content-1982\" class=\"elementor-tab-content elementor-clearfix\" data-tab=\"2\" role=\"tabpanel\" aria-labelledby=\"elementor-tab-title-1982\" tabindex=\"0\" hidden=\"hidden\">\n<table id=\"tablepress-193\" class=\"tablepress tablepress-id-193\">\n<thead>\n<tr class=\"row-1\">\n\t<th class=\"column-1\"><strong>Nombre Empresa<\/strong><\/th><th class=\"column-2\"><strong>Localidad<\/strong><\/th><th class=\"column-3\"><strong>Provincia<\/strong><\/th><th class=\"column-4\"><strong>Plazas<\/strong><\/th>\n<\/tr>\n<\/thead>\n<tbody class=\"row-striping row-hover\">\n<tr class=\"row-2\">\n\t<td class=\"column-1\">Akampao Movment Sl<\/td><td class=\"column-2\">Alcala De Guadaira<\/td><td class=\"column-3\">Sevilla<\/td><td class=\"column-4\">1<\/td>\n<\/tr>\n<tr class=\"row-3\">\n\t<td class=\"column-1\">Andalucex Abogados Y Asesores<\/td><td class=\"column-2\">Sevilla<\/td><td class=\"column-3\">Sevilla<\/td><td class=\"column-4\">1<\/td>\n<\/tr>\n<tr class=\"row-4\">\n\t<td class=\"column-1\">Aprenred Formaci\u00f3n Slu<\/td><td class=\"column-2\">Sevilla<\/td><td class=\"column-3\">Sevilla<\/td><td class=\"column-4\">2<\/td>\n<\/tr>\n<tr class=\"row-5\">\n\t<td class=\"column-1\">Castelar Consulting, S.L.<\/td><td class=\"column-2\">Sevilla<\/td><td class=\"column-3\">Sevilla<\/td><td class=\"column-4\">1<\/td>\n<\/tr>\n<tr class=\"row-6\">\n\t<td class=\"column-1\">Coalfe Herrajes Para Muebles Sl<\/td><td class=\"column-2\">Alcala De Guadaira<\/td><td class=\"column-3\">Sevilla<\/td><td class=\"column-4\">1<\/td>\n<\/tr>\n<tr class=\"row-7\">\n\t<td class=\"column-1\">Oleoestepa, S.C.A.<\/td><td class=\"column-2\">Estepa<\/td><td class=\"column-3\">Sevilla<\/td><td class=\"column-4\">1<\/td>\n<\/tr>\n<tr class=\"row-8\">\n\t<td class=\"column-1\">Servicios Inform\u00e1ticos Y Econ\u00f3micos, S. L<\/td><td class=\"column-2\">Sevilla<\/td><td class=\"column-3\">Sevilla<\/td><td class=\"column-4\">1<\/td>\n<\/tr>\n<tr class=\"row-9\">\n\t<td class=\"column-1\">Uni\u00f3n Sindical Obrera<\/td><td class=\"column-2\">Sevilla<\/td><td class=\"column-3\">Sevilla<\/td><td class=\"column-4\">1<\/td>\n<\/tr>\n<tr class=\"row-10\">\n\t<td class=\"column-1\">Viafirma<\/td><td class=\"column-2\">Tomares<\/td><td class=\"column-3\">Sevilla<\/td><td class=\"column-4\">1<\/td>\n<\/tr>\n<tr class=\"row-11\">\n\t<td class=\"column-1\">Whater App Solutions S.L<\/td><td class=\"column-2\">San Jose De La Rinconada<\/td><td class=\"column-3\">Sevilla<\/td><td class=\"column-4\">1<\/td>\n<\/tr>\n<\/tbody>\n<\/table>\n<\/div>\n\t\t\t\t\t\t\t\t\t<div class=\"elementor-tab-title elementor-tab-mobile-title\" aria-selected=\"false\" data-tab=\"3\" role=\"tab\" tabindex=\"-1\" aria-controls=\"elementor-tab-content-1983\" aria-expanded=\"false\">2022-2023<\/div>\n\t\t\t\t\t<div id=\"elementor-tab-content-1983\" class=\"elementor-tab-content elementor-clearfix\" data-tab=\"3\" role=\"tabpanel\" aria-labelledby=\"elementor-tab-title-1983\" tabindex=\"0\" hidden=\"hidden\">\n<table id=\"tablepress-47\" class=\"tablepress tablepress-id-47\">\n<thead>\n<tr class=\"row-1\">\n\t<th class=\"column-1\">Nombre Empresa<\/th><th class=\"column-2\">Localidad<\/th><th class=\"column-3\">Provincia<\/th><th class=\"column-4\">Plazas<\/th>\n<\/tr>\n<\/thead>\n<tbody class=\"row-striping row-hover\">\n<tr class=\"row-2\">\n\t<td class=\"column-1\">Ayuntamiento de Coripe<\/td><td class=\"column-2\">Coripe<\/td><td class=\"column-3\">Sevilla<\/td><td class=\"column-4\">1<\/td>\n<\/tr>\n<tr class=\"row-3\">\n\t<td class=\"column-1\">Casas Asin SL<\/td><td class=\"column-2\">Sevilla<\/td><td class=\"column-3\">Sevilla<\/td><td class=\"column-4\">1<\/td>\n<\/tr>\n<tr class=\"row-4\">\n\t<td class=\"column-1\">Centro de Negocios Sevilla, S.L.<\/td><td class=\"column-2\">Sevilla<\/td><td class=\"column-3\">Sevilla<\/td><td class=\"column-4\">2<\/td>\n<\/tr>\n<tr class=\"row-5\">\n\t<td class=\"column-1\">Cityvities S.L.<\/td><td class=\"column-2\">Sevilla<\/td><td class=\"column-3\">Sevilla<\/td><td class=\"column-4\">1<\/td>\n<\/tr>\n<tr class=\"row-6\">\n\t<td class=\"column-1\">Consulting New Century S,L<\/td><td class=\"column-2\">Madrid<\/td><td class=\"column-3\">Madrid<\/td><td class=\"column-4\">1<\/td>\n<\/tr>\n<tr class=\"row-7\">\n\t<td class=\"column-1\">Copisur<\/td><td class=\"column-2\">Fuente del Rey<\/td><td class=\"column-3\">Sevilla<\/td><td class=\"column-4\">1<\/td>\n<\/tr>\n<tr class=\"row-8\">\n\t<td class=\"column-1\">CSE Apartments SL<\/td><td class=\"column-2\">SEVILLA<\/td><td class=\"column-3\">Sevilla<\/td><td class=\"column-4\">1<\/td>\n<\/tr>\n<tr class=\"row-9\">\n\t<td class=\"column-1\">EGR Consulting<\/td><td class=\"column-2\">Sevilla<\/td><td class=\"column-3\">Sevilla<\/td><td class=\"column-4\">1<\/td>\n<\/tr>\n<tr class=\"row-10\">\n\t<td class=\"column-1\">Eme Nosea Asesoria, S.L.U.<\/td><td class=\"column-2\">Mairena del Aljarafe<\/td><td class=\"column-3\">Sevilla<\/td><td class=\"column-4\">1<\/td>\n<\/tr>\n<tr class=\"row-11\">\n\t<td class=\"column-1\">Expedition Campers, S.L.U<\/td><td class=\"column-2\">Sevilla<\/td><td class=\"column-3\">Sevilla<\/td><td class=\"column-4\">1<\/td>\n<\/tr>\n<tr class=\"row-12\">\n\t<td class=\"column-1\">forWit Soluciones &amp; Estrategias, SL<\/td><td class=\"column-2\">Sevilla<\/td><td class=\"column-3\">Sevilla<\/td><td class=\"column-4\">1<\/td>\n<\/tr>\n<tr class=\"row-13\">\n\t<td class=\"column-1\">Jomeroca Asesores SL<\/td><td class=\"column-2\">Coria del Rio<\/td><td class=\"column-3\">Sevilla<\/td><td class=\"column-4\">1<\/td>\n<\/tr>\n<tr class=\"row-14\">\n\t<td class=\"column-1\">Mercedes Zapata Lizbeth<\/td><td class=\"column-2\">DOS HERMANAS<\/td><td class=\"column-3\">Sevilla<\/td><td class=\"column-4\">1<\/td>\n<\/tr>\n<tr class=\"row-15\">\n\t<td class=\"column-1\">Salamandra Cia Teatro Social (Patricia Trujillo L\u00f3pez)<\/td><td class=\"column-2\">Sevilla<\/td><td class=\"column-3\">Sevilla<\/td><td class=\"column-4\">1<\/td>\n<\/tr>\n<tr class=\"row-16\">\n\t<td class=\"column-1\">Servicios Inform\u00e1ticos y Econ\u00f3micos, S. L<\/td><td class=\"column-2\">Sevilla<\/td><td class=\"column-3\">Sevilla<\/td><td class=\"column-4\">1<\/td>\n<\/tr>\n<tr class=\"row-17\">\n\t<td class=\"column-1\">Star en la Red Soluciones Globales S.L.<\/td><td class=\"column-2\">Sevilla<\/td><td class=\"column-3\">Sevilla<\/td><td class=\"column-4\">1<\/td>\n<\/tr>\n<tr class=\"row-18\">\n\t<td class=\"column-1\">Stig Market Finnace (GRUPO STIG)<\/td><td class=\"column-2\">Sevilla<\/td><td class=\"column-3\">Sevilla<\/td><td class=\"column-4\">1<\/td>\n<\/tr>\n<\/tbody>\n<\/table>\n<\/div>\n\t\t\t\t\t\t\t\t\t<div class=\"elementor-tab-title elementor-tab-mobile-title\" aria-selected=\"false\" data-tab=\"4\" role=\"tab\" tabindex=\"-1\" aria-controls=\"elementor-tab-content-1984\" aria-expanded=\"false\">2021-2022<\/div>\n\t\t\t\t\t<div id=\"elementor-tab-content-1984\" class=\"elementor-tab-content elementor-clearfix\" data-tab=\"4\" role=\"tabpanel\" aria-labelledby=\"elementor-tab-title-1984\" tabindex=\"0\" hidden=\"hidden\">\n<table id=\"tablepress-10\" class=\"tablepress tablepress-id-10\">\n<thead>\n<tr class=\"row-1\">\n\t<th class=\"column-1\">Nombre Empresa<\/th><th class=\"column-2\">Localidad<\/th><th class=\"column-3\">Provincia<\/th><th class=\"column-4\">Plazas<\/th>\n<\/tr>\n<\/thead>\n<tbody class=\"row-striping row-hover\">\n<tr class=\"row-2\">\n\t<td class=\"column-1\">Alejandro Bautista Conde<\/td><td class=\"column-2\">C\u00f3rdoba<\/td><td class=\"column-3\">C\u00f3rdoba<\/td><td class=\"column-4\">1<\/td>\n<\/tr>\n<tr class=\"row-3\">\n\t<td class=\"column-1\">AREAFIT GESTION, S.L.<\/td><td class=\"column-2\">Sevilla<\/td><td class=\"column-3\">Sevilla<\/td><td class=\"column-4\">1<\/td>\n<\/tr>\n<tr class=\"row-4\">\n\t<td class=\"column-1\">AYUNTAMIENTO DE ZUFRE<\/td><td class=\"column-2\">Zufre<\/td><td class=\"column-3\">Huelva<\/td><td class=\"column-4\">1<\/td>\n<\/tr>\n<tr class=\"row-5\">\n\t<td class=\"column-1\">BETELING<\/td><td class=\"column-2\">Mairena del Aljarafe<\/td><td class=\"column-3\">Sevilla<\/td><td class=\"column-4\">1<\/td>\n<\/tr>\n<tr class=\"row-6\">\n\t<td class=\"column-1\">Hommyhome<\/td><td class=\"column-2\">Sevilla<\/td><td class=\"column-3\">Sevilla<\/td><td class=\"column-4\">1<\/td>\n<\/tr>\n<tr class=\"row-7\">\n\t<td class=\"column-1\">JOMEROCA ASESORES SL<\/td><td class=\"column-2\">Coria del R\u00edo<\/td><td class=\"column-3\">Sevilla<\/td><td class=\"column-4\">1<\/td>\n<\/tr>\n<tr class=\"row-8\">\n\t<td class=\"column-1\">Mill Aplications Company S.A.<\/td><td class=\"column-2\">Sevilla<\/td><td class=\"column-3\">Sevilla<\/td><td class=\"column-4\">1<\/td>\n<\/tr>\n<tr class=\"row-9\">\n\t<td class=\"column-1\">N-GROUP COMUNICACION GLOBAL Y EVENTOS SLU<\/td><td class=\"column-2\">Sevilla<\/td><td class=\"column-3\">Sevilla<\/td><td class=\"column-4\">1<\/td>\n<\/tr>\n<tr class=\"row-10\">\n\t<td class=\"column-1\">NUTRYGENTE S.C.P.<\/td><td class=\"column-2\">Sevilla<\/td><td class=\"column-3\">Sevilla<\/td><td class=\"column-4\">1<\/td>\n<\/tr>\n<tr class=\"row-11\">\n\t<td class=\"column-1\">Pablos Asesores De Administraci\u00f3n Integral, S.L.<\/td><td class=\"column-2\">Alcal\u00e1 de Guadaira<\/td><td class=\"column-3\">Sevilla<\/td><td class=\"column-4\">1<\/td>\n<\/tr>\n<tr class=\"row-12\">\n\t<td class=\"column-1\">SALAMANDRA CIA TEATRO SOCIAL<\/td><td class=\"column-2\">Sevilla<\/td><td class=\"column-3\">Sevilla<\/td><td class=\"column-4\">1<\/td>\n<\/tr>\n<\/tbody>\n<\/table>\n<\/div>\n\t\t\t\t\t\t\t<\/div>\n\t\t<\/div>\n\t\t\t\t\t\t<\/div>\n\t\t\t\t<\/div>\n\t\t\t\t\t<\/div>\n\t\t<\/div>\n\t\t\t\t\t<\/div>\n\t\t<\/section>\n\t\t\t\t<section class=\"elementor-section elementor-top-section elementor-element elementor-element-e9b57ea elementor-section-boxed elementor-section-height-default elementor-section-height-default\" data-id=\"e9b57ea\" data-element_type=\"section\" data-e-type=\"section\">\n\t\t\t\t\t\t<div class=\"elementor-container elementor-column-gap-default\">\n\t\t\t\t\t<div class=\"elementor-column elementor-col-100 elementor-top-column elementor-element elementor-element-c4695b9\" data-id=\"c4695b9\" data-element_type=\"column\" data-e-type=\"column\">\n\t\t\t<div class=\"elementor-widget-wrap elementor-element-populated\">\n\t\t\t\t\t\t<div class=\"elementor-element elementor-element-916d117 elementor-widget elementor-widget-heading\" data-id=\"916d117\" data-element_type=\"widget\" data-e-type=\"widget\" data-widget_type=\"heading.default\">\n\t\t\t\t<div class=\"elementor-widget-container\">\n\t\t\t\t\t<h3 class=\"elementor-heading-title elementor-size-default\">Plazas ofertadas de cursos anteriores, Convenios y Adendas<\/h3>\t\t\t\t<\/div>\n\t\t\t\t<\/div>\n\t\t\t\t<div class=\"elementor-element elementor-element-2352861 elementor-widget elementor-widget-text-editor\" data-id=\"2352861\" data-element_type=\"widget\" data-e-type=\"widget\" data-widget_type=\"text-editor.default\">\n\t\t\t\t<div class=\"elementor-widget-container\">\n\t\t\t\t\t\t\t\t\t<p>Si quiere ver las plazas ofertadas de los cursos anteriores, as\u00ed como los Convenios y las Adendas, <a href=\"https:\/\/www.upo.es\/convenios-practicas-empresa\/centro-de-estudios-de-postgrado-cedep\/master-universitario-en-direccion-de-empresas\/\" target=\"_blank\" rel=\"noopener\"><strong>pinche aqu\u00ed.<\/strong><\/a><\/p>\t\t\t\t\t\t\t\t<\/div>\n\t\t\t\t<\/div>\n\t\t\t\t\t<\/div>\n\t\t<\/div>\n\t\t\t\t\t<\/div>\n\t\t<\/section>\n\t\t\t\t<\/div>\n\t\t","protected":false},"excerpt":{"rendered":"<p>M\u00e1ster Universitario en Direcci\u00f3n de Empresas Plazas ofertadas por curso acad\u00e9mico 2024-2025 2023-2024 2022-2023 2021-2022 2024-2025 Editar Nombre Empresa Localidad Provincia Estudios Plazas TECHNICAL ENGLISH CENTRE, S.L. SEVILLA Sevilla M\u00e1ster Universitario en Direcci\u00f3n de Empresas 1 RESTAURANT BOOKING &amp; DISTRIBUTION SERVICES S.L SEVILLA Sevilla M\u00e1ster Universitario en Direcci\u00f3n de Empresas 8 UNI\u00d3N SINDICAL OBRERA SEVILLA [&hellip;]<\/p>\n","protected":false},"author":1,"featured_media":0,"parent":604,"menu_order":11,"comment_status":"closed","ping_status":"closed","template":"elementor_header_footer","meta":{"site-sidebar-layout":"no-sidebar","site-content-layout":"page-builder","ast-site-content-layout":"full-width-container","site-content-style":"unboxed","site-sidebar-style":"unboxed","ast-global-header-display":"","ast-banner-title-visibility":"","ast-main-header-display":"","ast-hfb-above-header-display":"","ast-hfb-below-header-display":"","ast-hfb-mobile-header-display":"","site-post-title":"disabled","ast-breadcrumbs-content":"","ast-featured-img":"disabled","footer-sml-layout":"","ast-disable-related-posts":"","theme-transparent-header-meta":"default","adv-header-id-meta":"","stick-header-meta":"","header-above-stick-meta":"","header-main-stick-meta":"","header-below-stick-meta":"","astra-migrate-meta-layouts":"set","ast-page-background-enabled":"default","ast-page-background-meta":{"desktop":{"background-color":"","background-image":"","background-repeat":"repeat","background-position":"center center","background-size":"auto","background-attachment":"scroll","background-type":"","background-media":"","overlay-type":"","overlay-color":"","overlay-opacity":"","overlay-gradient":""},"tablet":{"background-color":"","background-image":"","background-repeat":"repeat","background-position":"center center","background-size":"auto","background-attachment":"scroll","background-type":"","background-media":"","overlay-type":"","overlay-color":"","overlay-opacity":"","overlay-gradient":""},"mobile":{"background-color":"","background-image":"","background-repeat":"repeat","background-position":"center center","background-size":"auto","background-attachment":"scroll","background-type":"","background-media":"","overlay-type":"","overlay-color":"","overlay-opacity":"","overlay-gradient":""}},"ast-content-background-meta":{"desktop":{"background-color":"var(--ast-global-color-5)","background-image":"","background-repeat":"repeat","background-position":"center center","background-size":"auto","background-attachment":"scroll","background-type":"","background-media":"","overlay-type":"","overlay-color":"","overlay-opacity":"","overlay-gradient":""},"tablet":{"background-color":"var(--ast-global-color-5)","background-image":"","background-repeat":"repeat","background-position":"center center","background-size":"auto","background-attachment":"scroll","background-type":"","background-media":"","overlay-type":"","overlay-color":"","overlay-opacity":"","overlay-gradient":""},"mobile":{"background-color":"var(--ast-global-color-5)","background-image":"","background-repeat":"repeat","background-position":"center center","background-size":"auto","background-attachment":"scroll","background-type":"","background-media":"","overlay-type":"","overlay-color":"","overlay-opacity":"","overlay-gradient":""}},"footnotes":""},"class_list":["post-4849","page","type-page","status-publish","hentry"],"_links":{"self":[{"href":"https:\/\/www.upo.es\/convenios-practicas-empresa\/wp-json\/wp\/v2\/pages\/4849","targetHints":{"allow":["GET"]}}],"collection":[{"href":"https:\/\/www.upo.es\/convenios-practicas-empresa\/wp-json\/wp\/v2\/pages"}],"about":[{"href":"https:\/\/www.upo.es\/convenios-practicas-empresa\/wp-json\/wp\/v2\/types\/page"}],"author":[{"embeddable":true,"href":"https:\/\/www.upo.es\/convenios-practicas-empresa\/wp-json\/wp\/v2\/users\/1"}],"replies":[{"embeddable":true,"href":"https:\/\/www.upo.es\/convenios-practicas-empresa\/wp-json\/wp\/v2\/comments?post=4849"}],"version-history":[{"count":3,"href":"https:\/\/www.upo.es\/convenios-practicas-empresa\/wp-json\/wp\/v2\/pages\/4849\/revisions"}],"predecessor-version":[{"id":5946,"href":"https:\/\/www.upo.es\/convenios-practicas-empresa\/wp-json\/wp\/v2\/pages\/4849\/revisions\/5946"}],"up":[{"embeddable":true,"href":"https:\/\/www.upo.es\/convenios-practicas-empresa\/wp-json\/wp\/v2\/pages\/604"}],"wp:attachment":[{"href":"https:\/\/www.upo.es\/convenios-practicas-empresa\/wp-json\/wp\/v2\/media?parent=4849"}],"curies":[{"name":"wp","href":"https:\/\/api.w.org\/{rel}","templated":true}]}}