{"id":133,"date":"2021-12-14T11:29:24","date_gmt":"2021-12-14T11:29:24","guid":{"rendered":"https:\/\/www.upo.es\/cspl\/HealthyPlaces\/?page_id=133"},"modified":"2022-01-10T11:07:45","modified_gmt":"2022-01-10T11:07:45","slug":"andalucia-vs-resto-de-espana","status":"publish","type":"page","link":"https:\/\/www.upo.es\/cspl\/HealthyPlaces\/en\/resultados\/andalucia-vs-resto-de-espana\/","title":{"rendered":"(Espa\u00f1ol) 1. Inequidades en salud Andaluc\u00eda vs. resto de Espa\u00f1a"},"content":{"rendered":"<p class=\"qtranxs-available-languages-message qtranxs-available-languages-message-en\">Sorry, this entry is only available in <a href=\"https:\/\/www.upo.es\/cspl\/HealthyPlaces\/es\/wp-json\/wp\/v2\/pages\/133\" class=\"qtranxs-available-language-link qtranxs-available-language-link-es\" title=\"Espa\u00f1ol\">European Spanish<\/a>.<\/p>","protected":false},"excerpt":{"rendered":"<p>Sorry, this entry is only available in European Spanish.<\/p>\n","protected":false},"author":1,"featured_media":0,"parent":131,"menu_order":0,"comment_status":"closed","ping_status":"closed","template":"","meta":{"neve_meta_sidebar":"full-width","neve_meta_container":"","neve_meta_enable_content_width":"on","neve_meta_content_width":100,"neve_meta_title_alignment":"","neve_meta_author_avatar":"","neve_post_elements_order":"","neve_meta_disable_header":"","neve_meta_disable_footer":"","neve_meta_disable_title":""},"_links":{"self":[{"href":"https:\/\/www.upo.es\/cspl\/HealthyPlaces\/en\/wp-json\/wp\/v2\/pages\/133"}],"collection":[{"href":"https:\/\/www.upo.es\/cspl\/HealthyPlaces\/en\/wp-json\/wp\/v2\/pages"}],"about":[{"href":"https:\/\/www.upo.es\/cspl\/HealthyPlaces\/en\/wp-json\/wp\/v2\/types\/page"}],"author":[{"embeddable":true,"href":"https:\/\/www.upo.es\/cspl\/HealthyPlaces\/en\/wp-json\/wp\/v2\/users\/1"}],"replies":[{"embeddable":true,"href":"https:\/\/www.upo.es\/cspl\/HealthyPlaces\/en\/wp-json\/wp\/v2\/comments?post=133"}],"version-history":[{"count":21,"href":"https:\/\/www.upo.es\/cspl\/HealthyPlaces\/en\/wp-json\/wp\/v2\/pages\/133\/revisions"}],"predecessor-version":[{"id":339,"href":"https:\/\/www.upo.es\/cspl\/HealthyPlaces\/en\/wp-json\/wp\/v2\/pages\/133\/revisions\/339"}],"up":[{"embeddable":true,"href":"https:\/\/www.upo.es\/cspl\/HealthyPlaces\/en\/wp-json\/wp\/v2\/pages\/131"}],"wp:attachment":[{"href":"https:\/\/www.upo.es\/cspl\/HealthyPlaces\/en\/wp-json\/wp\/v2\/media?parent=133"}],"curies":[{"name":"wp","href":"https:\/\/api.w.org\/{rel}","templated":true}]}}