{"id":268,"date":"2021-12-22T13:11:59","date_gmt":"2021-12-22T13:11:59","guid":{"rendered":"https:\/\/www.upo.es\/cspl\/HealthyPlaces\/?page_id=268"},"modified":"2022-01-16T19:56:14","modified_gmt":"2022-01-16T19:56:14","slug":"grafico-1-2-efecto-de-la-edad-en-la-calidad-de-la-dieta-indice-de-alimentacion-saludable-segun-el-sexo-y-la-clase-social","status":"publish","type":"page","link":"https:\/\/www.upo.es\/cspl\/HealthyPlaces\/en\/resultados\/2-efectos-edad-y-cohorte\/1-efectos-edad-conjunto-de-espana\/grafico-1-2-efecto-de-la-edad-en-la-calidad-de-la-dieta-indice-de-alimentacion-saludable-segun-el-sexo-y-la-clase-social\/","title":{"rendered":"(Espa\u00f1ol) Gr\u00e1fico 1.2. Influencia de la edad en la calidad de la dieta (\u00cdndice de Alimentaci\u00f3n Saludable) seg\u00fan el sexo y la clase social"},"content":{"rendered":"<p class=\"qtranxs-available-languages-message qtranxs-available-languages-message-en\">Sorry, this entry is only available in <a href=\"https:\/\/www.upo.es\/cspl\/HealthyPlaces\/es\/wp-json\/wp\/v2\/pages\/268\" class=\"qtranxs-available-language-link qtranxs-available-language-link-es\" title=\"Espa\u00f1ol\">European Spanish<\/a>.<\/p>","protected":false},"excerpt":{"rendered":"<p>Sorry, this entry is only available in European Spanish.<\/p>\n","protected":false},"author":1,"featured_media":259,"parent":245,"menu_order":0,"comment_status":"closed","ping_status":"closed","template":"","meta":{"neve_meta_sidebar":"full-width","neve_meta_container":"","neve_meta_enable_content_width":"on","neve_meta_content_width":100,"neve_meta_title_alignment":"","neve_meta_author_avatar":"","neve_post_elements_order":"","neve_meta_disable_header":"","neve_meta_disable_footer":"","neve_meta_disable_title":""},"_links":{"self":[{"href":"https:\/\/www.upo.es\/cspl\/HealthyPlaces\/en\/wp-json\/wp\/v2\/pages\/268"}],"collection":[{"href":"https:\/\/www.upo.es\/cspl\/HealthyPlaces\/en\/wp-json\/wp\/v2\/pages"}],"about":[{"href":"https:\/\/www.upo.es\/cspl\/HealthyPlaces\/en\/wp-json\/wp\/v2\/types\/page"}],"author":[{"embeddable":true,"href":"https:\/\/www.upo.es\/cspl\/HealthyPlaces\/en\/wp-json\/wp\/v2\/users\/1"}],"replies":[{"embeddable":true,"href":"https:\/\/www.upo.es\/cspl\/HealthyPlaces\/en\/wp-json\/wp\/v2\/comments?post=268"}],"version-history":[{"count":2,"href":"https:\/\/www.upo.es\/cspl\/HealthyPlaces\/en\/wp-json\/wp\/v2\/pages\/268\/revisions"}],"predecessor-version":[{"id":369,"href":"https:\/\/www.upo.es\/cspl\/HealthyPlaces\/en\/wp-json\/wp\/v2\/pages\/268\/revisions\/369"}],"up":[{"embeddable":true,"href":"https:\/\/www.upo.es\/cspl\/HealthyPlaces\/en\/wp-json\/wp\/v2\/pages\/245"}],"wp:featuredmedia":[{"embeddable":true,"href":"https:\/\/www.upo.es\/cspl\/HealthyPlaces\/en\/wp-json\/wp\/v2\/media\/259"}],"wp:attachment":[{"href":"https:\/\/www.upo.es\/cspl\/HealthyPlaces\/en\/wp-json\/wp\/v2\/media?parent=268"}],"curies":[{"name":"wp","href":"https:\/\/api.w.org\/{rel}","templated":true}]}}