{"id":272,"date":"2021-12-22T13:14:03","date_gmt":"2021-12-22T13:14:03","guid":{"rendered":"https:\/\/www.upo.es\/cspl\/HealthyPlaces\/?page_id=272"},"modified":"2022-01-16T19:56:47","modified_gmt":"2022-01-16T19:56:47","slug":"grafico-1-4-efecto-de-la-edad-en-el-consumo-medio-diario-de-alcohol-en-gramos-de-alcohol-puro-segun-sexo-y-clase-social","status":"publish","type":"page","link":"https:\/\/www.upo.es\/cspl\/HealthyPlaces\/en\/resultados\/2-efectos-edad-y-cohorte\/1-efectos-edad-conjunto-de-espana\/grafico-1-4-efecto-de-la-edad-en-el-consumo-medio-diario-de-alcohol-en-gramos-de-alcohol-puro-segun-sexo-y-clase-social\/","title":{"rendered":"(Espa\u00f1ol) Gr\u00e1fico 1.4. Influencia de la edad en el consumo medio diario de alcohol (en gramos de alcohol puro) seg\u00fan sexo y clase social"},"content":{"rendered":"<p class=\"qtranxs-available-languages-message qtranxs-available-languages-message-en\">Sorry, this entry is only available in <a href=\"https:\/\/www.upo.es\/cspl\/HealthyPlaces\/es\/wp-json\/wp\/v2\/pages\/272\" class=\"qtranxs-available-language-link qtranxs-available-language-link-es\" title=\"Espa\u00f1ol\">European Spanish<\/a>.<\/p>","protected":false},"excerpt":{"rendered":"<p>Sorry, this entry is only available in European Spanish.<\/p>\n","protected":false},"author":1,"featured_media":261,"parent":245,"menu_order":0,"comment_status":"closed","ping_status":"closed","template":"","meta":{"neve_meta_sidebar":"full-width","neve_meta_container":"","neve_meta_enable_content_width":"on","neve_meta_content_width":100,"neve_meta_title_alignment":"","neve_meta_author_avatar":"","neve_post_elements_order":"","neve_meta_disable_header":"","neve_meta_disable_footer":"","neve_meta_disable_title":""},"_links":{"self":[{"href":"https:\/\/www.upo.es\/cspl\/HealthyPlaces\/en\/wp-json\/wp\/v2\/pages\/272"}],"collection":[{"href":"https:\/\/www.upo.es\/cspl\/HealthyPlaces\/en\/wp-json\/wp\/v2\/pages"}],"about":[{"href":"https:\/\/www.upo.es\/cspl\/HealthyPlaces\/en\/wp-json\/wp\/v2\/types\/page"}],"author":[{"embeddable":true,"href":"https:\/\/www.upo.es\/cspl\/HealthyPlaces\/en\/wp-json\/wp\/v2\/users\/1"}],"replies":[{"embeddable":true,"href":"https:\/\/www.upo.es\/cspl\/HealthyPlaces\/en\/wp-json\/wp\/v2\/comments?post=272"}],"version-history":[{"count":2,"href":"https:\/\/www.upo.es\/cspl\/HealthyPlaces\/en\/wp-json\/wp\/v2\/pages\/272\/revisions"}],"predecessor-version":[{"id":371,"href":"https:\/\/www.upo.es\/cspl\/HealthyPlaces\/en\/wp-json\/wp\/v2\/pages\/272\/revisions\/371"}],"up":[{"embeddable":true,"href":"https:\/\/www.upo.es\/cspl\/HealthyPlaces\/en\/wp-json\/wp\/v2\/pages\/245"}],"wp:featuredmedia":[{"embeddable":true,"href":"https:\/\/www.upo.es\/cspl\/HealthyPlaces\/en\/wp-json\/wp\/v2\/media\/261"}],"wp:attachment":[{"href":"https:\/\/www.upo.es\/cspl\/HealthyPlaces\/en\/wp-json\/wp\/v2\/media?parent=272"}],"curies":[{"name":"wp","href":"https:\/\/api.w.org\/{rel}","templated":true}]}}