{"id":309,"date":"2021-12-25T19:41:36","date_gmt":"2021-12-25T19:41:36","guid":{"rendered":"https:\/\/www.upo.es\/cspl\/HealthyPlaces\/?page_id=309"},"modified":"2022-01-11T19:06:44","modified_gmt":"2022-01-11T19:06:44","slug":"graficos-7-9-influencia-de-la-vulnerabilidad-socioeconomica-del-lugar-de-residencia-segun-nivel-de-estudios-isvun-se-seccion-censal","status":"publish","type":"page","link":"https:\/\/www.upo.es\/cspl\/HealthyPlaces\/en\/resultados\/4-efecto-barrio\/graficos-7-9-influencia-de-la-vulnerabilidad-socioeconomica-del-lugar-de-residencia-segun-nivel-de-estudios-isvun-se-seccion-censal\/","title":{"rendered":"(Espa\u00f1ol) Gr\u00e1ficos 7-9. Influencia de la vulnerabilidad socioecon\u00f3mica del lugar de residencia seg\u00fan nivel de estudios (ISVUN-SE, secci\u00f3n censal)"},"content":{"rendered":"<p class=\"qtranxs-available-languages-message qtranxs-available-languages-message-en\">Sorry, this entry is only available in <a href=\"https:\/\/www.upo.es\/cspl\/HealthyPlaces\/es\/wp-json\/wp\/v2\/pages\/309\" class=\"qtranxs-available-language-link qtranxs-available-language-link-es\" title=\"Espa\u00f1ol\">European Spanish<\/a>.<\/p>","protected":false},"excerpt":{"rendered":"<p>Sorry, this entry is only available in European Spanish.<\/p>\n","protected":false},"author":1,"featured_media":364,"parent":296,"menu_order":0,"comment_status":"closed","ping_status":"closed","template":"","meta":{"neve_meta_sidebar":"full-width","neve_meta_container":"","neve_meta_enable_content_width":"on","neve_meta_content_width":100,"neve_meta_title_alignment":"","neve_meta_author_avatar":"","neve_post_elements_order":"","neve_meta_disable_header":"","neve_meta_disable_footer":"","neve_meta_disable_title":""},"_links":{"self":[{"href":"https:\/\/www.upo.es\/cspl\/HealthyPlaces\/en\/wp-json\/wp\/v2\/pages\/309"}],"collection":[{"href":"https:\/\/www.upo.es\/cspl\/HealthyPlaces\/en\/wp-json\/wp\/v2\/pages"}],"about":[{"href":"https:\/\/www.upo.es\/cspl\/HealthyPlaces\/en\/wp-json\/wp\/v2\/types\/page"}],"author":[{"embeddable":true,"href":"https:\/\/www.upo.es\/cspl\/HealthyPlaces\/en\/wp-json\/wp\/v2\/users\/1"}],"replies":[{"embeddable":true,"href":"https:\/\/www.upo.es\/cspl\/HealthyPlaces\/en\/wp-json\/wp\/v2\/comments?post=309"}],"version-history":[{"count":2,"href":"https:\/\/www.upo.es\/cspl\/HealthyPlaces\/en\/wp-json\/wp\/v2\/pages\/309\/revisions"}],"predecessor-version":[{"id":365,"href":"https:\/\/www.upo.es\/cspl\/HealthyPlaces\/en\/wp-json\/wp\/v2\/pages\/309\/revisions\/365"}],"up":[{"embeddable":true,"href":"https:\/\/www.upo.es\/cspl\/HealthyPlaces\/en\/wp-json\/wp\/v2\/pages\/296"}],"wp:featuredmedia":[{"embeddable":true,"href":"https:\/\/www.upo.es\/cspl\/HealthyPlaces\/en\/wp-json\/wp\/v2\/media\/364"}],"wp:attachment":[{"href":"https:\/\/www.upo.es\/cspl\/HealthyPlaces\/en\/wp-json\/wp\/v2\/media?parent=309"}],"curies":[{"name":"wp","href":"https:\/\/api.w.org\/{rel}","templated":true}]}}