{"id":11,"date":"2020-11-08T17:34:56","date_gmt":"2020-11-08T17:34:56","guid":{"rendered":"https:\/\/www.upo.es\/cspl\/HealthyPlaces\/?page_id=11"},"modified":"2022-01-10T18:25:38","modified_gmt":"2022-01-10T18:25:38","slug":"contacto","status":"publish","type":"page","link":"https:\/\/www.upo.es\/cspl\/HealthyPlaces\/contacto\/","title":{"rendered":"Contacto"},"content":{"rendered":"<p><strong>Investigador Principal del proyecto:<\/strong><\/p>\r\n<p>\u00c1ngel R. Zapata Moya<br \/>Centro de Sociolog\u00eda y Pol\u00edticas Locales\/Urban Governance Lab<br \/> \u00c1rea de Medicina Preventiva y Salud P\u00fablica<br \/>Dpto. Antropolog\u00eda Social, Psicolog\u00eda B\u00e1sica y Salud P\u00fablica<br \/>Universidad Pablo de Olavide<br \/>Ctra. de Utrera, km. 1 41013,<br \/>Edificio 11, office 03-05, Sevilla, <strong><i class=\"far fa-envelope\"><\/i> arzapmoy@upo.es<\/strong><\/p>","protected":false},"excerpt":{"rendered":"<p>Investigador Principal del proyecto: \u00c1ngel R. Zapata MoyaCentro de Sociolog\u00eda y Pol\u00edticas Locales\/Urban Governance Lab \u00c1rea de Medicina Preventiva y Salud P\u00fablicaDpto. Antropolog\u00eda Social, Psicolog\u00eda B\u00e1sica y Salud P\u00fablicaUniversidad Pablo de OlavideCtra. de Utrera, km. 1 41013,Edificio 11, office 03-05, Sevilla, arzapmoy@upo.es<\/p>\n","protected":false},"author":1,"featured_media":0,"parent":0,"menu_order":0,"comment_status":"closed","ping_status":"closed","template":"","meta":{"neve_meta_sidebar":"","neve_meta_container":"","neve_meta_enable_content_width":"off","neve_meta_content_width":0,"neve_meta_title_alignment":"","neve_meta_author_avatar":"","neve_post_elements_order":"","neve_meta_disable_header":"","neve_meta_disable_footer":"","neve_meta_disable_title":""},"_links":{"self":[{"href":"https:\/\/www.upo.es\/cspl\/HealthyPlaces\/wp-json\/wp\/v2\/pages\/11"}],"collection":[{"href":"https:\/\/www.upo.es\/cspl\/HealthyPlaces\/wp-json\/wp\/v2\/pages"}],"about":[{"href":"https:\/\/www.upo.es\/cspl\/HealthyPlaces\/wp-json\/wp\/v2\/types\/page"}],"author":[{"embeddable":true,"href":"https:\/\/www.upo.es\/cspl\/HealthyPlaces\/wp-json\/wp\/v2\/users\/1"}],"replies":[{"embeddable":true,"href":"https:\/\/www.upo.es\/cspl\/HealthyPlaces\/wp-json\/wp\/v2\/comments?post=11"}],"version-history":[{"count":9,"href":"https:\/\/www.upo.es\/cspl\/HealthyPlaces\/wp-json\/wp\/v2\/pages\/11\/revisions"}],"predecessor-version":[{"id":358,"href":"https:\/\/www.upo.es\/cspl\/HealthyPlaces\/wp-json\/wp\/v2\/pages\/11\/revisions\/358"}],"wp:attachment":[{"href":"https:\/\/www.upo.es\/cspl\/HealthyPlaces\/wp-json\/wp\/v2\/media?parent=11"}],"curies":[{"name":"wp","href":"https:\/\/api.w.org\/{rel}","templated":true}]}}