{"id":243,"date":"2021-12-22T12:38:12","date_gmt":"2021-12-22T12:38:12","guid":{"rendered":"https:\/\/www.upo.es\/cspl\/HealthyPlaces\/?page_id=243"},"modified":"2022-04-08T10:41:25","modified_gmt":"2022-04-08T10:41:25","slug":"2-efectos-edad-y-cohorte","status":"publish","type":"page","link":"https:\/\/www.upo.es\/cspl\/HealthyPlaces\/resultados\/2-efectos-edad-y-cohorte\/","title":{"rendered":"2. Efectos Edad y Cohorte"},"content":{"rendered":"<p><\/p>\n<h3>1. Influencia de la Edad (conjunto de Espa\u00f1a)<\/h3>\n<div class=\"pt-cv-wrapper\"><div class=\"pt-cv-view pt-cv-grid pt-cv-colsys\" id=\"pt-cv-view-1a1b9e18ha\"><div data-id=\"pt-cv-page-1\" class=\"pt-cv-page\" data-cvc=\"4\"><div class=\"col-md-3 col-sm-6 col-xs-12 pt-cv-content-item pt-cv-1-col\" ><div class='pt-cv-ifield'><a href=\"https:\/\/www.upo.es\/cspl\/HealthyPlaces\/resultados\/2-efectos-edad-y-cohorte\/1-efectos-edad-conjunto-de-espana\/grafico-1-1-efecto-de-la-edad-sobre-el-sedentarismo-segun-el-sexo-y-la-clase-social\/\" class=\"_self pt-cv-href-thumbnail pt-cv-thumb-default\" target=\"_self\" ><img width=\"300\" height=\"169\" src=\"https:\/\/www.upo.es\/cspl\/HealthyPlaces\/wp-content\/uploads\/2021\/12\/211-300x169.jpg\" class=\"pt-cv-thumbnail\" alt=\"\" loading=\"lazy\" srcset=\"https:\/\/www.upo.es\/cspl\/HealthyPlaces\/wp-content\/uploads\/2021\/12\/211-300x169.jpg 300w, https:\/\/www.upo.es\/cspl\/HealthyPlaces\/wp-content\/uploads\/2021\/12\/211-1024x576.jpg 1024w, https:\/\/www.upo.es\/cspl\/HealthyPlaces\/wp-content\/uploads\/2021\/12\/211-768x432.jpg 768w, https:\/\/www.upo.es\/cspl\/HealthyPlaces\/wp-content\/uploads\/2021\/12\/211.jpg 1280w\" sizes=\"(max-width: 300px) 100vw, 300px\" \/><\/a>\n<h4 class=\"pt-cv-title\"><a href=\"https:\/\/www.upo.es\/cspl\/HealthyPlaces\/resultados\/2-efectos-edad-y-cohorte\/1-efectos-edad-conjunto-de-espana\/grafico-1-1-efecto-de-la-edad-sobre-el-sedentarismo-segun-el-sexo-y-la-clase-social\/\" class=\"_self\" target=\"_self\" >Gr\u00e1fico 1.1. Influencia de la edad en el sedentarismo seg\u00fan el sexo y la clase social<\/a><\/h4>\n<div class=\"pt-cv-content\"> ...<br \/><a href=\"https:\/\/www.upo.es\/cspl\/HealthyPlaces\/resultados\/2-efectos-edad-y-cohorte\/1-efectos-edad-conjunto-de-espana\/grafico-1-1-efecto-de-la-edad-sobre-el-sedentarismo-segun-el-sexo-y-la-clase-social\/\" class=\"_self pt-cv-readmore btn btn-success\" target=\"_self\">Ver gr\u00e1fico<\/a><\/div><\/div><\/div>\n<div class=\"col-md-3 col-sm-6 col-xs-12 pt-cv-content-item pt-cv-1-col\" ><div class='pt-cv-ifield'><a href=\"https:\/\/www.upo.es\/cspl\/HealthyPlaces\/resultados\/2-efectos-edad-y-cohorte\/1-efectos-edad-conjunto-de-espana\/grafico-1-2-efecto-de-la-edad-en-la-calidad-de-la-dieta-indice-de-alimentacion-saludable-segun-el-sexo-y-la-clase-social\/\" class=\"_self pt-cv-href-thumbnail pt-cv-thumb-default\" target=\"_self\" ><img width=\"300\" height=\"169\" src=\"https:\/\/www.upo.es\/cspl\/HealthyPlaces\/wp-content\/uploads\/2021\/12\/212-300x169.jpg\" class=\"pt-cv-thumbnail\" alt=\"\" loading=\"lazy\" srcset=\"https:\/\/www.upo.es\/cspl\/HealthyPlaces\/wp-content\/uploads\/2021\/12\/212-300x169.jpg 300w, https:\/\/www.upo.es\/cspl\/HealthyPlaces\/wp-content\/uploads\/2021\/12\/212-1024x576.jpg 1024w, https:\/\/www.upo.es\/cspl\/HealthyPlaces\/wp-content\/uploads\/2021\/12\/212-768x432.jpg 768w, https:\/\/www.upo.es\/cspl\/HealthyPlaces\/wp-content\/uploads\/2021\/12\/212.jpg 1280w\" sizes=\"(max-width: 300px) 100vw, 300px\" \/><\/a>\n<h4 class=\"pt-cv-title\"><a href=\"https:\/\/www.upo.es\/cspl\/HealthyPlaces\/resultados\/2-efectos-edad-y-cohorte\/1-efectos-edad-conjunto-de-espana\/grafico-1-2-efecto-de-la-edad-en-la-calidad-de-la-dieta-indice-de-alimentacion-saludable-segun-el-sexo-y-la-clase-social\/\" class=\"_self\" target=\"_self\" >Gr\u00e1fico 1.2. Influencia de la edad en la calidad de la dieta (\u00cdndice de Alimentaci\u00f3n Saludable) seg\u00fan el sexo y la clase social<\/a><\/h4>\n<div class=\"pt-cv-content\"> ...<br \/><a href=\"https:\/\/www.upo.es\/cspl\/HealthyPlaces\/resultados\/2-efectos-edad-y-cohorte\/1-efectos-edad-conjunto-de-espana\/grafico-1-2-efecto-de-la-edad-en-la-calidad-de-la-dieta-indice-de-alimentacion-saludable-segun-el-sexo-y-la-clase-social\/\" class=\"_self pt-cv-readmore btn btn-success\" target=\"_self\">Ver gr\u00e1fico<\/a><\/div><\/div><\/div>\n<div class=\"col-md-3 col-sm-6 col-xs-12 pt-cv-content-item pt-cv-1-col\" ><div class='pt-cv-ifield'><a href=\"https:\/\/www.upo.es\/cspl\/HealthyPlaces\/resultados\/2-efectos-edad-y-cohorte\/1-efectos-edad-conjunto-de-espana\/grafico-1-3-efecto-de-la-edad-en-el-tabaquismo-segun-sexo-y-clase-social\/\" class=\"_self pt-cv-href-thumbnail pt-cv-thumb-default\" target=\"_self\" ><img width=\"300\" height=\"169\" src=\"https:\/\/www.upo.es\/cspl\/HealthyPlaces\/wp-content\/uploads\/2021\/12\/213-300x169.jpg\" class=\"pt-cv-thumbnail\" alt=\"\" loading=\"lazy\" srcset=\"https:\/\/www.upo.es\/cspl\/HealthyPlaces\/wp-content\/uploads\/2021\/12\/213-300x169.jpg 300w, https:\/\/www.upo.es\/cspl\/HealthyPlaces\/wp-content\/uploads\/2021\/12\/213-1024x576.jpg 1024w, https:\/\/www.upo.es\/cspl\/HealthyPlaces\/wp-content\/uploads\/2021\/12\/213-768x432.jpg 768w, https:\/\/www.upo.es\/cspl\/HealthyPlaces\/wp-content\/uploads\/2021\/12\/213.jpg 1280w\" sizes=\"(max-width: 300px) 100vw, 300px\" \/><\/a>\n<h4 class=\"pt-cv-title\"><a href=\"https:\/\/www.upo.es\/cspl\/HealthyPlaces\/resultados\/2-efectos-edad-y-cohorte\/1-efectos-edad-conjunto-de-espana\/grafico-1-3-efecto-de-la-edad-en-el-tabaquismo-segun-sexo-y-clase-social\/\" class=\"_self\" target=\"_self\" >Gr\u00e1fico 1.3. Influencia de la edad en el tabaquismo seg\u00fan sexo y clase social<\/a><\/h4>\n<div class=\"pt-cv-content\"> ...<br \/><a href=\"https:\/\/www.upo.es\/cspl\/HealthyPlaces\/resultados\/2-efectos-edad-y-cohorte\/1-efectos-edad-conjunto-de-espana\/grafico-1-3-efecto-de-la-edad-en-el-tabaquismo-segun-sexo-y-clase-social\/\" class=\"_self pt-cv-readmore btn btn-success\" target=\"_self\">Ver gr\u00e1fico<\/a><\/div><\/div><\/div>\n<div class=\"col-md-3 col-sm-6 col-xs-12 pt-cv-content-item pt-cv-1-col\" ><div class='pt-cv-ifield'><a href=\"https:\/\/www.upo.es\/cspl\/HealthyPlaces\/resultados\/2-efectos-edad-y-cohorte\/1-efectos-edad-conjunto-de-espana\/grafico-1-4-efecto-de-la-edad-en-el-consumo-medio-diario-de-alcohol-en-gramos-de-alcohol-puro-segun-sexo-y-clase-social\/\" class=\"_self pt-cv-href-thumbnail pt-cv-thumb-default\" target=\"_self\" ><img width=\"300\" height=\"169\" src=\"https:\/\/www.upo.es\/cspl\/HealthyPlaces\/wp-content\/uploads\/2021\/12\/214-300x169.jpg\" class=\"pt-cv-thumbnail\" alt=\"\" loading=\"lazy\" srcset=\"https:\/\/www.upo.es\/cspl\/HealthyPlaces\/wp-content\/uploads\/2021\/12\/214-300x169.jpg 300w, https:\/\/www.upo.es\/cspl\/HealthyPlaces\/wp-content\/uploads\/2021\/12\/214-1024x576.jpg 1024w, https:\/\/www.upo.es\/cspl\/HealthyPlaces\/wp-content\/uploads\/2021\/12\/214-768x432.jpg 768w, https:\/\/www.upo.es\/cspl\/HealthyPlaces\/wp-content\/uploads\/2021\/12\/214.jpg 1280w\" sizes=\"(max-width: 300px) 100vw, 300px\" \/><\/a>\n<h4 class=\"pt-cv-title\"><a href=\"https:\/\/www.upo.es\/cspl\/HealthyPlaces\/resultados\/2-efectos-edad-y-cohorte\/1-efectos-edad-conjunto-de-espana\/grafico-1-4-efecto-de-la-edad-en-el-consumo-medio-diario-de-alcohol-en-gramos-de-alcohol-puro-segun-sexo-y-clase-social\/\" class=\"_self\" target=\"_self\" >Gr\u00e1fico 1.4. Influencia de la edad en el consumo medio diario de alcohol (en gramos de alcohol puro) seg\u00fan sexo y clase social<\/a><\/h4>\n<div class=\"pt-cv-content\"> ...<br \/><a href=\"https:\/\/www.upo.es\/cspl\/HealthyPlaces\/resultados\/2-efectos-edad-y-cohorte\/1-efectos-edad-conjunto-de-espana\/grafico-1-4-efecto-de-la-edad-en-el-consumo-medio-diario-de-alcohol-en-gramos-de-alcohol-puro-segun-sexo-y-clase-social\/\" class=\"_self pt-cv-readmore btn btn-success\" target=\"_self\">Ver gr\u00e1fico<\/a><\/div><\/div><\/div><\/div><\/div><\/div>\n<h3>2. Influencia de Cohorte de nacimiento (conjunto de Espa\u00f1a)<\/h3>\n<div class=\"pt-cv-wrapper\"><div class=\"pt-cv-view pt-cv-grid pt-cv-colsys\" id=\"pt-cv-view-98bebfef6n\"><div data-id=\"pt-cv-page-1\" class=\"pt-cv-page\" data-cvc=\"4\"><div class=\"col-md-3 col-sm-6 col-xs-12 pt-cv-content-item pt-cv-1-col\" ><div class='pt-cv-ifield'><a href=\"https:\/\/www.upo.es\/cspl\/HealthyPlaces\/resultados\/2-efectos-edad-y-cohorte\/2-efectos-de-cohorte-conjunto-de-espana\/grafico-2-1-efecto-de-la-cohorte-de-nacimiento-sobre-el-sedentarismo-segun-el-sexo-y-la-clase-social\/\" class=\"_self pt-cv-href-thumbnail pt-cv-thumb-default\" target=\"_self\" ><img width=\"300\" height=\"169\" src=\"https:\/\/www.upo.es\/cspl\/HealthyPlaces\/wp-content\/uploads\/2021\/12\/221-300x169.jpg\" class=\"pt-cv-thumbnail\" alt=\"\" loading=\"lazy\" srcset=\"https:\/\/www.upo.es\/cspl\/HealthyPlaces\/wp-content\/uploads\/2021\/12\/221-300x169.jpg 300w, https:\/\/www.upo.es\/cspl\/HealthyPlaces\/wp-content\/uploads\/2021\/12\/221-1024x576.jpg 1024w, https:\/\/www.upo.es\/cspl\/HealthyPlaces\/wp-content\/uploads\/2021\/12\/221-768x432.jpg 768w, https:\/\/www.upo.es\/cspl\/HealthyPlaces\/wp-content\/uploads\/2021\/12\/221.jpg 1280w\" sizes=\"(max-width: 300px) 100vw, 300px\" \/><\/a>\n<h4 class=\"pt-cv-title\"><a href=\"https:\/\/www.upo.es\/cspl\/HealthyPlaces\/resultados\/2-efectos-edad-y-cohorte\/2-efectos-de-cohorte-conjunto-de-espana\/grafico-2-1-efecto-de-la-cohorte-de-nacimiento-sobre-el-sedentarismo-segun-el-sexo-y-la-clase-social\/\" class=\"_self\" target=\"_self\" >Gr\u00e1fico 2.1. Influencia de la cohorte de nacimiento sobre el sedentarismo seg\u00fan el sexo y la clase social<\/a><\/h4>\n<div class=\"pt-cv-content\"> ...<br \/><a href=\"https:\/\/www.upo.es\/cspl\/HealthyPlaces\/resultados\/2-efectos-edad-y-cohorte\/2-efectos-de-cohorte-conjunto-de-espana\/grafico-2-1-efecto-de-la-cohorte-de-nacimiento-sobre-el-sedentarismo-segun-el-sexo-y-la-clase-social\/\" class=\"_self pt-cv-readmore btn btn-success\" target=\"_self\">Ver gr\u00e1fico<\/a><\/div><\/div><\/div>\n<div class=\"col-md-3 col-sm-6 col-xs-12 pt-cv-content-item pt-cv-1-col\" ><div class='pt-cv-ifield'><a href=\"https:\/\/www.upo.es\/cspl\/HealthyPlaces\/resultados\/2-efectos-edad-y-cohorte\/2-efectos-de-cohorte-conjunto-de-espana\/grafico-2-2-efecto-de-la-cohorte-de-nacimiento-en-la-calidad-de-la-dieta-indice-de-alimentacion-saludable-segun-el-sexo-y-la-clase-social\/\" class=\"_self pt-cv-href-thumbnail pt-cv-thumb-default\" target=\"_self\" ><img width=\"300\" height=\"169\" src=\"https:\/\/www.upo.es\/cspl\/HealthyPlaces\/wp-content\/uploads\/2021\/12\/222-300x169.jpg\" class=\"pt-cv-thumbnail\" alt=\"\" loading=\"lazy\" srcset=\"https:\/\/www.upo.es\/cspl\/HealthyPlaces\/wp-content\/uploads\/2021\/12\/222-300x169.jpg 300w, https:\/\/www.upo.es\/cspl\/HealthyPlaces\/wp-content\/uploads\/2021\/12\/222-1024x576.jpg 1024w, https:\/\/www.upo.es\/cspl\/HealthyPlaces\/wp-content\/uploads\/2021\/12\/222-768x432.jpg 768w, https:\/\/www.upo.es\/cspl\/HealthyPlaces\/wp-content\/uploads\/2021\/12\/222.jpg 1280w\" sizes=\"(max-width: 300px) 100vw, 300px\" \/><\/a>\n<h4 class=\"pt-cv-title\"><a href=\"https:\/\/www.upo.es\/cspl\/HealthyPlaces\/resultados\/2-efectos-edad-y-cohorte\/2-efectos-de-cohorte-conjunto-de-espana\/grafico-2-2-efecto-de-la-cohorte-de-nacimiento-en-la-calidad-de-la-dieta-indice-de-alimentacion-saludable-segun-el-sexo-y-la-clase-social\/\" class=\"_self\" target=\"_self\" >Gr\u00e1fico 2.2. Influencia de la cohorte de nacimiento en la calidad de la dieta (\u00cdndice de Alimentaci\u00f3n Saludable) seg\u00fan el sexo y la clase social<\/a><\/h4>\n<div class=\"pt-cv-content\"> ...<br \/><a href=\"https:\/\/www.upo.es\/cspl\/HealthyPlaces\/resultados\/2-efectos-edad-y-cohorte\/2-efectos-de-cohorte-conjunto-de-espana\/grafico-2-2-efecto-de-la-cohorte-de-nacimiento-en-la-calidad-de-la-dieta-indice-de-alimentacion-saludable-segun-el-sexo-y-la-clase-social\/\" class=\"_self pt-cv-readmore btn btn-success\" target=\"_self\">Ver gr\u00e1fico<\/a><\/div><\/div><\/div>\n<div class=\"col-md-3 col-sm-6 col-xs-12 pt-cv-content-item pt-cv-1-col\" ><div class='pt-cv-ifield'><a href=\"https:\/\/www.upo.es\/cspl\/HealthyPlaces\/resultados\/2-efectos-edad-y-cohorte\/2-efectos-de-cohorte-conjunto-de-espana\/grafico-2-3-efecto-de-la-cohorte-de-nacimiento-en-el-tabaquismo-segun-sexo-y-clase-social\/\" class=\"_self pt-cv-href-thumbnail pt-cv-thumb-default\" target=\"_self\" ><img width=\"300\" height=\"169\" src=\"https:\/\/www.upo.es\/cspl\/HealthyPlaces\/wp-content\/uploads\/2021\/12\/223-300x169.jpg\" class=\"pt-cv-thumbnail\" alt=\"\" loading=\"lazy\" srcset=\"https:\/\/www.upo.es\/cspl\/HealthyPlaces\/wp-content\/uploads\/2021\/12\/223-300x169.jpg 300w, https:\/\/www.upo.es\/cspl\/HealthyPlaces\/wp-content\/uploads\/2021\/12\/223-1024x576.jpg 1024w, https:\/\/www.upo.es\/cspl\/HealthyPlaces\/wp-content\/uploads\/2021\/12\/223-768x432.jpg 768w, https:\/\/www.upo.es\/cspl\/HealthyPlaces\/wp-content\/uploads\/2021\/12\/223.jpg 1280w\" sizes=\"(max-width: 300px) 100vw, 300px\" \/><\/a>\n<h4 class=\"pt-cv-title\"><a href=\"https:\/\/www.upo.es\/cspl\/HealthyPlaces\/resultados\/2-efectos-edad-y-cohorte\/2-efectos-de-cohorte-conjunto-de-espana\/grafico-2-3-efecto-de-la-cohorte-de-nacimiento-en-el-tabaquismo-segun-sexo-y-clase-social\/\" class=\"_self\" target=\"_self\" >Gr\u00e1fico 2.3. Influencia de la cohorte de nacimiento en el tabaquismo seg\u00fan sexo y clase social<\/a><\/h4>\n<div class=\"pt-cv-content\"> ...<br \/><a href=\"https:\/\/www.upo.es\/cspl\/HealthyPlaces\/resultados\/2-efectos-edad-y-cohorte\/2-efectos-de-cohorte-conjunto-de-espana\/grafico-2-3-efecto-de-la-cohorte-de-nacimiento-en-el-tabaquismo-segun-sexo-y-clase-social\/\" class=\"_self pt-cv-readmore btn btn-success\" target=\"_self\">Ver gr\u00e1fico<\/a><\/div><\/div><\/div>\n<div class=\"col-md-3 col-sm-6 col-xs-12 pt-cv-content-item pt-cv-1-col\" ><div class='pt-cv-ifield'><a href=\"https:\/\/www.upo.es\/cspl\/HealthyPlaces\/resultados\/2-efectos-edad-y-cohorte\/2-efectos-de-cohorte-conjunto-de-espana\/grafico-2-4-efecto-de-la-cohorte-de-nacimiento-en-el-consumo-medio-diario-de-alcohol-en-gramos-de-alcohol-puro-segun-sexo-y-clase-social\/\" class=\"_self pt-cv-href-thumbnail pt-cv-thumb-default\" target=\"_self\" ><img width=\"300\" height=\"169\" src=\"https:\/\/www.upo.es\/cspl\/HealthyPlaces\/wp-content\/uploads\/2021\/12\/224-300x169.jpg\" class=\"pt-cv-thumbnail\" alt=\"\" loading=\"lazy\" srcset=\"https:\/\/www.upo.es\/cspl\/HealthyPlaces\/wp-content\/uploads\/2021\/12\/224-300x169.jpg 300w, https:\/\/www.upo.es\/cspl\/HealthyPlaces\/wp-content\/uploads\/2021\/12\/224-1024x576.jpg 1024w, https:\/\/www.upo.es\/cspl\/HealthyPlaces\/wp-content\/uploads\/2021\/12\/224-768x432.jpg 768w, https:\/\/www.upo.es\/cspl\/HealthyPlaces\/wp-content\/uploads\/2021\/12\/224.jpg 1280w\" sizes=\"(max-width: 300px) 100vw, 300px\" \/><\/a>\n<h4 class=\"pt-cv-title\"><a href=\"https:\/\/www.upo.es\/cspl\/HealthyPlaces\/resultados\/2-efectos-edad-y-cohorte\/2-efectos-de-cohorte-conjunto-de-espana\/grafico-2-4-efecto-de-la-cohorte-de-nacimiento-en-el-consumo-medio-diario-de-alcohol-en-gramos-de-alcohol-puro-segun-sexo-y-clase-social\/\" class=\"_self\" target=\"_self\" >Gr\u00e1fico 2.4. Influencia de la cohorte de nacimiento en el consumo medio diario de alcohol (en gramos de alcohol puro) seg\u00fan sexo y clase social<\/a><\/h4>\n<div class=\"pt-cv-content\"> ...<br \/><a href=\"https:\/\/www.upo.es\/cspl\/HealthyPlaces\/resultados\/2-efectos-edad-y-cohorte\/2-efectos-de-cohorte-conjunto-de-espana\/grafico-2-4-efecto-de-la-cohorte-de-nacimiento-en-el-consumo-medio-diario-de-alcohol-en-gramos-de-alcohol-puro-segun-sexo-y-clase-social\/\" class=\"_self pt-cv-readmore btn btn-success\" target=\"_self\">Ver gr\u00e1fico<\/a><\/div><\/div><\/div><\/div><\/div><\/div>\n<h4><strong>NOTA METODOL\u00d3GICA<\/strong><\/h4>\n<p>A partir de distintas olas de la Encuesta Nacional de Salud y la Encuesta Europea de Salud en Espa\u00f1a, se calcularon modelos jer\u00e1rquicos edad-per\u00edodo-cohorte con la finalidad de explorar c\u00f3mo se comporta la adopci\u00f3n de distintas pr\u00e1cticas a medida que se envejece, as\u00ed como la existencia de posibles efectos contextuales atribuibles a la cohorte de nacimiento. Todo ello en l\u00ednea con el objetivo de mejorar nuestra comprensi\u00f3n sobre la configuraci\u00f3n de los patrones de envejecimiento saludable entre distintos grupos sociales.<\/p>\n<h4><strong>EVIDENCIAS SOBRE LA INFLUENCIA DE LA EDAD:<\/strong><\/h4>\n<p>Los resultados indican que el sedentarismo (Gr\u00e1fico 1.1) disminuye hasta la mediana edad y luego comienza a incrementarse de forma significativa a medida que se van cumpliendo a\u00f1os. Las mujeres tienen m\u00e1s probabilidad que los hombres de llevar una vida sedentaria a lo largo de todo el proceso de envejecimiento. Seg\u00fan la clase social, se observa que las diferencias son imperceptibles en los primeros a\u00f1os de la adultez, sin embargo, emerge un claro gradiente social en el sedentarismo a partir de la mediana edad que se mantiene durante todo el proceso de envejecimiento, en dicho gradiente se aprecia como las clases altas son menos sedentarias que las medias y estas, a su vez, menos sedentarias que las bajas.<\/p>\n<p>La probabilidad de tener una dieta m\u00e1s saludable aumenta a medida que se envejece, aunque en las edades m\u00e1s avanzadas se produce una p\u00e9rdida de calidad en la dieta (Gr\u00e1fico 1.2). Las mujeres parecen tener una dieta m\u00e1s saludable que los hombres en todas las franjas de edad. Seg\u00fan la clase social, se observa como las clases altas y medias tienen mayores puntuaciones en el \u00edndice de alimentaci\u00f3n saludable comparadas con la clase baja, sin embargo, las personas de clase media parecen empeorar su alimentaci\u00f3n igual\u00e1ndose a las de clase baja a partir de los 65 a\u00f1os en adelante.<\/p>\n<p>El tabaquismo desciende significativamente con la edad tanto para los hombres como para las mujeres (Gr\u00e1fico 1.3). Seg\u00fan la clase social no se observan diferencias significativas en la influencia de la edad.<\/p>\n<p>El consumo medio diario de alcohol es m\u00e1s elevado en hombres que en mujeres en todas las edades (Gr\u00e1fico 1.4). Aumenta ligeramente hasta los 40-50 a\u00f1os para luego descender en las edades m\u00e1s avanzadas. Por clases sociales se da un descenso m\u00e1s acusado en las clases bajas y medias comparadas con las altas en edades avanzadas.<\/p>\n<h4><strong>EVIDENCIAS SOBRE LOS EFECTOS DE COHORTE:<\/strong><\/h4>\n<p>Se est\u00e1 produciendo un descenso del sedentarismo en las cohortes nacidas a partir de los a\u00f1os 70-80, sin embargo este descenso no se produce con la misma intensidad entre las distintas clases sociales, emergiendo diferencias significativas en el sedentarismo entre las cohortes m\u00e1s j\u00f3venes (Gr\u00e1fico 2.1).<\/p>\n<p>La calidad de la dieta est\u00e1 empeorando entre las cohortes m\u00e1s j\u00f3venes, sin embargo este proceso parece condicional a la clase social. Las cohortes m\u00e1s recientes de clases sociales bajas y medias est\u00e1n empeorando la calidad de su dieta de forma m\u00e1s acusada que las de clase alta (Gr\u00e1fico 2.2).<\/p>\n<p>Como se aprecia en el gr\u00e1fico 2.3, en cuanto al tabaquismo existen importantes efectos de cohorte. Los hombres nacidos a partir de la d\u00e9cada de los 70 han reducido su probabilidad de fumar, fen\u00f3meno que s\u00f3lo comienza a suceder entre las mujeres nacidas en la d\u00e9cada de los 90.\u00a0 Estos efectos de cohorte tambi\u00e9n son diferentes seg\u00fan la clase social, ya que el abandono tab\u00e1quico se comienza a producir en las cohortes nacidas en la d\u00e9cada de los 60-70 en los grupos de clase social alta, mientras que en entre las clases medias y bajas dicho descenso es menos acusado,\u00a0 y s\u00f3lo apreciable en las cohortes nacidas entorno a la d\u00e9cada de los 80.<\/p>","protected":false},"excerpt":{"rendered":"<p>1. Influencia de la Edad (conjunto de Espa\u00f1a) 2. Influencia de Cohorte de nacimiento (conjunto de Espa\u00f1a) NOTA METODOL\u00d3GICA A partir de distintas olas de la Encuesta Nacional de Salud y la Encuesta Europea de Salud en Espa\u00f1a, se calcularon modelos jer\u00e1rquicos edad-per\u00edodo-cohorte con la finalidad de explorar c\u00f3mo se comporta la adopci\u00f3n de distintas&hellip;&nbsp;<a href=\"https:\/\/www.upo.es\/cspl\/HealthyPlaces\/resultados\/2-efectos-edad-y-cohorte\/\" class=\"\" rel=\"bookmark\">Leer m\u00e1s &raquo;<span class=\"screen-reader-text\">2. Efectos Edad y Cohorte<\/span><\/a><\/p>\n","protected":false},"author":1,"featured_media":0,"parent":131,"menu_order":0,"comment_status":"closed","ping_status":"closed","template":"","meta":{"neve_meta_sidebar":"full-width","neve_meta_container":"","neve_meta_enable_content_width":"on","neve_meta_content_width":100,"neve_meta_title_alignment":"","neve_meta_author_avatar":"","neve_post_elements_order":"","neve_meta_disable_header":"","neve_meta_disable_footer":"","neve_meta_disable_title":""},"_links":{"self":[{"href":"https:\/\/www.upo.es\/cspl\/HealthyPlaces\/wp-json\/wp\/v2\/pages\/243"}],"collection":[{"href":"https:\/\/www.upo.es\/cspl\/HealthyPlaces\/wp-json\/wp\/v2\/pages"}],"about":[{"href":"https:\/\/www.upo.es\/cspl\/HealthyPlaces\/wp-json\/wp\/v2\/types\/page"}],"author":[{"embeddable":true,"href":"https:\/\/www.upo.es\/cspl\/HealthyPlaces\/wp-json\/wp\/v2\/users\/1"}],"replies":[{"embeddable":true,"href":"https:\/\/www.upo.es\/cspl\/HealthyPlaces\/wp-json\/wp\/v2\/comments?post=243"}],"version-history":[{"count":11,"href":"https:\/\/www.upo.es\/cspl\/HealthyPlaces\/wp-json\/wp\/v2\/pages\/243\/revisions"}],"predecessor-version":[{"id":386,"href":"https:\/\/www.upo.es\/cspl\/HealthyPlaces\/wp-json\/wp\/v2\/pages\/243\/revisions\/386"}],"up":[{"embeddable":true,"href":"https:\/\/www.upo.es\/cspl\/HealthyPlaces\/wp-json\/wp\/v2\/pages\/131"}],"wp:attachment":[{"href":"https:\/\/www.upo.es\/cspl\/HealthyPlaces\/wp-json\/wp\/v2\/media?parent=243"}],"curies":[{"name":"wp","href":"https:\/\/api.w.org\/{rel}","templated":true}]}}