{"id":245,"date":"2021-12-22T12:38:29","date_gmt":"2021-12-22T12:38:29","guid":{"rendered":"https:\/\/www.upo.es\/cspl\/HealthyPlaces\/?page_id=245"},"modified":"2022-01-16T19:57:21","modified_gmt":"2022-01-16T19:57:21","slug":"1-efectos-edad-conjunto-de-espana","status":"publish","type":"page","link":"https:\/\/www.upo.es\/cspl\/HealthyPlaces\/resultados\/2-efectos-edad-y-cohorte\/1-efectos-edad-conjunto-de-espana\/","title":{"rendered":"1. Influencia de la Edad (conjunto de Espa\u00f1a)"},"content":{"rendered":"<p><div class=\"pt-cv-wrapper\"><div class=\"pt-cv-view pt-cv-grid pt-cv-colsys\" id=\"pt-cv-view-1a1b9e18ha\"><div data-id=\"pt-cv-page-1\" class=\"pt-cv-page\" data-cvc=\"4\"><div class=\"col-md-3 col-sm-6 col-xs-12 pt-cv-content-item pt-cv-1-col\" ><div class='pt-cv-ifield'><a href=\"https:\/\/www.upo.es\/cspl\/HealthyPlaces\/resultados\/2-efectos-edad-y-cohorte\/1-efectos-edad-conjunto-de-espana\/grafico-1-1-efecto-de-la-edad-sobre-el-sedentarismo-segun-el-sexo-y-la-clase-social\/\" class=\"_self pt-cv-href-thumbnail pt-cv-thumb-default\" target=\"_self\" ><img width=\"300\" height=\"169\" src=\"https:\/\/www.upo.es\/cspl\/HealthyPlaces\/wp-content\/uploads\/2021\/12\/211-300x169.jpg\" class=\"pt-cv-thumbnail\" alt=\"\" loading=\"lazy\" srcset=\"https:\/\/www.upo.es\/cspl\/HealthyPlaces\/wp-content\/uploads\/2021\/12\/211-300x169.jpg 300w, https:\/\/www.upo.es\/cspl\/HealthyPlaces\/wp-content\/uploads\/2021\/12\/211-1024x576.jpg 1024w, https:\/\/www.upo.es\/cspl\/HealthyPlaces\/wp-content\/uploads\/2021\/12\/211-768x432.jpg 768w, https:\/\/www.upo.es\/cspl\/HealthyPlaces\/wp-content\/uploads\/2021\/12\/211.jpg 1280w\" sizes=\"(max-width: 300px) 100vw, 300px\" \/><\/a>\n<h4 class=\"pt-cv-title\"><a href=\"https:\/\/www.upo.es\/cspl\/HealthyPlaces\/resultados\/2-efectos-edad-y-cohorte\/1-efectos-edad-conjunto-de-espana\/grafico-1-1-efecto-de-la-edad-sobre-el-sedentarismo-segun-el-sexo-y-la-clase-social\/\" class=\"_self\" target=\"_self\" >Gr\u00e1fico 1.1. Influencia de la edad en el sedentarismo seg\u00fan el sexo y la clase social<\/a><\/h4>\n<div class=\"pt-cv-content\"> ...<br \/><a href=\"https:\/\/www.upo.es\/cspl\/HealthyPlaces\/resultados\/2-efectos-edad-y-cohorte\/1-efectos-edad-conjunto-de-espana\/grafico-1-1-efecto-de-la-edad-sobre-el-sedentarismo-segun-el-sexo-y-la-clase-social\/\" class=\"_self pt-cv-readmore btn btn-success\" target=\"_self\">Ver gr\u00e1fico<\/a><\/div><\/div><\/div>\n<div class=\"col-md-3 col-sm-6 col-xs-12 pt-cv-content-item pt-cv-1-col\" ><div class='pt-cv-ifield'><a href=\"https:\/\/www.upo.es\/cspl\/HealthyPlaces\/resultados\/2-efectos-edad-y-cohorte\/1-efectos-edad-conjunto-de-espana\/grafico-1-2-efecto-de-la-edad-en-la-calidad-de-la-dieta-indice-de-alimentacion-saludable-segun-el-sexo-y-la-clase-social\/\" class=\"_self pt-cv-href-thumbnail pt-cv-thumb-default\" target=\"_self\" ><img width=\"300\" height=\"169\" src=\"https:\/\/www.upo.es\/cspl\/HealthyPlaces\/wp-content\/uploads\/2021\/12\/212-300x169.jpg\" class=\"pt-cv-thumbnail\" alt=\"\" loading=\"lazy\" srcset=\"https:\/\/www.upo.es\/cspl\/HealthyPlaces\/wp-content\/uploads\/2021\/12\/212-300x169.jpg 300w, https:\/\/www.upo.es\/cspl\/HealthyPlaces\/wp-content\/uploads\/2021\/12\/212-1024x576.jpg 1024w, https:\/\/www.upo.es\/cspl\/HealthyPlaces\/wp-content\/uploads\/2021\/12\/212-768x432.jpg 768w, https:\/\/www.upo.es\/cspl\/HealthyPlaces\/wp-content\/uploads\/2021\/12\/212.jpg 1280w\" sizes=\"(max-width: 300px) 100vw, 300px\" \/><\/a>\n<h4 class=\"pt-cv-title\"><a href=\"https:\/\/www.upo.es\/cspl\/HealthyPlaces\/resultados\/2-efectos-edad-y-cohorte\/1-efectos-edad-conjunto-de-espana\/grafico-1-2-efecto-de-la-edad-en-la-calidad-de-la-dieta-indice-de-alimentacion-saludable-segun-el-sexo-y-la-clase-social\/\" class=\"_self\" target=\"_self\" >Gr\u00e1fico 1.2. Influencia de la edad en la calidad de la dieta (\u00cdndice de Alimentaci\u00f3n Saludable) seg\u00fan el sexo y la clase social<\/a><\/h4>\n<div class=\"pt-cv-content\"> ...<br \/><a href=\"https:\/\/www.upo.es\/cspl\/HealthyPlaces\/resultados\/2-efectos-edad-y-cohorte\/1-efectos-edad-conjunto-de-espana\/grafico-1-2-efecto-de-la-edad-en-la-calidad-de-la-dieta-indice-de-alimentacion-saludable-segun-el-sexo-y-la-clase-social\/\" class=\"_self pt-cv-readmore btn btn-success\" target=\"_self\">Ver gr\u00e1fico<\/a><\/div><\/div><\/div>\n<div class=\"col-md-3 col-sm-6 col-xs-12 pt-cv-content-item pt-cv-1-col\" ><div class='pt-cv-ifield'><a href=\"https:\/\/www.upo.es\/cspl\/HealthyPlaces\/resultados\/2-efectos-edad-y-cohorte\/1-efectos-edad-conjunto-de-espana\/grafico-1-3-efecto-de-la-edad-en-el-tabaquismo-segun-sexo-y-clase-social\/\" class=\"_self pt-cv-href-thumbnail pt-cv-thumb-default\" target=\"_self\" ><img width=\"300\" height=\"169\" src=\"https:\/\/www.upo.es\/cspl\/HealthyPlaces\/wp-content\/uploads\/2021\/12\/213-300x169.jpg\" class=\"pt-cv-thumbnail\" alt=\"\" loading=\"lazy\" srcset=\"https:\/\/www.upo.es\/cspl\/HealthyPlaces\/wp-content\/uploads\/2021\/12\/213-300x169.jpg 300w, https:\/\/www.upo.es\/cspl\/HealthyPlaces\/wp-content\/uploads\/2021\/12\/213-1024x576.jpg 1024w, https:\/\/www.upo.es\/cspl\/HealthyPlaces\/wp-content\/uploads\/2021\/12\/213-768x432.jpg 768w, https:\/\/www.upo.es\/cspl\/HealthyPlaces\/wp-content\/uploads\/2021\/12\/213.jpg 1280w\" sizes=\"(max-width: 300px) 100vw, 300px\" \/><\/a>\n<h4 class=\"pt-cv-title\"><a href=\"https:\/\/www.upo.es\/cspl\/HealthyPlaces\/resultados\/2-efectos-edad-y-cohorte\/1-efectos-edad-conjunto-de-espana\/grafico-1-3-efecto-de-la-edad-en-el-tabaquismo-segun-sexo-y-clase-social\/\" class=\"_self\" target=\"_self\" >Gr\u00e1fico 1.3. Influencia de la edad en el tabaquismo seg\u00fan sexo y clase social<\/a><\/h4>\n<div class=\"pt-cv-content\"> ...<br \/><a href=\"https:\/\/www.upo.es\/cspl\/HealthyPlaces\/resultados\/2-efectos-edad-y-cohorte\/1-efectos-edad-conjunto-de-espana\/grafico-1-3-efecto-de-la-edad-en-el-tabaquismo-segun-sexo-y-clase-social\/\" class=\"_self pt-cv-readmore btn btn-success\" target=\"_self\">Ver gr\u00e1fico<\/a><\/div><\/div><\/div>\n<div class=\"col-md-3 col-sm-6 col-xs-12 pt-cv-content-item pt-cv-1-col\" ><div class='pt-cv-ifield'><a href=\"https:\/\/www.upo.es\/cspl\/HealthyPlaces\/resultados\/2-efectos-edad-y-cohorte\/1-efectos-edad-conjunto-de-espana\/grafico-1-4-efecto-de-la-edad-en-el-consumo-medio-diario-de-alcohol-en-gramos-de-alcohol-puro-segun-sexo-y-clase-social\/\" class=\"_self pt-cv-href-thumbnail pt-cv-thumb-default\" target=\"_self\" ><img width=\"300\" height=\"169\" src=\"https:\/\/www.upo.es\/cspl\/HealthyPlaces\/wp-content\/uploads\/2021\/12\/214-300x169.jpg\" class=\"pt-cv-thumbnail\" alt=\"\" loading=\"lazy\" srcset=\"https:\/\/www.upo.es\/cspl\/HealthyPlaces\/wp-content\/uploads\/2021\/12\/214-300x169.jpg 300w, https:\/\/www.upo.es\/cspl\/HealthyPlaces\/wp-content\/uploads\/2021\/12\/214-1024x576.jpg 1024w, https:\/\/www.upo.es\/cspl\/HealthyPlaces\/wp-content\/uploads\/2021\/12\/214-768x432.jpg 768w, https:\/\/www.upo.es\/cspl\/HealthyPlaces\/wp-content\/uploads\/2021\/12\/214.jpg 1280w\" sizes=\"(max-width: 300px) 100vw, 300px\" \/><\/a>\n<h4 class=\"pt-cv-title\"><a href=\"https:\/\/www.upo.es\/cspl\/HealthyPlaces\/resultados\/2-efectos-edad-y-cohorte\/1-efectos-edad-conjunto-de-espana\/grafico-1-4-efecto-de-la-edad-en-el-consumo-medio-diario-de-alcohol-en-gramos-de-alcohol-puro-segun-sexo-y-clase-social\/\" class=\"_self\" target=\"_self\" >Gr\u00e1fico 1.4. Influencia de la edad en el consumo medio diario de alcohol (en gramos de alcohol puro) seg\u00fan sexo y clase social<\/a><\/h4>\n<div class=\"pt-cv-content\"> ...<br \/><a href=\"https:\/\/www.upo.es\/cspl\/HealthyPlaces\/resultados\/2-efectos-edad-y-cohorte\/1-efectos-edad-conjunto-de-espana\/grafico-1-4-efecto-de-la-edad-en-el-consumo-medio-diario-de-alcohol-en-gramos-de-alcohol-puro-segun-sexo-y-clase-social\/\" class=\"_self pt-cv-readmore btn btn-success\" target=\"_self\">Ver gr\u00e1fico<\/a><\/div><\/div><\/div><\/div><\/div><\/div><\/p>","protected":false},"excerpt":{"rendered":"","protected":false},"author":1,"featured_media":0,"parent":243,"menu_order":0,"comment_status":"closed","ping_status":"closed","template":"","meta":{"neve_meta_sidebar":"full-width","neve_meta_container":"","neve_meta_enable_content_width":"on","neve_meta_content_width":100,"neve_meta_title_alignment":"","neve_meta_author_avatar":"","neve_post_elements_order":"","neve_meta_disable_header":"","neve_meta_disable_footer":"","neve_meta_disable_title":""},"_links":{"self":[{"href":"https:\/\/www.upo.es\/cspl\/HealthyPlaces\/wp-json\/wp\/v2\/pages\/245"}],"collection":[{"href":"https:\/\/www.upo.es\/cspl\/HealthyPlaces\/wp-json\/wp\/v2\/pages"}],"about":[{"href":"https:\/\/www.upo.es\/cspl\/HealthyPlaces\/wp-json\/wp\/v2\/types\/page"}],"author":[{"embeddable":true,"href":"https:\/\/www.upo.es\/cspl\/HealthyPlaces\/wp-json\/wp\/v2\/users\/1"}],"replies":[{"embeddable":true,"href":"https:\/\/www.upo.es\/cspl\/HealthyPlaces\/wp-json\/wp\/v2\/comments?post=245"}],"version-history":[{"count":3,"href":"https:\/\/www.upo.es\/cspl\/HealthyPlaces\/wp-json\/wp\/v2\/pages\/245\/revisions"}],"predecessor-version":[{"id":372,"href":"https:\/\/www.upo.es\/cspl\/HealthyPlaces\/wp-json\/wp\/v2\/pages\/245\/revisions\/372"}],"up":[{"embeddable":true,"href":"https:\/\/www.upo.es\/cspl\/HealthyPlaces\/wp-json\/wp\/v2\/pages\/243"}],"wp:attachment":[{"href":"https:\/\/www.upo.es\/cspl\/HealthyPlaces\/wp-json\/wp\/v2\/media?parent=245"}],"curies":[{"name":"wp","href":"https:\/\/api.w.org\/{rel}","templated":true}]}}