{"id":296,"date":"2021-12-25T19:35:25","date_gmt":"2021-12-25T19:35:25","guid":{"rendered":"https:\/\/www.upo.es\/cspl\/HealthyPlaces\/?page_id=296"},"modified":"2022-01-18T19:22:22","modified_gmt":"2022-01-18T19:22:22","slug":"4-efecto-barrio","status":"publish","type":"page","link":"https:\/\/www.upo.es\/cspl\/HealthyPlaces\/resultados\/4-efecto-barrio\/","title":{"rendered":"4. Efecto barrio"},"content":{"rendered":"<p><div class=\"pt-cv-wrapper\"><div class=\"pt-cv-view pt-cv-grid pt-cv-colsys\" id=\"pt-cv-view-8cb2a8c8vs\"><div data-id=\"pt-cv-page-1\" class=\"pt-cv-page\" data-cvc=\"4\"><div class=\"col-md-3 col-sm-6 col-xs-12 pt-cv-content-item pt-cv-1-col\" ><div class='pt-cv-ifield'><a href=\"https:\/\/www.upo.es\/cspl\/HealthyPlaces\/resultados\/4-efecto-barrio\/graficos-1-3-influencia-de-la-vulnerabilidad-socioeconomica-del-lugar-de-residencia-isvun-se-seccion-censal\/\" class=\"_self pt-cv-href-thumbnail pt-cv-thumb-default\" target=\"_self\" ><img width=\"300\" height=\"177\" src=\"https:\/\/www.upo.es\/cspl\/HealthyPlaces\/wp-content\/uploads\/2021\/12\/4-1-300x177.jpg\" class=\"pt-cv-thumbnail\" alt=\"\" loading=\"lazy\" srcset=\"https:\/\/www.upo.es\/cspl\/HealthyPlaces\/wp-content\/uploads\/2021\/12\/4-1-300x177.jpg 300w, https:\/\/www.upo.es\/cspl\/HealthyPlaces\/wp-content\/uploads\/2021\/12\/4-1-1024x605.jpg 1024w, https:\/\/www.upo.es\/cspl\/HealthyPlaces\/wp-content\/uploads\/2021\/12\/4-1-768x454.jpg 768w, https:\/\/www.upo.es\/cspl\/HealthyPlaces\/wp-content\/uploads\/2021\/12\/4-1.jpg 1280w\" sizes=\"(max-width: 300px) 100vw, 300px\" \/><\/a>\n<h4 class=\"pt-cv-title\"><a href=\"https:\/\/www.upo.es\/cspl\/HealthyPlaces\/resultados\/4-efecto-barrio\/graficos-1-3-influencia-de-la-vulnerabilidad-socioeconomica-del-lugar-de-residencia-isvun-se-seccion-censal\/\" class=\"_self\" target=\"_self\" >Gr\u00e1ficos 1-3. Influencia de la vulnerabilidad socioecon\u00f3mica del lugar de residencia (ISVUN-SE, secci\u00f3n censal)<\/a><\/h4>\n<div class=\"pt-cv-content\"> ...<br \/><a href=\"https:\/\/www.upo.es\/cspl\/HealthyPlaces\/resultados\/4-efecto-barrio\/graficos-1-3-influencia-de-la-vulnerabilidad-socioeconomica-del-lugar-de-residencia-isvun-se-seccion-censal\/\" class=\"_self pt-cv-readmore btn btn-success\" target=\"_self\">Ver gr\u00e1ficos<\/a><\/div><\/div><\/div>\n<div class=\"col-md-3 col-sm-6 col-xs-12 pt-cv-content-item pt-cv-1-col\" ><div class='pt-cv-ifield'><a href=\"https:\/\/www.upo.es\/cspl\/HealthyPlaces\/resultados\/4-efecto-barrio\/graficos-4-6-influencia-de-la-vulnerabilidad-socioeconomica-del-lugar-de-residencia-segun-sexo-isvun-se-seccion-censal\/\" class=\"_self pt-cv-href-thumbnail pt-cv-thumb-default\" target=\"_self\" ><img width=\"300\" height=\"177\" src=\"https:\/\/www.upo.es\/cspl\/HealthyPlaces\/wp-content\/uploads\/2021\/12\/4-2-300x177.jpg\" class=\"pt-cv-thumbnail\" alt=\"\" loading=\"lazy\" srcset=\"https:\/\/www.upo.es\/cspl\/HealthyPlaces\/wp-content\/uploads\/2021\/12\/4-2-300x177.jpg 300w, https:\/\/www.upo.es\/cspl\/HealthyPlaces\/wp-content\/uploads\/2021\/12\/4-2-1024x605.jpg 1024w, https:\/\/www.upo.es\/cspl\/HealthyPlaces\/wp-content\/uploads\/2021\/12\/4-2-768x454.jpg 768w, https:\/\/www.upo.es\/cspl\/HealthyPlaces\/wp-content\/uploads\/2021\/12\/4-2.jpg 1280w\" sizes=\"(max-width: 300px) 100vw, 300px\" \/><\/a>\n<h4 class=\"pt-cv-title\"><a href=\"https:\/\/www.upo.es\/cspl\/HealthyPlaces\/resultados\/4-efecto-barrio\/graficos-4-6-influencia-de-la-vulnerabilidad-socioeconomica-del-lugar-de-residencia-segun-sexo-isvun-se-seccion-censal\/\" class=\"_self\" target=\"_self\" >Gr\u00e1ficos 4-6. Influencia de la vulnerabilidad socioecon\u00f3mica del lugar de residencia seg\u00fan sexo (ISVUN-SE, secci\u00f3n censal)<\/a><\/h4>\n<div class=\"pt-cv-content\"> ...<br \/><a href=\"https:\/\/www.upo.es\/cspl\/HealthyPlaces\/resultados\/4-efecto-barrio\/graficos-4-6-influencia-de-la-vulnerabilidad-socioeconomica-del-lugar-de-residencia-segun-sexo-isvun-se-seccion-censal\/\" class=\"_self pt-cv-readmore btn btn-success\" target=\"_self\">Ver gr\u00e1ficos<\/a><\/div><\/div><\/div>\n<div class=\"col-md-3 col-sm-6 col-xs-12 pt-cv-content-item pt-cv-1-col\" ><div class='pt-cv-ifield'><a href=\"https:\/\/www.upo.es\/cspl\/HealthyPlaces\/resultados\/4-efecto-barrio\/graficos-7-9-influencia-de-la-vulnerabilidad-socioeconomica-del-lugar-de-residencia-segun-nivel-de-estudios-isvun-se-seccion-censal\/\" class=\"_self pt-cv-href-thumbnail pt-cv-thumb-default\" target=\"_self\" ><img width=\"300\" height=\"177\" src=\"https:\/\/www.upo.es\/cspl\/HealthyPlaces\/wp-content\/uploads\/2022\/01\/4-3-300x177.jpg\" class=\"pt-cv-thumbnail\" alt=\"\" loading=\"lazy\" srcset=\"https:\/\/www.upo.es\/cspl\/HealthyPlaces\/wp-content\/uploads\/2022\/01\/4-3-300x177.jpg 300w, https:\/\/www.upo.es\/cspl\/HealthyPlaces\/wp-content\/uploads\/2022\/01\/4-3-1024x605.jpg 1024w, https:\/\/www.upo.es\/cspl\/HealthyPlaces\/wp-content\/uploads\/2022\/01\/4-3-768x454.jpg 768w, https:\/\/www.upo.es\/cspl\/HealthyPlaces\/wp-content\/uploads\/2022\/01\/4-3.jpg 1280w\" sizes=\"(max-width: 300px) 100vw, 300px\" \/><\/a>\n<h4 class=\"pt-cv-title\"><a href=\"https:\/\/www.upo.es\/cspl\/HealthyPlaces\/resultados\/4-efecto-barrio\/graficos-7-9-influencia-de-la-vulnerabilidad-socioeconomica-del-lugar-de-residencia-segun-nivel-de-estudios-isvun-se-seccion-censal\/\" class=\"_self\" target=\"_self\" >Gr\u00e1ficos 7-9. Influencia de la vulnerabilidad socioecon\u00f3mica del lugar de residencia seg\u00fan nivel de estudios (ISVUN-SE, secci\u00f3n censal)<\/a><\/h4>\n<div class=\"pt-cv-content\"> ...<br \/><a href=\"https:\/\/www.upo.es\/cspl\/HealthyPlaces\/resultados\/4-efecto-barrio\/graficos-7-9-influencia-de-la-vulnerabilidad-socioeconomica-del-lugar-de-residencia-segun-nivel-de-estudios-isvun-se-seccion-censal\/\" class=\"_self pt-cv-readmore btn btn-success\" target=\"_self\">Ver gr\u00e1ficos<\/a><\/div><\/div><\/div>\n<div class=\"col-md-3 col-sm-6 col-xs-12 pt-cv-content-item pt-cv-1-col\" ><div class='pt-cv-ifield'><a href=\"https:\/\/www.upo.es\/cspl\/HealthyPlaces\/resultados\/4-efecto-barrio\/graficos-10-12-evolucion-desigualdades-segun-los-quintiles-de-vulnerabilidad-socioeconomica-del-lugar-de-residencia-isvun-se-seccion-censal\/\" class=\"_self pt-cv-href-thumbnail pt-cv-thumb-default\" target=\"_self\" ><img width=\"300\" height=\"177\" src=\"https:\/\/www.upo.es\/cspl\/HealthyPlaces\/wp-content\/uploads\/2022\/01\/4-4-300x177.jpg\" class=\"pt-cv-thumbnail\" alt=\"\" loading=\"lazy\" srcset=\"https:\/\/www.upo.es\/cspl\/HealthyPlaces\/wp-content\/uploads\/2022\/01\/4-4-300x177.jpg 300w, https:\/\/www.upo.es\/cspl\/HealthyPlaces\/wp-content\/uploads\/2022\/01\/4-4-1024x605.jpg 1024w, https:\/\/www.upo.es\/cspl\/HealthyPlaces\/wp-content\/uploads\/2022\/01\/4-4-768x454.jpg 768w, https:\/\/www.upo.es\/cspl\/HealthyPlaces\/wp-content\/uploads\/2022\/01\/4-4.jpg 1280w\" sizes=\"(max-width: 300px) 100vw, 300px\" \/><\/a>\n<h4 class=\"pt-cv-title\"><a href=\"https:\/\/www.upo.es\/cspl\/HealthyPlaces\/resultados\/4-efecto-barrio\/graficos-10-12-evolucion-desigualdades-segun-los-quintiles-de-vulnerabilidad-socioeconomica-del-lugar-de-residencia-isvun-se-seccion-censal\/\" class=\"_self\" target=\"_self\" >Gr\u00e1ficos 10-12. Evoluci\u00f3n desigualdades seg\u00fan los quintiles de  vulnerabilidad socioecon\u00f3mica del lugar de residencia (ISVUN-SE, secci\u00f3n censal)<\/a><\/h4>\n<div class=\"pt-cv-content\"> ...<br \/><a href=\"https:\/\/www.upo.es\/cspl\/HealthyPlaces\/resultados\/4-efecto-barrio\/graficos-10-12-evolucion-desigualdades-segun-los-quintiles-de-vulnerabilidad-socioeconomica-del-lugar-de-residencia-isvun-se-seccion-censal\/\" class=\"_self pt-cv-readmore btn btn-success\" target=\"_self\">Ver gr\u00e1ficos<\/a><\/div><\/div><\/div><\/div><\/div><\/div><\/p>\n<h3>NOTA METODOL\u00d3GICA<\/h3>\n<p>Usando las distintas olas de la Encuesta de Condiciones de Vida en Espa\u00f1a (2004-2017) se estudi\u00f3 la influencia de la vulnerabilidad socioecon\u00f3mica del barrio de residencia sobre la buena salud autopercibida, las limitaciones de las actividades de la vida diaria y problemas de salud cr\u00f3nicos en la poblaci\u00f3n andaluza de 50 o m\u00e1s a\u00f1os. Se calcularon modelos multinivel con los individuos anidados en sus respectivos barrios de residencia y estos, a su vez, en los municipios a los que pertenec\u00edan. Los an\u00e1lisis se realizaron mediante modelos log\u00edsticos multinivel considerando como variables de control la edad, el sexo, el estado civil, el nivel de estudios, el periodo de la encuesta, la privaci\u00f3n material severa del hogar y si la persona entrevistada resid\u00eda en el \u00e1mbito rural o urbano.<\/p>\n<h3>INTERPRETACI\u00d3N DE LOS RESULTADOS:<\/h3>\n<p>En los gr\u00e1ficos 1-3 se muestra la existencia de un \u201cefecto barrio\u201d sobre la salud. Los resultados indican que las personas de 50 o m\u00e1s a\u00f1os que residen en barrios m\u00e1s vulnerables tienen menor probabilidad de tener buena salud, independientemente de sus caracter\u00edsticas individuales. Dicho efecto se observa en una disminuci\u00f3n significativa de la autopercepci\u00f3n de buena salud, el aumento de las limitaciones de las actividades de la vida diaria y la mayor probabilidad de padecer problemas cr\u00f3nicos cuando el barrio en el que se habita es m\u00e1s vulnerable.<\/p>\n<p>Seg\u00fan los resultados representados en los gr\u00e1ficos 4-6 el \u201cefecto barrio\u201d descrito anteriormente es diferente seg\u00fan el g\u00e9nero, es decir, las relaciones entre la vulnerabilidad del barrio y la salud parecen intensificarse en mayor medida en el caso de las mujeres si las comparamos con los hombres. Se aprecia como entre las mujeres disminuye de forma m\u00e1s intensa la probabilidad de tener una buena salud al vivir en barrios m\u00e1s vulnerables. Del mismo modo, se observa que aumenta la probabilidad de padecer limitaciones AVD y problemas cr\u00f3nicos de salud. \u00a0Por tanto, el efecto contextual de la vulnerabilidad socioecon\u00f3mica estar\u00eda contribuyendo a ensanchar las inequidades de g\u00e9nero durante el proceso de envejecimiento.<\/p>\n<p>Algo similar ocurre al considerar si la influencia de la vulnerabilidad del barrio es diferente seg\u00fan el nivel de estudios (gr\u00e1ficos 7-9). Se puede apreciar que la probabilidad de tener una buena salud disminuye relativamente m\u00e1s entre las personas de estudios bajos que entre las que tienen estudios superiores al residir en contextos m\u00e1s vulnerables. En la misma l\u00ednea, el grado de vulnerabilidad del barrio hace que las personas con estudios bajos tengan mayor probabilidad de sufrir limitaciones AVD y problemas de salud cr\u00f3nicos si las comparamos con las personas con estudios superiores. De nuevo, en este caso se observa que el \u201cefecto barrio\u201d aumenta las inequidades educativas en salud en edades maduras y longevas.<\/p>\n<p>En los gr\u00e1ficos 10-12, se muestra como ha evolucionado la influencia de la vulnerabilidad en el periodo de estudio (2004-2017). Se representan las probabilidades de tener una buena salud, limitaciones AVD y problemas cr\u00f3nicos seg\u00fan los quintiles del indicador de vulnerabilidad del barrio (Q1= barrios menos vulnerables; Q5= barrios m\u00e1s vulnerables). Los resultados indican que las inequidades existentes entre los barrios en la autopercepci\u00f3n de buena salud han permanecido constantes en el tiempo, aunque la tendencia es a que todos ellos mejoren de forma general, no se reducen las diferencias relativas entre los mismos. Se ha producido un ligero incremento en las inequidades en las limitaciones de la AVD, ya que su prevalencia parece reducirse de forma m\u00e1s intensa en los barrios menos vulnerables (Q1). Por \u00faltimo, se han reducido las diferencias entre los barrios en cuanto a la prevalencia de problemas cr\u00f3nicos de salud, ello se debe fundamentalmente a que dicha prevalencia estar\u00eda aumentando de forma ligeramente m\u00e1s intensa entre los barrios menos vulnerables (Q1 y Q2).<\/p>","protected":false},"excerpt":{"rendered":"<p>NOTA METODOL\u00d3GICA Usando las distintas olas de la Encuesta de Condiciones de Vida en Espa\u00f1a (2004-2017) se estudi\u00f3 la influencia de la vulnerabilidad socioecon\u00f3mica del barrio de residencia sobre la buena salud autopercibida, las limitaciones de las actividades de la vida diaria y problemas de salud cr\u00f3nicos en la poblaci\u00f3n andaluza de 50 o m\u00e1s&hellip;&nbsp;<a href=\"https:\/\/www.upo.es\/cspl\/HealthyPlaces\/resultados\/4-efecto-barrio\/\" class=\"\" rel=\"bookmark\">Leer m\u00e1s &raquo;<span class=\"screen-reader-text\">4. Efecto barrio<\/span><\/a><\/p>\n","protected":false},"author":1,"featured_media":0,"parent":131,"menu_order":0,"comment_status":"closed","ping_status":"closed","template":"","meta":{"neve_meta_sidebar":"full-width","neve_meta_container":"","neve_meta_enable_content_width":"on","neve_meta_content_width":100,"neve_meta_title_alignment":"","neve_meta_author_avatar":"","neve_post_elements_order":"","neve_meta_disable_header":"","neve_meta_disable_footer":"","neve_meta_disable_title":""},"_links":{"self":[{"href":"https:\/\/www.upo.es\/cspl\/HealthyPlaces\/wp-json\/wp\/v2\/pages\/296"}],"collection":[{"href":"https:\/\/www.upo.es\/cspl\/HealthyPlaces\/wp-json\/wp\/v2\/pages"}],"about":[{"href":"https:\/\/www.upo.es\/cspl\/HealthyPlaces\/wp-json\/wp\/v2\/types\/page"}],"author":[{"embeddable":true,"href":"https:\/\/www.upo.es\/cspl\/HealthyPlaces\/wp-json\/wp\/v2\/users\/1"}],"replies":[{"embeddable":true,"href":"https:\/\/www.upo.es\/cspl\/HealthyPlaces\/wp-json\/wp\/v2\/comments?post=296"}],"version-history":[{"count":8,"href":"https:\/\/www.upo.es\/cspl\/HealthyPlaces\/wp-json\/wp\/v2\/pages\/296\/revisions"}],"predecessor-version":[{"id":384,"href":"https:\/\/www.upo.es\/cspl\/HealthyPlaces\/wp-json\/wp\/v2\/pages\/296\/revisions\/384"}],"up":[{"embeddable":true,"href":"https:\/\/www.upo.es\/cspl\/HealthyPlaces\/wp-json\/wp\/v2\/pages\/131"}],"wp:attachment":[{"href":"https:\/\/www.upo.es\/cspl\/HealthyPlaces\/wp-json\/wp\/v2\/media?parent=296"}],"curies":[{"name":"wp","href":"https:\/\/api.w.org\/{rel}","templated":true}]}}