{"id":305,"date":"2021-12-25T19:40:40","date_gmt":"2021-12-25T19:40:40","guid":{"rendered":"https:\/\/www.upo.es\/cspl\/HealthyPlaces\/?page_id=305"},"modified":"2021-12-25T19:44:08","modified_gmt":"2021-12-25T19:44:08","slug":"graficos-1-3-influencia-de-la-vulnerabilidad-socioeconomica-del-lugar-de-residencia-isvun-se-seccion-censal","status":"publish","type":"page","link":"https:\/\/www.upo.es\/cspl\/HealthyPlaces\/resultados\/4-efecto-barrio\/graficos-1-3-influencia-de-la-vulnerabilidad-socioeconomica-del-lugar-de-residencia-isvun-se-seccion-censal\/","title":{"rendered":"Gr\u00e1ficos 1-3. Influencia de la vulnerabilidad socioecon\u00f3mica del lugar de residencia (ISVUN-SE, secci\u00f3n censal)"},"content":{"rendered":"<p><img loading=\"lazy\" class=\"alignnone size-full wp-image-301\" src=\"https:\/\/www.upo.es\/cspl\/HealthyPlaces\/wp-content\/uploads\/2021\/12\/4-1.jpg\" alt=\"\" width=\"1280\" height=\"756\" srcset=\"https:\/\/www.upo.es\/cspl\/HealthyPlaces\/wp-content\/uploads\/2021\/12\/4-1.jpg 1280w, https:\/\/www.upo.es\/cspl\/HealthyPlaces\/wp-content\/uploads\/2021\/12\/4-1-300x177.jpg 300w, https:\/\/www.upo.es\/cspl\/HealthyPlaces\/wp-content\/uploads\/2021\/12\/4-1-1024x605.jpg 1024w, https:\/\/www.upo.es\/cspl\/HealthyPlaces\/wp-content\/uploads\/2021\/12\/4-1-768x454.jpg 768w\" sizes=\"(max-width: 1280px) 100vw, 1280px\" \/><\/p>","protected":false},"excerpt":{"rendered":"","protected":false},"author":1,"featured_media":301,"parent":296,"menu_order":0,"comment_status":"closed","ping_status":"closed","template":"","meta":{"neve_meta_sidebar":"full-width","neve_meta_container":"","neve_meta_enable_content_width":"on","neve_meta_content_width":100,"neve_meta_title_alignment":"","neve_meta_author_avatar":"","neve_post_elements_order":"","neve_meta_disable_header":"","neve_meta_disable_footer":"","neve_meta_disable_title":""},"_links":{"self":[{"href":"https:\/\/www.upo.es\/cspl\/HealthyPlaces\/wp-json\/wp\/v2\/pages\/305"}],"collection":[{"href":"https:\/\/www.upo.es\/cspl\/HealthyPlaces\/wp-json\/wp\/v2\/pages"}],"about":[{"href":"https:\/\/www.upo.es\/cspl\/HealthyPlaces\/wp-json\/wp\/v2\/types\/page"}],"author":[{"embeddable":true,"href":"https:\/\/www.upo.es\/cspl\/HealthyPlaces\/wp-json\/wp\/v2\/users\/1"}],"replies":[{"embeddable":true,"href":"https:\/\/www.upo.es\/cspl\/HealthyPlaces\/wp-json\/wp\/v2\/comments?post=305"}],"version-history":[{"count":1,"href":"https:\/\/www.upo.es\/cspl\/HealthyPlaces\/wp-json\/wp\/v2\/pages\/305\/revisions"}],"predecessor-version":[{"id":306,"href":"https:\/\/www.upo.es\/cspl\/HealthyPlaces\/wp-json\/wp\/v2\/pages\/305\/revisions\/306"}],"up":[{"embeddable":true,"href":"https:\/\/www.upo.es\/cspl\/HealthyPlaces\/wp-json\/wp\/v2\/pages\/296"}],"wp:featuredmedia":[{"embeddable":true,"href":"https:\/\/www.upo.es\/cspl\/HealthyPlaces\/wp-json\/wp\/v2\/media\/301"}],"wp:attachment":[{"href":"https:\/\/www.upo.es\/cspl\/HealthyPlaces\/wp-json\/wp\/v2\/media?parent=305"}],"curies":[{"name":"wp","href":"https:\/\/api.w.org\/{rel}","templated":true}]}}