{"id":311,"date":"2021-12-25T19:42:02","date_gmt":"2021-12-25T19:42:02","guid":{"rendered":"https:\/\/www.upo.es\/cspl\/HealthyPlaces\/?page_id=311"},"modified":"2022-01-11T19:06:02","modified_gmt":"2022-01-11T19:06:02","slug":"graficos-10-12-evolucion-desigualdades-segun-los-quintiles-de-vulnerabilidad-socioeconomica-del-lugar-de-residencia-isvun-se-seccion-censal","status":"publish","type":"page","link":"https:\/\/www.upo.es\/cspl\/HealthyPlaces\/resultados\/4-efecto-barrio\/graficos-10-12-evolucion-desigualdades-segun-los-quintiles-de-vulnerabilidad-socioeconomica-del-lugar-de-residencia-isvun-se-seccion-censal\/","title":{"rendered":"Gr\u00e1ficos 10-12. Evoluci\u00f3n desigualdades seg\u00fan los quintiles de  vulnerabilidad socioecon\u00f3mica del lugar de residencia (ISVUN-SE, secci\u00f3n censal)"},"content":{"rendered":"<p><img loading=\"lazy\" class=\"alignnone size-full wp-image-362\" src=\"https:\/\/www.upo.es\/cspl\/HealthyPlaces\/wp-content\/uploads\/2022\/01\/4-4.jpg\" alt=\"\" width=\"1280\" height=\"756\" srcset=\"https:\/\/www.upo.es\/cspl\/HealthyPlaces\/wp-content\/uploads\/2022\/01\/4-4.jpg 1280w, https:\/\/www.upo.es\/cspl\/HealthyPlaces\/wp-content\/uploads\/2022\/01\/4-4-300x177.jpg 300w, https:\/\/www.upo.es\/cspl\/HealthyPlaces\/wp-content\/uploads\/2022\/01\/4-4-1024x605.jpg 1024w, https:\/\/www.upo.es\/cspl\/HealthyPlaces\/wp-content\/uploads\/2022\/01\/4-4-768x454.jpg 768w\" sizes=\"(max-width: 1280px) 100vw, 1280px\" \/><\/p>","protected":false},"excerpt":{"rendered":"","protected":false},"author":1,"featured_media":362,"parent":296,"menu_order":0,"comment_status":"closed","ping_status":"closed","template":"","meta":{"neve_meta_sidebar":"full-width","neve_meta_container":"","neve_meta_enable_content_width":"on","neve_meta_content_width":100,"neve_meta_title_alignment":"","neve_meta_author_avatar":"","neve_post_elements_order":"","neve_meta_disable_header":"","neve_meta_disable_footer":"","neve_meta_disable_title":""},"_links":{"self":[{"href":"https:\/\/www.upo.es\/cspl\/HealthyPlaces\/wp-json\/wp\/v2\/pages\/311"}],"collection":[{"href":"https:\/\/www.upo.es\/cspl\/HealthyPlaces\/wp-json\/wp\/v2\/pages"}],"about":[{"href":"https:\/\/www.upo.es\/cspl\/HealthyPlaces\/wp-json\/wp\/v2\/types\/page"}],"author":[{"embeddable":true,"href":"https:\/\/www.upo.es\/cspl\/HealthyPlaces\/wp-json\/wp\/v2\/users\/1"}],"replies":[{"embeddable":true,"href":"https:\/\/www.upo.es\/cspl\/HealthyPlaces\/wp-json\/wp\/v2\/comments?post=311"}],"version-history":[{"count":3,"href":"https:\/\/www.upo.es\/cspl\/HealthyPlaces\/wp-json\/wp\/v2\/pages\/311\/revisions"}],"predecessor-version":[{"id":363,"href":"https:\/\/www.upo.es\/cspl\/HealthyPlaces\/wp-json\/wp\/v2\/pages\/311\/revisions\/363"}],"up":[{"embeddable":true,"href":"https:\/\/www.upo.es\/cspl\/HealthyPlaces\/wp-json\/wp\/v2\/pages\/296"}],"wp:featuredmedia":[{"embeddable":true,"href":"https:\/\/www.upo.es\/cspl\/HealthyPlaces\/wp-json\/wp\/v2\/media\/362"}],"wp:attachment":[{"href":"https:\/\/www.upo.es\/cspl\/HealthyPlaces\/wp-json\/wp\/v2\/media?parent=311"}],"curies":[{"name":"wp","href":"https:\/\/api.w.org\/{rel}","templated":true}]}}