{"id":316,"date":"2021-12-25T19:57:56","date_gmt":"2021-12-25T19:57:56","guid":{"rendered":"https:\/\/www.upo.es\/cspl\/HealthyPlaces\/?page_id=316"},"modified":"2022-01-10T18:17:08","modified_gmt":"2022-01-10T18:17:08","slug":"5-bienestar-local-y-salud","status":"publish","type":"page","link":"https:\/\/www.upo.es\/cspl\/HealthyPlaces\/resultados\/5-bienestar-local-y-salud\/","title":{"rendered":"5. Bienestar local y salud"},"content":{"rendered":"<p><\/p>\n<h3>Probabilidad de tener buena o muy Buena salud autopercibida (poblaci\u00f3n de \u226550 a\u00f1os)<\/h3>\n<p>&nbsp;<\/p>\n<p><img loading=\"lazy\" class=\"alignnone size-full wp-image-315\" src=\"https:\/\/www.upo.es\/cspl\/HealthyPlaces\/wp-content\/uploads\/2021\/12\/Diapositiva1-1.jpg\" alt=\"\" width=\"1280\" height=\"720\" srcset=\"https:\/\/www.upo.es\/cspl\/HealthyPlaces\/wp-content\/uploads\/2021\/12\/Diapositiva1-1.jpg 1280w, https:\/\/www.upo.es\/cspl\/HealthyPlaces\/wp-content\/uploads\/2021\/12\/Diapositiva1-1-300x169.jpg 300w, https:\/\/www.upo.es\/cspl\/HealthyPlaces\/wp-content\/uploads\/2021\/12\/Diapositiva1-1-1024x576.jpg 1024w, https:\/\/www.upo.es\/cspl\/HealthyPlaces\/wp-content\/uploads\/2021\/12\/Diapositiva1-1-768x432.jpg 768w\" sizes=\"(max-width: 1280px) 100vw, 1280px\" \/><\/p>\n<h4><strong>NOTA METODOL\u00d3GICA<\/strong><\/h4>\n<p>Usando las distintas olas de la Encuesta de Condiciones de Vida en Espa\u00f1a (2004-2017) se procedi\u00f3 a analizar la influencia de la orientaci\u00f3n del modelo de bienestar local sobre la salud auto percibida de la poblaci\u00f3n mayor de 50 a\u00f1os que resid\u00eda en municipios Andaluces de m\u00e1s de 20.000 habitantes. Los an\u00e1lisis se realizaron mediante modelos log\u00edsticos multinivel considerando como variables de control la edad, el sexo, estado civil, nivel de estudios, vulnerabilidad socioecon\u00f3mica del barrio, el periodo de la encuesta y la privaci\u00f3n material severa del hogar.<\/p>\n<h4><strong>INTERPRETACI\u00d3N DE RESULTADOS<\/strong><\/h4>\n<p>En el gr\u00e1fico se muestran las probabilidades predichas de tener una buena o muy buena percepci\u00f3n del estado de salud en funci\u00f3n de si el municipio de residencia orient\u00f3 su gasto en mayor o menor medida hacia \u00e1reas de pol\u00edticas relacionadas con el bienestar de la poblaci\u00f3n. Los resultados indican que las personas que resid\u00edan en hogares con privaci\u00f3n material severa (PMS) ven aumentada su probabilidad de tener una mejor salud auto percibida cuando residen en municipios cuyas pol\u00edticas de gasto se orientan m\u00e1s hacia \u00e1reas de bienestar. Ello se traduce en una reducci\u00f3n de las inequidades existentes entre las personas que residen en hogares con PMS y aquellas que residen en hogares sin PMS.<\/p>","protected":false},"excerpt":{"rendered":"<p>Probabilidad de tener buena o muy Buena salud autopercibida (poblaci\u00f3n de \u226550 a\u00f1os) &nbsp; NOTA METODOL\u00d3GICA Usando las distintas olas de la Encuesta de Condiciones de Vida en Espa\u00f1a (2004-2017) se procedi\u00f3 a analizar la influencia de la orientaci\u00f3n del modelo de bienestar local sobre la salud auto percibida de la poblaci\u00f3n mayor de 50&hellip;&nbsp;<a href=\"https:\/\/www.upo.es\/cspl\/HealthyPlaces\/resultados\/5-bienestar-local-y-salud\/\" class=\"\" rel=\"bookmark\">Leer m\u00e1s &raquo;<span class=\"screen-reader-text\">5. Bienestar local y salud<\/span><\/a><\/p>\n","protected":false},"author":1,"featured_media":0,"parent":131,"menu_order":0,"comment_status":"closed","ping_status":"closed","template":"","meta":{"neve_meta_sidebar":"full-width","neve_meta_container":"","neve_meta_enable_content_width":"on","neve_meta_content_width":100,"neve_meta_title_alignment":"","neve_meta_author_avatar":"","neve_post_elements_order":"","neve_meta_disable_header":"","neve_meta_disable_footer":"","neve_meta_disable_title":""},"_links":{"self":[{"href":"https:\/\/www.upo.es\/cspl\/HealthyPlaces\/wp-json\/wp\/v2\/pages\/316"}],"collection":[{"href":"https:\/\/www.upo.es\/cspl\/HealthyPlaces\/wp-json\/wp\/v2\/pages"}],"about":[{"href":"https:\/\/www.upo.es\/cspl\/HealthyPlaces\/wp-json\/wp\/v2\/types\/page"}],"author":[{"embeddable":true,"href":"https:\/\/www.upo.es\/cspl\/HealthyPlaces\/wp-json\/wp\/v2\/users\/1"}],"replies":[{"embeddable":true,"href":"https:\/\/www.upo.es\/cspl\/HealthyPlaces\/wp-json\/wp\/v2\/comments?post=316"}],"version-history":[{"count":6,"href":"https:\/\/www.upo.es\/cspl\/HealthyPlaces\/wp-json\/wp\/v2\/pages\/316\/revisions"}],"predecessor-version":[{"id":354,"href":"https:\/\/www.upo.es\/cspl\/HealthyPlaces\/wp-json\/wp\/v2\/pages\/316\/revisions\/354"}],"up":[{"embeddable":true,"href":"https:\/\/www.upo.es\/cspl\/HealthyPlaces\/wp-json\/wp\/v2\/pages\/131"}],"wp:attachment":[{"href":"https:\/\/www.upo.es\/cspl\/HealthyPlaces\/wp-json\/wp\/v2\/media?parent=316"}],"curies":[{"name":"wp","href":"https:\/\/api.w.org\/{rel}","templated":true}]}}