{"id":40,"date":"2020-11-11T19:31:44","date_gmt":"2020-11-11T19:31:44","guid":{"rendered":"https:\/\/www.upo.es\/cspl\/HealthyPlaces\/?page_id=40"},"modified":"2022-01-18T19:08:11","modified_gmt":"2022-01-18T19:08:11","slug":"mapas","status":"publish","type":"page","link":"https:\/\/www.upo.es\/cspl\/HealthyPlaces\/mapas\/","title":{"rendered":"Mapas"},"content":{"rendered":"<p>Partiendo de una explotaci\u00f3n de las<a href=\"https:\/\/www.juntadeandalucia.es\/institutodeestadisticaycartografia\/longevidad\/index.htm\" target=\"_blank\" rel=\"noopener noreferrer\"> Estad\u00edsticas Longitudinales de Supervivencia y Longevidad en Andaluc\u00eda, 2002-2016<\/a> ofrecidas por el Instituto de Estad\u00edstica y Cartograf\u00eda de Andaluc\u00eda, se calcularon modelos de regresi\u00f3n de cuasi-Poisson para un grupo de causas de mortalidad prevenibles y para todas las causas. A partir de dichos modelos fue posible estimar los riesgos relativos de mortalidad ajustados por la edad para cada secci\u00f3n censal de Andaluc\u00eda. Los an\u00e1lisis se realizaron segregados por sexo debido a la posible existencia de patrones diferenciados para hombres y mujeres.<\/p>\n<p>La medida utilizada para estimar los riesgos relativos fue el Hazard Ratio (HR) y sus intervalos de confianza al 95% (IC 95%) que se interpreta como sigue:<\/p>\n<ul>\n<li><strong>HR e IC 95% &gt;1<\/strong>, indica que en la secci\u00f3n censal X<sub>i <\/sub>se da un riesgo de mortalidad significativamente mayor que en el conjunto de Andaluc\u00eda.<\/li>\n<li><strong>HR e IC 95%&lt;1<\/strong>, indica que en la secci\u00f3n censal X<sub>i <\/sub>se da un riesgo de mortalidad significativamente menor que en el conjunto de Andaluc\u00eda.<\/li>\n<li><strong>HR e IC 95%=1<\/strong>, indicar\u00eda que en la secci\u00f3n censal X<sub>i <\/sub>no existe un riesgo de mortalidad significativamente diferente al del conjunto de Andaluc\u00eda.<\/li>\n<\/ul>\n<p>Partiendo de las estimaciones anteriores, se procedi\u00f3 a representar gr\u00e1ficamente los mapas de riesgos a nivel de secci\u00f3n censal. En estos mapas se representan en distintos colores los niveles de riesgo de cada secci\u00f3n censal en comparaci\u00f3n con el conjunto de Andaluc\u00eda:<\/p>\n<ul class=\"leyenda\">\n<li><i class=\"fas fa-square\" style=\"color: #99cf95; font-size: 1.7em;\"><\/i> Secciones censales que tienen un riesgo significativamente bajo.<\/li>\n<li><i class=\"fas fa-square\" style=\"color: #d8efc4; font-size: 1.7em;\"><\/i> Secciones censales que presentan un riesgo significativamente medio-bajo.<\/li>\n<li><i class=\"fas fa-square\" style=\"color: #fdcccc; font-size: 1.7em;\"><\/i> Secciones censales que presentan riesgos significativamente medios-altos.<\/li>\n<li><i class=\"fas fa-square\" style=\"color: #f18c8d; font-size: 1.7em;\"><\/i> Secciones censales que tienen un riesgo significativamente alto.<\/li>\n<li><i class=\"fas fa-square\" style=\"color: #fff; font-size: 1.7em; border: 1px solid #bbb;\"><\/i> Secciones censales que no muestran diferencias estad\u00edsticamente significativas comparadas con el conjunto de Andaluc\u00eda.<\/li>\n<\/ul>\n<p>Enlaces a los visores web de los mapas:<\/p>\n<div class=\"row pt-cv-wrapper\">\n<div class=\"col-md-3 pt-cv-content-item pt-cv-1-col\">\n<div class=\"pt-cv-ifield\">\n<h4 class=\"pt-cv-title\">MAPA PREVENIBLES HOMBRES \u2265 50 a\u00f1os<\/h4>\n<div class=\"pt-cv-content\"><img loading=\"lazy\" class=\"alignnone size-medium wp-image-159\" src=\"https:\/\/www.upo.es\/cspl\/HealthyPlaces\/wp-content\/uploads\/2021\/12\/mapa-prevenibles-hombre-50-300x300.jpg\" alt=\"\" width=\"300\" height=\"300\" srcset=\"https:\/\/www.upo.es\/cspl\/HealthyPlaces\/wp-content\/uploads\/2021\/12\/mapa-prevenibles-hombre-50-300x300.jpg 300w, https:\/\/www.upo.es\/cspl\/HealthyPlaces\/wp-content\/uploads\/2021\/12\/mapa-prevenibles-hombre-50-150x150.jpg 150w, https:\/\/www.upo.es\/cspl\/HealthyPlaces\/wp-content\/uploads\/2021\/12\/mapa-prevenibles-hombre-50.jpg 600w\" sizes=\"(max-width: 300px) 100vw, 300px\" \/><br \/>\n<a class=\"_self pt-cv-readmore btn btn-success\" href=\"https:\/\/qgiscloud.com\/prevenibleshombres\/MAPA_PREVENIBLES_HOMBRES_50_\/\" target=\"_blank\" rel=\"noopener noreferrer\">Acceder al mapa<\/a><\/div>\n<\/div>\n<\/div>\n<div class=\"col-md-3 pt-cv-content-item pt-cv-1-col\">\n<div class=\"pt-cv-ifield\">\n<h4 class=\"pt-cv-title\">MAPA PREVENIBLES MUJERES \u2265 50 a\u00f1os<\/h4>\n<div class=\"pt-cv-content\"><img loading=\"lazy\" class=\"alignnone size-medium wp-image-159\" src=\"https:\/\/www.upo.es\/cspl\/HealthyPlaces\/wp-content\/uploads\/2021\/12\/mapa-prevenibles-mujeres-50-300x300.jpg\" alt=\"\" width=\"300\" height=\"300\" \/><br \/>\n<a class=\"_self pt-cv-readmore btn btn-success\" href=\"https:\/\/qgiscloud.com\/preveniblesmujeres\/MAPA_PREVENIBLES_MUJERES_50_\/\" target=\"_blank\" rel=\"noopener noreferrer\">Acceder al mapa<\/a><\/div>\n<\/div>\n<\/div>\n<div class=\"col-md-3 pt-cv-content-item pt-cv-1-col\">\n<div class=\"pt-cv-ifield\">\n<h4 class=\"pt-cv-title\">MAPA TODAS LAS CAUSAS HOMBRES \u2265 50 a\u00f1os<\/h4>\n<div class=\"pt-cv-content\"><img loading=\"lazy\" class=\"alignnone size-medium wp-image-159\" src=\"https:\/\/www.upo.es\/cspl\/HealthyPlaces\/wp-content\/uploads\/2021\/12\/mapa-todas-causas-hombre-50-300x300.jpg\" alt=\"\" width=\"300\" height=\"300\" \/><br \/>\n<a class=\"_self pt-cv-readmore btn btn-success\" href=\"https:\/\/qgiscloud.com\/todashombres\/MAPA_TODAS_CAUSAS_HOMBRES_50_\/\" target=\"_blank\" rel=\"noopener noreferrer\">Acceder al mapa<\/a><\/div>\n<\/div>\n<\/div>\n<div class=\"col-md-3 pt-cv-content-item pt-cv-1-col\">\n<div class=\"pt-cv-ifield\">\n<h4 class=\"pt-cv-title\">MAPA TODAS LAS CAUSAS MUJERES \u2265 50 a\u00f1os<\/h4>\n<div class=\"pt-cv-content\"><img loading=\"lazy\" class=\"alignnone size-medium wp-image-159\" src=\"https:\/\/www.upo.es\/cspl\/HealthyPlaces\/wp-content\/uploads\/2021\/12\/mapa-todas-causas-mujeres-50-300x300.jpg\" alt=\"\" width=\"300\" height=\"300\" \/><br \/>\n<a class=\"_self pt-cv-readmore btn btn-success\" href=\"https:\/\/qgiscloud.com\/todasmujeres\/MAPA_TODAS_LAS_CAUSAS_MUJERES_50_\/\" target=\"_blank\" rel=\"noopener noreferrer\">Acceder al mapa<\/a><\/div>\n<\/div>\n<\/div>\n<p>&nbsp;<\/p>\n<\/div>\n<p><!--ROW--><\/p>","protected":false},"excerpt":{"rendered":"<p>Partiendo de una explotaci\u00f3n de las Estad\u00edsticas Longitudinales de Supervivencia y Longevidad en Andaluc\u00eda, 2002-2016 ofrecidas por el Instituto de Estad\u00edstica y Cartograf\u00eda de Andaluc\u00eda, se calcularon modelos de regresi\u00f3n de cuasi-Poisson para un grupo de causas de mortalidad prevenibles y para todas las causas. A partir de dichos modelos fue posible estimar los riesgos&hellip;&nbsp;<a href=\"https:\/\/www.upo.es\/cspl\/HealthyPlaces\/mapas\/\" class=\"\" rel=\"bookmark\">Leer m\u00e1s &raquo;<span class=\"screen-reader-text\">Mapas<\/span><\/a><\/p>\n","protected":false},"author":1,"featured_media":0,"parent":0,"menu_order":0,"comment_status":"closed","ping_status":"closed","template":"","meta":{"neve_meta_sidebar":"full-width","neve_meta_container":"","neve_meta_enable_content_width":"on","neve_meta_content_width":100,"neve_meta_title_alignment":"","neve_meta_author_avatar":"","neve_post_elements_order":"","neve_meta_disable_header":"","neve_meta_disable_footer":"","neve_meta_disable_title":""},"_links":{"self":[{"href":"https:\/\/www.upo.es\/cspl\/HealthyPlaces\/wp-json\/wp\/v2\/pages\/40"}],"collection":[{"href":"https:\/\/www.upo.es\/cspl\/HealthyPlaces\/wp-json\/wp\/v2\/pages"}],"about":[{"href":"https:\/\/www.upo.es\/cspl\/HealthyPlaces\/wp-json\/wp\/v2\/types\/page"}],"author":[{"embeddable":true,"href":"https:\/\/www.upo.es\/cspl\/HealthyPlaces\/wp-json\/wp\/v2\/users\/1"}],"replies":[{"embeddable":true,"href":"https:\/\/www.upo.es\/cspl\/HealthyPlaces\/wp-json\/wp\/v2\/comments?post=40"}],"version-history":[{"count":20,"href":"https:\/\/www.upo.es\/cspl\/HealthyPlaces\/wp-json\/wp\/v2\/pages\/40\/revisions"}],"predecessor-version":[{"id":381,"href":"https:\/\/www.upo.es\/cspl\/HealthyPlaces\/wp-json\/wp\/v2\/pages\/40\/revisions\/381"}],"wp:attachment":[{"href":"https:\/\/www.upo.es\/cspl\/HealthyPlaces\/wp-json\/wp\/v2\/media?parent=40"}],"curies":[{"name":"wp","href":"https:\/\/api.w.org\/{rel}","templated":true}]}}