{"id":3112,"date":"2024-06-23T11:53:55","date_gmt":"2024-06-23T09:53:55","guid":{"rendered":"https:\/\/www.upo.es\/cspl\/?page_id=3112"},"modified":"2024-06-29T12:14:22","modified_gmt":"2024-06-29T10:14:22","slug":"cspl-y-ods","status":"publish","type":"page","link":"https:\/\/www.upo.es\/cspl\/cspl-y-ods\/","title":{"rendered":"CSPL y ODS"},"content":{"rendered":"\t\t<div data-elementor-type=\"wp-page\" data-elementor-id=\"3112\" class=\"elementor elementor-3112\">\n\t\t\t\t<div class=\"elementor-element elementor-element-7dc0f6c9 e-con-full e-flex e-con e-parent\" data-id=\"7dc0f6c9\" data-element_type=\"container\" data-settings=\"{&quot;background_background&quot;:&quot;gradient&quot;}\">\n\t\t<div class=\"elementor-element elementor-element-27a366c6 e-con-full e-flex e-con e-child\" data-id=\"27a366c6\" data-element_type=\"container\">\n\t\t\t\t<div class=\"elementor-element elementor-element-79b0ccf2 elementor-widget elementor-widget-image\" data-id=\"79b0ccf2\" data-element_type=\"widget\" data-widget_type=\"image.default\">\n\t\t\t\t<div class=\"elementor-widget-container\">\n\t\t\t<style>\/*! elementor - v3.21.0 - 26-05-2024 *\/\n.elementor-widget-image{text-align:center}.elementor-widget-image a{display:inline-block}.elementor-widget-image a img[src$=\".svg\"]{width:48px}.elementor-widget-image img{vertical-align:middle;display:inline-block}<\/style>\t\t\t\t\t\t\t\t\t\t<img decoding=\"async\" width=\"210\" height=\"78\" src=\"https:\/\/www.upo.es\/cspl\/wp-content\/uploads\/2024\/06\/Logo_UPO-CSPL_blanco.png\" class=\"attachment-large size-large wp-image-1861\" alt=\"\" srcset=\"https:\/\/www.upo.es\/cspl\/wp-content\/uploads\/2024\/06\/Logo_UPO-CSPL_blanco.png 210w, https:\/\/www.upo.es\/cspl\/wp-content\/uploads\/2024\/06\/Logo_UPO-CSPL_blanco-200x74.png 200w\" sizes=\"(max-width: 210px) 100vw, 210px\" \/>\t\t\t\t\t\t\t\t\t\t\t\t\t<\/div>\n\t\t\t\t<\/div>\n\t\t\t\t<\/div>\n\t\t<div class=\"elementor-element elementor-element-2f295378 e-con-full e-flex e-con e-child\" data-id=\"2f295378\" data-element_type=\"container\" data-settings=\"{&quot;background_background&quot;:&quot;classic&quot;}\">\n\t\t\t\t<div class=\"elementor-element elementor-element-2b69e82f eael_simple_menu_hamburger_disable_selected_menu_no eael-simple-menu-hamburger-align-right eael-hamburger--tablet elementor-widget elementor-widget-eael-simple-menu\" data-id=\"2b69e82f\" data-element_type=\"widget\" data-widget_type=\"eael-simple-menu.default\">\n\t\t\t\t<div class=\"elementor-widget-container\">\n\t\t\t<style>\n                        @media screen and (max-width: 1024px) {\n                            .eael-hamburger--tablet {\n                                .eael-simple-menu-horizontal,\n                                .eael-simple-menu-vertical {\n                                    display: none;\n                                }\n                            }\n                            .eael-hamburger--tablet {\n                                .eael-simple-menu-container .eael-simple-menu-toggle {\n                                    display: block;\n                                }\n                            }\n                        }\n                    <\/style>            <div data-hamburger-icon=\"&lt;svg aria-hidden=&quot;true&quot; class=&quot;e-font-icon-svg e-fas-bars&quot; viewBox=&quot;0 0 448 512&quot; xmlns=&quot;http:\/\/www.w3.org\/2000\/svg&quot;&gt;&lt;path d=&quot;M16 132h416c8.837 0 16-7.163 16-16V76c0-8.837-7.163-16-16-16H16C7.163 60 0 67.163 0 76v40c0 8.837 7.163 16 16 16zm0 160h416c8.837 0 16-7.163 16-16v-40c0-8.837-7.163-16-16-16H16c-8.837 0-16 7.163-16 16v40c0 8.837 7.163 16 16 16zm0 160h416c8.837 0 16-7.163 16-16v-40c0-8.837-7.163-16-16-16H16c-8.837 0-16 7.163-16 16v40c0 8.837 7.163 16 16 16z&quot;&gt;&lt;\/path&gt;&lt;\/svg&gt;\" data-indicator-icon=\"&lt;svg aria-hidden=&quot;true&quot; class=&quot;e-font-icon-svg e-fas-angle-down&quot; viewBox=&quot;0 0 320 512&quot; xmlns=&quot;http:\/\/www.w3.org\/2000\/svg&quot;&gt;&lt;path d=&quot;M143 352.3L7 216.3c-9.4-9.4-9.4-24.6 0-33.9l22.6-22.6c9.4-9.4 24.6-9.4 33.9 0l96.4 96.4 96.4-96.4c9.4-9.4 24.6-9.4 33.9 0l22.6 22.6c9.4 9.4 9.4 24.6 0 33.9l-136 136c-9.2 9.4-24.4 9.4-33.8 0z&quot;&gt;&lt;\/path&gt;&lt;\/svg&gt;\" data-dropdown-indicator-icon=\"&lt;svg class=&quot;e-font-icon-svg e-fas-angle-down&quot; viewBox=&quot;0 0 320 512&quot; xmlns=&quot;http:\/\/www.w3.org\/2000\/svg&quot;&gt;&lt;path d=&quot;M143 352.3L7 216.3c-9.4-9.4-9.4-24.6 0-33.9l22.6-22.6c9.4-9.4 24.6-9.4 33.9 0l96.4 96.4 96.4-96.4c9.4-9.4 24.6-9.4 33.9 0l22.6 22.6c9.4 9.4 9.4 24.6 0 33.9l-136 136c-9.2 9.4-24.4 9.4-33.8 0z&quot;&gt;&lt;\/path&gt;&lt;\/svg&gt;\" class=\"eael-simple-menu-container eael-simple-menu-align-left eael-simple-menu--stretch eael-simple-menu-dropdown-align-left preset-1\" data-hamburger-breakpoints=\"{&quot;mobile&quot;:&quot;M\\u00f3vil vertical (&gt; 767px)&quot;,&quot;tablet&quot;:&quot;Tableta vertical (&gt; 1024px)&quot;,&quot;desktop&quot;:&quot;Escritorio (&gt; 2400px)&quot;,&quot;none&quot;:&quot;Ninguno&quot;}\" data-hamburger-device=\"tablet\">\n                <ul id=\"menu-nuevo-menu-cabecera\" class=\"eael-simple-menu eael-simple-menu-dropdown-animate-to-top eael-simple-menu-indicator eael-simple-menu-horizontal\"><li class=\"home-icon\"><a href=\"https:\/\/www.upo.es\/cspl\/\" title=\"Home\"><i class=\"fa fa-home\"><\/i><\/a><\/li><li id=\"menu-item-2099\" class=\"menu-item menu-item-type-post_type menu-item-object-page menu-item-home menu-item-2099\"><a href=\"https:\/\/www.upo.es\/cspl\/\">Home<\/a><\/li>\n<li id=\"menu-item-2098\" class=\"menu-item menu-item-type-post_type menu-item-object-page menu-item-2098\"><a href=\"https:\/\/www.upo.es\/cspl\/sobre-nosotros\/\">Sobre Nosotros<\/a><\/li>\n<li id=\"menu-item-2095\" class=\"menu-item menu-item-type-post_type menu-item-object-page menu-item-2095\"><a href=\"https:\/\/www.upo.es\/cspl\/publicaciones\/\">Publicaciones<\/a><\/li>\n<li id=\"menu-item-2317\" class=\"menu-item menu-item-type-post_type menu-item-object-page menu-item-2317\"><a href=\"https:\/\/www.upo.es\/cspl\/proyectos-2\/\">Proyectos<\/a><\/li>\n<li id=\"menu-item-3248\" class=\"menu-item menu-item-type-post_type menu-item-object-page menu-item-3248\"><a href=\"https:\/\/www.upo.es\/cspl\/investiga-en-el-cspl\/\">Investiga en el CSPL<\/a><\/li>\n<li id=\"menu-item-3249\" class=\"menu-item menu-item-type-post_type menu-item-object-page menu-item-3249\"><a href=\"https:\/\/www.upo.es\/cspl\/cspl-y-ods\/\">CSPL y ODS<\/a><\/li>\n<li id=\"menu-item-2097\" class=\"menu-item menu-item-type-post_type menu-item-object-page menu-item-2097\"><a href=\"https:\/\/www.upo.es\/cspl\/equipo-es\/\">Equipo<\/a><\/li>\n<li id=\"menu-item-2096\" class=\"menu-item menu-item-type-post_type menu-item-object-page menu-item-2096\"><a href=\"https:\/\/www.upo.es\/cspl\/contacto\/\">Contacto<\/a><\/li>\n<li id=\"menu-item-3772\" class=\"menu-item menu-item-type-custom menu-item-object-custom menu-item-3772\"><a href=\"#pll_switcher\">Idiomas<\/a><\/li>\n<\/ul>                <button class=\"eael-simple-menu-toggle\">\n                    <span class=\"sr-only \">Men\u00fa conmutador hamburguesa<\/span>\n                    <svg aria-hidden=\"true\" class=\"e-font-icon-svg e-fas-bars\" viewBox=\"0 0 448 512\" xmlns=\"http:\/\/www.w3.org\/2000\/svg\"><path d=\"M16 132h416c8.837 0 16-7.163 16-16V76c0-8.837-7.163-16-16-16H16C7.163 60 0 67.163 0 76v40c0 8.837 7.163 16 16 16zm0 160h416c8.837 0 16-7.163 16-16v-40c0-8.837-7.163-16-16-16H16c-8.837 0-16 7.163-16 16v40c0 8.837 7.163 16 16 16zm0 160h416c8.837 0 16-7.163 16-16v-40c0-8.837-7.163-16-16-16H16c-8.837 0-16 7.163-16 16v40c0 8.837 7.163 16 16 16z\"><\/path><\/svg>                <\/button>\n            <\/div>\n            \t\t<\/div>\n\t\t\t\t<\/div>\n\t\t\t\t<\/div>\n\t\t\t\t<\/div>\n\t\t<div class=\"elementor-element elementor-element-940338b e-con-full e-flex e-con e-parent\" data-id=\"940338b\" data-element_type=\"container\" data-settings=\"{&quot;background_background&quot;:&quot;classic&quot;}\">\n\t\t\t\t<div class=\"elementor-element elementor-element-9c08c56 elementor-widget elementor-widget-heading\" data-id=\"9c08c56\" data-element_type=\"widget\" data-widget_type=\"heading.default\">\n\t\t\t\t<div class=\"elementor-widget-container\">\n\t\t\t<style>\/*! elementor - v3.21.0 - 26-05-2024 *\/\n.elementor-heading-title{padding:0;margin:0;line-height:1}.elementor-widget-heading .elementor-heading-title[class*=elementor-size-]>a{color:inherit;font-size:inherit;line-height:inherit}.elementor-widget-heading .elementor-heading-title.elementor-size-small{font-size:15px}.elementor-widget-heading .elementor-heading-title.elementor-size-medium{font-size:19px}.elementor-widget-heading .elementor-heading-title.elementor-size-large{font-size:29px}.elementor-widget-heading .elementor-heading-title.elementor-size-xl{font-size:39px}.elementor-widget-heading .elementor-heading-title.elementor-size-xxl{font-size:59px}<\/style><h1 class=\"elementor-heading-title elementor-size-default\">EL CSPL Y LOS ODS\n<\/h1>\t\t<\/div>\n\t\t\t\t<\/div>\n\t\t\t\t<\/div>\n\t\t<div class=\"elementor-element elementor-element-a5a6178 e-flex e-con-boxed e-con e-parent\" data-id=\"a5a6178\" data-element_type=\"container\" data-settings=\"{&quot;background_background&quot;:&quot;classic&quot;}\">\n\t\t\t\t\t<div class=\"e-con-inner\">\n\t\t\t\t<div class=\"elementor-element elementor-element-6304638 elementor-widget elementor-widget-heading\" data-id=\"6304638\" data-element_type=\"widget\" data-widget_type=\"heading.default\">\n\t\t\t\t<div class=\"elementor-widget-container\">\n\t\t\t<h1 class=\"elementor-heading-title elementor-size-default\">Nuestro trabajo con los Objetivos de Desarrollo Sostenible<\/h1>\t\t<\/div>\n\t\t\t\t<\/div>\n\t\t\t\t<div class=\"elementor-element elementor-element-a352277 elementor-widget elementor-widget-text-editor\" data-id=\"a352277\" data-element_type=\"widget\" data-widget_type=\"text-editor.default\">\n\t\t\t\t<div class=\"elementor-widget-container\">\n\t\t\t<style>\/*! elementor - v3.21.0 - 26-05-2024 *\/\n.elementor-widget-text-editor.elementor-drop-cap-view-stacked .elementor-drop-cap{background-color:#69727d;color:#fff}.elementor-widget-text-editor.elementor-drop-cap-view-framed .elementor-drop-cap{color:#69727d;border:3px solid;background-color:transparent}.elementor-widget-text-editor:not(.elementor-drop-cap-view-default) .elementor-drop-cap{margin-top:8px}.elementor-widget-text-editor:not(.elementor-drop-cap-view-default) .elementor-drop-cap-letter{width:1em;height:1em}.elementor-widget-text-editor .elementor-drop-cap{float:left;text-align:center;line-height:1;font-size:50px}.elementor-widget-text-editor .elementor-drop-cap-letter{display:inline-block}<\/style>\t\t\t\t<p class=\"p1\">Los Objetivos de Desarrollo Sostenible (ODS) suponen un llamado a la acci\u00f3n para promover la calidad de vida mediante diversas iniciativas promovidas por entidades p\u00fablicas, privadas y asociativas a diferentes escalas territoriales \u00bfQu\u00e9 relaci\u00f3n tiene la investigaci\u00f3n que hacemos Enel CSPL-The Urban Governance Lab con estos objetivos?<\/p><p class=\"p1\">Por t\u00e9rmino medio, nuestros trabajos se relacionan con 5 de los 17 ODS. El m\u00e1s recurrente es el relacionado con las alianzas porque solemos estudiar procesos de gobernanza, as\u00ed como el objetivo relacionado con las ciudades sostenibles o aquellos que tienen que ver como las desigualdades y el acceso a servicios. En el gr\u00e1fico siguiente mostramos el porcentaje de proyectos competitivos desarrollados que han abordado cada uno de los ODS.<span class=\"Apple-converted-space\">\u00a0<\/span><\/p>\t\t\t\t\t\t<\/div>\n\t\t\t\t<\/div>\n\t\t\t\t\t<\/div>\n\t\t\t\t<\/div>\n\t\t<div class=\"elementor-element elementor-element-7432e98 e-flex e-con-boxed e-con e-parent\" data-id=\"7432e98\" data-element_type=\"container\">\n\t\t\t\t\t<div class=\"e-con-inner\">\n\t\t\t\t<div class=\"elementor-element elementor-element-fb2450e elementor-widget elementor-widget-heading\" data-id=\"fb2450e\" data-element_type=\"widget\" data-widget_type=\"heading.default\">\n\t\t\t\t<div class=\"elementor-widget-container\">\n\t\t\t<h1 class=\"elementor-heading-title elementor-size-default\">\u00bfQu\u00e9 ODS hemos estudiado en el CSPL-The Urban Governance Lab?<\/h1>\t\t<\/div>\n\t\t\t\t<\/div>\n\t\t\t\t<div class=\"elementor-element elementor-element-0b79612 elementor-widget elementor-widget-heading\" data-id=\"0b79612\" data-element_type=\"widget\" data-widget_type=\"heading.default\">\n\t\t\t\t<div class=\"elementor-widget-container\">\n\t\t\t<h1 class=\"elementor-heading-title elementor-size-default\"><span style=\"font-weight: normal;\">Porcentaje sobre el total de proyectos competitivos: <\/span><\/h1>\t\t<\/div>\n\t\t\t\t<\/div>\n\t\t\t\t<div class=\"elementor-element elementor-element-6f89d63 elementor-widget elementor-widget-image\" data-id=\"6f89d63\" data-element_type=\"widget\" data-widget_type=\"image.default\">\n\t\t\t\t<div class=\"elementor-widget-container\">\n\t\t\t\t\t\t\t\t\t\t\t\t\t<img decoding=\"async\" src=\"https:\/\/www.upo.es\/cspl\/wp-content\/uploads\/elementor\/thumbs\/Captura-de-Pantalla-2024-06-24-a-las-18.27.13-Photoroom-e1719246489527-qq50ztmokfgbp9durugzzjxfy85j7lfag508x8mdfa.png\" title=\"Captura de Pantalla 2024-06-24 a las 18.27.13-Photoroom\" alt=\"Captura de Pantalla 2024-06-24 a las 18.27.13-Photoroom\" loading=\"lazy\" \/>\t\t\t\t\t\t\t\t\t\t\t\t\t<\/div>\n\t\t\t\t<\/div>\n\t\t\t\t\t<\/div>\n\t\t\t\t<\/div>\n\t\t<div class=\"elementor-element elementor-element-4aea177 e-flex e-con-boxed e-con e-parent\" data-id=\"4aea177\" data-element_type=\"container\">\n\t\t\t\t\t<div class=\"e-con-inner\">\n\t\t\t\t<div class=\"elementor-element elementor-element-3981881 elementor-widget elementor-widget-image\" data-id=\"3981881\" data-element_type=\"widget\" data-widget_type=\"image.default\">\n\t\t\t\t<div class=\"elementor-widget-container\">\n\t\t\t\t\t\t\t\t\t\t\t\t\t<img decoding=\"async\" src=\"https:\/\/www.upo.es\/cspl\/wp-content\/uploads\/2024\/06\/ODS17-Alianzas-para-Lograr-los-Objetivos-e1719246039694.png\" title=\"ODS17 Alianzas para Lograr los Objetivos\" alt=\"ODS17 Alianzas para Lograr los Objetivos\" loading=\"lazy\" \/>\t\t\t\t\t\t\t\t\t\t\t\t\t<\/div>\n\t\t\t\t<\/div>\n\t\t\t\t\t<\/div>\n\t\t\t\t<\/div>\n\t\t<div class=\"elementor-element elementor-element-5dbdd336 e-con-full e-flex e-con e-parent\" data-id=\"5dbdd336\" data-element_type=\"container\" data-settings=\"{&quot;background_background&quot;:&quot;classic&quot;}\">\n\t\t<div class=\"elementor-element elementor-element-30fa7920 e-con-full e-flex e-con e-child\" data-id=\"30fa7920\" data-element_type=\"container\">\n\t\t\t\t<div class=\"elementor-element elementor-element-3ecbc0a0 elementor-widget elementor-widget-image\" data-id=\"3ecbc0a0\" data-element_type=\"widget\" data-widget_type=\"image.default\">\n\t\t\t\t<div class=\"elementor-widget-container\">\n\t\t\t\t\t\t\t\t\t\t\t\t\t<img fetchpriority=\"high\" decoding=\"async\" width=\"493\" height=\"192\" src=\"https:\/\/www.upo.es\/cspl\/wp-content\/uploads\/2024\/06\/Logo_UPOCSPL_Footer.png\" class=\"attachment-full size-full wp-image-1840\" alt=\"\" srcset=\"https:\/\/www.upo.es\/cspl\/wp-content\/uploads\/2024\/06\/Logo_UPOCSPL_Footer.png 493w, https:\/\/www.upo.es\/cspl\/wp-content\/uploads\/2024\/06\/Logo_UPOCSPL_Footer-300x117.png 300w, https:\/\/www.upo.es\/cspl\/wp-content\/uploads\/2024\/06\/Logo_UPOCSPL_Footer-320x125.png 320w, https:\/\/www.upo.es\/cspl\/wp-content\/uploads\/2024\/06\/Logo_UPOCSPL_Footer-480x187.png 480w, https:\/\/www.upo.es\/cspl\/wp-content\/uploads\/2024\/06\/Logo_UPOCSPL_Footer-200x78.png 200w\" sizes=\"(max-width: 493px) 100vw, 493px\" \/>\t\t\t\t\t\t\t\t\t\t\t\t\t<\/div>\n\t\t\t\t<\/div>\n\t\t\t\t<\/div>\n\t\t<div class=\"elementor-element elementor-element-4251d629 e-con-full e-flex e-con e-child\" data-id=\"4251d629\" data-element_type=\"container\">\n\t\t\t\t<div class=\"elementor-element elementor-element-7ea4acc0 elementor-widget elementor-widget-text-editor\" data-id=\"7ea4acc0\" data-element_type=\"widget\" data-widget_type=\"text-editor.default\">\n\t\t\t\t<div class=\"elementor-widget-container\">\n\t\t\t\t\t\t\t<p>Universidad Pablo de Olavide <br \/>Edificio N\u00ba3 \u2013 Conde de Floridablanca, Ctra. de Utrera Km.1 \u2013 41013 Sevilla.<\/p>\t\t\t\t\t\t<\/div>\n\t\t\t\t<\/div>\n\t\t\t\t<\/div>\n\t\t<div class=\"elementor-element elementor-element-5a3ccac5 e-con-full e-flex e-con e-child\" data-id=\"5a3ccac5\" data-element_type=\"container\">\n\t\t\t\t<div class=\"elementor-element elementor-element-c60f8cd elementor-widget elementor-widget-image\" data-id=\"c60f8cd\" data-element_type=\"widget\" data-widget_type=\"image.default\">\n\t\t\t\t<div class=\"elementor-widget-container\">\n\t\t\t\t\t\t\t\t\t\t\t\t\t<img decoding=\"async\" width=\"406\" height=\"153\" src=\"https:\/\/www.upo.es\/cspl\/wp-content\/uploads\/2024\/06\/logo_UPO_Footer.png\" class=\"attachment-full size-full wp-image-1841\" alt=\"\" srcset=\"https:\/\/www.upo.es\/cspl\/wp-content\/uploads\/2024\/06\/logo_UPO_Footer.png 406w, https:\/\/www.upo.es\/cspl\/wp-content\/uploads\/2024\/06\/logo_UPO_Footer-300x113.png 300w, https:\/\/www.upo.es\/cspl\/wp-content\/uploads\/2024\/06\/logo_UPO_Footer-320x121.png 320w, https:\/\/www.upo.es\/cspl\/wp-content\/uploads\/2024\/06\/logo_UPO_Footer-200x75.png 200w\" sizes=\"(max-width: 406px) 100vw, 406px\" \/>\t\t\t\t\t\t\t\t\t\t\t\t\t<\/div>\n\t\t\t\t<\/div>\n\t\t\t\t<\/div>\n\t\t\t\t<\/div>\n\t\t\t\t<\/div>\n\t\t","protected":false},"excerpt":{"rendered":"<p>Home Sobre Nosotros Publicaciones Proyectos Investiga en el CSPL CSPL y ODS Equipo Contacto Men\u00fa conmutador Humberger EL CSPL Y LOS ODS Nuestro trabajo con los Objetivos de Desarrollo Sostenible Los Objetivos de Desarrollo Sostenible (ODS) suponen un llamado a la acci\u00f3n para promover la calidad de vida mediante diversas iniciativas promovidas por entidades p\u00fablicas, [&hellip;]<\/p>\n","protected":false},"author":8,"featured_media":0,"parent":0,"menu_order":0,"comment_status":"closed","ping_status":"closed","template":"elementor_canvas","meta":{"footnotes":""},"_links":{"self":[{"href":"https:\/\/www.upo.es\/cspl\/wp-json\/wp\/v2\/pages\/3112"}],"collection":[{"href":"https:\/\/www.upo.es\/cspl\/wp-json\/wp\/v2\/pages"}],"about":[{"href":"https:\/\/www.upo.es\/cspl\/wp-json\/wp\/v2\/types\/page"}],"author":[{"embeddable":true,"href":"https:\/\/www.upo.es\/cspl\/wp-json\/wp\/v2\/users\/8"}],"replies":[{"embeddable":true,"href":"https:\/\/www.upo.es\/cspl\/wp-json\/wp\/v2\/comments?post=3112"}],"version-history":[{"count":70,"href":"https:\/\/www.upo.es\/cspl\/wp-json\/wp\/v2\/pages\/3112\/revisions"}],"predecessor-version":[{"id":3701,"href":"https:\/\/www.upo.es\/cspl\/wp-json\/wp\/v2\/pages\/3112\/revisions\/3701"}],"wp:attachment":[{"href":"https:\/\/www.upo.es\/cspl\/wp-json\/wp\/v2\/media?parent=3112"}],"curies":[{"name":"wp","href":"https:\/\/api.w.org\/{rel}","templated":true}]}}