{"id":30869067,"date":"2021-10-29T17:09:38","date_gmt":"2021-10-29T15:09:38","guid":{"rendered":"https:\/\/www.upo.es\/diario\/?page_id=30869067"},"modified":"2023-09-15T10:32:07","modified_gmt":"2023-09-15T08:32:07","slug":"newsletter","status":"publish","type":"page","link":"https:\/\/www.upo.es\/diario\/newsletter\/","title":{"rendered":"Newsletter: Actualidad UPO"},"content":{"rendered":"  \n  \n  <div class=\"\n    mailpoet_form_popup_overlay\n      \"><\/div>\n  <div\n    id=\"mailpoet_form_5\"\n    class=\"\n      mailpoet_form\n      mailpoet_form_shortcode\n      mailpoet_form_position_\n      mailpoet_form_animation_\n    \"\n      >\n\n    <style type=\"text\/css\">\n     #mailpoet_form_5 .mailpoet_form {  }\n#mailpoet_form_5 .mailpoet_column_with_background { padding: 10px; }\n#mailpoet_form_5 .mailpoet_form_column:not(:first-child) { margin-left: 20px; }\n#mailpoet_form_5 .mailpoet_paragraph { line-height: 20px; margin-bottom: 20px; }\n#mailpoet_form_5 .mailpoet_segment_label, #mailpoet_form_5 .mailpoet_text_label, #mailpoet_form_5 .mailpoet_textarea_label, #mailpoet_form_5 .mailpoet_select_label, #mailpoet_form_5 .mailpoet_radio_label, #mailpoet_form_5 .mailpoet_checkbox_label, #mailpoet_form_5 .mailpoet_list_label, #mailpoet_form_5 .mailpoet_date_label { display: block; font-weight: normal; }\n#mailpoet_form_5 .mailpoet_text, #mailpoet_form_5 .mailpoet_textarea, #mailpoet_form_5 .mailpoet_select, #mailpoet_form_5 .mailpoet_date_month, #mailpoet_form_5 .mailpoet_date_day, #mailpoet_form_5 .mailpoet_date_year, #mailpoet_form_5 .mailpoet_date { display: block; }\n#mailpoet_form_5 .mailpoet_text, #mailpoet_form_5 .mailpoet_textarea { width: 200px; }\n#mailpoet_form_5 .mailpoet_checkbox {  }\n#mailpoet_form_5 .mailpoet_submit {  }\n#mailpoet_form_5 .mailpoet_divider {  }\n#mailpoet_form_5 .mailpoet_message {  }\n#mailpoet_form_5 .mailpoet_form_loading { width: 30px; text-align: center; line-height: normal; }\n#mailpoet_form_5 .mailpoet_form_loading > span { width: 5px; height: 5px; background-color: #5b5b5b; }#mailpoet_form_5{border-radius: 0px;background: #d8d8d8;text-align: left;}#mailpoet_form_5 form.mailpoet_form {padding: 20px;}#mailpoet_form_5{width: 100%;}#mailpoet_form_5 .mailpoet_message {margin: 0; padding: 0 20px;}#mailpoet_form_5 .mailpoet_paragraph.last {margin-bottom: 0} @media (max-width: 500px) {#mailpoet_form_5 {background: #d8d8d8;}} @media (min-width: 500px) {#mailpoet_form_5 .last .mailpoet_paragraph:last-child {margin-bottom: 0}}  @media (max-width: 500px) {#mailpoet_form_5 .mailpoet_form_column:last-child .mailpoet_paragraph:last-child {margin-bottom: 0}} \n    <\/style>\n\n    <form\n      target=\"_self\"\n      method=\"post\"\n      action=\"https:\/\/www.upo.es\/diario\/wp-admin\/admin-post.php?action=mailpoet_subscription_form\"\n      class=\"mailpoet_form mailpoet_form_form mailpoet_form_shortcode\"\n      novalidate\n      data-delay=\"\"\n      data-exit-intent-enabled=\"\"\n      data-font-family=\"\"\n      data-cookie-expiration-time=\"\"\n    >\n      <input type=\"hidden\" name=\"data[form_id]\" value=\"5\" \/>\n      <input type=\"hidden\" name=\"token\" value=\"f0744affbf\" \/>\n      <input type=\"hidden\" name=\"api_version\" value=\"v1\" \/>\n      <input type=\"hidden\" name=\"endpoint\" value=\"subscribers\" \/>\n      <input type=\"hidden\" name=\"mailpoet_method\" value=\"subscribe\" \/>\n\n      <label class=\"mailpoet_hp_email_label\" style=\"display: none !important;\">Por favor, deja este campo vac\u00edo<input type=\"email\" name=\"data[email]\"\/><\/label><div class=\"mailpoet_paragraph \"><input type=\"email\" autocomplete=\"email\" class=\"mailpoet_text\" id=\"form_email_5\" name=\"data[form_field_YmE3NDRjN2UwZmQyX2VtYWls]\" title=\"Direcci\u00f3n de correo electr\u00f3nico\" value=\"\" style=\"width:100%;box-sizing:border-box;padding:5px;margin: 0 auto 0 0;\" data-automation-id=\"form_email\"  placeholder=\"Direcci\u00f3n de correo electr\u00f3nico *\" aria-label=\"Direcci\u00f3n de correo electr\u00f3nico *\" data-parsley-errors-container=\".mailpoet_error_17xfq\" data-parsley-required=\"true\" required aria-required=\"true\" data-parsley-minlength=\"6\" data-parsley-maxlength=\"150\" data-parsley-type-message=\"Este valor debe ser un correo electr\u00f3nico v\u00e1lido.\" data-parsley-required-message=\"Este campo es obligatorio.\"\/><span class=\"mailpoet_error_17xfq\"><\/span><\/div>\n<div class=\"mailpoet_paragraph \"><input type=\"submit\" class=\"mailpoet_submit\" value=\"\u00a1Suscr\u00edbete!\" data-automation-id=\"subscribe-submit-button\" style=\"background-color:#003772;border-style:solid;border-radius:0px !important;border-width:1px;border-color:#313131;padding:5px;margin: 0 auto 0 0;color:#ffffff;\" \/><span class=\"mailpoet_form_loading\"><span class=\"mailpoet_bounce1\"><\/span><span class=\"mailpoet_bounce2\"><\/span><span class=\"mailpoet_bounce3\"><\/span><\/span><\/div>\n\n      <div class=\"mailpoet_message\">\n        <p class=\"mailpoet_validate_success\"\n                style=\"display:none;\"\n                >\u00a1Gracias! Por favor, revisa tu bandeja de entrada o la carpeta de spam para confirmar tu suscripci\u00f3n.\n        <\/p>\n        <p class=\"mailpoet_validate_error\"\n                style=\"display:none;\"\n                >        <\/p>\n      <\/div>\n    <\/form>\n\n      <\/div>\n\n  \n<p>&nbsp;<\/p>\n<p><img loading=\"lazy\" decoding=\"async\" class=\"alignright wp-image-30869070\" src=\"https:\/\/www.upo.es\/diario\/wp-content\/uploads\/2021\/10\/NewsletterUPO_twitter-360x203.png\" alt=\"Newsletter Actualidad UPO\" width=\"420\" height=\"236\" srcset=\"https:\/\/www.upo.es\/diario\/wp-content\/uploads\/2021\/10\/NewsletterUPO_twitter-360x203.png 360w, https:\/\/www.upo.es\/diario\/wp-content\/uploads\/2021\/10\/NewsletterUPO_twitter-750x422.png 750w, https:\/\/www.upo.es\/diario\/wp-content\/uploads\/2021\/10\/NewsletterUPO_twitter-768x432.png 768w, https:\/\/www.upo.es\/diario\/wp-content\/uploads\/2021\/10\/NewsletterUPO_twitter-600x338.png 600w, https:\/\/www.upo.es\/diario\/wp-content\/uploads\/2021\/10\/NewsletterUPO_twitter-1536x864.png 1536w, https:\/\/www.upo.es\/diario\/wp-content\/uploads\/2021\/10\/NewsletterUPO_twitter-1320x743.png 1320w, https:\/\/www.upo.es\/diario\/wp-content\/uploads\/2021\/10\/NewsletterUPO_twitter.png 1600w\" sizes=\"auto, (max-width: 420px) 100vw, 420px\" \/>Suscr\u00edbete a <strong><em>Actualidad<\/em> UPO<\/strong>, <strong>bolet\u00edn de noticias de la Universidad Pablo de Olavide<\/strong>, y recibir\u00e1s en tu correo semanalmente las principales novedades de la Universidad:<\/p>\n<ul>\n<li style=\"list-style-type: none;\">\n<ul>\n<li><span style=\"line-height: 13px;\" data-mce-mark=\"1\">Env\u00eda tu correo electr\u00f3nico y revisa tu bandeja de entrada para confirmar tu suscripci\u00f3n<\/span><\/li>\n<li>Cuando quieras puedes dejar de recibirlo<\/li>\n<li><a href=\"https:\/\/www.upo.es\/diario\/?mailpoet_router&amp;endpoint=view_in_browser&amp;action=view&amp;data=WzIwOSwiNmMzYjBjMDBhMWEzIiwyMTQsIjEzMjBzNGJ4Znh2a3cwYzBnZzQwa29jODB3Y2cwYzRvIiwyMDcsMF0\" target=\"_blank\" rel=\"noopener\">Ejemplo de Bolet\u00edn Actualidad UPO<\/a><\/li>\n<\/ul>\n<\/li>\n<\/ul>\n<p><strong>*Informaci\u00f3n b\u00e1sica sobre protecci\u00f3n de Datos Personales<\/strong><\/p>\n<div class=\"lopd\">\n<p>Conforme a la normativa vigente en materia de protecci\u00f3n de datos personales, los facilitados en este formulario ser\u00e1n tratados por la Universidad Pablo de Olavide e incorporados en el sistema de tratamiento \u201cSugerencias, reclamaciones y suscripciones\u201d, con la finalidad de registrar, canalizar y tramitar las incidencias, consultas o solicitudes ordinarias que le dirijan.<\/p>\n<p>Esta finalidad se basa principalmente en las competencias de inter\u00e9s p\u00fablico atribuidas a la Universidad (art. 6.1.e) Reglamento General de Protecci\u00f3n de Datos.<\/p>\n<p>Los datos de car\u00e1cter personal se mantendr\u00e1n durante el tiempo necesario para cumplir con la finalidad para la que se ha recabado y para determinar las posibles responsabilidades que se pudieran derivar de dicha finalidad y del tratamiento de los datos. Ser\u00e1 de aplicaci\u00f3n la normativa de archivos y patrimonio documental espa\u00f1ol.<\/p>\n<p>Puede ejercitar sus derechos de acceso, rectificaci\u00f3n, supresi\u00f3n y portabilidad de los datos, de limitaci\u00f3n y oposici\u00f3n a su tratamiento, as\u00ed como a no ser objeto de decisiones basadas \u00fanicamente en el tratamiento automatizado de sus datos, cuando procedan.<\/p>\n<p>Dispone de INFORMACI\u00d3N ADICIONAL sobre el ejercicio de estos y otros derechos, en relaci\u00f3n con sus datos personales, en la siguiente direcci\u00f3n:<br \/>\n<a href=\"https:\/\/www.upo.es\/rectorado\/secretaria-general\/proteccion-de-datos\/\">www.upo.es\/rectorado\/secretaria-general\/proteccion-de-datos\/<\/a><\/p>\n<\/div>\n","protected":false},"excerpt":{"rendered":"<p>&nbsp; Suscr\u00edbete a Actualidad UPO, bolet\u00edn de noticias de la Universidad Pablo de Olavide, y recibir\u00e1s en tu correo semanalmente las principales novedades de la Universidad: Env\u00eda tu correo electr\u00f3nico y revisa tu bandeja de entrada para confirmar tu suscripci\u00f3n Cuando quieras puedes dejar de recibirlo Ejemplo de Bolet\u00edn Actualidad UPO *Informaci\u00f3n b\u00e1sica sobre protecci\u00f3n de Datos Personales Conforme a<a class=\"read-more\" href=\"https:\/\/www.upo.es\/diario\/newsletter\/\">[Read More&#8230;]<\/a><\/p>\n","protected":false},"author":6,"featured_media":0,"parent":0,"menu_order":0,"comment_status":"closed","ping_status":"closed","template":"","meta":{"_monsterinsights_skip_tracking":false,"_monsterinsights_sitenote_active":false,"_monsterinsights_sitenote_note":"","_monsterinsights_sitenote_category":0,"footnotes":""},"class_list":["post-30869067","page","type-page","status-publish","hentry"],"_links":{"self":[{"href":"https:\/\/www.upo.es\/diario\/wp-json\/wp\/v2\/pages\/30869067","targetHints":{"allow":["GET"]}}],"collection":[{"href":"https:\/\/www.upo.es\/diario\/wp-json\/wp\/v2\/pages"}],"about":[{"href":"https:\/\/www.upo.es\/diario\/wp-json\/wp\/v2\/types\/page"}],"author":[{"embeddable":true,"href":"https:\/\/www.upo.es\/diario\/wp-json\/wp\/v2\/users\/6"}],"replies":[{"embeddable":true,"href":"https:\/\/www.upo.es\/diario\/wp-json\/wp\/v2\/comments?post=30869067"}],"version-history":[{"count":18,"href":"https:\/\/www.upo.es\/diario\/wp-json\/wp\/v2\/pages\/30869067\/revisions"}],"predecessor-version":[{"id":30879592,"href":"https:\/\/www.upo.es\/diario\/wp-json\/wp\/v2\/pages\/30869067\/revisions\/30879592"}],"wp:attachment":[{"href":"https:\/\/www.upo.es\/diario\/wp-json\/wp\/v2\/media?parent=30869067"}],"curies":[{"name":"wp","href":"https:\/\/api.w.org\/{rel}","templated":true}]}}