{"id":3753,"date":"2020-12-02T12:16:39","date_gmt":"2020-12-02T11:16:39","guid":{"rendered":"https:\/\/www.upo.es\/facultad-ciencias-sociales\/es\/fcslab\/formacion-2\/"},"modified":"2024-11-12T09:28:26","modified_gmt":"2024-11-12T08:28:26","slug":"reservas","status":"publish","type":"page","link":"https:\/\/www.upo.es\/facultad-ciencias-sociales\/es\/fcslab\/reservas\/","title":{"rendered":"Reservas y otros servicios"},"content":{"rendered":"\t\t<div data-elementor-type=\"wp-page\" data-elementor-id=\"3753\" class=\"elementor elementor-3753\">\n\t\t\t\t\t\t<section class=\"elementor-section elementor-top-section elementor-element elementor-element-441e3f9 elementor-section-height-min-height elementor-section-stretched elementor-section-boxed elementor-section-height-default elementor-section-items-middle\" data-id=\"441e3f9\" data-element_type=\"section\" data-settings=\"{&quot;background_background&quot;:&quot;slideshow&quot;,&quot;background_slideshow_gallery&quot;:[{&quot;id&quot;:390,&quot;url&quot;:&quot;https:\\\/\\\/www.upo.es\\\/facultad-ciencias-sociales\\\/es\\\/fcslab\\\/wp-content\\\/uploads\\\/FCSLab-Sala-ordenadores.jpg&quot;},{&quot;id&quot;:391,&quot;url&quot;:&quot;https:\\\/\\\/www.upo.es\\\/facultad-ciencias-sociales\\\/es\\\/fcslab\\\/wp-content\\\/uploads\\\/FCSLab-Sala.jpg&quot;},{&quot;id&quot;:396,&quot;url&quot;:&quot;https:\\\/\\\/www.upo.es\\\/facultad-ciencias-sociales\\\/es\\\/fcslab\\\/wp-content\\\/uploads\\\/Universidad-Pablo-de-Olavide.jpg&quot;},{&quot;id&quot;:395,&quot;url&quot;:&quot;https:\\\/\\\/www.upo.es\\\/facultad-ciencias-sociales\\\/es\\\/fcslab\\\/wp-content\\\/uploads\\\/Campus-Universidad-Pablo-de-Olavide.jpg&quot;}],&quot;shape_divider_bottom&quot;:&quot;mountains&quot;,&quot;stretch_section&quot;:&quot;section-stretched&quot;,&quot;background_slideshow_loop&quot;:&quot;yes&quot;,&quot;background_slideshow_slide_duration&quot;:5000,&quot;background_slideshow_slide_transition&quot;:&quot;fade&quot;,&quot;background_slideshow_transition_duration&quot;:500}\">\n\t\t\t\t\t\t\t<div class=\"elementor-background-overlay\"><\/div>\n\t\t\t\t\t\t<div class=\"elementor-shape elementor-shape-bottom\" aria-hidden=\"true\" data-negative=\"false\">\n\t\t\t<svg xmlns=\"http:\/\/www.w3.org\/2000\/svg\" viewBox=\"0 0 1000 100\" preserveAspectRatio=\"none\">\n\t<path class=\"elementor-shape-fill\" opacity=\"0.33\" d=\"M473,67.3c-203.9,88.3-263.1-34-320.3,0C66,119.1,0,59.7,0,59.7V0h1000v59.7 c0,0-62.1,26.1-94.9,29.3c-32.8,3.3-62.8-12.3-75.8-22.1C806,49.6,745.3,8.7,694.9,4.7S492.4,59,473,67.3z\"\/>\n\t<path class=\"elementor-shape-fill\" opacity=\"0.66\" d=\"M734,67.3c-45.5,0-77.2-23.2-129.1-39.1c-28.6-8.7-150.3-10.1-254,39.1 s-91.7-34.4-149.2,0C115.7,118.3,0,39.8,0,39.8V0h1000v36.5c0,0-28.2-18.5-92.1-18.5C810.2,18.1,775.7,67.3,734,67.3z\"\/>\n\t<path class=\"elementor-shape-fill\" d=\"M766.1,28.9c-200-57.5-266,65.5-395.1,19.5C242,1.8,242,5.4,184.8,20.6C128,35.8,132.3,44.9,89.9,52.5C28.6,63.7,0,0,0,0 h1000c0,0-9.9,40.9-83.6,48.1S829.6,47,766.1,28.9z\"\/>\n<\/svg>\t\t<\/div>\n\t\t\t\t\t<div class=\"elementor-container elementor-column-gap-default\">\n\t\t\t\t\t<div class=\"elementor-column elementor-col-100 elementor-top-column elementor-element elementor-element-0633b58\" data-id=\"0633b58\" data-element_type=\"column\">\n\t\t\t<div class=\"elementor-widget-wrap elementor-element-populated\">\n\t\t\t\t\t\t<div class=\"elementor-element elementor-element-76662ec elementor-widget elementor-widget-heading\" data-id=\"76662ec\" data-element_type=\"widget\" data-widget_type=\"heading.default\">\n\t\t\t\t<div class=\"elementor-widget-container\">\n\t\t\t\t\t<h2 class=\"elementor-heading-title elementor-size-default\">Reservas y otros servicios<\/h2>\t\t\t\t<\/div>\n\t\t\t\t<\/div>\n\t\t\t\t\t<\/div>\n\t\t<\/div>\n\t\t\t\t\t<\/div>\n\t\t<\/section>\n\t\t\t\t<section class=\"elementor-section elementor-top-section elementor-element elementor-element-98fcc19 elementor-section-boxed elementor-section-height-default elementor-section-height-default\" data-id=\"98fcc19\" data-element_type=\"section\" data-settings=\"{&quot;background_background&quot;:&quot;classic&quot;}\">\n\t\t\t\t\t\t<div class=\"elementor-container elementor-column-gap-default\">\n\t\t\t\t\t<div class=\"elementor-column elementor-col-100 elementor-top-column elementor-element elementor-element-ba1ba32\" data-id=\"ba1ba32\" data-element_type=\"column\">\n\t\t\t<div class=\"elementor-widget-wrap elementor-element-populated\">\n\t\t\t\t\t\t<div class=\"elementor-element elementor-element-421c145 elementor-widget elementor-widget-heading\" data-id=\"421c145\" data-element_type=\"widget\" data-widget_type=\"heading.default\">\n\t\t\t\t<div class=\"elementor-widget-container\">\n\t\t\t\t\t<h2 class=\"elementor-heading-title elementor-size-default\">Accede a nuestra web de reservas<\/h2>\t\t\t\t<\/div>\n\t\t\t\t<\/div>\n\t\t\t\t\t<\/div>\n\t\t<\/div>\n\t\t\t\t\t<\/div>\n\t\t<\/section>\n\t\t\t\t<section class=\"elementor-section elementor-top-section elementor-element elementor-element-021289a elementor-section-boxed elementor-section-height-default elementor-section-height-default\" data-id=\"021289a\" data-element_type=\"section\">\n\t\t\t\t\t\t<div class=\"elementor-container elementor-column-gap-default\">\n\t\t\t\t\t<div class=\"elementor-column elementor-col-100 elementor-top-column elementor-element elementor-element-6adaf58\" data-id=\"6adaf58\" data-element_type=\"column\">\n\t\t\t<div class=\"elementor-widget-wrap elementor-element-populated\">\n\t\t\t\t\t\t<div class=\"elementor-element elementor-element-7dc2b84 elementor-widget elementor-widget-text-editor\" data-id=\"7dc2b84\" data-element_type=\"widget\" data-widget_type=\"text-editor.default\">\n\t\t\t\t<div class=\"elementor-widget-container\">\n\t\t\t\t\t\t\t\t\t<script src=\"\/\/widget.simplybook.it\/v2\/widget\/widget.js\"><\/script>\n<script>var widget = new SimplybookWidget({\"widget_type\":\"iframe\",\"url\":\"https:\\\/\\\/fcslab.simplybook.it\",\"theme\":\"creative\",\"theme_settings\":{\"timeline_show_end_time\":\"0\",\"timeline_modern_display\":\"as_slots\",\"timeline_hide_unavailable\":\"1\",\"index_page_content_grid\":\"[{\\\"template\\\":\\\"col_25_50_25\\\",\\\"items\\\":[\\\"timetable\\\",\\\"about-us\\\",\\\"contacts\\\"]}]\",\"sb_base_color\":\"#25c19b\",\"display_item_mode\":\"block\",\"booking_nav_bg_color\":\"#d1e9c6\",\"body_bg_color\":\"#fdfdfd\",\"sb_review_image\":\"\",\"dark_font_color\":\"#494949\",\"light_font_color\":\"#ffffff\",\"btn_color_1\":\"#5e7da7\",\"hide_img_mode\":\"0\",\"show_sidebar\":\"1\",\"sb_busy\":\"#dad2ce\",\"sb_available\":\"#d3e0f1\"},\"timeline\":\"flexible\",\"datepicker\":\"top_calendar\",\"is_rtl\":false,\"app_config\":{\"allow_switch_to_ada\":0,\"predefined\":[]}});<\/script>\t\t\t\t\t\t\t\t<\/div>\n\t\t\t\t<\/div>\n\t\t\t\t\t<\/div>\n\t\t<\/div>\n\t\t\t\t\t<\/div>\n\t\t<\/section>\n\t\t\t\t<section class=\"elementor-section elementor-top-section elementor-element elementor-element-77e7973 elementor-section-boxed elementor-section-height-default elementor-section-height-default\" data-id=\"77e7973\" data-element_type=\"section\" data-settings=\"{&quot;background_background&quot;:&quot;classic&quot;}\">\n\t\t\t\t\t\t<div class=\"elementor-container elementor-column-gap-default\">\n\t\t\t\t\t<div class=\"elementor-column elementor-col-100 elementor-top-column elementor-element elementor-element-a7f6463\" data-id=\"a7f6463\" data-element_type=\"column\">\n\t\t\t<div class=\"elementor-widget-wrap elementor-element-populated\">\n\t\t\t\t\t\t<div class=\"elementor-element elementor-element-109ab79 elementor-widget elementor-widget-heading\" data-id=\"109ab79\" data-element_type=\"widget\" id=\"condiciones\" data-widget_type=\"heading.default\">\n\t\t\t\t<div class=\"elementor-widget-container\">\n\t\t\t\t\t<h3 class=\"elementor-heading-title elementor-size-default\">condiciones de uso del espacio<\/h3>\t\t\t\t<\/div>\n\t\t\t\t<\/div>\n\t\t\t\t\t<\/div>\n\t\t<\/div>\n\t\t\t\t\t<\/div>\n\t\t<\/section>\n\t\t\t\t<section class=\"elementor-section elementor-top-section elementor-element elementor-element-6f18bf2 elementor-section-boxed elementor-section-height-default elementor-section-height-default\" data-id=\"6f18bf2\" data-element_type=\"section\">\n\t\t\t\t\t\t<div class=\"elementor-container elementor-column-gap-default\">\n\t\t\t\t\t<div class=\"elementor-column elementor-col-100 elementor-top-column elementor-element elementor-element-ac0533e\" data-id=\"ac0533e\" data-element_type=\"column\">\n\t\t\t<div class=\"elementor-widget-wrap elementor-element-populated\">\n\t\t\t\t\t\t<div class=\"elementor-element elementor-element-03dec7a elementor-widget elementor-widget-text-editor\" data-id=\"03dec7a\" data-element_type=\"widget\" data-widget_type=\"text-editor.default\">\n\t\t\t\t<div class=\"elementor-widget-container\">\n\t\t\t\t\t\t\t\t\t<p>El uso de las instalaciones es <strong>gratuito<\/strong> para el personal <strong>docente<\/strong> que imparta materias en grados de la Facultad de Ciencias Sociales, el <strong>alumnado<\/strong> de grados de la Facultad de Ciencias Sociales y para el resto de usuarios\/as que contempla la normativa de uso del FCSLab.<\/p><p>El Laboratorio de la Facultad de Ciencias Sociales se encuentra <strong>homologado<\/strong> como <strong>servicio cient\u00edfico-t\u00e9cnico<\/strong> especializado para la realizaci\u00f3n de trabajos de car\u00e1cter cient\u00edfico, t\u00e9cnico o art\u00edstico, as\u00ed como para el desarrollo de ense\u00f1anzas de especializaci\u00f3n o actividades espec\u00edficas de formaci\u00f3n. Las tarifas de uso espec\u00edficas de los diferentes servicios para los que se encuentra homologado el espacio est\u00e1n a disposici\u00f3n de los\/as usuarios\/as para su consulta. Estos precios p\u00fablicos son de aplicaci\u00f3n en las solicitudes emitidas, <b>excepto condiciones de gratuidad para usos docentes y de aprendizaje<\/b> previstos en la normativa de uso del FCSLab.\u00a0<\/p>\t\t\t\t\t\t\t\t<\/div>\n\t\t\t\t<\/div>\n\t\t\t\t<section class=\"elementor-section elementor-inner-section elementor-element elementor-element-65a7a08 elementor-section-boxed elementor-section-height-default elementor-section-height-default\" data-id=\"65a7a08\" data-element_type=\"section\">\n\t\t\t\t\t\t<div class=\"elementor-container elementor-column-gap-default\">\n\t\t\t\t\t<div class=\"elementor-column elementor-col-50 elementor-inner-column elementor-element elementor-element-fc5a856\" data-id=\"fc5a856\" data-element_type=\"column\">\n\t\t\t<div class=\"elementor-widget-wrap elementor-element-populated\">\n\t\t\t\t\t\t<div class=\"elementor-element elementor-element-a69fbd8 elementor-align-center elementor-widget elementor-widget-button\" data-id=\"a69fbd8\" data-element_type=\"widget\" data-widget_type=\"button.default\">\n\t\t\t\t<div class=\"elementor-widget-container\">\n\t\t\t\t\t\t\t\t\t<div class=\"elementor-button-wrapper\">\n\t\t\t\t\t<a class=\"elementor-button elementor-button-link elementor-size-lg\" href=\"https:\/\/www.upo.es\/facultad-ciencias-sociales\/es\/fcslab\/wp-content\/uploads\/Normativa-FCSLab-2024.pdf\" target=\"_blank\">\n\t\t\t\t\t\t<span class=\"elementor-button-content-wrapper\">\n\t\t\t\t\t\t\t\t\t<span class=\"elementor-button-text\">NORMATIVA<\/span>\n\t\t\t\t\t<\/span>\n\t\t\t\t\t<\/a>\n\t\t\t\t<\/div>\n\t\t\t\t\t\t\t\t<\/div>\n\t\t\t\t<\/div>\n\t\t\t\t\t<\/div>\n\t\t<\/div>\n\t\t\t\t<div class=\"elementor-column elementor-col-50 elementor-inner-column elementor-element elementor-element-3615bd5\" data-id=\"3615bd5\" data-element_type=\"column\">\n\t\t\t<div class=\"elementor-widget-wrap elementor-element-populated\">\n\t\t\t\t\t\t<div class=\"elementor-element elementor-element-2aff193 elementor-align-center elementor-widget elementor-widget-button\" data-id=\"2aff193\" data-element_type=\"widget\" data-widget_type=\"button.default\">\n\t\t\t\t<div class=\"elementor-widget-container\">\n\t\t\t\t\t\t\t\t\t<div class=\"elementor-button-wrapper\">\n\t\t\t\t\t<a class=\"elementor-button elementor-button-link elementor-size-lg\" href=\"https:\/\/www.upo.es\/facultad-ciencias-sociales\/es\/fcslab\/wp-content\/uploads\/Procedimiento-de-Uso-FCSLab-2024.pdf\" target=\"_blank\">\n\t\t\t\t\t\t<span class=\"elementor-button-content-wrapper\">\n\t\t\t\t\t\t\t\t\t<span class=\"elementor-button-text\">PROCEDIMIENTO DE RESERVA<\/span>\n\t\t\t\t\t<\/span>\n\t\t\t\t\t<\/a>\n\t\t\t\t<\/div>\n\t\t\t\t\t\t\t\t<\/div>\n\t\t\t\t<\/div>\n\t\t\t\t\t<\/div>\n\t\t<\/div>\n\t\t\t\t\t<\/div>\n\t\t<\/section>\n\t\t\t\t\t<\/div>\n\t\t<\/div>\n\t\t\t\t\t<\/div>\n\t\t<\/section>\n\t\t\t\t<section class=\"elementor-section elementor-top-section elementor-element elementor-element-95db289 elementor-section-boxed elementor-section-height-default elementor-section-height-default\" data-id=\"95db289\" data-element_type=\"section\">\n\t\t\t\t\t\t<div class=\"elementor-container elementor-column-gap-default\">\n\t\t\t\t\t<div class=\"elementor-column elementor-col-100 elementor-top-column elementor-element elementor-element-25bb802\" data-id=\"25bb802\" data-element_type=\"column\">\n\t\t\t<div class=\"elementor-widget-wrap elementor-element-populated\">\n\t\t\t\t\t\t<div class=\"elementor-element elementor-element-3643670 elementor-widget elementor-widget-spacer\" data-id=\"3643670\" data-element_type=\"widget\" data-widget_type=\"spacer.default\">\n\t\t\t\t<div class=\"elementor-widget-container\">\n\t\t\t\t\t\t\t<div class=\"elementor-spacer\">\n\t\t\t<div class=\"elementor-spacer-inner\"><\/div>\n\t\t<\/div>\n\t\t\t\t\t\t<\/div>\n\t\t\t\t<\/div>\n\t\t\t\t<section class=\"elementor-section elementor-inner-section elementor-element elementor-element-1ad1452 elementor-section-boxed elementor-section-height-default elementor-section-height-default\" data-id=\"1ad1452\" data-element_type=\"section\">\n\t\t\t\t\t\t<div class=\"elementor-container elementor-column-gap-default\">\n\t\t\t\t\t<div class=\"elementor-column elementor-col-50 elementor-inner-column elementor-element elementor-element-6758ba9\" data-id=\"6758ba9\" data-element_type=\"column\">\n\t\t\t<div class=\"elementor-widget-wrap elementor-element-populated\">\n\t\t\t\t\t\t<div class=\"elementor-element elementor-element-b9f273c elementor-align-center elementor-widget elementor-widget-button\" data-id=\"b9f273c\" data-element_type=\"widget\" data-widget_type=\"button.default\">\n\t\t\t\t<div class=\"elementor-widget-container\">\n\t\t\t\t\t\t\t\t\t<div class=\"elementor-button-wrapper\">\n\t\t\t\t\t<a class=\"elementor-button elementor-button-link elementor-size-lg\" href=\"https:\/\/www.upo.es\/facultad-ciencias-sociales\/es\/fcslab\/wp-content\/uploads\/Solic_servicio_FCSLab.pdf\" target=\"_blank\">\n\t\t\t\t\t\t<span class=\"elementor-button-content-wrapper\">\n\t\t\t\t\t\t\t\t\t<span class=\"elementor-button-text\">SOLICITUD<\/span>\n\t\t\t\t\t<\/span>\n\t\t\t\t\t<\/a>\n\t\t\t\t<\/div>\n\t\t\t\t\t\t\t\t<\/div>\n\t\t\t\t<\/div>\n\t\t\t\t\t<\/div>\n\t\t<\/div>\n\t\t\t\t<div class=\"elementor-column elementor-col-50 elementor-inner-column elementor-element elementor-element-b9acd38\" data-id=\"b9acd38\" data-element_type=\"column\">\n\t\t\t<div class=\"elementor-widget-wrap elementor-element-populated\">\n\t\t\t\t\t\t<div class=\"elementor-element elementor-element-0200a31 elementor-align-center elementor-widget elementor-widget-button\" data-id=\"0200a31\" data-element_type=\"widget\" data-widget_type=\"button.default\">\n\t\t\t\t<div class=\"elementor-widget-container\">\n\t\t\t\t\t\t\t\t\t<div class=\"elementor-button-wrapper\">\n\t\t\t\t\t<a class=\"elementor-button elementor-button-link elementor-size-lg\" href=\"https:\/\/www.upo.es\/facultad-ciencias-sociales\/es\/fcslab\/wp-content\/uploads\/Tarifas-FCSLab-2024.pdf\" target=\"_blank\">\n\t\t\t\t\t\t<span class=\"elementor-button-content-wrapper\">\n\t\t\t\t\t\t\t\t\t<span class=\"elementor-button-text\">TARIFAS DE USO<\/span>\n\t\t\t\t\t<\/span>\n\t\t\t\t\t<\/a>\n\t\t\t\t<\/div>\n\t\t\t\t\t\t\t\t<\/div>\n\t\t\t\t<\/div>\n\t\t\t\t\t<\/div>\n\t\t<\/div>\n\t\t\t\t\t<\/div>\n\t\t<\/section>\n\t\t\t\t\t<\/div>\n\t\t<\/div>\n\t\t\t\t\t<\/div>\n\t\t<\/section>\n\t\t\t\t<section class=\"elementor-section elementor-top-section elementor-element elementor-element-66facfd elementor-section-boxed elementor-section-height-default elementor-section-height-default\" data-id=\"66facfd\" data-element_type=\"section\">\n\t\t\t\t\t\t<div class=\"elementor-container elementor-column-gap-default\">\n\t\t\t\t\t<div class=\"elementor-column elementor-col-100 elementor-top-column elementor-element elementor-element-8ad0f8d\" data-id=\"8ad0f8d\" data-element_type=\"column\">\n\t\t\t<div class=\"elementor-widget-wrap elementor-element-populated\">\n\t\t\t\t\t\t<div class=\"elementor-element elementor-element-09a9e5c elementor-widget elementor-widget-spacer\" data-id=\"09a9e5c\" data-element_type=\"widget\" data-widget_type=\"spacer.default\">\n\t\t\t\t<div class=\"elementor-widget-container\">\n\t\t\t\t\t\t\t<div class=\"elementor-spacer\">\n\t\t\t<div class=\"elementor-spacer-inner\"><\/div>\n\t\t<\/div>\n\t\t\t\t\t\t<\/div>\n\t\t\t\t<\/div>\n\t\t\t\t\t<\/div>\n\t\t<\/div>\n\t\t\t\t\t<\/div>\n\t\t<\/section>\n\t\t\t\t<\/div>\n\t\t","protected":false},"excerpt":{"rendered":"<p>Reservas y otros servicios Accede a nuestra web de reservas condiciones de uso del espacio El uso de las instalaciones es gratuito para el personal docente que imparta materias en grados de la Facultad de Ciencias Sociales, el alumnado de grados de la Facultad de Ciencias Sociales y para el resto de usuarios\/as que contempla &hellip; <\/p>\n<p class=\"link-more\"><a href=\"https:\/\/www.upo.es\/facultad-ciencias-sociales\/es\/fcslab\/reservas\/\" class=\"more-link\">Continuar leyendo<span class=\"screen-reader-text\"> \u00abReservas y otros servicios\u00bb<\/span><\/a><\/p>\n","protected":false},"author":2,"featured_media":0,"parent":0,"menu_order":0,"comment_status":"closed","ping_status":"closed","template":"elementor_header_footer","meta":{"_eb_attr":"","footnotes":""},"yoast_head":"<!-- This site is optimized with the Yoast SEO plugin v22.7 - https:\/\/yoast.com\/wordpress\/plugins\/seo\/ -->\n<title>Reservas y otros servicios - Laboratorio Facultad de Ciencias Sociales<\/title>\n<meta name=\"description\" content=\"Formaci\u00f3n a tu alcance en el FCSLab, Laboratorio de la Facultad de Ciencias Sociales UPO.\" \/>\n<meta name=\"robots\" content=\"index, follow, max-snippet:-1, max-image-preview:large, max-video-preview:-1\" \/>\n<link rel=\"canonical\" href=\"https:\/\/www.upo.es\/facultad-ciencias-sociales\/es\/fcslab\/reservas\/\" \/>\n<meta property=\"og:locale\" content=\"es_ES\" \/>\n<meta property=\"og:type\" content=\"article\" \/>\n<meta property=\"og:title\" content=\"Reservas y otros servicios - Laboratorio Facultad de Ciencias Sociales\" \/>\n<meta property=\"og:description\" content=\"Formaci\u00f3n a tu alcance en el FCSLab, Laboratorio de la Facultad de Ciencias Sociales UPO.\" \/>\n<meta property=\"og:url\" content=\"https:\/\/www.upo.es\/facultad-ciencias-sociales\/es\/fcslab\/reservas\/\" \/>\n<meta property=\"og:site_name\" content=\"Laboratorio Facultad de Ciencias Sociales\" \/>\n<meta property=\"article:modified_time\" content=\"2024-11-12T08:28:26+00:00\" \/>\n<meta property=\"og:image\" content=\"https:\/\/www.upo.es\/facultad-ciencias-sociales\/es\/fcslab\/wp-content\/uploads\/Logotipo-FCSLab_Color-min.png\" \/>\n\t<meta property=\"og:image:width\" content=\"2188\" \/>\n\t<meta property=\"og:image:height\" content=\"816\" \/>\n\t<meta property=\"og:image:type\" content=\"image\/png\" \/>\n<meta name=\"twitter:card\" content=\"summary_large_image\" \/>\n<meta name=\"twitter:site\" content=\"@fcslabUPO\" \/>\n<script type=\"application\/ld+json\" class=\"yoast-schema-graph\">{\"@context\":\"https:\/\/schema.org\",\"@graph\":[{\"@type\":\"WebPage\",\"@id\":\"https:\/\/www.upo.es\/facultad-ciencias-sociales\/es\/fcslab\/reservas\/\",\"url\":\"https:\/\/www.upo.es\/facultad-ciencias-sociales\/es\/fcslab\/reservas\/\",\"name\":\"Reservas y otros servicios - Laboratorio Facultad de Ciencias Sociales\",\"isPartOf\":{\"@id\":\"https:\/\/www.upo.es\/facultad-ciencias-sociales\/es\/fcslab\/#website\"},\"datePublished\":\"2020-12-02T11:16:39+00:00\",\"dateModified\":\"2024-11-12T08:28:26+00:00\",\"description\":\"Formaci\u00f3n a tu alcance en el FCSLab, Laboratorio de la Facultad de Ciencias Sociales UPO.\",\"breadcrumb\":{\"@id\":\"https:\/\/www.upo.es\/facultad-ciencias-sociales\/es\/fcslab\/reservas\/#breadcrumb\"},\"inLanguage\":\"es\",\"potentialAction\":[{\"@type\":\"ReadAction\",\"target\":[\"https:\/\/www.upo.es\/facultad-ciencias-sociales\/es\/fcslab\/reservas\/\"]}]},{\"@type\":\"BreadcrumbList\",\"@id\":\"https:\/\/www.upo.es\/facultad-ciencias-sociales\/es\/fcslab\/reservas\/#breadcrumb\",\"itemListElement\":[{\"@type\":\"ListItem\",\"position\":1,\"name\":\"Portada\",\"item\":\"https:\/\/www.upo.es\/facultad-ciencias-sociales\/es\/fcslab\/\"},{\"@type\":\"ListItem\",\"position\":2,\"name\":\"Reservas y otros servicios\"}]},{\"@type\":\"WebSite\",\"@id\":\"https:\/\/www.upo.es\/facultad-ciencias-sociales\/es\/fcslab\/#website\",\"url\":\"https:\/\/www.upo.es\/facultad-ciencias-sociales\/es\/fcslab\/\",\"name\":\"Laboratorio Facultad de Ciencias Sociales\",\"description\":\"Laboratorio Facultad de Ciencias Sociales\",\"publisher\":{\"@id\":\"https:\/\/www.upo.es\/facultad-ciencias-sociales\/es\/fcslab\/#organization\"},\"potentialAction\":[{\"@type\":\"SearchAction\",\"target\":{\"@type\":\"EntryPoint\",\"urlTemplate\":\"https:\/\/www.upo.es\/facultad-ciencias-sociales\/es\/fcslab\/?s={search_term_string}\"},\"query-input\":\"required name=search_term_string\"}],\"inLanguage\":\"es\"},{\"@type\":\"Organization\",\"@id\":\"https:\/\/www.upo.es\/facultad-ciencias-sociales\/es\/fcslab\/#organization\",\"name\":\"FCSLab\",\"url\":\"https:\/\/www.upo.es\/facultad-ciencias-sociales\/es\/fcslab\/\",\"logo\":{\"@type\":\"ImageObject\",\"inLanguage\":\"es\",\"@id\":\"https:\/\/www.upo.es\/facultad-ciencias-sociales\/es\/fcslab\/#\/schema\/logo\/image\/\",\"url\":\"https:\/\/www.upo.es\/facultad-ciencias-sociales\/es\/fcslab\/wp-content\/uploads\/FCSLab.svg\",\"contentUrl\":\"https:\/\/www.upo.es\/facultad-ciencias-sociales\/es\/fcslab\/wp-content\/uploads\/FCSLab.svg\",\"width\":962,\"height\":305,\"caption\":\"FCSLab\"},\"image\":{\"@id\":\"https:\/\/www.upo.es\/facultad-ciencias-sociales\/es\/fcslab\/#\/schema\/logo\/image\/\"},\"sameAs\":[\"https:\/\/x.com\/fcslabUPO\",\"https:\/\/www.instagram.com\/fcslabupo\/\"]}]}<\/script>\n<!-- \/ Yoast SEO plugin. -->","yoast_head_json":{"title":"Reservas y otros servicios - Laboratorio Facultad de Ciencias Sociales","description":"Formaci\u00f3n a tu alcance en el FCSLab, Laboratorio de la Facultad de Ciencias Sociales UPO.","robots":{"index":"index","follow":"follow","max-snippet":"max-snippet:-1","max-image-preview":"max-image-preview:large","max-video-preview":"max-video-preview:-1"},"canonical":"https:\/\/www.upo.es\/facultad-ciencias-sociales\/es\/fcslab\/reservas\/","og_locale":"es_ES","og_type":"article","og_title":"Reservas y otros servicios - Laboratorio Facultad de Ciencias Sociales","og_description":"Formaci\u00f3n a tu alcance en el FCSLab, Laboratorio de la Facultad de Ciencias Sociales UPO.","og_url":"https:\/\/www.upo.es\/facultad-ciencias-sociales\/es\/fcslab\/reservas\/","og_site_name":"Laboratorio Facultad de Ciencias Sociales","article_modified_time":"2024-11-12T08:28:26+00:00","og_image":[{"width":2188,"height":816,"url":"https:\/\/www.upo.es\/facultad-ciencias-sociales\/es\/fcslab\/wp-content\/uploads\/Logotipo-FCSLab_Color-min.png","type":"image\/png"}],"twitter_card":"summary_large_image","twitter_site":"@fcslabUPO","schema":{"@context":"https:\/\/schema.org","@graph":[{"@type":"WebPage","@id":"https:\/\/www.upo.es\/facultad-ciencias-sociales\/es\/fcslab\/reservas\/","url":"https:\/\/www.upo.es\/facultad-ciencias-sociales\/es\/fcslab\/reservas\/","name":"Reservas y otros servicios - Laboratorio Facultad de Ciencias Sociales","isPartOf":{"@id":"https:\/\/www.upo.es\/facultad-ciencias-sociales\/es\/fcslab\/#website"},"datePublished":"2020-12-02T11:16:39+00:00","dateModified":"2024-11-12T08:28:26+00:00","description":"Formaci\u00f3n a tu alcance en el FCSLab, Laboratorio de la Facultad de Ciencias Sociales UPO.","breadcrumb":{"@id":"https:\/\/www.upo.es\/facultad-ciencias-sociales\/es\/fcslab\/reservas\/#breadcrumb"},"inLanguage":"es","potentialAction":[{"@type":"ReadAction","target":["https:\/\/www.upo.es\/facultad-ciencias-sociales\/es\/fcslab\/reservas\/"]}]},{"@type":"BreadcrumbList","@id":"https:\/\/www.upo.es\/facultad-ciencias-sociales\/es\/fcslab\/reservas\/#breadcrumb","itemListElement":[{"@type":"ListItem","position":1,"name":"Portada","item":"https:\/\/www.upo.es\/facultad-ciencias-sociales\/es\/fcslab\/"},{"@type":"ListItem","position":2,"name":"Reservas y otros servicios"}]},{"@type":"WebSite","@id":"https:\/\/www.upo.es\/facultad-ciencias-sociales\/es\/fcslab\/#website","url":"https:\/\/www.upo.es\/facultad-ciencias-sociales\/es\/fcslab\/","name":"Laboratorio Facultad de Ciencias Sociales","description":"Laboratorio Facultad de Ciencias Sociales","publisher":{"@id":"https:\/\/www.upo.es\/facultad-ciencias-sociales\/es\/fcslab\/#organization"},"potentialAction":[{"@type":"SearchAction","target":{"@type":"EntryPoint","urlTemplate":"https:\/\/www.upo.es\/facultad-ciencias-sociales\/es\/fcslab\/?s={search_term_string}"},"query-input":"required name=search_term_string"}],"inLanguage":"es"},{"@type":"Organization","@id":"https:\/\/www.upo.es\/facultad-ciencias-sociales\/es\/fcslab\/#organization","name":"FCSLab","url":"https:\/\/www.upo.es\/facultad-ciencias-sociales\/es\/fcslab\/","logo":{"@type":"ImageObject","inLanguage":"es","@id":"https:\/\/www.upo.es\/facultad-ciencias-sociales\/es\/fcslab\/#\/schema\/logo\/image\/","url":"https:\/\/www.upo.es\/facultad-ciencias-sociales\/es\/fcslab\/wp-content\/uploads\/FCSLab.svg","contentUrl":"https:\/\/www.upo.es\/facultad-ciencias-sociales\/es\/fcslab\/wp-content\/uploads\/FCSLab.svg","width":962,"height":305,"caption":"FCSLab"},"image":{"@id":"https:\/\/www.upo.es\/facultad-ciencias-sociales\/es\/fcslab\/#\/schema\/logo\/image\/"},"sameAs":["https:\/\/x.com\/fcslabUPO","https:\/\/www.instagram.com\/fcslabupo\/"]}]}},"_links":{"self":[{"href":"https:\/\/www.upo.es\/facultad-ciencias-sociales\/es\/fcslab\/wp-json\/wp\/v2\/pages\/3753"}],"collection":[{"href":"https:\/\/www.upo.es\/facultad-ciencias-sociales\/es\/fcslab\/wp-json\/wp\/v2\/pages"}],"about":[{"href":"https:\/\/www.upo.es\/facultad-ciencias-sociales\/es\/fcslab\/wp-json\/wp\/v2\/types\/page"}],"author":[{"embeddable":true,"href":"https:\/\/www.upo.es\/facultad-ciencias-sociales\/es\/fcslab\/wp-json\/wp\/v2\/users\/2"}],"replies":[{"embeddable":true,"href":"https:\/\/www.upo.es\/facultad-ciencias-sociales\/es\/fcslab\/wp-json\/wp\/v2\/comments?post=3753"}],"version-history":[{"count":39,"href":"https:\/\/www.upo.es\/facultad-ciencias-sociales\/es\/fcslab\/wp-json\/wp\/v2\/pages\/3753\/revisions"}],"predecessor-version":[{"id":5805,"href":"https:\/\/www.upo.es\/facultad-ciencias-sociales\/es\/fcslab\/wp-json\/wp\/v2\/pages\/3753\/revisions\/5805"}],"wp:attachment":[{"href":"https:\/\/www.upo.es\/facultad-ciencias-sociales\/es\/fcslab\/wp-json\/wp\/v2\/media?parent=3753"}],"curies":[{"name":"wp","href":"https:\/\/api.w.org\/{rel}","templated":true}]}}