{"id":1017,"date":"2022-06-04T22:19:51","date_gmt":"2022-06-04T22:19:51","guid":{"rendered":"https:\/\/www.upo.es\/fevida\/?page_id=1017"},"modified":"2022-06-05T22:03:00","modified_gmt":"2022-06-05T22:03:00","slug":"noticias","status":"publish","type":"page","link":"https:\/\/www.upo.es\/fevida\/noticias\/","title":{"rendered":"Noticias"},"content":{"rendered":"\n\t\t\t<div class=\"uagb-post-grid  uagb-post__image-position-top uagb-block-aa519450   \" data-total=\"2\">\n\n\t\t\t\t<div class=\"uagb-post__items uagb-post__columns-3 is-grid uagb-post__columns-tablet-2 uagb-post__columns-mobile-1 uagb-post__equal-height\">\n\n\t\t\t\t\t\t\t\t<article >\n\t\t\t\t\t\t\t\t\t\t<div class=\"uagb-post__inner-wrap\">\n\t\t\t\t\t\t\t\t\t\t\t\t\t\t\t<div class='uagb-post__image'>\n\t\t\t\t<a href=\"https:\/\/www.upo.es\/fevida\/inauguracion-curso-2025-2026\/\" target=\"_self\" rel=\"bookmark noopener noreferrer\"><img decoding=\"async\" width=\"580\" height=\"371\" src=\"https:\/\/www.upo.es\/fevida\/wp-content\/uploads\/2025\/10\/IMG_4940-768x491.jpg\" class=\"attachment-medium_large size-medium_large\" alt=\"\" srcset=\"https:\/\/www.upo.es\/fevida\/wp-content\/uploads\/2025\/10\/IMG_4940-768x491.jpg 768w, https:\/\/www.upo.es\/fevida\/wp-content\/uploads\/2025\/10\/IMG_4940-300x192.jpg 300w, https:\/\/www.upo.es\/fevida\/wp-content\/uploads\/2025\/10\/IMG_4940-1024x654.jpg 1024w, https:\/\/www.upo.es\/fevida\/wp-content\/uploads\/2025\/10\/IMG_4940-540x345.jpg 540w, https:\/\/www.upo.es\/fevida\/wp-content\/uploads\/2025\/10\/IMG_4940-1080x690.jpg 1080w, https:\/\/www.upo.es\/fevida\/wp-content\/uploads\/2025\/10\/IMG_4940.jpg 1179w\" sizes=\"(max-width: 580px) 100vw, 580px\" \/>\t\t\t\t<\/a>\n\t\t\t<\/div>\n\t\t\t\t\t\t<div class='uagb-post__text'> \n\t\t\t\t<h2 class=\"uagb-post__title\">\n\t\t\t\t\t<a href=\"https:\/\/www.upo.es\/fevida\/inauguracion-curso-2025-2026\/\" target=\"_self\" rel=\"bookmark noopener noreferrer\">Inauguraci\u00f3n Curso 2025\/2026<\/a>\n\t\t\t\t<\/h2>\n\t\t\t<\/div>\n\t\t\t\t\t\t<div class='uagb-post__text'> \n\t\t\t<div class=\"uagb-post-grid-byline\">\n\t\t\t\t\t\t\t\t<time datetime=\"2025-10-25T07:34:46+00:00\" class=\"uagb-post__date\">\n\t\t\t\t\t<span class=\"dashicons-calendar dashicons\"><\/span>\n\t\t\t\t\t25 de octubre de 2025\t\t\t\t<\/time>\n\t\t\t\t\t\t<\/div>\n\t\t\t<\/div>\n\t\t\t\t\t\t\t\t<\/div>\n\t\t\t\t\t\t\t\t\t<\/article>\n\t\t\t\t\t\t\t\t<article >\n\t\t\t\t\t\t\t\t\t\t<div class=\"uagb-post__inner-wrap\">\n\t\t\t\t\t\t\t\t\t\t\t\t\t\t\t<div class='uagb-post__image'>\n\t\t\t\t<a href=\"https:\/\/www.upo.es\/fevida\/taller-de-igualdad\/\" target=\"_self\" rel=\"bookmark noopener noreferrer\"><img decoding=\"async\" width=\"580\" height=\"214\" src=\"https:\/\/www.upo.es\/fevida\/wp-content\/uploads\/2025\/03\/Inicio-del-curso-1-768x284.png\" class=\"attachment-medium_large size-medium_large\" alt=\"\" srcset=\"https:\/\/www.upo.es\/fevida\/wp-content\/uploads\/2025\/03\/Inicio-del-curso-1-768x284.png 768w, https:\/\/www.upo.es\/fevida\/wp-content\/uploads\/2025\/03\/Inicio-del-curso-1-300x111.png 300w, https:\/\/www.upo.es\/fevida\/wp-content\/uploads\/2025\/03\/Inicio-del-curso-1-540x200.png 540w, https:\/\/www.upo.es\/fevida\/wp-content\/uploads\/2025\/03\/Inicio-del-curso-1.png 851w\" sizes=\"(max-width: 580px) 100vw, 580px\" \/>\t\t\t\t<\/a>\n\t\t\t<\/div>\n\t\t\t\t\t\t<div class='uagb-post__text'> \n\t\t\t\t<h2 class=\"uagb-post__title\">\n\t\t\t\t\t<a href=\"https:\/\/www.upo.es\/fevida\/taller-de-igualdad\/\" target=\"_self\" rel=\"bookmark noopener noreferrer\">Taller de igualdad<\/a>\n\t\t\t\t<\/h2>\n\t\t\t<\/div>\n\t\t\t\t\t\t<div class='uagb-post__text'> \n\t\t\t<div class=\"uagb-post-grid-byline\">\n\t\t\t\t\t\t\t\t<time datetime=\"2025-03-10T19:12:45+00:00\" class=\"uagb-post__date\">\n\t\t\t\t\t<span class=\"dashicons-calendar dashicons\"><\/span>\n\t\t\t\t\t10 de marzo de 2025\t\t\t\t<\/time>\n\t\t\t\t\t\t<\/div>\n\t\t\t<\/div>\n\t\t\t\t\t\t\t\t<\/div>\n\t\t\t\t\t\t\t\t\t<\/article>\n\t\t\t\t\t\t\t\t<article >\n\t\t\t\t\t\t\t\t\t\t<div class=\"uagb-post__inner-wrap\">\n\t\t\t\t\t\t\t\t\t\t\t\t\t\t\t<div class='uagb-post__image'>\n\t\t\t\t<a href=\"https:\/\/www.upo.es\/fevida\/la-importancia-del-8m\/\" target=\"_self\" rel=\"bookmark noopener noreferrer\"><img decoding=\"async\" width=\"580\" height=\"214\" src=\"https:\/\/www.upo.es\/fevida\/wp-content\/uploads\/2025\/03\/Inicio-del-curso-768x284.png\" class=\"attachment-medium_large size-medium_large\" alt=\"\" srcset=\"https:\/\/www.upo.es\/fevida\/wp-content\/uploads\/2025\/03\/Inicio-del-curso-768x284.png 768w, https:\/\/www.upo.es\/fevida\/wp-content\/uploads\/2025\/03\/Inicio-del-curso-300x111.png 300w, https:\/\/www.upo.es\/fevida\/wp-content\/uploads\/2025\/03\/Inicio-del-curso-540x200.png 540w, https:\/\/www.upo.es\/fevida\/wp-content\/uploads\/2025\/03\/Inicio-del-curso.png 851w\" sizes=\"(max-width: 580px) 100vw, 580px\" \/>\t\t\t\t<\/a>\n\t\t\t<\/div>\n\t\t\t\t\t\t<div class='uagb-post__text'> \n\t\t\t\t<h2 class=\"uagb-post__title\">\n\t\t\t\t\t<a href=\"https:\/\/www.upo.es\/fevida\/la-importancia-del-8m\/\" target=\"_self\" rel=\"bookmark noopener noreferrer\">La importancia del 8M<\/a>\n\t\t\t\t<\/h2>\n\t\t\t<\/div>\n\t\t\t\t\t\t<div class='uagb-post__text'> \n\t\t\t<div class=\"uagb-post-grid-byline\">\n\t\t\t\t\t\t\t\t<time datetime=\"2025-03-08T10:31:28+00:00\" class=\"uagb-post__date\">\n\t\t\t\t\t<span class=\"dashicons-calendar dashicons\"><\/span>\n\t\t\t\t\t8 de marzo de 2025\t\t\t\t<\/time>\n\t\t\t\t\t\t<\/div>\n\t\t\t<\/div>\n\t\t\t\t\t\t\t\t<\/div>\n\t\t\t\t\t\t\t\t\t<\/article>\n\t\t\t\t\t\t\t\t<article >\n\t\t\t\t\t\t\t\t\t\t<div class=\"uagb-post__inner-wrap\">\n\t\t\t\t\t\t\t\t\t\t\t\t\t\t\t<div class='uagb-post__image'>\n\t\t\t\t<a href=\"https:\/\/www.upo.es\/fevida\/fevida-en-la-flora-tristan\/\" target=\"_self\" rel=\"bookmark noopener noreferrer\"><img decoding=\"async\" width=\"580\" height=\"214\" src=\"https:\/\/www.upo.es\/fevida\/wp-content\/uploads\/2025\/03\/2-768x284.png\" class=\"attachment-medium_large size-medium_large\" alt=\"\" srcset=\"https:\/\/www.upo.es\/fevida\/wp-content\/uploads\/2025\/03\/2-768x284.png 768w, https:\/\/www.upo.es\/fevida\/wp-content\/uploads\/2025\/03\/2-300x111.png 300w, https:\/\/www.upo.es\/fevida\/wp-content\/uploads\/2025\/03\/2-540x200.png 540w, https:\/\/www.upo.es\/fevida\/wp-content\/uploads\/2025\/03\/2.png 851w\" sizes=\"(max-width: 580px) 100vw, 580px\" \/>\t\t\t\t<\/a>\n\t\t\t<\/div>\n\t\t\t\t\t\t<div class='uagb-post__text'> \n\t\t\t\t<h2 class=\"uagb-post__title\">\n\t\t\t\t\t<a href=\"https:\/\/www.upo.es\/fevida\/fevida-en-la-flora-tristan\/\" target=\"_self\" rel=\"bookmark noopener noreferrer\">FEVIDA en la FLORA TRIST\u00c1N<\/a>\n\t\t\t\t<\/h2>\n\t\t\t<\/div>\n\t\t\t\t\t\t<div class='uagb-post__text'> \n\t\t\t<div class=\"uagb-post-grid-byline\">\n\t\t\t\t\t\t\t\t<time datetime=\"2025-03-05T14:25:28+00:00\" class=\"uagb-post__date\">\n\t\t\t\t\t<span class=\"dashicons-calendar dashicons\"><\/span>\n\t\t\t\t\t5 de marzo de 2025\t\t\t\t<\/time>\n\t\t\t\t\t\t<\/div>\n\t\t\t<\/div>\n\t\t\t\t\t\t\t\t<\/div>\n\t\t\t\t\t\t\t\t\t<\/article>\n\t\t\t\t\t\t\t\t<article >\n\t\t\t\t\t\t\t\t\t\t<div class=\"uagb-post__inner-wrap\">\n\t\t\t\t\t\t\t\t\t\t\t\t\t\t\t<div class='uagb-post__image'>\n\t\t\t\t<a href=\"https:\/\/www.upo.es\/fevida\/curso-academico-24-25\/\" target=\"_self\" rel=\"bookmark noopener noreferrer\"><img decoding=\"async\" width=\"580\" height=\"214\" src=\"https:\/\/www.upo.es\/fevida\/wp-content\/uploads\/2025\/02\/1-768x284.png\" class=\"attachment-medium_large size-medium_large\" alt=\"\" srcset=\"https:\/\/www.upo.es\/fevida\/wp-content\/uploads\/2025\/02\/1-768x284.png 768w, https:\/\/www.upo.es\/fevida\/wp-content\/uploads\/2025\/02\/1-300x111.png 300w, https:\/\/www.upo.es\/fevida\/wp-content\/uploads\/2025\/02\/1-540x200.png 540w, https:\/\/www.upo.es\/fevida\/wp-content\/uploads\/2025\/02\/1.png 851w\" sizes=\"(max-width: 580px) 100vw, 580px\" \/>\t\t\t\t<\/a>\n\t\t\t<\/div>\n\t\t\t\t\t\t<div class='uagb-post__text'> \n\t\t\t\t<h2 class=\"uagb-post__title\">\n\t\t\t\t\t<a href=\"https:\/\/www.upo.es\/fevida\/curso-academico-24-25\/\" target=\"_self\" rel=\"bookmark noopener noreferrer\">Curso acad\u00e9mico 24\/25<\/a>\n\t\t\t\t<\/h2>\n\t\t\t<\/div>\n\t\t\t\t\t\t<div class='uagb-post__text'> \n\t\t\t<div class=\"uagb-post-grid-byline\">\n\t\t\t\t\t\t\t\t<time datetime=\"2025-03-03T15:23:04+00:00\" class=\"uagb-post__date\">\n\t\t\t\t\t<span class=\"dashicons-calendar dashicons\"><\/span>\n\t\t\t\t\t3 de marzo de 2025\t\t\t\t<\/time>\n\t\t\t\t\t\t<\/div>\n\t\t\t<\/div>\n\t\t\t\t\t\t\t\t<\/div>\n\t\t\t\t\t\t\t\t\t<\/article>\n\t\t\t\t\t\t\t\t<article >\n\t\t\t\t\t\t\t\t\t\t<div class=\"uagb-post__inner-wrap\">\n\t\t\t\t\t\t\t\t\t\t\t\t\t\t\t<div class='uagb-post__image'>\n\t\t\t\t<a href=\"https:\/\/www.upo.es\/fevida\/finaliza-la-i-edicion-del-campus-uniluz\/\" target=\"_self\" rel=\"bookmark noopener noreferrer\"><img decoding=\"async\" width=\"580\" height=\"330\" src=\"https:\/\/www.upo.es\/fevida\/wp-content\/uploads\/2023\/07\/UNILUZ-30-768x437.jpg\" class=\"attachment-medium_large size-medium_large\" alt=\"\" srcset=\"https:\/\/www.upo.es\/fevida\/wp-content\/uploads\/2023\/07\/UNILUZ-30-768x437.jpg 768w, https:\/\/www.upo.es\/fevida\/wp-content\/uploads\/2023\/07\/UNILUZ-30-300x171.jpg 300w, https:\/\/www.upo.es\/fevida\/wp-content\/uploads\/2023\/07\/UNILUZ-30-1024x583.jpg 1024w, https:\/\/www.upo.es\/fevida\/wp-content\/uploads\/2023\/07\/UNILUZ-30-540x308.jpg 540w, https:\/\/www.upo.es\/fevida\/wp-content\/uploads\/2023\/07\/UNILUZ-30.jpg 1080w\" sizes=\"(max-width: 580px) 100vw, 580px\" \/>\t\t\t\t<\/a>\n\t\t\t<\/div>\n\t\t\t\t\t\t<div class='uagb-post__text'> \n\t\t\t\t<h2 class=\"uagb-post__title\">\n\t\t\t\t\t<a href=\"https:\/\/www.upo.es\/fevida\/finaliza-la-i-edicion-del-campus-uniluz\/\" target=\"_self\" rel=\"bookmark noopener noreferrer\">Finaliza la I Edici\u00f3n del Campus UNILUZ<\/a>\n\t\t\t\t<\/h2>\n\t\t\t<\/div>\n\t\t\t\t\t\t<div class='uagb-post__text'> \n\t\t\t<div class=\"uagb-post-grid-byline\">\n\t\t\t\t\t\t\t\t<time datetime=\"2023-07-20T13:28:51+00:00\" class=\"uagb-post__date\">\n\t\t\t\t\t<span class=\"dashicons-calendar dashicons\"><\/span>\n\t\t\t\t\t20 de julio de 2023\t\t\t\t<\/time>\n\t\t\t\t\t\t<\/div>\n\t\t\t<\/div>\n\t\t\t\t\t\t\t\t<\/div>\n\t\t\t\t\t\t\t\t\t<\/article>\n\t\t\t\t\t\t\t\t<article >\n\t\t\t\t\t\t\t\t\t\t<div class=\"uagb-post__inner-wrap\">\n\t\t\t\t\t\t\t\t\t\t\t\t\t\t\t<div class='uagb-post__image'>\n\t\t\t\t<a href=\"https:\/\/www.upo.es\/fevida\/atardecer-idilico-y-visita-cultural-y-gastronomica-para-cerrar-un-dia-perfecto-en-el-campus-de-verano-uniluz\/\" target=\"_self\" rel=\"bookmark noopener noreferrer\"><img decoding=\"async\" width=\"580\" height=\"349\" src=\"https:\/\/www.upo.es\/fevida\/wp-content\/uploads\/2023\/07\/UNILUZ-18-1-768x462.jpg\" class=\"attachment-medium_large size-medium_large\" alt=\"\" srcset=\"https:\/\/www.upo.es\/fevida\/wp-content\/uploads\/2023\/07\/UNILUZ-18-1-768x462.jpg 768w, https:\/\/www.upo.es\/fevida\/wp-content\/uploads\/2023\/07\/UNILUZ-18-1-300x181.jpg 300w, https:\/\/www.upo.es\/fevida\/wp-content\/uploads\/2023\/07\/UNILUZ-18-1-1024x616.jpg 1024w, https:\/\/www.upo.es\/fevida\/wp-content\/uploads\/2023\/07\/UNILUZ-18-1-540x325.jpg 540w, https:\/\/www.upo.es\/fevida\/wp-content\/uploads\/2023\/07\/UNILUZ-18-1.jpg 1080w\" sizes=\"(max-width: 580px) 100vw, 580px\" \/>\t\t\t\t<\/a>\n\t\t\t<\/div>\n\t\t\t\t\t\t<div class='uagb-post__text'> \n\t\t\t\t<h2 class=\"uagb-post__title\">\n\t\t\t\t\t<a href=\"https:\/\/www.upo.es\/fevida\/atardecer-idilico-y-visita-cultural-y-gastronomica-para-cerrar-un-dia-perfecto-en-el-campus-de-verano-uniluz\/\" target=\"_self\" rel=\"bookmark noopener noreferrer\">Atardecer id\u00edlico y visita cultural y gastron\u00f3mica para cerrar un d\u00eda perfecto en el Campus de Verano UNILUZ<\/a>\n\t\t\t\t<\/h2>\n\t\t\t<\/div>\n\t\t\t\t\t\t<div class='uagb-post__text'> \n\t\t\t<div class=\"uagb-post-grid-byline\">\n\t\t\t\t\t\t\t\t<time datetime=\"2023-07-14T10:51:27+00:00\" class=\"uagb-post__date\">\n\t\t\t\t\t<span class=\"dashicons-calendar dashicons\"><\/span>\n\t\t\t\t\t14 de julio de 2023\t\t\t\t<\/time>\n\t\t\t\t\t\t<\/div>\n\t\t\t<\/div>\n\t\t\t\t\t\t\t\t<\/div>\n\t\t\t\t\t\t\t\t\t<\/article>\n\t\t\t\t\t\t\t\t<article >\n\t\t\t\t\t\t\t\t\t\t<div class=\"uagb-post__inner-wrap\">\n\t\t\t\t\t\t\t\t\t\t\t\t\t\t\t<div class='uagb-post__image'>\n\t\t\t\t<a href=\"https:\/\/www.upo.es\/fevida\/actividades-del-campus-de-verano\/\" target=\"_self\" rel=\"bookmark noopener noreferrer\"><img decoding=\"async\" width=\"580\" height=\"381\" src=\"https:\/\/www.upo.es\/fevida\/wp-content\/uploads\/2023\/07\/UNILUZ-16-1.jpg\" class=\"attachment-medium_large size-medium_large\" alt=\"\" \/>\t\t\t\t<\/a>\n\t\t\t<\/div>\n\t\t\t\t\t\t<div class='uagb-post__text'> \n\t\t\t\t<h2 class=\"uagb-post__title\">\n\t\t\t\t\t<a href=\"https:\/\/www.upo.es\/fevida\/actividades-del-campus-de-verano\/\" target=\"_self\" rel=\"bookmark noopener noreferrer\">Actividades del Campus de Verano<\/a>\n\t\t\t\t<\/h2>\n\t\t\t<\/div>\n\t\t\t\t\t\t<div class='uagb-post__text'> \n\t\t\t<div class=\"uagb-post-grid-byline\">\n\t\t\t\t\t\t\t\t<time datetime=\"2023-07-13T10:49:56+00:00\" class=\"uagb-post__date\">\n\t\t\t\t\t<span class=\"dashicons-calendar dashicons\"><\/span>\n\t\t\t\t\t13 de julio de 2023\t\t\t\t<\/time>\n\t\t\t\t\t\t<\/div>\n\t\t\t<\/div>\n\t\t\t\t\t\t\t\t<\/div>\n\t\t\t\t\t\t\t\t\t<\/article>\n\t\t\t\t\t\t\t\t<article >\n\t\t\t\t\t\t\t\t\t\t<div class=\"uagb-post__inner-wrap\">\n\t\t\t\t\t\t\t\t\t\t\t\t\t\t\t<div class='uagb-post__image'>\n\t\t\t\t<a href=\"https:\/\/www.upo.es\/fevida\/primer-dia-en-el-campus-uniluz\/\" target=\"_self\" rel=\"bookmark noopener noreferrer\"><img decoding=\"async\" width=\"580\" height=\"236\" src=\"https:\/\/www.upo.es\/fevida\/wp-content\/uploads\/2023\/07\/UNILUZ-10-768x313.jpg\" class=\"attachment-medium_large size-medium_large\" alt=\"\" srcset=\"https:\/\/www.upo.es\/fevida\/wp-content\/uploads\/2023\/07\/UNILUZ-10-768x313.jpg 768w, https:\/\/www.upo.es\/fevida\/wp-content\/uploads\/2023\/07\/UNILUZ-10-300x122.jpg 300w, https:\/\/www.upo.es\/fevida\/wp-content\/uploads\/2023\/07\/UNILUZ-10-1024x418.jpg 1024w, https:\/\/www.upo.es\/fevida\/wp-content\/uploads\/2023\/07\/UNILUZ-10-540x220.jpg 540w, https:\/\/www.upo.es\/fevida\/wp-content\/uploads\/2023\/07\/UNILUZ-10.jpg 1064w\" sizes=\"(max-width: 580px) 100vw, 580px\" \/>\t\t\t\t<\/a>\n\t\t\t<\/div>\n\t\t\t\t\t\t<div class='uagb-post__text'> \n\t\t\t\t<h2 class=\"uagb-post__title\">\n\t\t\t\t\t<a href=\"https:\/\/www.upo.es\/fevida\/primer-dia-en-el-campus-uniluz\/\" target=\"_self\" rel=\"bookmark noopener noreferrer\">Primer d\u00eda en el Campus UNILUZ<\/a>\n\t\t\t\t<\/h2>\n\t\t\t<\/div>\n\t\t\t\t\t\t<div class='uagb-post__text'> \n\t\t\t<div class=\"uagb-post-grid-byline\">\n\t\t\t\t\t\t\t\t<time datetime=\"2023-07-11T11:41:18+00:00\" class=\"uagb-post__date\">\n\t\t\t\t\t<span class=\"dashicons-calendar dashicons\"><\/span>\n\t\t\t\t\t11 de julio de 2023\t\t\t\t<\/time>\n\t\t\t\t\t\t<\/div>\n\t\t\t<\/div>\n\t\t\t\t\t\t\t\t<\/div>\n\t\t\t\t\t\t\t\t\t<\/article>\n\t\t\t\t\t\t\t\t<article >\n\t\t\t\t\t\t\t\t\t\t<div class=\"uagb-post__inner-wrap\">\n\t\t\t\t\t\t\t\t\t\t\t\t\t\t\t<div class='uagb-post__image'>\n\t\t\t\t<a href=\"https:\/\/www.upo.es\/fevida\/campus-de-verano-unidiversidad-uniluz\/\" target=\"_self\" rel=\"bookmark noopener noreferrer\"><img decoding=\"async\" width=\"580\" height=\"573\" src=\"https:\/\/www.upo.es\/fevida\/wp-content\/uploads\/2023\/07\/UNILUZ-9-768x759.jpg\" class=\"attachment-medium_large size-medium_large\" alt=\"\" srcset=\"https:\/\/www.upo.es\/fevida\/wp-content\/uploads\/2023\/07\/UNILUZ-9-768x759.jpg 768w, https:\/\/www.upo.es\/fevida\/wp-content\/uploads\/2023\/07\/UNILUZ-9-300x297.jpg 300w, https:\/\/www.upo.es\/fevida\/wp-content\/uploads\/2023\/07\/UNILUZ-9-1024x1013.jpg 1024w, https:\/\/www.upo.es\/fevida\/wp-content\/uploads\/2023\/07\/UNILUZ-9-540x534.jpg 540w, https:\/\/www.upo.es\/fevida\/wp-content\/uploads\/2023\/07\/UNILUZ-9.jpg 1080w\" sizes=\"(max-width: 580px) 100vw, 580px\" \/>\t\t\t\t<\/a>\n\t\t\t<\/div>\n\t\t\t\t\t\t<div class='uagb-post__text'> \n\t\t\t\t<h2 class=\"uagb-post__title\">\n\t\t\t\t\t<a href=\"https:\/\/www.upo.es\/fevida\/campus-de-verano-unidiversidad-uniluz\/\" target=\"_self\" rel=\"bookmark noopener noreferrer\">Campus de Verano UNIDIVERSIDAD. UNILUZ<\/a>\n\t\t\t\t<\/h2>\n\t\t\t<\/div>\n\t\t\t\t\t\t<div class='uagb-post__text'> \n\t\t\t<div class=\"uagb-post-grid-byline\">\n\t\t\t\t\t\t\t\t<time datetime=\"2023-07-11T11:23:25+00:00\" class=\"uagb-post__date\">\n\t\t\t\t\t<span class=\"dashicons-calendar dashicons\"><\/span>\n\t\t\t\t\t11 de julio de 2023\t\t\t\t<\/time>\n\t\t\t\t\t\t<\/div>\n\t\t\t<\/div>\n\t\t\t\t\t\t\t\t<\/div>\n\t\t\t\t\t\t\t\t\t<\/article>\n\t\t\t\t\t\t\t\t<article >\n\t\t\t\t\t\t\t\t\t\t<div class=\"uagb-post__inner-wrap\">\n\t\t\t\t\t\t\t\t\t\t\t\t\t\t\t<div class='uagb-post__image'>\n\t\t\t\t<a href=\"https:\/\/www.upo.es\/fevida\/ganas-alegria-y-sonrisas-definen-la-inauguracion-del-i-campus-universitario-de-verano-uniluz\/\" target=\"_self\" rel=\"bookmark noopener noreferrer\"><img decoding=\"async\" width=\"580\" height=\"436\" src=\"https:\/\/www.upo.es\/fevida\/wp-content\/uploads\/2023\/07\/UNILUZ-5-1-768x577.jpg\" class=\"attachment-medium_large size-medium_large\" alt=\"\" srcset=\"https:\/\/www.upo.es\/fevida\/wp-content\/uploads\/2023\/07\/UNILUZ-5-1-768x577.jpg 768w, https:\/\/www.upo.es\/fevida\/wp-content\/uploads\/2023\/07\/UNILUZ-5-1-300x226.jpg 300w, https:\/\/www.upo.es\/fevida\/wp-content\/uploads\/2023\/07\/UNILUZ-5-1-1024x770.jpg 1024w, https:\/\/www.upo.es\/fevida\/wp-content\/uploads\/2023\/07\/UNILUZ-5-1-540x406.jpg 540w, https:\/\/www.upo.es\/fevida\/wp-content\/uploads\/2023\/07\/UNILUZ-5-1.jpg 1080w\" sizes=\"(max-width: 580px) 100vw, 580px\" \/>\t\t\t\t<\/a>\n\t\t\t<\/div>\n\t\t\t\t\t\t<div class='uagb-post__text'> \n\t\t\t\t<h2 class=\"uagb-post__title\">\n\t\t\t\t\t<a href=\"https:\/\/www.upo.es\/fevida\/ganas-alegria-y-sonrisas-definen-la-inauguracion-del-i-campus-universitario-de-verano-uniluz\/\" target=\"_self\" rel=\"bookmark noopener noreferrer\">Ganas, alegr\u00eda y sonrisas definen la inauguraci\u00f3n del I Campus Universitario de Verano UNILUZ<\/a>\n\t\t\t\t<\/h2>\n\t\t\t<\/div>\n\t\t\t\t\t\t<div class='uagb-post__text'> \n\t\t\t<div class=\"uagb-post-grid-byline\">\n\t\t\t\t\t\t\t\t<time datetime=\"2023-07-11T09:56:59+00:00\" class=\"uagb-post__date\">\n\t\t\t\t\t<span class=\"dashicons-calendar dashicons\"><\/span>\n\t\t\t\t\t11 de julio de 2023\t\t\t\t<\/time>\n\t\t\t\t\t\t<\/div>\n\t\t\t<\/div>\n\t\t\t\t\t\t\t\t<\/div>\n\t\t\t\t\t\t\t\t\t<\/article>\n\t\t\t\t\t\t\t\t<article >\n\t\t\t\t\t\t\t\t\t\t<div class=\"uagb-post__inner-wrap\">\n\t\t\t\t\t\t\t\t\t\t\t\t\t\t\t<div class='uagb-post__image'>\n\t\t\t\t<a href=\"https:\/\/www.upo.es\/fevida\/i-campus-universitario-de-verano-de-la-sierra-luz-2023\/\" target=\"_self\" rel=\"bookmark noopener noreferrer\"><img decoding=\"async\" width=\"580\" height=\"269\" src=\"https:\/\/www.upo.es\/fevida\/wp-content\/uploads\/2023\/07\/UNILUZ-3-768x356.jpeg\" class=\"attachment-medium_large size-medium_large\" alt=\"\" srcset=\"https:\/\/www.upo.es\/fevida\/wp-content\/uploads\/2023\/07\/UNILUZ-3-768x356.jpeg 768w, https:\/\/www.upo.es\/fevida\/wp-content\/uploads\/2023\/07\/UNILUZ-3-300x139.jpeg 300w, https:\/\/www.upo.es\/fevida\/wp-content\/uploads\/2023\/07\/UNILUZ-3-1024x475.jpeg 1024w, https:\/\/www.upo.es\/fevida\/wp-content\/uploads\/2023\/07\/UNILUZ-3-540x251.jpeg 540w, https:\/\/www.upo.es\/fevida\/wp-content\/uploads\/2023\/07\/UNILUZ-3-1080x501.jpeg 1080w, https:\/\/www.upo.es\/fevida\/wp-content\/uploads\/2023\/07\/UNILUZ-3.jpeg 1200w\" sizes=\"(max-width: 580px) 100vw, 580px\" \/>\t\t\t\t<\/a>\n\t\t\t<\/div>\n\t\t\t\t\t\t<div class='uagb-post__text'> \n\t\t\t\t<h2 class=\"uagb-post__title\">\n\t\t\t\t\t<a href=\"https:\/\/www.upo.es\/fevida\/i-campus-universitario-de-verano-de-la-sierra-luz-2023\/\" target=\"_self\" rel=\"bookmark noopener noreferrer\">I Campus Universitario de Verano de la Sierra Luz 2023<\/a>\n\t\t\t\t<\/h2>\n\t\t\t<\/div>\n\t\t\t\t\t\t<div class='uagb-post__text'> \n\t\t\t<div class=\"uagb-post-grid-byline\">\n\t\t\t\t\t\t\t\t<time datetime=\"2023-07-04T08:54:11+00:00\" class=\"uagb-post__date\">\n\t\t\t\t\t<span class=\"dashicons-calendar dashicons\"><\/span>\n\t\t\t\t\t4 de julio de 2023\t\t\t\t<\/time>\n\t\t\t\t\t\t<\/div>\n\t\t\t<\/div>\n\t\t\t\t\t\t\t\t<\/div>\n\t\t\t\t\t\t\t\t\t<\/article>\n\t\t\t\t\t\t\t\t<\/div>\n\t\t\t\t\t\t\t<\/div>\n\t\t\t","protected":false},"excerpt":{"rendered":"","protected":false},"author":1,"featured_media":0,"parent":0,"menu_order":0,"comment_status":"closed","ping_status":"closed","template":"template-full-width.php","meta":{"_coblocks_attr":"","_coblocks_dimensions":"","_coblocks_responsive_height":"","_coblocks_accordion_ie_support":"","footnotes":""},"class_list":["post-1017","page","type-page","status-publish","has-post-thumbnail","hentry"],"uagb_featured_image_src":{"full":false,"thumbnail":false,"medium":false,"medium_large":false,"large":false,"1536x1536":false,"2048x2048":false,"post-thumbnail":false,"chaplin_preview_image_low_resolution":false,"chaplin_preview_image_high_resolution":false,"chaplin_fullscreen":false},"uagb_author_info":{"display_name":"fevida","author_link":"https:\/\/www.upo.es\/fevida\/author\/fevida\/"},"uagb_comment_info":0,"uagb_excerpt":null,"_links":{"self":[{"href":"https:\/\/www.upo.es\/fevida\/wp-json\/wp\/v2\/pages\/1017","targetHints":{"allow":["GET"]}}],"collection":[{"href":"https:\/\/www.upo.es\/fevida\/wp-json\/wp\/v2\/pages"}],"about":[{"href":"https:\/\/www.upo.es\/fevida\/wp-json\/wp\/v2\/types\/page"}],"author":[{"embeddable":true,"href":"https:\/\/www.upo.es\/fevida\/wp-json\/wp\/v2\/users\/1"}],"replies":[{"embeddable":true,"href":"https:\/\/www.upo.es\/fevida\/wp-json\/wp\/v2\/comments?post=1017"}],"version-history":[{"count":14,"href":"https:\/\/www.upo.es\/fevida\/wp-json\/wp\/v2\/pages\/1017\/revisions"}],"predecessor-version":[{"id":1271,"href":"https:\/\/www.upo.es\/fevida\/wp-json\/wp\/v2\/pages\/1017\/revisions\/1271"}],"wp:attachment":[{"href":"https:\/\/www.upo.es\/fevida\/wp-json\/wp\/v2\/media?parent=1017"}],"curies":[{"name":"wp","href":"https:\/\/api.w.org\/{rel}","templated":true}]}}