{"id":24,"date":"2021-06-29T15:49:32","date_gmt":"2021-06-29T15:49:32","guid":{"rendered":"https:\/\/www.upo.es\/fevida\/?page_id=24"},"modified":"2023-07-04T08:47:09","modified_gmt":"2023-07-04T08:47:09","slug":"diploma-fevida","status":"publish","type":"page","link":"https:\/\/www.upo.es\/fevida\/","title":{"rendered":"FEVIDA"},"content":{"rendered":"\n<h2 class=\"wp-block-heading\"><strong>DIPLOMA DE EXTENSI\u00d3N UNIVERSITARIA EN FORMACI\u00d3N PARA EL EMPLEO Y LA VIDA AUT\u00d3NOMA DE LAS PERSONAS CON DISCAPACIDAD INTELECTUAL. FEVIDA.<\/strong><a href=\"https:\/\/www.upo.es\/fevida\/wp-admin\/edit.php?post_type=page\"><\/a><\/h2>\n\n\n\n<div class=\"wp-block-columns is-layout-flex wp-container-core-columns-is-layout-9d6595d7 wp-block-columns-is-layout-flex\">\n<div class=\"wp-block-column is-layout-flow wp-block-column-is-layout-flow\">\n<figure class=\"wp-block-image size-large\"><a href=\"https:\/\/www.upo.es\/fevida\/que-es\/\"><img decoding=\"async\" width=\"1024\" height=\"691\" src=\"https:\/\/www.upo.es\/fevida\/wp-content\/uploads\/2021\/11\/FEVIDA-icono-fevida_logo-nuevo2_814a7e-1024x691.jpg\" alt=\"\" class=\"wp-image-894\" srcset=\"https:\/\/www.upo.es\/fevida\/wp-content\/uploads\/2021\/11\/FEVIDA-icono-fevida_logo-nuevo2_814a7e-1024x691.jpg 1024w, https:\/\/www.upo.es\/fevida\/wp-content\/uploads\/2021\/11\/FEVIDA-icono-fevida_logo-nuevo2_814a7e-300x203.jpg 300w, https:\/\/www.upo.es\/fevida\/wp-content\/uploads\/2021\/11\/FEVIDA-icono-fevida_logo-nuevo2_814a7e-768x518.jpg 768w, https:\/\/www.upo.es\/fevida\/wp-content\/uploads\/2021\/11\/FEVIDA-icono-fevida_logo-nuevo2_814a7e-540x365.jpg 540w, https:\/\/www.upo.es\/fevida\/wp-content\/uploads\/2021\/11\/FEVIDA-icono-fevida_logo-nuevo2_814a7e.jpg 1080w\" sizes=\"(max-width: 1024px) 100vw, 1024px\" \/><\/a><\/figure>\n\n\n\n<h3 class=\"wp-block-heading has-text-align-center\"><a href=\"https:\/\/www.upo.es\/fevida\/que-es\/\" data-type=\"page\" data-id=\"29\">Qu\u00e9 es FEVIDA<\/a><\/h3>\n<\/div>\n\n\n\n<div class=\"wp-block-column is-layout-flow wp-block-column-is-layout-flow\">\n<figure class=\"wp-block-image size-large\"><a href=\"https:\/\/www.upo.es\/fevida\/quien-puede-participar\/\"><img decoding=\"async\" width=\"1024\" height=\"691\" src=\"https:\/\/www.upo.es\/fevida\/wp-content\/uploads\/2021\/11\/FEVIDA-icono-apuntarse_814a7e-1024x691.jpg\" alt=\"\" class=\"wp-image-895\" srcset=\"https:\/\/www.upo.es\/fevida\/wp-content\/uploads\/2021\/11\/FEVIDA-icono-apuntarse_814a7e-1024x691.jpg 1024w, https:\/\/www.upo.es\/fevida\/wp-content\/uploads\/2021\/11\/FEVIDA-icono-apuntarse_814a7e-300x203.jpg 300w, https:\/\/www.upo.es\/fevida\/wp-content\/uploads\/2021\/11\/FEVIDA-icono-apuntarse_814a7e-768x518.jpg 768w, https:\/\/www.upo.es\/fevida\/wp-content\/uploads\/2021\/11\/FEVIDA-icono-apuntarse_814a7e-540x365.jpg 540w, https:\/\/www.upo.es\/fevida\/wp-content\/uploads\/2021\/11\/FEVIDA-icono-apuntarse_814a7e.jpg 1080w\" sizes=\"(max-width: 1024px) 100vw, 1024px\" \/><\/a><\/figure>\n\n\n\n<h3 class=\"wp-block-heading has-text-align-center\"><a href=\"https:\/\/www.upo.es\/fevida\/quien-puede-participar\/\" data-type=\"page\" data-id=\"31\">Qui\u00e9n puede participar<\/a><\/h3>\n<\/div>\n\n\n\n<div class=\"wp-block-column is-layout-flow wp-block-column-is-layout-flow\">\n<figure class=\"wp-block-image size-large\"><a href=\"https:\/\/www.upo.es\/fevida\/como-apuntarse\/\"><img decoding=\"async\" width=\"1024\" height=\"691\" src=\"https:\/\/www.upo.es\/fevida\/wp-content\/uploads\/2021\/11\/FEVIDA-icono-como-apuntarse_814a7e-1024x691.jpg\" alt=\"\" class=\"wp-image-898\" srcset=\"https:\/\/www.upo.es\/fevida\/wp-content\/uploads\/2021\/11\/FEVIDA-icono-como-apuntarse_814a7e-1024x691.jpg 1024w, https:\/\/www.upo.es\/fevida\/wp-content\/uploads\/2021\/11\/FEVIDA-icono-como-apuntarse_814a7e-300x203.jpg 300w, https:\/\/www.upo.es\/fevida\/wp-content\/uploads\/2021\/11\/FEVIDA-icono-como-apuntarse_814a7e-768x518.jpg 768w, https:\/\/www.upo.es\/fevida\/wp-content\/uploads\/2021\/11\/FEVIDA-icono-como-apuntarse_814a7e-540x365.jpg 540w, https:\/\/www.upo.es\/fevida\/wp-content\/uploads\/2021\/11\/FEVIDA-icono-como-apuntarse_814a7e.jpg 1080w\" sizes=\"(max-width: 1024px) 100vw, 1024px\" \/><\/a><\/figure>\n\n\n\n<h3 class=\"wp-block-heading has-text-align-center\"><a href=\"https:\/\/www.upo.es\/fevida\/como-apuntarse\/\" data-type=\"page\" data-id=\"32\">C\u00f3mo puedes apuntarte<\/a><\/h3>\n<\/div>\n<\/div>\n\n\n\n<div style=\"height:35px\" aria-hidden=\"true\" class=\"wp-block-spacer\"><\/div>\n\n\n\n<div class=\"wp-block-columns is-layout-flex wp-container-core-columns-is-layout-9d6595d7 wp-block-columns-is-layout-flex\">\n<div class=\"wp-block-column is-layout-flow wp-block-column-is-layout-flow\">\n<figure class=\"wp-block-image size-large\"><a href=\"https:\/\/www.upo.es\/fevida\/seleccion\/\"><img decoding=\"async\" width=\"1024\" height=\"691\" src=\"https:\/\/www.upo.es\/fevida\/wp-content\/uploads\/2021\/11\/FEVIDA-icono_seleccio\u0301n_814a7e-1024x691.jpg\" alt=\"\" class=\"wp-image-905\" srcset=\"https:\/\/www.upo.es\/fevida\/wp-content\/uploads\/2021\/11\/FEVIDA-icono_seleccio\u0301n_814a7e-1024x691.jpg 1024w, https:\/\/www.upo.es\/fevida\/wp-content\/uploads\/2021\/11\/FEVIDA-icono_seleccio\u0301n_814a7e-300x203.jpg 300w, https:\/\/www.upo.es\/fevida\/wp-content\/uploads\/2021\/11\/FEVIDA-icono_seleccio\u0301n_814a7e-768x518.jpg 768w, https:\/\/www.upo.es\/fevida\/wp-content\/uploads\/2021\/11\/FEVIDA-icono_seleccio\u0301n_814a7e-540x365.jpg 540w, https:\/\/www.upo.es\/fevida\/wp-content\/uploads\/2021\/11\/FEVIDA-icono_seleccio\u0301n_814a7e.jpg 1080w\" sizes=\"(max-width: 1024px) 100vw, 1024px\" \/><\/a><\/figure>\n\n\n\n<h3 class=\"wp-block-heading has-text-align-center\"><a href=\"https:\/\/www.upo.es\/fevida\/seleccion\/\">C\u00f3mo es la selecci\u00f3n<\/a><\/h3>\n<\/div>\n\n\n\n<div class=\"wp-block-column is-layout-flow wp-block-column-is-layout-flow\">\n<figure class=\"wp-block-image size-large\"><a href=\"https:\/\/www.upo.es\/fevida\/que-aprendes\/\"><img decoding=\"async\" width=\"1024\" height=\"691\" src=\"https:\/\/www.upo.es\/fevida\/wp-content\/uploads\/2021\/11\/FEVIDA-icono_que-aprendes_814a7e-1024x691.jpg\" alt=\"\" class=\"wp-image-899\" srcset=\"https:\/\/www.upo.es\/fevida\/wp-content\/uploads\/2021\/11\/FEVIDA-icono_que-aprendes_814a7e-1024x691.jpg 1024w, https:\/\/www.upo.es\/fevida\/wp-content\/uploads\/2021\/11\/FEVIDA-icono_que-aprendes_814a7e-300x203.jpg 300w, https:\/\/www.upo.es\/fevida\/wp-content\/uploads\/2021\/11\/FEVIDA-icono_que-aprendes_814a7e-768x518.jpg 768w, https:\/\/www.upo.es\/fevida\/wp-content\/uploads\/2021\/11\/FEVIDA-icono_que-aprendes_814a7e-540x365.jpg 540w, https:\/\/www.upo.es\/fevida\/wp-content\/uploads\/2021\/11\/FEVIDA-icono_que-aprendes_814a7e.jpg 1080w\" sizes=\"(max-width: 1024px) 100vw, 1024px\" \/><\/a><\/figure>\n\n\n\n<h3 class=\"wp-block-heading has-text-align-center\"><a href=\"https:\/\/www.upo.es\/fevida\/que-aprendes\/\" data-type=\"page\" data-id=\"34\">Qu\u00e9 vas a aprender<\/a><\/h3>\n<\/div>\n\n\n\n<div class=\"wp-block-column is-layout-flow wp-block-column-is-layout-flow\">\n<figure class=\"wp-block-image size-large\"><a href=\"https:\/\/www.upo.es\/fevida\/actividades\/\"><img decoding=\"async\" width=\"1024\" height=\"691\" src=\"https:\/\/www.upo.es\/fevida\/wp-content\/uploads\/2021\/11\/FEVIDA-icono_actividades_814a7e-1024x691.jpg\" alt=\"\" class=\"wp-image-900\" srcset=\"https:\/\/www.upo.es\/fevida\/wp-content\/uploads\/2021\/11\/FEVIDA-icono_actividades_814a7e-1024x691.jpg 1024w, https:\/\/www.upo.es\/fevida\/wp-content\/uploads\/2021\/11\/FEVIDA-icono_actividades_814a7e-300x203.jpg 300w, https:\/\/www.upo.es\/fevida\/wp-content\/uploads\/2021\/11\/FEVIDA-icono_actividades_814a7e-768x518.jpg 768w, https:\/\/www.upo.es\/fevida\/wp-content\/uploads\/2021\/11\/FEVIDA-icono_actividades_814a7e-540x365.jpg 540w, https:\/\/www.upo.es\/fevida\/wp-content\/uploads\/2021\/11\/FEVIDA-icono_actividades_814a7e.jpg 1080w\" sizes=\"(max-width: 1024px) 100vw, 1024px\" \/><\/a><\/figure>\n\n\n\n<h3 class=\"wp-block-heading has-text-align-center\"><a href=\"https:\/\/www.upo.es\/fevida\/actividades\/\" data-type=\"page\" data-id=\"35\">Qu\u00e9 actividades vas a realizar<\/a><\/h3>\n<\/div>\n<\/div>\n\n\n\n<div class=\"wp-block-columns is-layout-flex wp-container-core-columns-is-layout-9d6595d7 wp-block-columns-is-layout-flex\">\n<div class=\"wp-block-column is-layout-flow wp-block-column-is-layout-flow\">\n<figure class=\"wp-block-image size-large\"><a href=\"https:\/\/www.upo.es\/fevida\/fevida-en-la-pandemia-covid-19\/\"><img decoding=\"async\" width=\"1024\" height=\"691\" src=\"https:\/\/www.upo.es\/fevida\/wp-content\/uploads\/2021\/11\/FEVIDA-icono-covid_814a7e-1024x691.jpg\" alt=\"\" class=\"wp-image-901\" srcset=\"https:\/\/www.upo.es\/fevida\/wp-content\/uploads\/2021\/11\/FEVIDA-icono-covid_814a7e-1024x691.jpg 1024w, https:\/\/www.upo.es\/fevida\/wp-content\/uploads\/2021\/11\/FEVIDA-icono-covid_814a7e-300x203.jpg 300w, https:\/\/www.upo.es\/fevida\/wp-content\/uploads\/2021\/11\/FEVIDA-icono-covid_814a7e-768x518.jpg 768w, https:\/\/www.upo.es\/fevida\/wp-content\/uploads\/2021\/11\/FEVIDA-icono-covid_814a7e-540x365.jpg 540w, https:\/\/www.upo.es\/fevida\/wp-content\/uploads\/2021\/11\/FEVIDA-icono-covid_814a7e.jpg 1080w\" sizes=\"(max-width: 1024px) 100vw, 1024px\" \/><\/a><\/figure>\n\n\n\n<h3 class=\"wp-block-heading has-text-align-center\"><a href=\"https:\/\/www.upo.es\/fevida\/fevida-en-la-pandemia-covid-19\/\" data-type=\"page\">FEVIDA en la pandemia COVID-19<\/a><\/h3>\n<\/div>\n\n\n\n<div class=\"wp-block-column is-layout-flow wp-block-column-is-layout-flow\">\n<figure class=\"wp-block-image size-large\"><a href=\"https:\/\/www.upo.es\/fevida\/galeria-fevida\/\"><img decoding=\"async\" width=\"1024\" height=\"691\" src=\"https:\/\/www.upo.es\/fevida\/wp-content\/uploads\/2021\/11\/FEVIDA-icono-galeria_814a7e-1024x691.jpg\" alt=\"\" class=\"wp-image-902\" srcset=\"https:\/\/www.upo.es\/fevida\/wp-content\/uploads\/2021\/11\/FEVIDA-icono-galeria_814a7e-1024x691.jpg 1024w, https:\/\/www.upo.es\/fevida\/wp-content\/uploads\/2021\/11\/FEVIDA-icono-galeria_814a7e-300x203.jpg 300w, https:\/\/www.upo.es\/fevida\/wp-content\/uploads\/2021\/11\/FEVIDA-icono-galeria_814a7e-768x518.jpg 768w, https:\/\/www.upo.es\/fevida\/wp-content\/uploads\/2021\/11\/FEVIDA-icono-galeria_814a7e-540x365.jpg 540w, https:\/\/www.upo.es\/fevida\/wp-content\/uploads\/2021\/11\/FEVIDA-icono-galeria_814a7e.jpg 1080w\" sizes=\"(max-width: 1024px) 100vw, 1024px\" \/><\/a><\/figure>\n\n\n\n<h3 class=\"wp-block-heading has-text-align-center\"><a href=\"https:\/\/www.upo.es\/fevida\/galeria-fevida\/\" data-type=\"page\">Galer\u00eda de fotos<\/a><\/h3>\n<\/div>\n\n\n\n<div class=\"wp-block-column is-layout-flow wp-block-column-is-layout-flow\">\n<figure class=\"wp-block-image size-large\"><a href=\"https:\/\/www.upo.es\/fevida\/colaboradores\/\"><img decoding=\"async\" width=\"1024\" height=\"691\" src=\"https:\/\/www.upo.es\/fevida\/wp-content\/uploads\/2021\/11\/FEVIDA-icono_colaboradores_814a7e-1024x691.jpg\" alt=\"\" class=\"wp-image-907\" srcset=\"https:\/\/www.upo.es\/fevida\/wp-content\/uploads\/2021\/11\/FEVIDA-icono_colaboradores_814a7e-1024x691.jpg 1024w, https:\/\/www.upo.es\/fevida\/wp-content\/uploads\/2021\/11\/FEVIDA-icono_colaboradores_814a7e-300x203.jpg 300w, https:\/\/www.upo.es\/fevida\/wp-content\/uploads\/2021\/11\/FEVIDA-icono_colaboradores_814a7e-768x518.jpg 768w, https:\/\/www.upo.es\/fevida\/wp-content\/uploads\/2021\/11\/FEVIDA-icono_colaboradores_814a7e-540x365.jpg 540w, https:\/\/www.upo.es\/fevida\/wp-content\/uploads\/2021\/11\/FEVIDA-icono_colaboradores_814a7e.jpg 1080w\" sizes=\"(max-width: 1024px) 100vw, 1024px\" \/><\/a><\/figure>\n\n\n\n<h3 class=\"wp-block-heading has-text-align-center\"><a href=\"https:\/\/www.upo.es\/fevida\/colaboradores\/\" data-type=\"page\" data-id=\"297\">Colaboradores<\/a><\/h3>\n<\/div>\n<\/div>\n\n\n\n<div class=\"wp-block-columns is-layout-flex wp-container-core-columns-is-layout-9d6595d7 wp-block-columns-is-layout-flex\">\n<div class=\"wp-block-column is-layout-flow wp-block-column-is-layout-flow\">\n<figure class=\"wp-block-image size-large\"><img decoding=\"async\" width=\"1024\" height=\"691\" src=\"https:\/\/www.upo.es\/fevida\/wp-content\/uploads\/2022\/06\/FEVIDA-noticias-1024x691.jpg\" alt=\"\" class=\"wp-image-1025\" srcset=\"https:\/\/www.upo.es\/fevida\/wp-content\/uploads\/2022\/06\/FEVIDA-noticias-1024x691.jpg 1024w, https:\/\/www.upo.es\/fevida\/wp-content\/uploads\/2022\/06\/FEVIDA-noticias-300x203.jpg 300w, https:\/\/www.upo.es\/fevida\/wp-content\/uploads\/2022\/06\/FEVIDA-noticias-768x518.jpg 768w, https:\/\/www.upo.es\/fevida\/wp-content\/uploads\/2022\/06\/FEVIDA-noticias-540x365.jpg 540w, https:\/\/www.upo.es\/fevida\/wp-content\/uploads\/2022\/06\/FEVIDA-noticias.jpg 1080w\" sizes=\"(max-width: 1024px) 100vw, 1024px\" \/><\/figure>\n\n\n\n<h3 class=\"wp-block-heading has-text-align-center\"><a href=\"https:\/\/www.upo.es\/fevida\/noticias\/\">Noticias<\/a><\/h3>\n<\/div>\n\n\n\n<div class=\"wp-block-column is-layout-flow wp-block-column-is-layout-flow\">\n<figure class=\"wp-block-image size-large\"><img decoding=\"async\" width=\"1024\" height=\"691\" src=\"https:\/\/www.upo.es\/fevida\/wp-content\/uploads\/2022\/06\/FEVIDA-icono-contacto_violeta-1024x691.jpg\" alt=\"\" class=\"wp-image-1027\" srcset=\"https:\/\/www.upo.es\/fevida\/wp-content\/uploads\/2022\/06\/FEVIDA-icono-contacto_violeta-1024x691.jpg 1024w, https:\/\/www.upo.es\/fevida\/wp-content\/uploads\/2022\/06\/FEVIDA-icono-contacto_violeta-300x203.jpg 300w, https:\/\/www.upo.es\/fevida\/wp-content\/uploads\/2022\/06\/FEVIDA-icono-contacto_violeta-768x518.jpg 768w, https:\/\/www.upo.es\/fevida\/wp-content\/uploads\/2022\/06\/FEVIDA-icono-contacto_violeta-540x365.jpg 540w, https:\/\/www.upo.es\/fevida\/wp-content\/uploads\/2022\/06\/FEVIDA-icono-contacto_violeta.jpg 1080w\" sizes=\"(max-width: 1024px) 100vw, 1024px\" \/><\/figure>\n\n\n\n<h3 class=\"wp-block-heading has-text-align-center\"><a href=\"https:\/\/www.upo.es\/fevida\/contacto\/\" data-type=\"page\" data-id=\"40\">Contacto<\/a><\/h3>\n<\/div>\n\n\n\n<div class=\"wp-block-column is-layout-flow wp-block-column-is-layout-flow\">\n<p><\/p>\n<\/div>\n<\/div>\n\n\n\n<div style=\"height:29px\" aria-hidden=\"true\" class=\"wp-block-spacer\"><\/div>\n\n\n\n<div class=\"wp-block-columns is-layout-flex wp-container-core-columns-is-layout-9d6595d7 wp-block-columns-is-layout-flex\">\n<div class=\"wp-block-column is-layout-flow wp-block-column-is-layout-flow\">\n<figure class=\"wp-block-image size-full is-resized\"><img decoding=\"async\" src=\"https:\/\/www.upo.es\/fevida\/wp-content\/uploads\/2021\/10\/Easy-to-read-logo.jpeg\" alt=\"Logo de Lectura f\u00e1cil\" class=\"wp-image-721\" width=\"169\" height=\"169\" srcset=\"https:\/\/www.upo.es\/fevida\/wp-content\/uploads\/2021\/10\/Easy-to-read-logo.jpeg 246w, https:\/\/www.upo.es\/fevida\/wp-content\/uploads\/2021\/10\/Easy-to-read-logo-150x150.jpeg 150w\" sizes=\"(max-width: 169px) 100vw, 169px\" \/><\/figure>\n\n\n\n<h3 class=\"wp-block-heading\">\u00bfQu\u00e9 es esta web?<\/h3>\n\n\n\n<p class=\"has-text-align-left\" style=\"font-size:20px\">Esta es una web f\u00e1cil sobre FEVIDA.<\/p>\n\n\n\n<p class=\"has-text-align-left\" style=\"font-size:20px\">Hay una <a href=\"https:\/\/www.upo.es\/postgrado\/Diploma-de-Extension-Universitaria-Formacion-para-el-empleo-y-la-vida-autonoma-y-de-las-personas-con-discapacidad-intelectual\/\">versi\u00f3n dif\u00edcil de esta p\u00e1gina<\/a>.<\/p>\n\n\n\n<p class=\"has-text-align-left\" style=\"font-size:20px\">Esta web sigue las normas de la lectura f\u00e1cil.<\/p>\n\n\n\n<p class=\"has-text-align-left\" style=\"font-size:20px\">\u00a9 Logo europeo Easy-to-Read: Inclusion Europe. <\/p>\n\n\n\n<p class=\"has-text-align-left\" style=\"font-size:20px\">M\u00e1s informaci\u00f3n <a href=\"http:\/\/www.inclusion-europe.eu\/easy-to-read\">aqu\u00ed<\/a>.&nbsp;<\/p>\n<\/div>\n\n\n\n<div class=\"wp-block-column is-layout-flow wp-block-column-is-layout-flow\"><\/div>\n<\/div>\n\n\n\n<p style=\"font-size:20px\"> <\/p>\n","protected":false},"excerpt":{"rendered":"<p>DIPLOMA DE EXTENSI\u00d3N UNIVERSITARIA EN FORMACI\u00d3N PARA EL EMPLEO Y LA VIDA AUT\u00d3NOMA DE LAS PERSONAS CON DISCAPACIDAD INTELECTUAL. FEVIDA. Qu\u00e9 es FEVIDA Qui\u00e9n puede participar C\u00f3mo puedes&hellip;<\/p>\n","protected":false},"author":1,"featured_media":1277,"parent":0,"menu_order":0,"comment_status":"closed","ping_status":"closed","template":"template-full-width-cover.php","meta":{"_coblocks_attr":"","_coblocks_dimensions":"","_coblocks_responsive_height":"","_coblocks_accordion_ie_support":"","footnotes":""},"class_list":["post-24","page","type-page","status-publish","has-post-thumbnail","hentry"],"uagb_featured_image_src":{"full":["https:\/\/www.upo.es\/fevida\/wp-content\/uploads\/2023\/07\/WhatsApp-Image-2023-06-16-at-14.23.36.jpeg",1600,1066,false],"thumbnail":["https:\/\/www.upo.es\/fevida\/wp-content\/uploads\/2023\/07\/WhatsApp-Image-2023-06-16-at-14.23.36-150x150.jpeg",150,150,true],"medium":["https:\/\/www.upo.es\/fevida\/wp-content\/uploads\/2023\/07\/WhatsApp-Image-2023-06-16-at-14.23.36-300x200.jpeg",300,200,true],"medium_large":["https:\/\/www.upo.es\/fevida\/wp-content\/uploads\/2023\/07\/WhatsApp-Image-2023-06-16-at-14.23.36-768x512.jpeg",580,387,true],"large":["https:\/\/www.upo.es\/fevida\/wp-content\/uploads\/2023\/07\/WhatsApp-Image-2023-06-16-at-14.23.36-1024x682.jpeg",580,386,true],"1536x1536":["https:\/\/www.upo.es\/fevida\/wp-content\/uploads\/2023\/07\/WhatsApp-Image-2023-06-16-at-14.23.36-1536x1023.jpeg",1536,1023,true],"2048x2048":["https:\/\/www.upo.es\/fevida\/wp-content\/uploads\/2023\/07\/WhatsApp-Image-2023-06-16-at-14.23.36.jpeg",1600,1066,false],"post-thumbnail":["https:\/\/www.upo.es\/fevida\/wp-content\/uploads\/2023\/07\/WhatsApp-Image-2023-06-16-at-14.23.36.jpeg",1600,1066,false],"chaplin_preview_image_low_resolution":["https:\/\/www.upo.es\/fevida\/wp-content\/uploads\/2023\/07\/WhatsApp-Image-2023-06-16-at-14.23.36-540x360.jpeg",540,360,true],"chaplin_preview_image_high_resolution":["https:\/\/www.upo.es\/fevida\/wp-content\/uploads\/2023\/07\/WhatsApp-Image-2023-06-16-at-14.23.36-1080x720.jpeg",1080,720,true],"chaplin_fullscreen":["https:\/\/www.upo.es\/fevida\/wp-content\/uploads\/2023\/07\/WhatsApp-Image-2023-06-16-at-14.23.36.jpeg",1600,1066,false]},"uagb_author_info":{"display_name":"fevida","author_link":"https:\/\/www.upo.es\/fevida\/author\/fevida\/"},"uagb_comment_info":0,"uagb_excerpt":"DIPLOMA DE EXTENSI\u00d3N UNIVERSITARIA EN FORMACI\u00d3N PARA EL EMPLEO Y LA VIDA AUT\u00d3NOMA DE LAS PERSONAS CON DISCAPACIDAD INTELECTUAL. FEVIDA. Qu\u00e9 es FEVIDA Qui\u00e9n puede participar C\u00f3mo puedes&hellip;","_links":{"self":[{"href":"https:\/\/www.upo.es\/fevida\/wp-json\/wp\/v2\/pages\/24","targetHints":{"allow":["GET"]}}],"collection":[{"href":"https:\/\/www.upo.es\/fevida\/wp-json\/wp\/v2\/pages"}],"about":[{"href":"https:\/\/www.upo.es\/fevida\/wp-json\/wp\/v2\/types\/page"}],"author":[{"embeddable":true,"href":"https:\/\/www.upo.es\/fevida\/wp-json\/wp\/v2\/users\/1"}],"replies":[{"embeddable":true,"href":"https:\/\/www.upo.es\/fevida\/wp-json\/wp\/v2\/comments?post=24"}],"version-history":[{"count":112,"href":"https:\/\/www.upo.es\/fevida\/wp-json\/wp\/v2\/pages\/24\/revisions"}],"predecessor-version":[{"id":1278,"href":"https:\/\/www.upo.es\/fevida\/wp-json\/wp\/v2\/pages\/24\/revisions\/1278"}],"wp:featuredmedia":[{"embeddable":true,"href":"https:\/\/www.upo.es\/fevida\/wp-json\/wp\/v2\/media\/1277"}],"wp:attachment":[{"href":"https:\/\/www.upo.es\/fevida\/wp-json\/wp\/v2\/media?parent=24"}],"curies":[{"name":"wp","href":"https:\/\/api.w.org\/{rel}","templated":true}]}}