{"id":31,"date":"2021-06-29T16:02:34","date_gmt":"2021-06-29T16:02:34","guid":{"rendered":"https:\/\/www.upo.es\/fevida\/?page_id=31"},"modified":"2023-09-12T12:11:08","modified_gmt":"2023-09-12T12:11:08","slug":"quien-puede-participar","status":"publish","type":"page","link":"https:\/\/www.upo.es\/fevida\/quien-puede-participar\/","title":{"rendered":"Qui\u00e9n puede participar"},"content":{"rendered":"\n<div class=\"wp-block-columns is-layout-flex wp-container-core-columns-is-layout-9d6595d7 wp-block-columns-is-layout-flex\">\n<div class=\"wp-block-column is-layout-flow wp-block-column-is-layout-flow\" style=\"flex-basis:50%\">\n<p class=\"has-normal-font-size\">En FEVIDA pueden participar mujeres y hombres<br>desde los 18 a\u00f1os hasta los 29 a\u00f1os<br>que tengan reconocida oficialmente una discapacidad intelectual<br>del 33 por ciento o mayor del 33 por ciento.<\/p>\n\n\n\n<p class=\"has-normal-font-size\">Es necesario ser demandante de empleo y estar inscrito en el Sistema Nacional de Garant\u00eda Juvenil.<\/p>\n\n\n\n<p><\/p>\n\n\n\n<p>Tienes que acreditar, al menos, el nivel de acceso a los ciclos formativos de grado medio o superior. <br><\/p>\n\n\n\n<p class=\"has-normal-font-size\">Pregunta a tus tutores si no est\u00e1s seguro<br>de lo que son estos documentos.<\/p>\n\n\n\n<div style=\"height:29px\" aria-hidden=\"true\" class=\"wp-block-spacer\"><\/div>\n\n\n\n<p class=\"has-normal-font-size\">Cada a\u00f1o estudian en el curso de 15 a 18 personas<br>Una Comisi\u00f3n selecciona a los alumnos y alumnas.<br>Una comisi\u00f3n es un grupo de personas encargadas de hacer un trabajo, en este caso, elegir a los alumnos y alumnas de FEVIDA.<\/p>\n<\/div>\n\n\n\n<div class=\"wp-block-column is-layout-flow wp-block-column-is-layout-flow\" style=\"flex-basis:40%\">\n<figure class=\"wp-block-image size-large has-lightbox\"><img decoding=\"async\" width=\"800\" height=\"600\" src=\"https:\/\/www.upo.es\/fevida\/wp-content\/uploads\/2021\/07\/Fotos-FEVIDA_4a-edicio\u0301n-grupo_2.jpg\" alt=\"4a edicio\u0301n Grupo\" class=\"wp-image-340\" srcset=\"https:\/\/www.upo.es\/fevida\/wp-content\/uploads\/2021\/07\/Fotos-FEVIDA_4a-edicio\u0301n-grupo_2.jpg 800w, https:\/\/www.upo.es\/fevida\/wp-content\/uploads\/2021\/07\/Fotos-FEVIDA_4a-edicio\u0301n-grupo_2-300x225.jpg 300w, https:\/\/www.upo.es\/fevida\/wp-content\/uploads\/2021\/07\/Fotos-FEVIDA_4a-edicio\u0301n-grupo_2-768x576.jpg 768w, https:\/\/www.upo.es\/fevida\/wp-content\/uploads\/2021\/07\/Fotos-FEVIDA_4a-edicio\u0301n-grupo_2-540x405.jpg 540w\" sizes=\"(max-width: 800px) 100vw, 800px\" \/><figcaption class=\"wp-element-caption\"><strong>Cuarta Edici\u00f3n FEVIDA &#8211; Grupo<\/strong><\/figcaption><\/figure>\n\n\n\n<figure class=\"wp-block-image size-full has-lightbox\"><img decoding=\"async\" width=\"800\" height=\"600\" src=\"https:\/\/www.upo.es\/fevida\/wp-content\/uploads\/2021\/11\/Fotos_Quie\u0301npuedeparticipar_Tercera-Edicio\u0301nFEVIDA-Grupo_pix.jpg\" alt=\"Tercera Edicio\u0301n FEVIDA Grupo en interior\" class=\"wp-image-865\" srcset=\"https:\/\/www.upo.es\/fevida\/wp-content\/uploads\/2021\/11\/Fotos_Quie\u0301npuedeparticipar_Tercera-Edicio\u0301nFEVIDA-Grupo_pix.jpg 800w, https:\/\/www.upo.es\/fevida\/wp-content\/uploads\/2021\/11\/Fotos_Quie\u0301npuedeparticipar_Tercera-Edicio\u0301nFEVIDA-Grupo_pix-300x225.jpg 300w, https:\/\/www.upo.es\/fevida\/wp-content\/uploads\/2021\/11\/Fotos_Quie\u0301npuedeparticipar_Tercera-Edicio\u0301nFEVIDA-Grupo_pix-768x576.jpg 768w, https:\/\/www.upo.es\/fevida\/wp-content\/uploads\/2021\/11\/Fotos_Quie\u0301npuedeparticipar_Tercera-Edicio\u0301nFEVIDA-Grupo_pix-540x405.jpg 540w\" sizes=\"(max-width: 800px) 100vw, 800px\" \/><figcaption class=\"wp-element-caption\"><strong>Tercera Edici\u00f3n FEVIDA &#8211; Grupo<\/strong><\/figcaption><\/figure>\n\n\n\n<figure class=\"wp-block-image size-large has-lightbox\"><img decoding=\"async\" width=\"800\" height=\"600\" src=\"https:\/\/www.upo.es\/fevida\/wp-content\/uploads\/2021\/07\/Fotos-FEVIDA_2a-edicio\u0301n_Grupo-1.jpg\" alt=\"2a edicio\u0301n Grupo\" class=\"wp-image-378\" srcset=\"https:\/\/www.upo.es\/fevida\/wp-content\/uploads\/2021\/07\/Fotos-FEVIDA_2a-edicio\u0301n_Grupo-1.jpg 800w, https:\/\/www.upo.es\/fevida\/wp-content\/uploads\/2021\/07\/Fotos-FEVIDA_2a-edicio\u0301n_Grupo-1-300x225.jpg 300w, https:\/\/www.upo.es\/fevida\/wp-content\/uploads\/2021\/07\/Fotos-FEVIDA_2a-edicio\u0301n_Grupo-1-768x576.jpg 768w, https:\/\/www.upo.es\/fevida\/wp-content\/uploads\/2021\/07\/Fotos-FEVIDA_2a-edicio\u0301n_Grupo-1-540x405.jpg 540w\" sizes=\"(max-width: 800px) 100vw, 800px\" \/><figcaption class=\"wp-element-caption\"><strong>Segunda Edici\u00f3n FEVIDA &#8211; Grupo<\/strong><\/figcaption><\/figure>\n\n\n\n<figure class=\"wp-block-image size-large has-lightbox\"><img decoding=\"async\" width=\"800\" height=\"600\" src=\"https:\/\/www.upo.es\/fevida\/wp-content\/uploads\/2021\/07\/Fotos-FEVIDA_1a-edicio\u0301n_Grupo-en-la-UPO.jpg\" alt=\"1a edicio\u0301n Grupo\" class=\"wp-image-361\" srcset=\"https:\/\/www.upo.es\/fevida\/wp-content\/uploads\/2021\/07\/Fotos-FEVIDA_1a-edicio\u0301n_Grupo-en-la-UPO.jpg 800w, https:\/\/www.upo.es\/fevida\/wp-content\/uploads\/2021\/07\/Fotos-FEVIDA_1a-edicio\u0301n_Grupo-en-la-UPO-300x225.jpg 300w, https:\/\/www.upo.es\/fevida\/wp-content\/uploads\/2021\/07\/Fotos-FEVIDA_1a-edicio\u0301n_Grupo-en-la-UPO-768x576.jpg 768w, https:\/\/www.upo.es\/fevida\/wp-content\/uploads\/2021\/07\/Fotos-FEVIDA_1a-edicio\u0301n_Grupo-en-la-UPO-540x405.jpg 540w\" sizes=\"(max-width: 800px) 100vw, 800px\" \/><figcaption class=\"wp-element-caption\"><strong>Primera Edici\u00f3n FEVIDA &#8211; Grupo<\/strong><\/figcaption><\/figure>\n<\/div>\n<\/div>\n","protected":false},"excerpt":{"rendered":"<p>En FEVIDA pueden participar mujeres y hombresdesde los 18 a\u00f1os hasta los 29 a\u00f1osque tengan reconocida oficialmente una discapacidad intelectualdel 33 por ciento o mayor del 33 por&hellip;<\/p>\n","protected":false},"author":1,"featured_media":0,"parent":0,"menu_order":0,"comment_status":"closed","ping_status":"closed","template":"template-full-width.php","meta":{"_coblocks_attr":"","_coblocks_dimensions":"","_coblocks_responsive_height":"","_coblocks_accordion_ie_support":"","footnotes":""},"class_list":["post-31","page","type-page","status-publish","has-post-thumbnail","hentry"],"uagb_featured_image_src":{"full":false,"thumbnail":false,"medium":false,"medium_large":false,"large":false,"1536x1536":false,"2048x2048":false,"post-thumbnail":false,"chaplin_preview_image_low_resolution":false,"chaplin_preview_image_high_resolution":false,"chaplin_fullscreen":false},"uagb_author_info":{"display_name":"fevida","author_link":"https:\/\/www.upo.es\/fevida\/author\/fevida\/"},"uagb_comment_info":0,"uagb_excerpt":"En FEVIDA pueden participar mujeres y hombresdesde los 18 a\u00f1os hasta los 29 a\u00f1osque tengan reconocida oficialmente una discapacidad intelectualdel 33 por ciento o mayor del 33 por&hellip;","_links":{"self":[{"href":"https:\/\/www.upo.es\/fevida\/wp-json\/wp\/v2\/pages\/31","targetHints":{"allow":["GET"]}}],"collection":[{"href":"https:\/\/www.upo.es\/fevida\/wp-json\/wp\/v2\/pages"}],"about":[{"href":"https:\/\/www.upo.es\/fevida\/wp-json\/wp\/v2\/types\/page"}],"author":[{"embeddable":true,"href":"https:\/\/www.upo.es\/fevida\/wp-json\/wp\/v2\/users\/1"}],"replies":[{"embeddable":true,"href":"https:\/\/www.upo.es\/fevida\/wp-json\/wp\/v2\/comments?post=31"}],"version-history":[{"count":20,"href":"https:\/\/www.upo.es\/fevida\/wp-json\/wp\/v2\/pages\/31\/revisions"}],"predecessor-version":[{"id":1467,"href":"https:\/\/www.upo.es\/fevida\/wp-json\/wp\/v2\/pages\/31\/revisions\/1467"}],"wp:attachment":[{"href":"https:\/\/www.upo.es\/fevida\/wp-json\/wp\/v2\/media?parent=31"}],"curies":[{"name":"wp","href":"https:\/\/api.w.org\/{rel}","templated":true}]}}