{"id":32,"date":"2021-06-29T16:02:35","date_gmt":"2021-06-29T16:02:35","guid":{"rendered":"https:\/\/www.upo.es\/fevida\/?page_id=32"},"modified":"2023-09-22T09:26:32","modified_gmt":"2023-09-22T09:26:32","slug":"como-apuntarse","status":"publish","type":"page","link":"https:\/\/www.upo.es\/fevida\/como-apuntarse\/","title":{"rendered":"C\u00f3mo puedes apuntarte"},"content":{"rendered":"\n<p class=\"has-normal-font-size\">La inscripci\u00f3n al curso es por internet.<br>Pide ayuda a tu familia o a tu asociaci\u00f3n.<br>Primero ten\u00e9is que solicitar una reserva de plaza.<\/p>\n\n\n\n<div style=\"height:24px\" aria-hidden=\"true\" class=\"wp-block-spacer\"><\/div>\n\n\n\n<p class=\"has-normal-font-size\">Para reservar la plaza tienes que entregar:<\/p>\n\n\n\n<ul class=\"has-normal-font-size wp-block-list\">\n<li>El certificado de discapacidad<\/li>\n\n\n\n<li>El certificado de estar inscrito en el Sistema Nacional de garant\u00eda juvenil.<\/li>\n\n\n\n<li>Una copia escaneada de tu DNI<\/li>\n\n\n\n<li>Un CV (curr\u00edculum vitae) actual.<\/li>\n<\/ul>\n\n\n\n<div style=\"height:31px\" aria-hidden=\"true\" class=\"wp-block-spacer\"><\/div>\n\n\n\n<p class=\"has-normal-font-size\">La solicitud de reserva de plaza para la VII edici\u00f3n<br>es hasta el <strong>10 de octubre de 2023.<\/strong><br>Las entrevistas para seleccionar a los alumnos y alumnas<br>son del 16 al 19 de octubre de octubre de 2023.<br>El 20 de octubre de 2023 se publicar\u00e1 la selecci\u00f3n.<br>Si te eligen, tienes que matricularte antes del 26 de octubre de 2023.<\/p>\n\n\n\n<div style=\"height:33px\" aria-hidden=\"true\" class=\"wp-block-spacer\"><\/div>\n\n\n\n<p class=\"has-normal-font-size\">El curso es gratuito, no cuesta dinero<br>porque la Universidad recibe financiaci\u00f3n<br>de la Fundaci\u00f3n ONCE y la Uni\u00f3n Europea.<\/p>\n\n\n\n<p class=\"has-normal-font-size\">Solo tendr\u00e1s que pagar el carnet de estudiante <br>y el t\u00edtulo oficial del curso.<\/p>\n\n\n\n<div style=\"height:37px\" aria-hidden=\"true\" class=\"wp-block-spacer\"><\/div>\n\n\n\n<p class=\"has-normal-font-size\">La reserva de plaza se hace aqu\u00ed:<br><a href=\"https:\/\/www.upo.es\/formacionpermanente\/certificado-universitario\/formacion-para-el-empleo-y-la-vida-autonoma\/\">https:\/\/www.upo.es\/formacionpermanente\/certificado-universitario\/formacion-para-el-empleo-y-la-vida-autonoma\/<\/a> <\/p>\n","protected":false},"excerpt":{"rendered":"<p>La inscripci\u00f3n al curso es por internet.Pide ayuda a tu familia o a tu asociaci\u00f3n.Primero ten\u00e9is que solicitar una reserva de plaza. Para reservar la plaza tienes que&hellip;<\/p>\n","protected":false},"author":1,"featured_media":0,"parent":0,"menu_order":0,"comment_status":"closed","ping_status":"closed","template":"","meta":{"_coblocks_attr":"","_coblocks_dimensions":"","_coblocks_responsive_height":"","_coblocks_accordion_ie_support":"","footnotes":""},"class_list":["post-32","page","type-page","status-publish","has-post-thumbnail","hentry"],"uagb_featured_image_src":{"full":false,"thumbnail":false,"medium":false,"medium_large":false,"large":false,"1536x1536":false,"2048x2048":false,"post-thumbnail":false,"chaplin_preview_image_low_resolution":false,"chaplin_preview_image_high_resolution":false,"chaplin_fullscreen":false},"uagb_author_info":{"display_name":"fevida","author_link":"https:\/\/www.upo.es\/fevida\/author\/fevida\/"},"uagb_comment_info":0,"uagb_excerpt":"La inscripci\u00f3n al curso es por internet.Pide ayuda a tu familia o a tu asociaci\u00f3n.Primero ten\u00e9is que solicitar una reserva de plaza. Para reservar la plaza tienes que&hellip;","_links":{"self":[{"href":"https:\/\/www.upo.es\/fevida\/wp-json\/wp\/v2\/pages\/32","targetHints":{"allow":["GET"]}}],"collection":[{"href":"https:\/\/www.upo.es\/fevida\/wp-json\/wp\/v2\/pages"}],"about":[{"href":"https:\/\/www.upo.es\/fevida\/wp-json\/wp\/v2\/types\/page"}],"author":[{"embeddable":true,"href":"https:\/\/www.upo.es\/fevida\/wp-json\/wp\/v2\/users\/1"}],"replies":[{"embeddable":true,"href":"https:\/\/www.upo.es\/fevida\/wp-json\/wp\/v2\/comments?post=32"}],"version-history":[{"count":21,"href":"https:\/\/www.upo.es\/fevida\/wp-json\/wp\/v2\/pages\/32\/revisions"}],"predecessor-version":[{"id":1472,"href":"https:\/\/www.upo.es\/fevida\/wp-json\/wp\/v2\/pages\/32\/revisions\/1472"}],"wp:attachment":[{"href":"https:\/\/www.upo.es\/fevida\/wp-json\/wp\/v2\/media?parent=32"}],"curies":[{"name":"wp","href":"https:\/\/api.w.org\/{rel}","templated":true}]}}