{"id":33,"date":"2021-06-29T16:02:35","date_gmt":"2021-06-29T16:02:35","guid":{"rendered":"https:\/\/www.upo.es\/fevida\/?page_id=33"},"modified":"2021-10-24T21:27:25","modified_gmt":"2021-10-24T21:27:25","slug":"seleccion","status":"publish","type":"page","link":"https:\/\/www.upo.es\/fevida\/seleccion\/","title":{"rendered":"C\u00f3mo es la selecci\u00f3n"},"content":{"rendered":"\n<p class=\"has-normal-font-size\">El alumnado es elegido en una entrevista<br>con cada persona individualmente<br>y con sus familias o tutores\/as.<\/p>\n\n\n\n<div style=\"height:22px\" aria-hidden=\"true\" class=\"wp-block-spacer\"><\/div>\n\n\n\n<p class=\"has-normal-font-size\">En esta entrevista valoran:<\/p>\n\n\n\n<ul class=\"has-normal-font-size wp-block-list\"><li>si puedes desplazarte aut\u00f3nomamente a la universidad<\/li><li>si no tienes problemas de salud mental grave<\/li><li>si sabes leer, escribir y tienes conocimientos b\u00e1sicos de c\u00e1lculo<\/li><li>si quieres realmente formarte en la universidad<\/li><li>si tienes una conducta adecuada para estar en la universidad<\/li><\/ul>\n\n\n\n<div style=\"height:19px\" aria-hidden=\"true\" class=\"wp-block-spacer\"><\/div>\n\n\n\n<p class=\"has-normal-font-size\">Tambi\u00e9n es mejor si los alumnos y alumnas<br>est\u00e1n capacitados jur\u00eddicamente.<br>Si tiene capacidad jur\u00eddica modificada tambi\u00e9n puede entrar<br>pero tendr\u00e1 menos puntos en la entrevista.<\/p>\n\n\n\n<div style=\"height:19px\" aria-hidden=\"true\" class=\"wp-block-spacer\"><\/div>\n\n\n\n<p class=\"has-normal-font-size\">Se busca que haya el mismo n\u00famero<br>de hombres que de mujeres.<\/p>\n","protected":false},"excerpt":{"rendered":"<p>El alumnado es elegido en una entrevistacon cada persona individualmentey con sus familias o tutores\/as. En esta entrevista valoran: si puedes desplazarte aut\u00f3nomamente a la universidad si no&hellip;<\/p>\n","protected":false},"author":1,"featured_media":0,"parent":0,"menu_order":0,"comment_status":"closed","ping_status":"closed","template":"","meta":{"_coblocks_attr":"","_coblocks_dimensions":"","_coblocks_responsive_height":"","_coblocks_accordion_ie_support":"","footnotes":""},"class_list":["post-33","page","type-page","status-publish","has-post-thumbnail","hentry"],"uagb_featured_image_src":{"full":false,"thumbnail":false,"medium":false,"medium_large":false,"large":false,"1536x1536":false,"2048x2048":false,"post-thumbnail":false,"chaplin_preview_image_low_resolution":false,"chaplin_preview_image_high_resolution":false,"chaplin_fullscreen":false},"uagb_author_info":{"display_name":"fevida","author_link":"https:\/\/www.upo.es\/fevida\/author\/fevida\/"},"uagb_comment_info":0,"uagb_excerpt":"El alumnado es elegido en una entrevistacon cada persona individualmentey con sus familias o tutores\/as. En esta entrevista valoran: si puedes desplazarte aut\u00f3nomamente a la universidad si no&hellip;","_links":{"self":[{"href":"https:\/\/www.upo.es\/fevida\/wp-json\/wp\/v2\/pages\/33","targetHints":{"allow":["GET"]}}],"collection":[{"href":"https:\/\/www.upo.es\/fevida\/wp-json\/wp\/v2\/pages"}],"about":[{"href":"https:\/\/www.upo.es\/fevida\/wp-json\/wp\/v2\/types\/page"}],"author":[{"embeddable":true,"href":"https:\/\/www.upo.es\/fevida\/wp-json\/wp\/v2\/users\/1"}],"replies":[{"embeddable":true,"href":"https:\/\/www.upo.es\/fevida\/wp-json\/wp\/v2\/comments?post=33"}],"version-history":[{"count":10,"href":"https:\/\/www.upo.es\/fevida\/wp-json\/wp\/v2\/pages\/33\/revisions"}],"predecessor-version":[{"id":773,"href":"https:\/\/www.upo.es\/fevida\/wp-json\/wp\/v2\/pages\/33\/revisions\/773"}],"wp:attachment":[{"href":"https:\/\/www.upo.es\/fevida\/wp-json\/wp\/v2\/media?parent=33"}],"curies":[{"name":"wp","href":"https:\/\/api.w.org\/{rel}","templated":true}]}}