{"id":34,"date":"2021-06-29T16:02:35","date_gmt":"2021-06-29T16:02:35","guid":{"rendered":"https:\/\/www.upo.es\/fevida\/?page_id=34"},"modified":"2023-07-04T08:44:28","modified_gmt":"2023-07-04T08:44:28","slug":"que-aprendes","status":"publish","type":"page","link":"https:\/\/www.upo.es\/fevida\/que-aprendes\/","title":{"rendered":"Qu\u00e9 vas a aprender"},"content":{"rendered":"\n<h2 class=\"wp-block-heading\">Plan de Estudios<\/h2>\n\n\n\n<div class=\"wp-block-columns is-layout-flex wp-container-core-columns-is-layout-9d6595d7 wp-block-columns-is-layout-flex\">\n<div class=\"wp-block-column is-layout-flow wp-block-column-is-layout-flow\" style=\"flex-basis:50%\">\n<p class=\"has-normal-font-size\">\u00bfCu\u00e1les son las asignaturas que voy a estudiar en el programa FEVIDA?<\/p>\n\n\n\n<div style=\"height:30px\" aria-hidden=\"true\" class=\"wp-block-spacer\"><\/div>\n\n\n\n<p class=\"has-normal-font-size\">El Plan de estudios es el grupo de asignaturas y actividades del curso. Las asignaturas se agrupan en m\u00f3dulos.<\/p>\n<\/div>\n\n\n\n<div class=\"wp-block-column is-layout-flow wp-block-column-is-layout-flow\" style=\"flex-basis:50%\"><\/div>\n<\/div>\n\n\n\n<div class=\"wp-block-columns is-layout-flex wp-container-core-columns-is-layout-9d6595d7 wp-block-columns-is-layout-flex\">\n<div class=\"wp-block-column is-layout-flow wp-block-column-is-layout-flow\" style=\"flex-basis:50%\">\n<div class=\"wp-block-group\"><div class=\"wp-block-group__inner-container is-layout-flow wp-block-group-is-layout-flow\">\n<div class=\"wp-block-group\"><div class=\"wp-block-group__inner-container is-layout-flow wp-block-group-is-layout-flow\">\n<figure class=\"wp-block-table\"><table><tbody><tr><td><br><strong>M\u00f3dulo 1. Formaci\u00f3n en comunicaci\u00f3n, habilidades sociales, emocionales, entrenamiento cognitivo<\/strong><br><\/td><\/tr><tr><td><br>&#8211; Habilidades Sociales y de la Comunicaci\u00f3n<br>&#8211; Gesti\u00f3n de las Emociones y el Conflicto<br>&#8211; Seminario Ingl\u00e9s B\u00e1sico Funcional<br>&#8211; Seminario TICs (Tecnolog\u00edas de la informaci\u00f3n y la comunicaci\u00f3n)<br><\/td><\/tr><tr><td><br><strong>M\u00f3dulo 2. Formaci\u00f3n espec\u00edfica\/vocacional<\/strong><br><\/td><\/tr><tr><td><br>&#8211; Itinerarios personales de inserci\u00f3n socio-laboral<br>La inserci\u00f3n es la incorporaci\u00f3n de una persona<br>o una cosa en algo para formar parte de ello.<br><br>&#8211; Habilidades b\u00e1sicas para la autogesti\u00f3n previa al empleo<br>&#8211; Seminarios de Empleo I: Emprendimiento, Nuevas F\u00f3rmulas de Econom\u00eda Colaborativa, Arte y Creatividad; Solidaridad y sus puentes a la empleabilidad<br><\/td><\/tr><tr><td><br><strong>M\u00f3dulo 3. Formaci\u00f3n en habilidades laborales<\/strong><br><\/td><\/tr><tr><td><br>&#8211; Seminarios de Empleo II: Auxiliar de reposici\u00f3n y servicios comerciales; Auxiliar de protocolo y eventos culturales y sociales<br><\/td><\/tr><tr><td><br><strong>M\u00f3dulo 4. Apoyos para la Autonom\u00eda<\/strong><br><\/td><\/tr><tr><td><br>&#8211; Apoyos para la Autonom\u00eda y Vida Independiente<br><\/td><\/tr><tr><td><br><strong>M\u00f3dulo 5: Pr\u00e1cticas en Empresa<\/strong><br><\/td><\/tr><tr><td><br><strong>M\u00f3dulo 6: Acci\u00f3n Tutorial<\/strong><br><\/td><\/tr><tr><td><br><strong>M\u00f3dulo 7: Semana de Inmersi\u00f3n Comunitaria para la Vida Aut\u00f3noma<\/strong><br><\/td><\/tr><\/tbody><\/table><\/figure>\n<\/div><\/div>\n<\/div><\/div>\n<\/div>\n\n\n\n<div class=\"wp-block-column is-layout-flow wp-block-column-is-layout-flow\" style=\"flex-basis:40%\">\n<div style=\"height:18px\" aria-hidden=\"true\" class=\"wp-block-spacer\"><\/div>\n\n\n\n<figure class=\"wp-block-image size-large\"><img decoding=\"async\" width=\"800\" height=\"600\" src=\"https:\/\/www.upo.es\/fevida\/wp-content\/uploads\/2021\/07\/Fotos-FEVIDA_Que-aprendemos_1.jpg\" alt=\"\" class=\"wp-image-575\" srcset=\"https:\/\/www.upo.es\/fevida\/wp-content\/uploads\/2021\/07\/Fotos-FEVIDA_Que-aprendemos_1.jpg 800w, https:\/\/www.upo.es\/fevida\/wp-content\/uploads\/2021\/07\/Fotos-FEVIDA_Que-aprendemos_1-300x225.jpg 300w, https:\/\/www.upo.es\/fevida\/wp-content\/uploads\/2021\/07\/Fotos-FEVIDA_Que-aprendemos_1-768x576.jpg 768w, https:\/\/www.upo.es\/fevida\/wp-content\/uploads\/2021\/07\/Fotos-FEVIDA_Que-aprendemos_1-540x405.jpg 540w\" sizes=\"(max-width: 800px) 100vw, 800px\" \/><figcaption class=\"wp-element-caption\"><strong>Cuarta Edici\u00f3n FEVIDA &#8211; Inauguraci\u00f3n del curso acad\u00e9mico<\/strong><\/figcaption><\/figure>\n\n\n\n<figure class=\"wp-block-image size-full\"><img decoding=\"async\" width=\"800\" height=\"600\" src=\"https:\/\/www.upo.es\/fevida\/wp-content\/uploads\/2021\/08\/Fotos-FEVIDA_3a-edicio\u0301n_inauguracion.jpg\" alt=\"\" class=\"wp-image-638\" srcset=\"https:\/\/www.upo.es\/fevida\/wp-content\/uploads\/2021\/08\/Fotos-FEVIDA_3a-edicio\u0301n_inauguracion.jpg 800w, https:\/\/www.upo.es\/fevida\/wp-content\/uploads\/2021\/08\/Fotos-FEVIDA_3a-edicio\u0301n_inauguracion-300x225.jpg 300w, https:\/\/www.upo.es\/fevida\/wp-content\/uploads\/2021\/08\/Fotos-FEVIDA_3a-edicio\u0301n_inauguracion-768x576.jpg 768w, https:\/\/www.upo.es\/fevida\/wp-content\/uploads\/2021\/08\/Fotos-FEVIDA_3a-edicio\u0301n_inauguracion-540x405.jpg 540w\" sizes=\"(max-width: 800px) 100vw, 800px\" \/><figcaption class=\"wp-element-caption\"><strong>Tercera Edici\u00f3n FEVIDA &#8211; Inauguraci\u00f3n del curso acad\u00e9mico<\/strong><\/figcaption><\/figure>\n\n\n\n<figure class=\"wp-block-image size-large\"><img decoding=\"async\" width=\"800\" height=\"600\" src=\"https:\/\/www.upo.es\/fevida\/wp-content\/uploads\/2021\/07\/Fotos-FEVIDA_4a-edicio\u0301n_Taller-Creatividad-en-el-aula.jpg\" alt=\"4a edicio\u0301n Taller Creatividad\" class=\"wp-image-337\" srcset=\"https:\/\/www.upo.es\/fevida\/wp-content\/uploads\/2021\/07\/Fotos-FEVIDA_4a-edicio\u0301n_Taller-Creatividad-en-el-aula.jpg 800w, https:\/\/www.upo.es\/fevida\/wp-content\/uploads\/2021\/07\/Fotos-FEVIDA_4a-edicio\u0301n_Taller-Creatividad-en-el-aula-300x225.jpg 300w, https:\/\/www.upo.es\/fevida\/wp-content\/uploads\/2021\/07\/Fotos-FEVIDA_4a-edicio\u0301n_Taller-Creatividad-en-el-aula-768x576.jpg 768w, https:\/\/www.upo.es\/fevida\/wp-content\/uploads\/2021\/07\/Fotos-FEVIDA_4a-edicio\u0301n_Taller-Creatividad-en-el-aula-540x405.jpg 540w\" sizes=\"(max-width: 800px) 100vw, 800px\" \/><figcaption class=\"wp-element-caption\"><strong>Cuarta Edici\u00f3n FEVIDA<\/strong> &#8211; <strong>Seminario de Creatividad<\/strong><\/figcaption><\/figure>\n\n\n\n<figure class=\"wp-block-image size-full\"><img decoding=\"async\" width=\"800\" height=\"600\" src=\"https:\/\/www.upo.es\/fevida\/wp-content\/uploads\/2021\/08\/Fotos-FEVIDA_2a-edicio\u0301n_Flora-Tristan_nueva-1.jpg\" alt=\"\" class=\"wp-image-644\" srcset=\"https:\/\/www.upo.es\/fevida\/wp-content\/uploads\/2021\/08\/Fotos-FEVIDA_2a-edicio\u0301n_Flora-Tristan_nueva-1.jpg 800w, https:\/\/www.upo.es\/fevida\/wp-content\/uploads\/2021\/08\/Fotos-FEVIDA_2a-edicio\u0301n_Flora-Tristan_nueva-1-300x225.jpg 300w, https:\/\/www.upo.es\/fevida\/wp-content\/uploads\/2021\/08\/Fotos-FEVIDA_2a-edicio\u0301n_Flora-Tristan_nueva-1-768x576.jpg 768w, https:\/\/www.upo.es\/fevida\/wp-content\/uploads\/2021\/08\/Fotos-FEVIDA_2a-edicio\u0301n_Flora-Tristan_nueva-1-540x405.jpg 540w\" sizes=\"(max-width: 800px) 100vw, 800px\" \/><figcaption class=\"wp-element-caption\"><meta charset=\"utf-8\"><strong>Segunda edici\u00f3n FEVIDA &#8211; Experiencia en Residencia Flora Trist\u00e1n<\/strong><\/figcaption><\/figure>\n\n\n\n<figure class=\"wp-block-image size-large\"><img decoding=\"async\" width=\"800\" height=\"600\" src=\"https:\/\/www.upo.es\/fevida\/wp-content\/uploads\/2021\/07\/Fotos-FEVIDA_1a-edicio\u0301n_Grupo.jpg\" alt=\"1a edicio\u0301n Residencia Flora Trist\u00e1n\" class=\"wp-image-362\" srcset=\"https:\/\/www.upo.es\/fevida\/wp-content\/uploads\/2021\/07\/Fotos-FEVIDA_1a-edicio\u0301n_Grupo.jpg 800w, https:\/\/www.upo.es\/fevida\/wp-content\/uploads\/2021\/07\/Fotos-FEVIDA_1a-edicio\u0301n_Grupo-300x225.jpg 300w, https:\/\/www.upo.es\/fevida\/wp-content\/uploads\/2021\/07\/Fotos-FEVIDA_1a-edicio\u0301n_Grupo-768x576.jpg 768w, https:\/\/www.upo.es\/fevida\/wp-content\/uploads\/2021\/07\/Fotos-FEVIDA_1a-edicio\u0301n_Grupo-540x405.jpg 540w\" sizes=\"(max-width: 800px) 100vw, 800px\" \/><figcaption class=\"wp-element-caption\"><strong>Primera edici\u00f3n FEVIDA &#8211; Experiencia en Residencia Flora Trist\u00e1n<\/strong><\/figcaption><\/figure>\n<\/div>\n<\/div>\n\n\n\n<div style=\"height:40px\" aria-hidden=\"true\" class=\"wp-block-spacer\"><\/div>\n\n\n\n<div style=\"height:18px\" aria-hidden=\"true\" class=\"wp-block-spacer\"><\/div>\n\n\n\n<h2 class=\"wp-block-heading\">\u00bfD\u00f3nde y cu\u00e1ndo es el curso?<\/h2>\n\n\n\n<div class=\"wp-block-columns is-layout-flex wp-container-core-columns-is-layout-9d6595d7 wp-block-columns-is-layout-flex\">\n<div class=\"wp-block-column is-layout-flow wp-block-column-is-layout-flow\" style=\"flex-basis:50%\">\n<p class=\"has-normal-font-size\">La ense\u00f1anza del curso es presencial<br>en la Universidad Pablo de Olavide<br>que est\u00e1 en la Ctra. De Utrera km 1 de Sevilla.<\/p>\n\n\n\n<div style=\"height:19px\" aria-hidden=\"true\" class=\"wp-block-spacer\"><\/div>\n\n\n\n<p class=\"has-normal-font-size\">Las clases son de lunes a viernes de 9 a 2 de la tarde.<br>La fecha de inicio del curso es noviembre de 2023.<br>La fecha de finalizaci\u00f3n es en junio de 2024.<\/p>\n<\/div>\n\n\n\n<div class=\"wp-block-column is-layout-flow wp-block-column-is-layout-flow\" style=\"flex-basis:40%\">\n<figure class=\"wp-block-image size-large has-lightbox\"><img decoding=\"async\" width=\"800\" height=\"600\" src=\"https:\/\/www.upo.es\/fevida\/wp-content\/uploads\/2021\/07\/UPO_Campus.jpg\" alt=\"Foto del campus de la UPO\" class=\"wp-image-500\" srcset=\"https:\/\/www.upo.es\/fevida\/wp-content\/uploads\/2021\/07\/UPO_Campus.jpg 800w, https:\/\/www.upo.es\/fevida\/wp-content\/uploads\/2021\/07\/UPO_Campus-300x225.jpg 300w, https:\/\/www.upo.es\/fevida\/wp-content\/uploads\/2021\/07\/UPO_Campus-768x576.jpg 768w, https:\/\/www.upo.es\/fevida\/wp-content\/uploads\/2021\/07\/UPO_Campus-540x405.jpg 540w\" sizes=\"(max-width: 800px) 100vw, 800px\" \/><figcaption class=\"wp-element-caption\"><strong>Campus de la Universidad Pablo de Olavide <\/strong><\/figcaption><\/figure>\n<\/div>\n<\/div>\n\n\n\n<div style=\"height:16px\" aria-hidden=\"true\" class=\"wp-block-spacer\"><\/div>\n\n\n\n<h2 class=\"wp-block-heading\">Metodolog\u00eda<\/h2>\n\n\n\n<div class=\"wp-block-columns is-layout-flex wp-container-core-columns-is-layout-9d6595d7 wp-block-columns-is-layout-flex\">\n<div class=\"wp-block-column is-layout-flow wp-block-column-is-layout-flow\" style=\"flex-basis:50%\">\n<p class=\"has-normal-font-size\">\u00bfC\u00f3mo nos ense\u00f1an?<\/p>\n\n\n\n<p class=\"has-normal-font-size\">Los contenidos son variados<br>y tienen en cuenta la accesibilidad cognitiva.<br>Tienes tutor\u00edas individuales<br>y hay talleres con tu familia o tutores\/as.<\/p>\n\n\n\n<div style=\"height:20px\" aria-hidden=\"true\" class=\"wp-block-spacer\"><\/div>\n\n\n\n<p class=\"has-normal-font-size\">Algunas actividades son en grupo<br>con estudiantes de otras Facultades<br>con y sin discapacidad.<\/p>\n\n\n\n<div style=\"height:18px\" aria-hidden=\"true\" class=\"wp-block-spacer\"><\/div>\n\n\n\n<p class=\"has-normal-font-size\">Hay actividades de voluntariado, de ocio y de cultura.<br>Tambi\u00e9n invitamos a personas<br>que son especialistas en empleos con apoyo.<\/p>\n\n\n\n<div style=\"height:33px\" aria-hidden=\"true\" class=\"wp-block-spacer\"><\/div>\n\n\n\n<p class=\"has-normal-font-size\">Al final de todo celebramos el fin del curso<br>con una fiesta de graduaci\u00f3n<br>y te damos tu Diploma.<\/p>\n<\/div>\n\n\n\n<div class=\"wp-block-column is-vertically-aligned-top is-layout-flow wp-block-column-is-layout-flow\" style=\"flex-basis:40%\">\n<figure class=\"wp-block-image size-large has-lightbox\"><img decoding=\"async\" width=\"800\" height=\"600\" src=\"https:\/\/www.upo.es\/fevida\/wp-content\/uploads\/2021\/07\/Fotos-FEVIDA_3a-edicio\u0301n_clasedelimnologia.jpg\" alt=\"3a edicio\u0301n Clases en el Laboratorio\" class=\"wp-image-392\" srcset=\"https:\/\/www.upo.es\/fevida\/wp-content\/uploads\/2021\/07\/Fotos-FEVIDA_3a-edicio\u0301n_clasedelimnologia.jpg 800w, https:\/\/www.upo.es\/fevida\/wp-content\/uploads\/2021\/07\/Fotos-FEVIDA_3a-edicio\u0301n_clasedelimnologia-300x225.jpg 300w, https:\/\/www.upo.es\/fevida\/wp-content\/uploads\/2021\/07\/Fotos-FEVIDA_3a-edicio\u0301n_clasedelimnologia-768x576.jpg 768w, https:\/\/www.upo.es\/fevida\/wp-content\/uploads\/2021\/07\/Fotos-FEVIDA_3a-edicio\u0301n_clasedelimnologia-540x405.jpg 540w\" sizes=\"(max-width: 800px) 100vw, 800px\" \/><figcaption class=\"wp-element-caption\"><strong>Tercera Edici\u00f3n FEVIDA &#8211; Clases en el laboratorio con estudiantes de Ciencias Ambientales<\/strong><\/figcaption><\/figure>\n\n\n\n<figure class=\"wp-block-image size-large has-lightbox\"><img decoding=\"async\" width=\"800\" height=\"600\" src=\"https:\/\/www.upo.es\/fevida\/wp-content\/uploads\/2021\/07\/Fotos-FEVIDA_1a-edicio\u0301n_Yoga.jpg\" alt=\"1a edicio\u0301n Yoga\" class=\"wp-image-364\" srcset=\"https:\/\/www.upo.es\/fevida\/wp-content\/uploads\/2021\/07\/Fotos-FEVIDA_1a-edicio\u0301n_Yoga.jpg 800w, https:\/\/www.upo.es\/fevida\/wp-content\/uploads\/2021\/07\/Fotos-FEVIDA_1a-edicio\u0301n_Yoga-300x225.jpg 300w, https:\/\/www.upo.es\/fevida\/wp-content\/uploads\/2021\/07\/Fotos-FEVIDA_1a-edicio\u0301n_Yoga-768x576.jpg 768w, https:\/\/www.upo.es\/fevida\/wp-content\/uploads\/2021\/07\/Fotos-FEVIDA_1a-edicio\u0301n_Yoga-540x405.jpg 540w\" sizes=\"(max-width: 800px) 100vw, 800px\" \/><figcaption class=\"wp-element-caption\"><strong>Primera Edici\u00f3n FEVIDA &#8211; Seminario de creatividad<\/strong><\/figcaption><\/figure>\n\n\n\n<figure class=\"wp-block-image size-large has-lightbox\"><img decoding=\"async\" width=\"800\" height=\"600\" src=\"https:\/\/www.upo.es\/fevida\/wp-content\/uploads\/2021\/07\/Fotos-FEVIDA_3a-edicio\u0301n_Clausura1.jpg\" alt=\"3a edicio\u0301n Graduaci\u00f3n\" class=\"wp-image-391\" srcset=\"https:\/\/www.upo.es\/fevida\/wp-content\/uploads\/2021\/07\/Fotos-FEVIDA_3a-edicio\u0301n_Clausura1.jpg 800w, https:\/\/www.upo.es\/fevida\/wp-content\/uploads\/2021\/07\/Fotos-FEVIDA_3a-edicio\u0301n_Clausura1-300x225.jpg 300w, https:\/\/www.upo.es\/fevida\/wp-content\/uploads\/2021\/07\/Fotos-FEVIDA_3a-edicio\u0301n_Clausura1-768x576.jpg 768w, https:\/\/www.upo.es\/fevida\/wp-content\/uploads\/2021\/07\/Fotos-FEVIDA_3a-edicio\u0301n_Clausura1-540x405.jpg 540w\" sizes=\"(max-width: 800px) 100vw, 800px\" \/><figcaption class=\"wp-element-caption\"><strong>Tercera Edici\u00f3n FEVIDA &#8211; Graduaci\u00f3n<\/strong><\/figcaption><\/figure>\n<\/div>\n<\/div>\n\n\n\n<div style=\"height:15px\" aria-hidden=\"true\" class=\"wp-block-spacer\"><\/div>\n\n\n\n<h2 class=\"wp-block-heading\">Profesorado<\/h2>\n\n\n\n<div class=\"wp-block-columns is-layout-flex wp-container-core-columns-is-layout-9d6595d7 wp-block-columns-is-layout-flex\">\n<div class=\"wp-block-column is-layout-flow wp-block-column-is-layout-flow\" style=\"flex-basis:50%\">\n<p class=\"has-normal-font-size\">En FEVIDA te ense\u00f1a profesorado de universidad<br>y tambi\u00e9n de algunas asociaciones.<\/p>\n\n\n\n<p class=\"has-normal-font-size\">La UPO y las asociaciones trabajan juntas<br>cuando firman convenios de colaboraci\u00f3n<br>La UPO tiene convenios con la<strong> <a rel=\"noreferrer noopener\" href=\"http:\/\/www.asedown.org\/wp\/\" target=\"_blank\">Asociaci\u00f3n Down Sevilla<\/a><\/strong><\/p>\n\n\n\n<p class=\"has-normal-font-size\">Y la <a rel=\"noreferrer noopener\" href=\"http:\/\/www.pazbien.org\/la-entidad\/\" target=\"_blank\"><strong>Asociaci\u00f3n Paz y Bien<\/strong><\/a><\/p>\n\n\n\n<p class=\"has-normal-font-size\">Estas asociaciones ayudan con profesorado<br>De apoyo al empleo y a la inserci\u00f3n laboral<br>Tambi\u00e9n ayudan a elegir a los alumnos y alumnas.<\/p>\n<\/div>\n\n\n\n<div class=\"wp-block-column is-layout-flow wp-block-column-is-layout-flow\" style=\"flex-basis:40%\">\n<figure class=\"wp-block-image size-large has-lightbox\"><img decoding=\"async\" width=\"800\" height=\"600\" src=\"https:\/\/www.upo.es\/fevida\/wp-content\/uploads\/2021\/07\/Fotos-FEVIDA_4a-edicio\u0301n_NNTT.jpg\" alt=\"4a edicio\u0301n Clases\" class=\"wp-image-335\" srcset=\"https:\/\/www.upo.es\/fevida\/wp-content\/uploads\/2021\/07\/Fotos-FEVIDA_4a-edicio\u0301n_NNTT.jpg 800w, https:\/\/www.upo.es\/fevida\/wp-content\/uploads\/2021\/07\/Fotos-FEVIDA_4a-edicio\u0301n_NNTT-300x225.jpg 300w, https:\/\/www.upo.es\/fevida\/wp-content\/uploads\/2021\/07\/Fotos-FEVIDA_4a-edicio\u0301n_NNTT-768x576.jpg 768w, https:\/\/www.upo.es\/fevida\/wp-content\/uploads\/2021\/07\/Fotos-FEVIDA_4a-edicio\u0301n_NNTT-540x405.jpg 540w\" sizes=\"(max-width: 800px) 100vw, 800px\" \/><figcaption class=\"wp-element-caption\"><strong>Cuarta Edici\u00f3n FEVIDA &#8211; Clases<\/strong><\/figcaption><\/figure>\n<\/div>\n<\/div>\n\n\n\n<div style=\"height:15px\" aria-hidden=\"true\" class=\"wp-block-spacer\"><\/div>\n\n\n\n<h2 class=\"wp-block-heading\">Beneficios<\/h2>\n\n\n\n<div class=\"wp-block-columns is-layout-flex wp-container-core-columns-is-layout-9d6595d7 wp-block-columns-is-layout-flex\">\n<div class=\"wp-block-column is-layout-flow wp-block-column-is-layout-flow\" style=\"flex-basis:50%\">\n<p class=\"has-normal-font-size\">La experiencia universitaria en FEVIDA<br>te permite madurar y crecer como persona.<br>Podr\u00e1s hacer cosas como, por ejemplo <\/p>\n\n\n\n<ul id=\"block-c980f740-a253-44c0-b45c-e3d03afbab23\" class=\"is-style-default has-normal-font-size wp-block-list\">\n<li>conocer nuevas amistades<\/li>\n\n\n\n<li>aprender a resolver conflictos<\/li>\n\n\n\n<li>aprender a manejar dinero<\/li>\n\n\n\n<li>encontrar un empleo<\/li>\n\n\n\n<li>conocer tus derechos<\/li>\n\n\n\n<li>tomar decisiones sobre tu vida<\/li>\n\n\n\n<li>sentirte bien<\/li>\n\n\n\n<li>participar en la sociedad<\/li>\n\n\n\n<li>tener m\u00e1s seguridad en ti<\/li>\n<\/ul>\n<\/div>\n\n\n\n<div class=\"wp-block-column is-layout-flow wp-block-column-is-layout-flow\" style=\"flex-basis:40%\">\n<figure class=\"wp-block-image size-large has-lightbox\"><img decoding=\"async\" width=\"800\" height=\"600\" src=\"https:\/\/www.upo.es\/fevida\/wp-content\/uploads\/2021\/07\/Fotos-FEVIDA_4a-edicio\u0301n-grupo_2.jpg\" alt=\"4a edicio\u0301n Grupo\" class=\"wp-image-340\" srcset=\"https:\/\/www.upo.es\/fevida\/wp-content\/uploads\/2021\/07\/Fotos-FEVIDA_4a-edicio\u0301n-grupo_2.jpg 800w, https:\/\/www.upo.es\/fevida\/wp-content\/uploads\/2021\/07\/Fotos-FEVIDA_4a-edicio\u0301n-grupo_2-300x225.jpg 300w, https:\/\/www.upo.es\/fevida\/wp-content\/uploads\/2021\/07\/Fotos-FEVIDA_4a-edicio\u0301n-grupo_2-768x576.jpg 768w, https:\/\/www.upo.es\/fevida\/wp-content\/uploads\/2021\/07\/Fotos-FEVIDA_4a-edicio\u0301n-grupo_2-540x405.jpg 540w\" sizes=\"(max-width: 800px) 100vw, 800px\" \/><figcaption class=\"wp-element-caption\"><strong>Cuarta Edici\u00f3n FEVIDA &#8211; Grupo<\/strong><\/figcaption><\/figure>\n<\/div>\n<\/div>\n","protected":false},"excerpt":{"rendered":"<p>Plan de Estudios \u00bfCu\u00e1les son las asignaturas que voy a estudiar en el programa FEVIDA? El Plan de estudios es el grupo de asignaturas y actividades del curso.&hellip;<\/p>\n","protected":false},"author":1,"featured_media":0,"parent":0,"menu_order":0,"comment_status":"closed","ping_status":"closed","template":"template-full-width.php","meta":{"_coblocks_attr":"","_coblocks_dimensions":"","_coblocks_responsive_height":"","_coblocks_accordion_ie_support":"","footnotes":""},"class_list":["post-34","page","type-page","status-publish","has-post-thumbnail","hentry"],"uagb_featured_image_src":{"full":false,"thumbnail":false,"medium":false,"medium_large":false,"large":false,"1536x1536":false,"2048x2048":false,"post-thumbnail":false,"chaplin_preview_image_low_resolution":false,"chaplin_preview_image_high_resolution":false,"chaplin_fullscreen":false},"uagb_author_info":{"display_name":"fevida","author_link":"https:\/\/www.upo.es\/fevida\/author\/fevida\/"},"uagb_comment_info":0,"uagb_excerpt":"Plan de Estudios \u00bfCu\u00e1les son las asignaturas que voy a estudiar en el programa FEVIDA? El Plan de estudios es el grupo de asignaturas y actividades del curso.&hellip;","_links":{"self":[{"href":"https:\/\/www.upo.es\/fevida\/wp-json\/wp\/v2\/pages\/34","targetHints":{"allow":["GET"]}}],"collection":[{"href":"https:\/\/www.upo.es\/fevida\/wp-json\/wp\/v2\/pages"}],"about":[{"href":"https:\/\/www.upo.es\/fevida\/wp-json\/wp\/v2\/types\/page"}],"author":[{"embeddable":true,"href":"https:\/\/www.upo.es\/fevida\/wp-json\/wp\/v2\/users\/1"}],"replies":[{"embeddable":true,"href":"https:\/\/www.upo.es\/fevida\/wp-json\/wp\/v2\/comments?post=34"}],"version-history":[{"count":78,"href":"https:\/\/www.upo.es\/fevida\/wp-json\/wp\/v2\/pages\/34\/revisions"}],"predecessor-version":[{"id":1275,"href":"https:\/\/www.upo.es\/fevida\/wp-json\/wp\/v2\/pages\/34\/revisions\/1275"}],"wp:attachment":[{"href":"https:\/\/www.upo.es\/fevida\/wp-json\/wp\/v2\/media?parent=34"}],"curies":[{"name":"wp","href":"https:\/\/api.w.org\/{rel}","templated":true}]}}