{"id":35,"date":"2021-06-29T16:02:35","date_gmt":"2021-06-29T16:02:35","guid":{"rendered":"https:\/\/www.upo.es\/fevida\/?page_id=35"},"modified":"2022-07-05T11:56:18","modified_gmt":"2022-07-05T11:56:18","slug":"actividades","status":"publish","type":"page","link":"https:\/\/www.upo.es\/fevida\/actividades\/","title":{"rendered":"Qu\u00e9 actividades vas a realizar"},"content":{"rendered":"\n<div class=\"wp-block-columns is-layout-flex wp-container-core-columns-is-layout-9d6595d7 wp-block-columns-is-layout-flex\">\n<div class=\"wp-block-column is-layout-flow wp-block-column-is-layout-flow\" style=\"flex-basis:50%\">\n<p class=\"has-normal-font-size\">Adem\u00e1s de las asignaturas que vas a estudiar,<br>la Universidad propone unas actividades que te van a ayudar.<\/p>\n\n\n\n<p class=\"has-normal-font-size\">Tu formaci\u00f3n va a ser mejor y m\u00e1s completa con estas actividades:<\/p>\n\n\n\n<div style=\"height:132px\" aria-hidden=\"true\" class=\"wp-block-spacer\"><\/div>\n\n\n\n<h2 class=\"wp-block-heading\">En el campus<\/h2>\n\n\n\n<p class=\"has-normal-font-size\">Los alumnos y alumnas de FEVIDA pueden usar<br>todos los servicios de la Universidad Pablo de Olavide<br>y conviven con el estudiantado universitarios de otras titulaciones.<br>Por ejemplo, pueden usar la cafeter\u00eda, la biblioteca,<br>la sala de estudiantes, la cadena de radio Radio Olavide,<br>el Servicio de Cultura,<br>el aula de G\u00e9nero o el servicio de Deporte.<\/p>\n\n\n\n<div style=\"height:151px\" aria-hidden=\"true\" class=\"wp-block-spacer\"><\/div>\n\n\n\n<h2 class=\"wp-block-heading\">Residencia Flora Trist\u00e1n<\/h2>\n\n\n\n<p>Los alumnos y alumnas de FEVIDA viven<br>durante una semana en la Residencia Flora Trist\u00e1n.<br>La Residencia Flora Trist\u00e1n es una residencia universitaria.<br>All\u00ed viven estudiantes de la Universidad Pablo de Olavide.<br>Est\u00e1 en el Pol\u00edgono Sur.<\/p>\n\n\n\n<div style=\"height:35px\" aria-hidden=\"true\" class=\"wp-block-spacer\"><\/div>\n\n\n\n<p>Es una semana en la que realizan<br>las actividades de aseo, limpieza, alimentaci\u00f3n y compras.<br>Se vive en un piso junto a un compa\u00f1ero o compa\u00f1era de FEVIDA.<br>Los pisos tienen dos habitaciones, dos ba\u00f1os, un sal\u00f3n,<br>un cuarto de estudio y una cocina.<\/p>\n\n\n\n<div style=\"height:27px\" aria-hidden=\"true\" class=\"wp-block-spacer\"><\/div>\n\n\n\n<p>En esta semana tambi\u00e9n se realizan talleres en el barrio<br>como ir al Comisionado, visitar asociaciones,<br>hacer programas de radio o salidas con compa\u00f1eros o compa\u00f1eras.<\/p>\n\n\n\n<div style=\"height:30px\" aria-hidden=\"true\" class=\"wp-block-spacer\"><\/div>\n\n\n\n<p>Los alumnos y alumnas reciben apoyo de un compa\u00f1ero o compa\u00f1era<br>que se llama compa\u00f1ero de referencia,<br>que es una persona que vive en esa residencia<br>y ayuda en lo que necesitan.<\/p>\n\n\n\n<div style=\"height:30px\" aria-hidden=\"true\" class=\"wp-block-spacer\"><\/div>\n\n\n\n<p>\u00daltimas noticias sobre esta actividad:<\/p>\n\n\n\n<p><a href=\"https:\/\/www.upo.es\/diario\/cultura-social\/2021\/05\/el-alumnado-de-fevida-comienza-su-inmersion-en-la-residencia-universitaria-flora-tristan\/3\" target=\"_blank\" rel=\"noreferrer noopener\">https:\/\/www.upo.es\/diario\/cultura-social\/2021\/05\/el-alumnado-de-fevida-comienza-su-inmersion-en-la-residencia-universitaria-flora-tristan\/3<\/a><\/p>\n\n\n\n<p><a href=\"https:\/\/www.europapress.es\/andalucia\/sevilla-00357\/noticia-comienza-semana-inmersion-residencia-flora-tristan-alumnos-upo-diversidad-funcional-cognitiva-20200218133615.html\" target=\"_blank\" rel=\"noreferrer noopener\">https:\/\/www.europapress.es\/andalucia\/sevilla-00357\/noticia-comienza-semana-inmersion-residencia-flora-tristan-alumnos-upo-diversidad-funcional-cognitiva-20200218133615.html<\/a><\/p>\n\n\n\n<p><a href=\"https:\/\/radioabiertasevilla.com\/la-llegada-de-fevida-al-poligono-sur\/\" target=\"_blank\" rel=\"noreferrer noopener\">https:\/\/radioabiertasevilla.com\/la-llegada-de-fevida-al-poligono-sur\/<\/a><\/p>\n\n\n\n<p><a href=\"https:\/\/radioabiertasevilla.com\/mujeres-barrio-con-fevida\/\" target=\"_blank\" rel=\"noreferrer noopener\">https:\/\/radioabiertasevilla.com\/mujeres-barrio-con-fevida\/<\/a><\/p>\n<\/div>\n\n\n\n<div class=\"wp-block-column is-layout-flow wp-block-column-is-layout-flow\" style=\"flex-basis:40%\">\n<figure class=\"wp-block-image size-full\"><img decoding=\"async\" width=\"800\" height=\"600\" src=\"https:\/\/www.upo.es\/fevida\/wp-content\/uploads\/2021\/08\/Fotos-FEVIDA_3a-edicio\u0301n_inauguracion.jpg\" alt=\"3a Edici\u00f3n en la Inauguraci\u00f3n\" class=\"wp-image-638\" srcset=\"https:\/\/www.upo.es\/fevida\/wp-content\/uploads\/2021\/08\/Fotos-FEVIDA_3a-edicio\u0301n_inauguracion.jpg 800w, https:\/\/www.upo.es\/fevida\/wp-content\/uploads\/2021\/08\/Fotos-FEVIDA_3a-edicio\u0301n_inauguracion-300x225.jpg 300w, https:\/\/www.upo.es\/fevida\/wp-content\/uploads\/2021\/08\/Fotos-FEVIDA_3a-edicio\u0301n_inauguracion-768x576.jpg 768w, https:\/\/www.upo.es\/fevida\/wp-content\/uploads\/2021\/08\/Fotos-FEVIDA_3a-edicio\u0301n_inauguracion-540x405.jpg 540w\" sizes=\"(max-width: 800px) 100vw, 800px\" \/><figcaption><strong>Tercera edici\u00f3n FEVIDA &#8211; Inauguraci\u00f3n del curso acad\u00e9mico<\/strong><\/figcaption><\/figure>\n\n\n\n<figure class=\"wp-block-image size-large has-lightbox\"><img decoding=\"async\" width=\"800\" height=\"600\" src=\"https:\/\/www.upo.es\/fevida\/wp-content\/uploads\/2021\/07\/Fotos-FEVIDA_3a-edicio\u0301n_clasedelimnologia.jpg\" alt=\"3a edicio\u0301n Clases en el Laboratorio\" class=\"wp-image-392\" srcset=\"https:\/\/www.upo.es\/fevida\/wp-content\/uploads\/2021\/07\/Fotos-FEVIDA_3a-edicio\u0301n_clasedelimnologia.jpg 800w, https:\/\/www.upo.es\/fevida\/wp-content\/uploads\/2021\/07\/Fotos-FEVIDA_3a-edicio\u0301n_clasedelimnologia-300x225.jpg 300w, https:\/\/www.upo.es\/fevida\/wp-content\/uploads\/2021\/07\/Fotos-FEVIDA_3a-edicio\u0301n_clasedelimnologia-768x576.jpg 768w, https:\/\/www.upo.es\/fevida\/wp-content\/uploads\/2021\/07\/Fotos-FEVIDA_3a-edicio\u0301n_clasedelimnologia-540x405.jpg 540w\" sizes=\"(max-width: 800px) 100vw, 800px\" \/><figcaption><strong>Tercera edicio\u0301n FEVIDA &#8211; Clases de Limnolog\u00eda aplicada en el Laboratorio (Grado Ciencias Ambientales) con la profesora Antonia Jime\u0301nez Rodri\u0301guez<\/strong><\/figcaption><\/figure>\n\n\n\n<figure class=\"wp-block-image size-full\"><img decoding=\"async\" width=\"800\" height=\"600\" src=\"https:\/\/www.upo.es\/fevida\/wp-content\/uploads\/2021\/08\/Fotos-FEVIDA_2a-edicio\u0301n_Flora-Tristan_nueva.jpg\" alt=\"\" class=\"wp-image-634\" srcset=\"https:\/\/www.upo.es\/fevida\/wp-content\/uploads\/2021\/08\/Fotos-FEVIDA_2a-edicio\u0301n_Flora-Tristan_nueva.jpg 800w, https:\/\/www.upo.es\/fevida\/wp-content\/uploads\/2021\/08\/Fotos-FEVIDA_2a-edicio\u0301n_Flora-Tristan_nueva-300x225.jpg 300w, https:\/\/www.upo.es\/fevida\/wp-content\/uploads\/2021\/08\/Fotos-FEVIDA_2a-edicio\u0301n_Flora-Tristan_nueva-768x576.jpg 768w, https:\/\/www.upo.es\/fevida\/wp-content\/uploads\/2021\/08\/Fotos-FEVIDA_2a-edicio\u0301n_Flora-Tristan_nueva-540x405.jpg 540w\" sizes=\"(max-width: 800px) 100vw, 800px\" \/><figcaption><meta charset=\"utf-8\"><strong>Segunda edici\u00f3n FEVIDA &#8211; En Residencia Universitaria Flora Trist\u00e1n<\/strong><\/figcaption><\/figure>\n<\/div>\n<\/div>\n\n\n\n<div class=\"wp-block-columns is-layout-flex wp-container-core-columns-is-layout-9d6595d7 wp-block-columns-is-layout-flex\">\n<div class=\"wp-block-column is-layout-flow wp-block-column-is-layout-flow\" style=\"flex-basis:50%\">\n<h2 class=\"wp-block-heading\">Reuni\u00f3n con el alcalde<\/h2>\n\n\n\n<p>Los alumnos y alumnas de FEVIDA tienen una reuni\u00f3n&nbsp;<\/p>\n\n\n\n<p>con el alcalde de Sevilla y le proponen en esa reuni\u00f3n&nbsp;<\/p>\n\n\n\n<p>cosas para mejorar la vida de la ciudadan\u00eda.<\/p>\n<\/div>\n\n\n\n<div class=\"wp-block-column is-layout-flow wp-block-column-is-layout-flow\" style=\"flex-basis:40%\">\n<figure class=\"wp-block-image size-full\"><img decoding=\"async\" width=\"800\" height=\"600\" src=\"https:\/\/www.upo.es\/fevida\/wp-content\/uploads\/2021\/07\/Fotos-FEVIDA_2a-edicio\u0301n_Visita-Alcalde.jpg\" alt=\"2a edicio\u0301n Visita al alcalde\" class=\"wp-image-383\" srcset=\"https:\/\/www.upo.es\/fevida\/wp-content\/uploads\/2021\/07\/Fotos-FEVIDA_2a-edicio\u0301n_Visita-Alcalde.jpg 800w, https:\/\/www.upo.es\/fevida\/wp-content\/uploads\/2021\/07\/Fotos-FEVIDA_2a-edicio\u0301n_Visita-Alcalde-300x225.jpg 300w, https:\/\/www.upo.es\/fevida\/wp-content\/uploads\/2021\/07\/Fotos-FEVIDA_2a-edicio\u0301n_Visita-Alcalde-768x576.jpg 768w, https:\/\/www.upo.es\/fevida\/wp-content\/uploads\/2021\/07\/Fotos-FEVIDA_2a-edicio\u0301n_Visita-Alcalde-540x405.jpg 540w\" sizes=\"(max-width: 800px) 100vw, 800px\" \/><\/figure>\n<\/div>\n<\/div>\n\n\n\n<div class=\"wp-block-columns is-layout-flex wp-container-core-columns-is-layout-9d6595d7 wp-block-columns-is-layout-flex\">\n<div class=\"wp-block-column is-layout-flow wp-block-column-is-layout-flow\" style=\"flex-basis:50%\">\n<h2 class=\"wp-block-heading\">Pr\u00e1cticas en empresas<\/h2>\n\n\n\n<p>Se realizan pr\u00e1cticas en empresas, organizaciones sociales<br>o unidades de la Universidad Pablo de Olavide.<\/p>\n\n\n\n<div style=\"height:15px\" aria-hidden=\"true\" class=\"wp-block-spacer\"><\/div>\n\n\n\n<p><br>Para seleccionar el lugar donde se hacen<br>las empresas se tiene en cuenta los intereses del alumno o alumna.<br>Las pr\u00e1cticas son desde abril a mayo<br>y tienen una duraci\u00f3n de 100 horas.<\/p>\n\n\n\n<div style=\"height:21px\" aria-hidden=\"true\" class=\"wp-block-spacer\"><\/div>\n\n\n\n<p>Se realizan con una metodolog\u00eda de \u2018\u2019empleo con apoyos\u2019\u2019,<br>Se hace un acompa\u00f1amiento al principio de las pr\u00e1cticas<br>y se va retirando el apoyo con el paso de los d\u00edas.<\/p>\n\n\n\n<div style=\"height:27px\" aria-hidden=\"true\" class=\"wp-block-spacer\"><\/div>\n\n\n\n<p>Las empresas inclusivas con las que colaboramos son:<\/p>\n<\/div>\n\n\n\n<div class=\"wp-block-column is-layout-flow wp-block-column-is-layout-flow\" style=\"flex-basis:40%\">\n<figure class=\"wp-block-image size-full\"><img decoding=\"async\" width=\"800\" height=\"600\" src=\"https:\/\/www.upo.es\/fevida\/wp-content\/uploads\/2021\/11\/Fotos_empresainclusiva.jpg\" alt=\"Empresa inclusiva\" class=\"wp-image-863\" srcset=\"https:\/\/www.upo.es\/fevida\/wp-content\/uploads\/2021\/11\/Fotos_empresainclusiva.jpg 800w, https:\/\/www.upo.es\/fevida\/wp-content\/uploads\/2021\/11\/Fotos_empresainclusiva-300x225.jpg 300w, https:\/\/www.upo.es\/fevida\/wp-content\/uploads\/2021\/11\/Fotos_empresainclusiva-768x576.jpg 768w, https:\/\/www.upo.es\/fevida\/wp-content\/uploads\/2021\/11\/Fotos_empresainclusiva-540x405.jpg 540w\" sizes=\"(max-width: 800px) 100vw, 800px\" \/><\/figure>\n<\/div>\n<\/div>\n\n\n\n<div class=\"wp-block-columns is-layout-flex wp-container-core-columns-is-layout-9d6595d7 wp-block-columns-is-layout-flex\">\n<div class=\"wp-block-column is-layout-flow wp-block-column-is-layout-flow\">\n<ul class=\"is-style-default wp-block-list\"><li>ANIDI<\/li><li>ASOCIACION PAZ Y BIEN<\/li><li>ASOCIACI\u00d3N PRAXIS INCLUSI\u00d3N<\/li><li>AVANZA, EMPRESA DE INSERCI\u00d3N SL<\/li><li>AYUNTAMIENTO DE DOS HERMANAS<\/li><li>AYUNTAMIENTO DE SEVILLA. DELEGACI\u00d3N DE BIENESTAR SOCIAL Y EMPLEO<\/li><li>AYUNTAMIENTO DE SEVILLA. DELEGACI\u00d3N DE BIENESTAR SOCIAL Y EMPLEO<\/li><li>CAMACHO Y CAPELLA FISIOTERAPIA SC<\/li><li>CENTRO ESPECIAL DE EMPLEO. ASOCIACI\u00d3N PAZ Y BIEN<\/li><li>CENTRO ESPECIAL DE EMPLEO. ASOCIACION PAZ Y BIEN.<\/li><li>CLINICA DENTAL ACEDO &amp; MARTIN<\/li><li>COMISI\u00d3N ESPA\u00d1OLA DE AYUDA AL REFUGIADO (CEAR)<\/li><li>CRUZ ROJA ESPA\u00d1OLA<\/li><li>CYF FISIOTERAPIA<\/li><li>EQUITACI\u00d3N ESPIGARES<\/li><li>ESCUELA SUPERIOR DE HOSTELER\u00cdA<\/li><li>EUSA (C\u00c1MARA DE COMERCIO)<\/li><li>FUNDACI\u00d3N ALTAVISTA<\/li><li>FUNDACI\u00d3N CAJASOL<\/li><li>FUNDACI\u00d3N TUTELAR TAU<\/li><li>GRUPO HERMANOS MART\u00cdN<\/li><li>HOTELES ILUNION<\/li><li>LEROY MERL\u00cdN &#8211; ALCAL\u00c1<\/li><li>LEROY MERL\u00cdN &#8211; DOS HERMANAS<\/li><li>LEROY MERLIN &#8211; TOMARES<\/li><li>MARTINEZ-LUNA ASESORES, SL<\/li><li>MINICLUB KAMALE\u00d3N<\/li><li>OFICINA DE PROTOCOLO. UNIVERSIDAD PABLO DE OLAVIDE<\/li><li>PARQUE I+D DEHESA DE VALME S.A<\/li><li>SALGAR MONTEQUINTO<\/li><li>SEABI. ASOCIACI\u00d3N PAZ Y BIEN<\/li><li>SERENISIMA IBERIA<\/li><li>SEVILLA F\u00daTBOL CLUB<\/li><li>UNIDAD DE CULTURA Y COMPROMISO SOCIAL. UNIVERSIDAD PABLO DE OLAVIDE<\/li><\/ul>\n\n\n\n<div style=\"height:35px\" aria-hidden=\"true\" class=\"wp-block-spacer\"><\/div>\n\n\n\n<p>Estamos abiertas a incorporar nuevas empresas,<br>\u00bfquieres formar parte de nuestra red de empresas inclusivas?<br>Escribe a fevida@upo.es<\/p>\n<\/div>\n\n\n\n<div class=\"wp-block-column is-layout-flow wp-block-column-is-layout-flow\"><\/div>\n<\/div>\n","protected":false},"excerpt":{"rendered":"<p>Adem\u00e1s de las asignaturas que vas a estudiar,la Universidad propone unas actividades que te van a ayudar. Tu formaci\u00f3n va a ser mejor y m\u00e1s completa con estas&hellip;<\/p>\n","protected":false},"author":1,"featured_media":0,"parent":0,"menu_order":0,"comment_status":"closed","ping_status":"closed","template":"template-full-width.php","meta":{"_coblocks_attr":"","_coblocks_dimensions":"","_coblocks_responsive_height":"","_coblocks_accordion_ie_support":"","footnotes":""},"class_list":["post-35","page","type-page","status-publish","has-post-thumbnail","hentry"],"uagb_featured_image_src":{"full":false,"thumbnail":false,"medium":false,"medium_large":false,"large":false,"1536x1536":false,"2048x2048":false,"post-thumbnail":false,"chaplin_preview_image_low_resolution":false,"chaplin_preview_image_high_resolution":false,"chaplin_fullscreen":false},"uagb_author_info":{"display_name":"fevida","author_link":"https:\/\/www.upo.es\/fevida\/author\/fevida\/"},"uagb_comment_info":0,"uagb_excerpt":"Adem\u00e1s de las asignaturas que vas a estudiar,la Universidad propone unas actividades que te van a ayudar. Tu formaci\u00f3n va a ser mejor y m\u00e1s completa con estas&hellip;","_links":{"self":[{"href":"https:\/\/www.upo.es\/fevida\/wp-json\/wp\/v2\/pages\/35","targetHints":{"allow":["GET"]}}],"collection":[{"href":"https:\/\/www.upo.es\/fevida\/wp-json\/wp\/v2\/pages"}],"about":[{"href":"https:\/\/www.upo.es\/fevida\/wp-json\/wp\/v2\/types\/page"}],"author":[{"embeddable":true,"href":"https:\/\/www.upo.es\/fevida\/wp-json\/wp\/v2\/users\/1"}],"replies":[{"embeddable":true,"href":"https:\/\/www.upo.es\/fevida\/wp-json\/wp\/v2\/comments?post=35"}],"version-history":[{"count":91,"href":"https:\/\/www.upo.es\/fevida\/wp-json\/wp\/v2\/pages\/35\/revisions"}],"predecessor-version":[{"id":1215,"href":"https:\/\/www.upo.es\/fevida\/wp-json\/wp\/v2\/pages\/35\/revisions\/1215"}],"wp:attachment":[{"href":"https:\/\/www.upo.es\/fevida\/wp-json\/wp\/v2\/media?parent=35"}],"curies":[{"name":"wp","href":"https:\/\/api.w.org\/{rel}","templated":true}]}}