{"id":41,"date":"2021-06-29T16:02:35","date_gmt":"2021-06-29T16:02:35","guid":{"rendered":"https:\/\/www.upo.es\/fevida\/?page_id=41"},"modified":"2021-11-02T00:55:45","modified_gmt":"2021-11-02T00:55:45","slug":"fevida-en-la-pandemia-covid-19","status":"publish","type":"page","link":"https:\/\/www.upo.es\/fevida\/fevida-en-la-pandemia-covid-19\/","title":{"rendered":"FEVIDA en la pandemia COVID-19"},"content":{"rendered":"\n<div class=\"wp-block-columns is-layout-flex wp-container-core-columns-is-layout-9d6595d7 wp-block-columns-is-layout-flex\">\n<div class=\"wp-block-column is-layout-flow wp-block-column-is-layout-flow\" style=\"flex-basis:50%\">\n<p class=\"has-normal-font-size\">La Universidad Pablo de Olavide tiene herramientas inform\u00e1ticas<br>que vas a aprender para las clases.<\/p>\n\n\n\n<div style=\"height:29px\" aria-hidden=\"true\" class=\"wp-block-spacer\"><\/div>\n\n\n\n<p class=\"has-normal-font-size\">El Aula Virtual sirve para poner materiales<br>y recibir informaci\u00f3n del profesorado<br>pero tambi\u00e9n sirve para hacer clases virtuales<br>en modo online. Se llama Blackboard Collaborate Ultra.<br>Las clases online son necesarias por la pandemia.<\/p>\n\n\n\n<div style=\"height:29px\" aria-hidden=\"true\" class=\"wp-block-spacer\"><\/div>\n\n\n\n<p class=\"has-normal-font-size\">Tenemos apoyo tambi\u00e9n<br>para estas cuestiones tecnol\u00f3gicas,<br>de alumnos y alumnas de la universidad,<br>que se llaman Referentes Tecnol\u00f3gicos.<\/p>\n<\/div>\n\n\n\n<div class=\"wp-block-column is-layout-flow wp-block-column-is-layout-flow\" style=\"flex-basis:40%\">\n<figure class=\"wp-block-image size-full is-style-default\"><img decoding=\"async\" width=\"800\" height=\"600\" src=\"https:\/\/www.upo.es\/fevida\/wp-content\/uploads\/2021\/11\/Fotos-FEVIDA_COVID_AngelaCasanova_pix.jpg\" alt=\"Estudiante Angela Casanova FEVIDA\" class=\"wp-image-867\" srcset=\"https:\/\/www.upo.es\/fevida\/wp-content\/uploads\/2021\/11\/Fotos-FEVIDA_COVID_AngelaCasanova_pix.jpg 800w, https:\/\/www.upo.es\/fevida\/wp-content\/uploads\/2021\/11\/Fotos-FEVIDA_COVID_AngelaCasanova_pix-300x225.jpg 300w, https:\/\/www.upo.es\/fevida\/wp-content\/uploads\/2021\/11\/Fotos-FEVIDA_COVID_AngelaCasanova_pix-768x576.jpg 768w, https:\/\/www.upo.es\/fevida\/wp-content\/uploads\/2021\/11\/Fotos-FEVIDA_COVID_AngelaCasanova_pix-540x405.jpg 540w\" sizes=\"(max-width: 800px) 100vw, 800px\" \/><figcaption><strong>Alumna de III Edici\u00f3n de FEVIDA<\/strong><\/figcaption><\/figure>\n<\/div>\n<\/div>\n","protected":false},"excerpt":{"rendered":"<p>La Universidad Pablo de Olavide tiene herramientas inform\u00e1ticasque vas a aprender para las clases. El Aula Virtual sirve para poner materialesy recibir informaci\u00f3n del profesoradopero tambi\u00e9n sirve para&hellip;<\/p>\n","protected":false},"author":1,"featured_media":0,"parent":0,"menu_order":0,"comment_status":"closed","ping_status":"closed","template":"template-full-width.php","meta":{"_coblocks_attr":"","_coblocks_dimensions":"","_coblocks_responsive_height":"","_coblocks_accordion_ie_support":"","footnotes":""},"class_list":["post-41","page","type-page","status-publish","has-post-thumbnail","hentry"],"uagb_featured_image_src":{"full":false,"thumbnail":false,"medium":false,"medium_large":false,"large":false,"1536x1536":false,"2048x2048":false,"post-thumbnail":false,"chaplin_preview_image_low_resolution":false,"chaplin_preview_image_high_resolution":false,"chaplin_fullscreen":false},"uagb_author_info":{"display_name":"fevida","author_link":"https:\/\/www.upo.es\/fevida\/author\/fevida\/"},"uagb_comment_info":0,"uagb_excerpt":"La Universidad Pablo de Olavide tiene herramientas inform\u00e1ticasque vas a aprender para las clases. El Aula Virtual sirve para poner materialesy recibir informaci\u00f3n del profesoradopero tambi\u00e9n sirve para&hellip;","_links":{"self":[{"href":"https:\/\/www.upo.es\/fevida\/wp-json\/wp\/v2\/pages\/41","targetHints":{"allow":["GET"]}}],"collection":[{"href":"https:\/\/www.upo.es\/fevida\/wp-json\/wp\/v2\/pages"}],"about":[{"href":"https:\/\/www.upo.es\/fevida\/wp-json\/wp\/v2\/types\/page"}],"author":[{"embeddable":true,"href":"https:\/\/www.upo.es\/fevida\/wp-json\/wp\/v2\/users\/1"}],"replies":[{"embeddable":true,"href":"https:\/\/www.upo.es\/fevida\/wp-json\/wp\/v2\/comments?post=41"}],"version-history":[{"count":34,"href":"https:\/\/www.upo.es\/fevida\/wp-json\/wp\/v2\/pages\/41\/revisions"}],"predecessor-version":[{"id":953,"href":"https:\/\/www.upo.es\/fevida\/wp-json\/wp\/v2\/pages\/41\/revisions\/953"}],"wp:attachment":[{"href":"https:\/\/www.upo.es\/fevida\/wp-json\/wp\/v2\/media?parent=41"}],"curies":[{"name":"wp","href":"https:\/\/api.w.org\/{rel}","templated":true}]}}