{"id":12532,"date":"2022-10-17T12:41:09","date_gmt":"2022-10-17T10:41:09","guid":{"rendered":"https:\/\/www.upo.es\/formacionpermanente\/?page_id=12532"},"modified":"2026-03-12T13:54:51","modified_gmt":"2026-03-12T12:54:51","slug":"reconocimiento-de-creditos-en-titulos-propios","status":"publish","type":"page","link":"https:\/\/www.upo.es\/formacionpermanente\/titulos-propios\/reconocimiento-de-creditos-en-titulos-propios\/","title":{"rendered":"Reconocimiento de cr\u00e9ditos en T\u00edtulos Propios"},"content":{"rendered":"\t\t<div data-elementor-type=\"wp-page\" data-elementor-id=\"12532\" class=\"elementor elementor-12532\" data-elementor-post-type=\"page\">\n\t\t\t\t\t\t<section class=\"elementor-section elementor-top-section elementor-element elementor-element-1a1fe82f elementor-section-full_width elementor-section-height-min-height elementor-section-height-default elementor-section-items-middle\" data-id=\"1a1fe82f\" data-element_type=\"section\" data-e-type=\"section\" data-settings=\"{&quot;background_background&quot;:&quot;slideshow&quot;,&quot;background_slideshow_gallery&quot;:[{&quot;id&quot;:7847,&quot;url&quot;:&quot;https:\\\/\\\/www.upo.es\\\/formacionpermanente\\\/wp-content\\\/imagenes\\\/uploads\\\/2022\\\/09\\\/IMG_2434.jpg&quot;},{&quot;id&quot;:7321,&quot;url&quot;:&quot;https:\\\/\\\/www.upo.es\\\/formacionpermanente\\\/wp-content\\\/imagenes\\\/uploads\\\/2022\\\/07\\\/21215659385_acd119a03d_k.jpg&quot;},{&quot;id&quot;:7320,&quot;url&quot;:&quot;https:\\\/\\\/www.upo.es\\\/formacionpermanente\\\/wp-content\\\/imagenes\\\/uploads\\\/2022\\\/07\\\/07-scaled.jpg&quot;},{&quot;id&quot;:7319,&quot;url&quot;:&quot;https:\\\/\\\/www.upo.es\\\/formacionpermanente\\\/wp-content\\\/imagenes\\\/uploads\\\/2022\\\/07\\\/03-scaled.jpg&quot;},{&quot;id&quot;:7322,&quot;url&quot;:&quot;https:\\\/\\\/www.upo.es\\\/formacionpermanente\\\/wp-content\\\/imagenes\\\/uploads\\\/2022\\\/07\\\/IMG_2407-scaled.jpg&quot;}],&quot;background_slideshow_loop&quot;:&quot;yes&quot;,&quot;background_slideshow_slide_duration&quot;:5000,&quot;background_slideshow_slide_transition&quot;:&quot;fade&quot;,&quot;background_slideshow_transition_duration&quot;:500}\">\n\t\t\t\t\t\t<div class=\"elementor-container elementor-column-gap-default\">\n\t\t\t\t\t<div class=\"elementor-column elementor-col-100 elementor-top-column elementor-element elementor-element-16c86da0\" data-id=\"16c86da0\" data-element_type=\"column\" data-e-type=\"column\">\n\t\t\t<div class=\"elementor-widget-wrap elementor-element-populated\">\n\t\t\t\t\t\t<section class=\"elementor-section elementor-inner-section elementor-element elementor-element-540dee9b elementor-section-height-min-height elementor-section-boxed elementor-section-height-default\" data-id=\"540dee9b\" data-element_type=\"section\" data-e-type=\"section\">\n\t\t\t\t\t\t<div class=\"elementor-container elementor-column-gap-default\">\n\t\t\t\t\t<div data-dce-background-color=\"#00335BBA\" class=\"elementor-column elementor-col-100 elementor-inner-column elementor-element elementor-element-a547de9\" data-id=\"a547de9\" data-element_type=\"column\" data-e-type=\"column\" data-settings=\"{&quot;background_background&quot;:&quot;classic&quot;}\">\n\t\t\t<div class=\"elementor-widget-wrap elementor-element-populated\">\n\t\t\t\t\t\t<div data-dce-title-color=\"#FFFFFF\" class=\"elementor-element elementor-element-6e6eb637 elementor-widget elementor-widget-heading\" data-id=\"6e6eb637\" data-element_type=\"widget\" data-e-type=\"widget\" data-widget_type=\"heading.default\">\n\t\t\t\t<div class=\"elementor-widget-container\">\n\t\t\t\t\t<h1 class=\"elementor-heading-title elementor-size-default\">Reconocimiento de cr\u00e9ditos<\/h1>\t\t\t\t<\/div>\n\t\t\t\t<\/div>\n\t\t\t\t\t<\/div>\n\t\t<\/div>\n\t\t\t\t\t<\/div>\n\t\t<\/section>\n\t\t\t\t\t<\/div>\n\t\t<\/div>\n\t\t\t\t\t<\/div>\n\t\t<\/section>\n\t\t\t\t<section class=\"elementor-section elementor-top-section elementor-element elementor-element-244085b elementor-section-boxed elementor-section-height-default elementor-section-height-default\" data-id=\"244085b\" data-element_type=\"section\" data-e-type=\"section\">\n\t\t\t\t\t\t<div class=\"elementor-container elementor-column-gap-default\">\n\t\t\t\t\t<div class=\"elementor-column elementor-col-100 elementor-top-column elementor-element elementor-element-5b2bbe2\" data-id=\"5b2bbe2\" data-element_type=\"column\" data-e-type=\"column\">\n\t\t\t<div class=\"elementor-widget-wrap elementor-element-populated\">\n\t\t\t\t\t\t<div class=\"elementor-element elementor-element-02067f7 elementor-widget elementor-widget-text-editor\" data-id=\"02067f7\" data-element_type=\"widget\" data-e-type=\"widget\" data-widget_type=\"text-editor.default\">\n\t\t\t\t<div class=\"elementor-widget-container\">\n\t\t\t\t\t\t\t\t\t<p style=\"text-align: left;\">El reconocimiento de cr\u00e9ditos se regir\u00e1 conforme a lo establecido en el <a href=\"https:\/\/www.upo.es\/formacionpermanente\/wp-content\/imagenes\/uploads\/2026\/03\/Reglamento-FP-2026.pdf\" target=\"_blank\" rel=\"noopener\">art. 36 del Reglamento de Formaci\u00f3n Permanente de la Universidad Pablo de Olavide.<\/a><\/p>\t\t\t\t\t\t\t\t<\/div>\n\t\t\t\t<\/div>\n\t\t\t\t<div class=\"elementor-element elementor-element-be7fdef elementor-widget elementor-widget-heading\" data-id=\"be7fdef\" data-element_type=\"widget\" data-e-type=\"widget\" data-widget_type=\"heading.default\">\n\t\t\t\t<div class=\"elementor-widget-container\">\n\t\t\t\t\t<h2 class=\"elementor-heading-title elementor-size-default\">Procedimiento<\/h2>\t\t\t\t<\/div>\n\t\t\t\t<\/div>\n\t\t\t\t<div class=\"elementor-element elementor-element-c50c6ea elementor-widget-divider--view-line elementor-widget elementor-widget-divider\" data-id=\"c50c6ea\" data-element_type=\"widget\" data-e-type=\"widget\" data-widget_type=\"divider.default\">\n\t\t\t\t<div class=\"elementor-widget-container\">\n\t\t\t\t\t\t\t<div class=\"elementor-divider\">\n\t\t\t<span class=\"elementor-divider-separator\">\n\t\t\t\t\t\t<\/span>\n\t\t<\/div>\n\t\t\t\t\t\t<\/div>\n\t\t\t\t<\/div>\n\t\t\t\t<div class=\"elementor-element elementor-element-8c707b2 elementor-widget elementor-widget-text-editor\" data-id=\"8c707b2\" data-element_type=\"widget\" data-e-type=\"widget\" data-widget_type=\"text-editor.default\">\n\t\t\t\t<div class=\"elementor-widget-container\">\n\t\t\t\t\t\t\t\t\t<p style=\"text-align: left;\">El estudiante de nuevo ingreso que desee solicitar el reconocimiento de cr\u00e9ditos para cursar un T\u00edtulo Propio debe <strong>primero reservar su plaza y, posteriormente, matricularse en el T\u00edtulo Propio elegido<\/strong>.<\/p><p style=\"text-align: left;\"><strong>Una vez formalizada la matr\u00edcula<\/strong>, deber\u00e1 solicitar el reconocimiento de cr\u00e9ditos, <strong>en el plazo de 20 d\u00edas desde la formalizaci\u00f3n de la misma. En el caso de estudiantes que deseen solicitar el reconocimiento de una asignatura de pr\u00e1cticas en empresas, podr\u00e1n hacerlo hasta dos meses antes de la fecha prevista de inicio de las pr\u00e1cticas<\/strong>.<\/p><p style=\"text-align: left;\">Para solicitar el Reconocimiento de Cr\u00e9ditos, ya sean docentes o de pr\u00e1cticas, deber\u00e1n enviar cumplimentada al correo <a href=\"mailto:titulospropios@fundacion.upo.es\">titulospropios@fundacion.upo.es<\/a> la siguiente solicitud y adjuntar la documentaci\u00f3n acreditativa correspondiente escaneada:<\/p><ul style=\"text-align: left;\"><li><a href=\"https:\/\/www.upo.es\/formacionpermanente\/wp-content\/imagenes\/uploads\/2025\/05\/Solicitud-Reconocimiento-Creditos-TTPP_2.docx\" target=\"_blank\" rel=\"noopener\">Descargar solicitud de reconocimiento de cr\u00e9ditos<\/a>.<\/li><\/ul><p style=\"text-align: left;\">La Direcci\u00f3n Acad\u00e9mica del programa, en nombre de la Comisi\u00f3n Acad\u00e9mica, una vez le sea remitida la solicitud ser\u00e1 la responsable de elaborar el preceptivo informe de reconocimiento de cr\u00e9ditos, que deber\u00e1 ser aprobado por la Comisi\u00f3n de Postgrado.<\/p>\t\t\t\t\t\t\t\t<\/div>\n\t\t\t\t<\/div>\n\t\t\t\t\t<\/div>\n\t\t<\/div>\n\t\t\t\t\t<\/div>\n\t\t<\/section>\n\t\t\t\t<\/div>\n\t\t","protected":false},"excerpt":{"rendered":"<p>Reconocimiento de cr\u00e9ditos El reconocimiento de cr\u00e9ditos se regir\u00e1 conforme a lo establecido en el art. 36 del Reglamento de Formaci\u00f3n Permanente de la Universidad Pablo de Olavide. Procedimiento El estudiante de nuevo ingreso que desee solicitar el reconocimiento de cr\u00e9ditos para cursar un T\u00edtulo Propio debe primero reservar su plaza y, posteriormente, matricularse en [&hellip;]<\/p>\n","protected":false},"author":3,"featured_media":0,"parent":19345,"menu_order":2,"comment_status":"closed","ping_status":"closed","template":"","meta":{"_acf_changed":false,"site-sidebar-layout":"no-sidebar","site-content-layout":"page-builder","ast-site-content-layout":"default","site-content-style":"default","site-sidebar-style":"default","ast-global-header-display":"","ast-banner-title-visibility":"","ast-main-header-display":"","ast-hfb-above-header-display":"","ast-hfb-below-header-display":"","ast-hfb-mobile-header-display":"","site-post-title":"disabled","ast-breadcrumbs-content":"","ast-featured-img":"disabled","footer-sml-layout":"","ast-disable-related-posts":"","theme-transparent-header-meta":"default","adv-header-id-meta":"","stick-header-meta":"default","header-above-stick-meta":"","header-main-stick-meta":"","header-below-stick-meta":"","astra-migrate-meta-layouts":"default","ast-page-background-enabled":"default","ast-page-background-meta":{"desktop":{"background-color":"var(--ast-global-color-4)","background-image":"","background-repeat":"repeat","background-position":"center center","background-size":"auto","background-attachment":"scroll","background-type":"","background-media":"","overlay-type":"","overlay-color":"","overlay-opacity":"","overlay-gradient":""},"tablet":{"background-color":"","background-image":"","background-repeat":"repeat","background-position":"center center","background-size":"auto","background-attachment":"scroll","background-type":"","background-media":"","overlay-type":"","overlay-color":"","overlay-opacity":"","overlay-gradient":""},"mobile":{"background-color":"","background-image":"","background-repeat":"repeat","background-position":"center center","background-size":"auto","background-attachment":"scroll","background-type":"","background-media":"","overlay-type":"","overlay-color":"","overlay-opacity":"","overlay-gradient":""}},"ast-content-background-meta":{"desktop":{"background-color":"var(--ast-global-color-5)","background-image":"","background-repeat":"repeat","background-position":"center center","background-size":"auto","background-attachment":"scroll","background-type":"","background-media":"","overlay-type":"","overlay-color":"","overlay-opacity":"","overlay-gradient":""},"tablet":{"background-color":"var(--ast-global-color-5)","background-image":"","background-repeat":"repeat","background-position":"center center","background-size":"auto","background-attachment":"scroll","background-type":"","background-media":"","overlay-type":"","overlay-color":"","overlay-opacity":"","overlay-gradient":""},"mobile":{"background-color":"var(--ast-global-color-5)","background-image":"","background-repeat":"repeat","background-position":"center center","background-size":"auto","background-attachment":"scroll","background-type":"","background-media":"","overlay-type":"","overlay-color":"","overlay-opacity":"","overlay-gradient":""}},"footnotes":""},"class_list":["post-12532","page","type-page","status-publish","hentry"],"acf":[],"yoast_head":"<!-- This site is optimized with the Yoast SEO plugin v27.3 - https:\/\/yoast.com\/product\/yoast-seo-wordpress\/ -->\n<title>Reconocimiento de cr\u00e9ditos en T\u00edtulos Propios - Formaci\u00f3n Per...<\/title>\n<meta name=\"description\" content=\"Accede a la p\u00e1gina de Reconocimiento de cr\u00e9ditos en T\u00edtulos Propios de la Universidad Pablo de Olavide de Sevilla.\" \/>\n<meta name=\"robots\" content=\"index, follow, max-snippet:-1, max-image-preview:large, max-video-preview:-1\" \/>\n<link rel=\"canonical\" href=\"https:\/\/www.upo.es\/formacionpermanente\/titulos-propios\/reconocimiento-de-creditos-en-titulos-propios\/\" \/>\n<meta property=\"og:locale\" content=\"es_ES\" \/>\n<meta property=\"og:type\" content=\"article\" \/>\n<meta property=\"og:title\" content=\"Reconocimiento de cr\u00e9ditos en T\u00edtulos Propios - Formaci\u00f3n Per...\" \/>\n<meta property=\"og:description\" content=\"Accede a la p\u00e1gina de Reconocimiento de cr\u00e9ditos en T\u00edtulos Propios de la Universidad Pablo de Olavide de Sevilla.\" \/>\n<meta property=\"og:url\" content=\"https:\/\/www.upo.es\/formacionpermanente\/titulos-propios\/reconocimiento-de-creditos-en-titulos-propios\/\" \/>\n<meta property=\"og:site_name\" content=\"Formaci\u00f3n Permanente UPO\" \/>\n<meta property=\"article:modified_time\" content=\"2026-03-12T12:54:51+00:00\" \/>\n<meta name=\"twitter:card\" content=\"summary_large_image\" \/>\n<meta name=\"twitter:label1\" content=\"Tiempo de lectura\" \/>\n\t<meta name=\"twitter:data1\" content=\"1 minuto\" \/>\n<script type=\"application\/ld+json\" class=\"yoast-schema-graph\">{\"@context\":\"https:\\\/\\\/schema.org\",\"@graph\":[{\"@type\":\"WebPage\",\"@id\":\"https:\\\/\\\/www.upo.es\\\/formacionpermanente\\\/titulos-propios\\\/reconocimiento-de-creditos-en-titulos-propios\\\/\",\"url\":\"https:\\\/\\\/www.upo.es\\\/formacionpermanente\\\/titulos-propios\\\/reconocimiento-de-creditos-en-titulos-propios\\\/\",\"name\":\"Reconocimiento de cr\u00e9ditos en T\u00edtulos Propios - Formaci\u00f3n Per...\",\"isPartOf\":{\"@id\":\"https:\\\/\\\/www.upo.es\\\/formacionpermanente\\\/#website\"},\"datePublished\":\"2022-10-17T10:41:09+00:00\",\"dateModified\":\"2026-03-12T12:54:51+00:00\",\"description\":\"Accede a la p\u00e1gina de Reconocimiento de cr\u00e9ditos en T\u00edtulos Propios de la Universidad Pablo de Olavide de Sevilla.\",\"breadcrumb\":{\"@id\":\"https:\\\/\\\/www.upo.es\\\/formacionpermanente\\\/titulos-propios\\\/reconocimiento-de-creditos-en-titulos-propios\\\/#breadcrumb\"},\"inLanguage\":\"es\",\"potentialAction\":[{\"@type\":\"ReadAction\",\"target\":[\"https:\\\/\\\/www.upo.es\\\/formacionpermanente\\\/titulos-propios\\\/reconocimiento-de-creditos-en-titulos-propios\\\/\"]}]},{\"@type\":\"BreadcrumbList\",\"@id\":\"https:\\\/\\\/www.upo.es\\\/formacionpermanente\\\/titulos-propios\\\/reconocimiento-de-creditos-en-titulos-propios\\\/#breadcrumb\",\"itemListElement\":[{\"@type\":\"ListItem\",\"position\":1,\"name\":\"Portada\",\"item\":\"https:\\\/\\\/www.upo.es\\\/formacionpermanente\\\/\"},{\"@type\":\"ListItem\",\"position\":2,\"name\":\"T\u00edtulos Propios\",\"item\":\"https:\\\/\\\/www.upo.es\\\/formacionpermanente\\\/titulos-propios\\\/\"},{\"@type\":\"ListItem\",\"position\":3,\"name\":\"Reconocimiento de cr\u00e9ditos en T\u00edtulos Propios\"}]},{\"@type\":\"WebSite\",\"@id\":\"https:\\\/\\\/www.upo.es\\\/formacionpermanente\\\/#website\",\"url\":\"https:\\\/\\\/www.upo.es\\\/formacionpermanente\\\/\",\"name\":\"Formaci\u00f3n Permanente UPO\",\"description\":\"T\u00edtulos Propios, Microcredenciales, Cursos de Verano\",\"publisher\":{\"@id\":\"https:\\\/\\\/www.upo.es\\\/formacionpermanente\\\/#organization\"},\"potentialAction\":[{\"@type\":\"SearchAction\",\"target\":{\"@type\":\"EntryPoint\",\"urlTemplate\":\"https:\\\/\\\/www.upo.es\\\/formacionpermanente\\\/?s={search_term_string}\"},\"query-input\":{\"@type\":\"PropertyValueSpecification\",\"valueRequired\":true,\"valueName\":\"search_term_string\"}}],\"inLanguage\":\"es\"},{\"@type\":\"Organization\",\"@id\":\"https:\\\/\\\/www.upo.es\\\/formacionpermanente\\\/#organization\",\"name\":\"Formaci\u00f3n Permanente Universidad Pablo de Olavide\",\"alternateName\":\"Formaci\u00f3n Permanente UPO\",\"url\":\"https:\\\/\\\/www.upo.es\\\/formacionpermanente\\\/\",\"logo\":{\"@type\":\"ImageObject\",\"inLanguage\":\"es\",\"@id\":\"https:\\\/\\\/www.upo.es\\\/formacionpermanente\\\/#\\\/schema\\\/logo\\\/image\\\/\",\"url\":\"https:\\\/\\\/www.upo.es\\\/formacionpermanente\\\/wp-content\\\/imagenes\\\/uploads\\\/2023\\\/02\\\/Logo-UPO-azul-amarillo-horizontal.png\",\"contentUrl\":\"https:\\\/\\\/www.upo.es\\\/formacionpermanente\\\/wp-content\\\/imagenes\\\/uploads\\\/2023\\\/02\\\/Logo-UPO-azul-amarillo-horizontal.png\",\"width\":1000,\"height\":407,\"caption\":\"Formaci\u00f3n Permanente Universidad Pablo de Olavide\"},\"image\":{\"@id\":\"https:\\\/\\\/www.upo.es\\\/formacionpermanente\\\/#\\\/schema\\\/logo\\\/image\\\/\"}}]}<\/script>\n<!-- \/ Yoast SEO plugin. -->","yoast_head_json":{"title":"Reconocimiento de cr\u00e9ditos en T\u00edtulos Propios - Formaci\u00f3n Per...","description":"Accede a la p\u00e1gina de Reconocimiento de cr\u00e9ditos en T\u00edtulos Propios de la Universidad Pablo de Olavide de Sevilla.","robots":{"index":"index","follow":"follow","max-snippet":"max-snippet:-1","max-image-preview":"max-image-preview:large","max-video-preview":"max-video-preview:-1"},"canonical":"https:\/\/www.upo.es\/formacionpermanente\/titulos-propios\/reconocimiento-de-creditos-en-titulos-propios\/","og_locale":"es_ES","og_type":"article","og_title":"Reconocimiento de cr\u00e9ditos en T\u00edtulos Propios - Formaci\u00f3n Per...","og_description":"Accede a la p\u00e1gina de Reconocimiento de cr\u00e9ditos en T\u00edtulos Propios de la Universidad Pablo de Olavide de Sevilla.","og_url":"https:\/\/www.upo.es\/formacionpermanente\/titulos-propios\/reconocimiento-de-creditos-en-titulos-propios\/","og_site_name":"Formaci\u00f3n Permanente UPO","article_modified_time":"2026-03-12T12:54:51+00:00","twitter_card":"summary_large_image","twitter_misc":{"Tiempo de lectura":"1 minuto"},"schema":{"@context":"https:\/\/schema.org","@graph":[{"@type":"WebPage","@id":"https:\/\/www.upo.es\/formacionpermanente\/titulos-propios\/reconocimiento-de-creditos-en-titulos-propios\/","url":"https:\/\/www.upo.es\/formacionpermanente\/titulos-propios\/reconocimiento-de-creditos-en-titulos-propios\/","name":"Reconocimiento de cr\u00e9ditos en T\u00edtulos Propios - Formaci\u00f3n Per...","isPartOf":{"@id":"https:\/\/www.upo.es\/formacionpermanente\/#website"},"datePublished":"2022-10-17T10:41:09+00:00","dateModified":"2026-03-12T12:54:51+00:00","description":"Accede a la p\u00e1gina de Reconocimiento de cr\u00e9ditos en T\u00edtulos Propios de la Universidad Pablo de Olavide de Sevilla.","breadcrumb":{"@id":"https:\/\/www.upo.es\/formacionpermanente\/titulos-propios\/reconocimiento-de-creditos-en-titulos-propios\/#breadcrumb"},"inLanguage":"es","potentialAction":[{"@type":"ReadAction","target":["https:\/\/www.upo.es\/formacionpermanente\/titulos-propios\/reconocimiento-de-creditos-en-titulos-propios\/"]}]},{"@type":"BreadcrumbList","@id":"https:\/\/www.upo.es\/formacionpermanente\/titulos-propios\/reconocimiento-de-creditos-en-titulos-propios\/#breadcrumb","itemListElement":[{"@type":"ListItem","position":1,"name":"Portada","item":"https:\/\/www.upo.es\/formacionpermanente\/"},{"@type":"ListItem","position":2,"name":"T\u00edtulos Propios","item":"https:\/\/www.upo.es\/formacionpermanente\/titulos-propios\/"},{"@type":"ListItem","position":3,"name":"Reconocimiento de cr\u00e9ditos en T\u00edtulos Propios"}]},{"@type":"WebSite","@id":"https:\/\/www.upo.es\/formacionpermanente\/#website","url":"https:\/\/www.upo.es\/formacionpermanente\/","name":"Formaci\u00f3n Permanente UPO","description":"T\u00edtulos Propios, Microcredenciales, Cursos de Verano","publisher":{"@id":"https:\/\/www.upo.es\/formacionpermanente\/#organization"},"potentialAction":[{"@type":"SearchAction","target":{"@type":"EntryPoint","urlTemplate":"https:\/\/www.upo.es\/formacionpermanente\/?s={search_term_string}"},"query-input":{"@type":"PropertyValueSpecification","valueRequired":true,"valueName":"search_term_string"}}],"inLanguage":"es"},{"@type":"Organization","@id":"https:\/\/www.upo.es\/formacionpermanente\/#organization","name":"Formaci\u00f3n Permanente Universidad Pablo de Olavide","alternateName":"Formaci\u00f3n Permanente UPO","url":"https:\/\/www.upo.es\/formacionpermanente\/","logo":{"@type":"ImageObject","inLanguage":"es","@id":"https:\/\/www.upo.es\/formacionpermanente\/#\/schema\/logo\/image\/","url":"https:\/\/www.upo.es\/formacionpermanente\/wp-content\/imagenes\/uploads\/2023\/02\/Logo-UPO-azul-amarillo-horizontal.png","contentUrl":"https:\/\/www.upo.es\/formacionpermanente\/wp-content\/imagenes\/uploads\/2023\/02\/Logo-UPO-azul-amarillo-horizontal.png","width":1000,"height":407,"caption":"Formaci\u00f3n Permanente Universidad Pablo de Olavide"},"image":{"@id":"https:\/\/www.upo.es\/formacionpermanente\/#\/schema\/logo\/image\/"}}]}},"_links":{"self":[{"href":"https:\/\/www.upo.es\/formacionpermanente\/wp-json\/wp\/v2\/pages\/12532","targetHints":{"allow":["GET"]}}],"collection":[{"href":"https:\/\/www.upo.es\/formacionpermanente\/wp-json\/wp\/v2\/pages"}],"about":[{"href":"https:\/\/www.upo.es\/formacionpermanente\/wp-json\/wp\/v2\/types\/page"}],"author":[{"embeddable":true,"href":"https:\/\/www.upo.es\/formacionpermanente\/wp-json\/wp\/v2\/users\/3"}],"replies":[{"embeddable":true,"href":"https:\/\/www.upo.es\/formacionpermanente\/wp-json\/wp\/v2\/comments?post=12532"}],"version-history":[{"count":14,"href":"https:\/\/www.upo.es\/formacionpermanente\/wp-json\/wp\/v2\/pages\/12532\/revisions"}],"predecessor-version":[{"id":53582,"href":"https:\/\/www.upo.es\/formacionpermanente\/wp-json\/wp\/v2\/pages\/12532\/revisions\/53582"}],"up":[{"embeddable":true,"href":"https:\/\/www.upo.es\/formacionpermanente\/wp-json\/wp\/v2\/pages\/19345"}],"wp:attachment":[{"href":"https:\/\/www.upo.es\/formacionpermanente\/wp-json\/wp\/v2\/media?parent=12532"}],"curies":[{"name":"wp","href":"https:\/\/api.w.org\/{rel}","templated":true}]}}