{"id":26880,"date":"2023-08-03T19:19:20","date_gmt":"2023-08-03T17:19:20","guid":{"rendered":"https:\/\/www.upo.es\/formacionpermanente\/?page_id=26880"},"modified":"2023-08-04T12:57:16","modified_gmt":"2023-08-04T10:57:16","slug":"masteres-en-salud-mental-y-psiquiatria","status":"publish","type":"page","link":"https:\/\/www.upo.es\/formacionpermanente\/titulos-propios\/masteres-en-salud-mental-y-psiquiatria\/","title":{"rendered":"M\u00e1steres en Salud Mental y Psiquiatr\u00eda"},"content":{"rendered":"\t\t<div data-elementor-type=\"wp-page\" data-elementor-id=\"26880\" class=\"elementor elementor-26880\" data-elementor-post-type=\"page\">\n\t\t\t\t\t\t<section class=\"elementor-section elementor-top-section elementor-element elementor-element-1a1fe82f elementor-section-full_width elementor-section-height-min-height elementor-section-height-default elementor-section-items-middle\" data-id=\"1a1fe82f\" data-element_type=\"section\" data-e-type=\"section\" data-settings=\"{&quot;background_background&quot;:&quot;slideshow&quot;,&quot;background_slideshow_gallery&quot;:[{&quot;id&quot;:5815,&quot;url&quot;:&quot;https:\\\/\\\/www.upo.es\\\/formacionpermanente\\\/wp-content\\\/imagenes\\\/uploads\\\/AdobeStock_83836356-min-scaled.jpeg&quot;},{&quot;id&quot;:6416,&quot;url&quot;:&quot;https:\\\/\\\/www.upo.es\\\/formacionpermanente\\\/wp-content\\\/imagenes\\\/uploads\\\/2022\\\/07\\\/AdobeStock_211589823-min.jpg&quot;}],&quot;background_slideshow_loop&quot;:&quot;yes&quot;,&quot;background_slideshow_slide_duration&quot;:5000,&quot;background_slideshow_slide_transition&quot;:&quot;fade&quot;,&quot;background_slideshow_transition_duration&quot;:500}\">\n\t\t\t\t\t\t<div class=\"elementor-container elementor-column-gap-default\">\n\t\t\t\t\t<div class=\"elementor-column elementor-col-100 elementor-top-column elementor-element elementor-element-16c86da0\" data-id=\"16c86da0\" data-element_type=\"column\" data-e-type=\"column\">\n\t\t\t<div class=\"elementor-widget-wrap elementor-element-populated\">\n\t\t\t\t\t\t<section class=\"elementor-section elementor-inner-section elementor-element elementor-element-540dee9b elementor-section-height-min-height elementor-section-boxed elementor-section-height-default\" data-id=\"540dee9b\" data-element_type=\"section\" data-e-type=\"section\">\n\t\t\t\t\t\t<div class=\"elementor-container elementor-column-gap-default\">\n\t\t\t\t\t<div data-dce-background-color=\"#00335BBA\" class=\"elementor-column elementor-col-100 elementor-inner-column elementor-element elementor-element-a547de9\" data-id=\"a547de9\" data-element_type=\"column\" data-e-type=\"column\" data-settings=\"{&quot;background_background&quot;:&quot;classic&quot;}\">\n\t\t\t<div class=\"elementor-widget-wrap elementor-element-populated\">\n\t\t\t\t\t\t<div data-dce-title-color=\"#FFFFFF\" class=\"elementor-element elementor-element-6e6eb637 elementor-widget elementor-widget-heading\" data-id=\"6e6eb637\" data-element_type=\"widget\" data-e-type=\"widget\" data-widget_type=\"heading.default\">\n\t\t\t\t<div class=\"elementor-widget-container\">\n\t\t\t\t\t<h1 class=\"elementor-heading-title elementor-size-default\">M\u00e1steres en Salud Mental y Psiquiatr\u00eda<\/h1>\t\t\t\t<\/div>\n\t\t\t\t<\/div>\n\t\t\t\t\t<\/div>\n\t\t<\/div>\n\t\t\t\t\t<\/div>\n\t\t<\/section>\n\t\t\t\t\t<\/div>\n\t\t<\/div>\n\t\t\t\t\t<\/div>\n\t\t<\/section>\n\t\t\t\t<section class=\"elementor-section elementor-top-section elementor-element elementor-element-bff71c9 elementor-section-boxed elementor-section-height-default elementor-section-height-default\" data-id=\"bff71c9\" data-element_type=\"section\" data-e-type=\"section\">\n\t\t\t\t\t\t<div class=\"elementor-container elementor-column-gap-default\">\n\t\t\t\t\t<div class=\"elementor-column elementor-col-100 elementor-top-column elementor-element elementor-element-28597be\" data-id=\"28597be\" data-element_type=\"column\" data-e-type=\"column\">\n\t\t\t<div class=\"elementor-widget-wrap elementor-element-populated\">\n\t\t\t\t\t\t<div class=\"elementor-element elementor-element-1b3b90d elementor-widget elementor-widget-heading\" data-id=\"1b3b90d\" data-element_type=\"widget\" data-e-type=\"widget\" data-widget_type=\"heading.default\">\n\t\t\t\t<div class=\"elementor-widget-container\">\n\t\t\t\t\t<h2 class=\"elementor-heading-title elementor-size-default\">\u00bfPor qu\u00e9 elegirnos?<\/h2>\t\t\t\t<\/div>\n\t\t\t\t<\/div>\n\t\t\t\t<div class=\"elementor-element elementor-element-6a3b30e elementor-widget elementor-widget-text-editor\" data-id=\"6a3b30e\" data-element_type=\"widget\" data-e-type=\"widget\" data-widget_type=\"text-editor.default\">\n\t\t\t\t<div class=\"elementor-widget-container\">\n\t\t\t\t\t\t\t\t\t<p>Dirigidos principalmente a profesionales <strong>de la salud mental en activo, mayoritariamente m\u00e9dicos\/especialistas en psiquiatr\u00eda, pero tambi\u00e9n psic\u00f3logos\/as, enfermeros\/as y otras profesiones relacionadas con la atenci\u00f3n a la salud mental<\/strong>.<\/p><p>Son los \u00fanicos m\u00e1steres del mundo hispanohablante impartidos en modalidad online por una universidad sobre gesti\u00f3n cl\u00ednica y sanitaria aplicada a la salud mental y sobre prevenci\u00f3n del suicidio desde una perspectiva integral. Contemplando todas las dimensiones de la salud mental.<\/p>\t\t\t\t\t\t\t\t<\/div>\n\t\t\t\t<\/div>\n\t\t\t\t\t<\/div>\n\t\t<\/div>\n\t\t\t\t\t<\/div>\n\t\t<\/section>\n\t\t\t\t<section class=\"elementor-section elementor-top-section elementor-element elementor-element-d9a5273 elementor-section-boxed elementor-section-height-default elementor-section-height-default\" data-id=\"d9a5273\" data-element_type=\"section\" data-e-type=\"section\">\n\t\t\t\t\t\t<div class=\"elementor-container elementor-column-gap-wider\">\n\t\t\t\t\t<div class=\"elementor-column elementor-col-50 elementor-top-column elementor-element elementor-element-d042f4f\" data-id=\"d042f4f\" data-element_type=\"column\" data-e-type=\"column\">\n\t\t\t<div class=\"elementor-widget-wrap elementor-element-populated\">\n\t\t\t\t\t\t<div class=\"elementor-element elementor-element-8ef804f elementor-cta--layout-image-above elementor-cta--skin-classic elementor-animated-content elementor-bg-transform elementor-bg-transform-zoom-in elementor-widget elementor-widget-call-to-action\" data-id=\"8ef804f\" data-element_type=\"widget\" data-e-type=\"widget\" data-widget_type=\"call-to-action.default\">\n\t\t\t\t<div class=\"elementor-widget-container\">\n\t\t\t\t\t\t\t<a class=\"elementor-cta\" href=\"https:\/\/www.upo.es\/formacionpermanente\/master-formacion-permanente\/gestion-clinica-y-sanitaria-en-salud-mental\/\" target=\"_blank\">\n\t\t\t\t\t<div class=\"elementor-cta__bg-wrapper\">\n\t\t\t\t<div class=\"elementor-cta__bg elementor-bg\" style=\"background-image: url(https:\/\/www.upo.es\/formacionpermanente\/wp-content\/imagenes\/uploads\/AdobeStock_83836356-min-1024x459.jpeg);\" role=\"img\" aria-label=\"MST - Gesti\u00f3n Cl\u00ednica y Sanitaria en Salud Mental\"><\/div>\n\t\t\t\t<div class=\"elementor-cta__bg-overlay\"><\/div>\n\t\t\t<\/div>\n\t\t\t\t\t\t\t<div class=\"elementor-cta__content\">\n\t\t\t\t\n\t\t\t\t\t\t\t\t\t<h2 class=\"elementor-cta__title elementor-cta__content-item elementor-content-item\">\n\t\t\t\t\t\tM\u00e1ster de Formaci\u00f3n Permanente\t\t\t\t\t<\/h2>\n\t\t\t\t\n\t\t\t\t\t\t\t\t\t<div class=\"elementor-cta__description elementor-cta__content-item elementor-content-item\">\n\t\t\t\t\t\tGesti\u00f3n Cl\u00ednica y Sanitaria en Salud Mental\t\t\t\t\t<\/div>\n\t\t\t\t\n\t\t\t\t\t\t\t\t\t<div class=\"elementor-cta__button-wrapper elementor-cta__content-item elementor-content-item \">\n\t\t\t\t\t<span class=\"elementor-cta__button elementor-button elementor-size-\">\n\t\t\t\t\t\tM\u00e1s informaci\u00f3n\t\t\t\t\t<\/span>\n\t\t\t\t\t<\/div>\n\t\t\t\t\t\t\t<\/div>\n\t\t\t\t\t\t<\/a>\n\t\t\t\t\t\t<\/div>\n\t\t\t\t<\/div>\n\t\t\t\t\t<\/div>\n\t\t<\/div>\n\t\t\t\t<div class=\"elementor-column elementor-col-50 elementor-top-column elementor-element elementor-element-434605f\" data-id=\"434605f\" data-element_type=\"column\" data-e-type=\"column\">\n\t\t\t<div class=\"elementor-widget-wrap elementor-element-populated\">\n\t\t\t\t\t\t<div class=\"elementor-element elementor-element-7c56dfc elementor-cta--layout-image-above elementor-cta--skin-classic elementor-animated-content elementor-bg-transform elementor-bg-transform-zoom-in elementor-widget elementor-widget-call-to-action\" data-id=\"7c56dfc\" data-element_type=\"widget\" data-e-type=\"widget\" data-widget_type=\"call-to-action.default\">\n\t\t\t\t<div class=\"elementor-widget-container\">\n\t\t\t\t\t\t\t<a class=\"elementor-cta\" href=\"https:\/\/www.upo.es\/formacionpermanente\/master-formacion-permanente\/m2023-08\/\" target=\"_blank\">\n\t\t\t\t\t<div class=\"elementor-cta__bg-wrapper\">\n\t\t\t\t<div class=\"elementor-cta__bg elementor-bg\" style=\"background-image: url(https:\/\/www.upo.es\/formacionpermanente\/wp-content\/imagenes\/uploads\/2022\/07\/AdobeStock_211589823-min-1024x683.jpg);\" role=\"img\" aria-label=\"MST - Prevenci\u00f3n del Suicidio\"><\/div>\n\t\t\t\t<div class=\"elementor-cta__bg-overlay\"><\/div>\n\t\t\t<\/div>\n\t\t\t\t\t\t\t<div class=\"elementor-cta__content\">\n\t\t\t\t\n\t\t\t\t\t\t\t\t\t<h2 class=\"elementor-cta__title elementor-cta__content-item elementor-content-item\">\n\t\t\t\t\t\tM\u00e1ster de Formaci\u00f3n Permanente\t\t\t\t\t<\/h2>\n\t\t\t\t\n\t\t\t\t\t\t\t\t\t<div class=\"elementor-cta__description elementor-cta__content-item elementor-content-item\">\n\t\t\t\t\t\tPrevenci\u00f3n del Suicidio\t\t\t\t\t<\/div>\n\t\t\t\t\n\t\t\t\t\t\t\t\t\t<div class=\"elementor-cta__button-wrapper elementor-cta__content-item elementor-content-item \">\n\t\t\t\t\t<span class=\"elementor-cta__button elementor-button elementor-size-\">\n\t\t\t\t\t\tM\u00e1s informaci\u00f3n\t\t\t\t\t<\/span>\n\t\t\t\t\t<\/div>\n\t\t\t\t\t\t\t<\/div>\n\t\t\t\t\t\t<\/a>\n\t\t\t\t\t\t<\/div>\n\t\t\t\t<\/div>\n\t\t\t\t\t<\/div>\n\t\t<\/div>\n\t\t\t\t\t<\/div>\n\t\t<\/section>\n\t\t\t\t<\/div>\n\t\t","protected":false},"excerpt":{"rendered":"<p>\u00bfPor qu\u00e9 elegirnos? Dirigidos principalmente a profesionales de la salud mental en activo, mayoritariamente m\u00e9dicos\/especialistas en psiquiatr\u00eda, pero tambi\u00e9n psic\u00f3logos\/as, enfermeros\/as y otras profesiones relacionadas con la atenci\u00f3n a la salud mental. Son los \u00fanicos m\u00e1steres del mundo hispanohablante impartidos en modalidad online por una universidad sobre gesti\u00f3n cl\u00ednica y sanitaria aplicada a la salud [&hellip;]<\/p>\n","protected":false},"author":8,"featured_media":0,"parent":19345,"menu_order":2,"comment_status":"closed","ping_status":"closed","template":"","meta":{"_acf_changed":false,"site-sidebar-layout":"no-sidebar","site-content-layout":"page-builder","ast-site-content-layout":"default","site-content-style":"default","site-sidebar-style":"default","ast-global-header-display":"","ast-banner-title-visibility":"","ast-main-header-display":"","ast-hfb-above-header-display":"","ast-hfb-below-header-display":"","ast-hfb-mobile-header-display":"","site-post-title":"disabled","ast-breadcrumbs-content":"","ast-featured-img":"disabled","footer-sml-layout":"","ast-disable-related-posts":"","theme-transparent-header-meta":"default","adv-header-id-meta":"","stick-header-meta":"default","header-above-stick-meta":"","header-main-stick-meta":"","header-below-stick-meta":"","astra-migrate-meta-layouts":"default","ast-page-background-enabled":"default","ast-page-background-meta":{"desktop":{"background-color":"var(--ast-global-color-4)","background-image":"","background-repeat":"repeat","background-position":"center center","background-size":"auto","background-attachment":"scroll","background-type":"","background-media":"","overlay-type":"","overlay-color":"","overlay-opacity":"","overlay-gradient":""},"tablet":{"background-color":"","background-image":"","background-repeat":"repeat","background-position":"center center","background-size":"auto","background-attachment":"scroll","background-type":"","background-media":"","overlay-type":"","overlay-color":"","overlay-opacity":"","overlay-gradient":""},"mobile":{"background-color":"","background-image":"","background-repeat":"repeat","background-position":"center center","background-size":"auto","background-attachment":"scroll","background-type":"","background-media":"","overlay-type":"","overlay-color":"","overlay-opacity":"","overlay-gradient":""}},"ast-content-background-meta":{"desktop":{"background-color":"var(--ast-global-color-5)","background-image":"","background-repeat":"repeat","background-position":"center center","background-size":"auto","background-attachment":"scroll","background-type":"","background-media":"","overlay-type":"","overlay-color":"","overlay-opacity":"","overlay-gradient":""},"tablet":{"background-color":"var(--ast-global-color-5)","background-image":"","background-repeat":"repeat","background-position":"center center","background-size":"auto","background-attachment":"scroll","background-type":"","background-media":"","overlay-type":"","overlay-color":"","overlay-opacity":"","overlay-gradient":""},"mobile":{"background-color":"var(--ast-global-color-5)","background-image":"","background-repeat":"repeat","background-position":"center center","background-size":"auto","background-attachment":"scroll","background-type":"","background-media":"","overlay-type":"","overlay-color":"","overlay-opacity":"","overlay-gradient":""}},"footnotes":""},"class_list":["post-26880","page","type-page","status-publish","hentry"],"acf":[],"yoast_head":"<!-- This site is optimized with the Yoast SEO plugin v27.2 - https:\/\/yoast.com\/product\/yoast-seo-wordpress\/ -->\n<title>M\u00e1steres en Salud Mental y Psiquiatr\u00eda, Sevilla |\u00a0UPO<\/title>\n<meta name=\"description\" content=\"M\u00e1steres de Formaci\u00f3n Permanente en: Gesti\u00f3n Cl\u00ednica y Sanitaria en Salud Mental y Prevenci\u00f3n del Suicidio en Sevilla\" \/>\n<meta name=\"robots\" content=\"index, follow, max-snippet:-1, max-image-preview:large, max-video-preview:-1\" \/>\n<link rel=\"canonical\" href=\"https:\/\/www.upo.es\/formacionpermanente\/titulos-propios\/masteres-en-salud-mental-y-psiquiatria\/\" \/>\n<meta property=\"og:locale\" content=\"es_ES\" \/>\n<meta property=\"og:type\" content=\"article\" \/>\n<meta property=\"og:title\" content=\"M\u00e1steres en Salud Mental y Psiquiatr\u00eda, Sevilla |\u00a0UPO\" \/>\n<meta property=\"og:description\" content=\"M\u00e1steres de Formaci\u00f3n Permanente en: Gesti\u00f3n Cl\u00ednica y Sanitaria en Salud Mental y Prevenci\u00f3n del Suicidio en Sevilla\" \/>\n<meta property=\"og:url\" content=\"https:\/\/www.upo.es\/formacionpermanente\/titulos-propios\/masteres-en-salud-mental-y-psiquiatria\/\" \/>\n<meta property=\"og:site_name\" content=\"Formaci\u00f3n Permanente UPO\" \/>\n<meta property=\"article:modified_time\" content=\"2023-08-04T10:57:16+00:00\" \/>\n<meta name=\"twitter:card\" content=\"summary_large_image\" \/>\n<meta name=\"twitter:label1\" content=\"Tiempo de lectura\" \/>\n\t<meta name=\"twitter:data1\" content=\"1 minuto\" \/>\n<script type=\"application\/ld+json\" class=\"yoast-schema-graph\">{\"@context\":\"https:\/\/schema.org\",\"@graph\":[{\"@type\":\"WebPage\",\"@id\":\"https:\/\/www.upo.es\/formacionpermanente\/titulos-propios\/masteres-en-salud-mental-y-psiquiatria\/\",\"url\":\"https:\/\/www.upo.es\/formacionpermanente\/titulos-propios\/masteres-en-salud-mental-y-psiquiatria\/\",\"name\":\"M\u00e1steres en Salud Mental y Psiquiatr\u00eda, Sevilla |\u00a0UPO\",\"isPartOf\":{\"@id\":\"https:\/\/www.upo.es\/formacionpermanente\/#website\"},\"datePublished\":\"2023-08-03T17:19:20+00:00\",\"dateModified\":\"2023-08-04T10:57:16+00:00\",\"description\":\"M\u00e1steres de Formaci\u00f3n Permanente en: Gesti\u00f3n Cl\u00ednica y Sanitaria en Salud Mental y Prevenci\u00f3n del Suicidio en Sevilla\",\"breadcrumb\":{\"@id\":\"https:\/\/www.upo.es\/formacionpermanente\/titulos-propios\/masteres-en-salud-mental-y-psiquiatria\/#breadcrumb\"},\"inLanguage\":\"es\",\"potentialAction\":[{\"@type\":\"ReadAction\",\"target\":[\"https:\/\/www.upo.es\/formacionpermanente\/titulos-propios\/masteres-en-salud-mental-y-psiquiatria\/\"]}]},{\"@type\":\"BreadcrumbList\",\"@id\":\"https:\/\/www.upo.es\/formacionpermanente\/titulos-propios\/masteres-en-salud-mental-y-psiquiatria\/#breadcrumb\",\"itemListElement\":[{\"@type\":\"ListItem\",\"position\":1,\"name\":\"Portada\",\"item\":\"https:\/\/www.upo.es\/formacionpermanente\/\"},{\"@type\":\"ListItem\",\"position\":2,\"name\":\"T\u00edtulos Propios\",\"item\":\"https:\/\/www.upo.es\/formacionpermanente\/titulos-propios\/\"},{\"@type\":\"ListItem\",\"position\":3,\"name\":\"M\u00e1steres en Salud Mental y Psiquiatr\u00eda\"}]},{\"@type\":\"WebSite\",\"@id\":\"https:\/\/www.upo.es\/formacionpermanente\/#website\",\"url\":\"https:\/\/www.upo.es\/formacionpermanente\/\",\"name\":\"Formaci\u00f3n Permanente UPO\",\"description\":\"T\u00edtulos Propios, Microcredenciales, Cursos de Verano\",\"publisher\":{\"@id\":\"https:\/\/www.upo.es\/formacionpermanente\/#organization\"},\"potentialAction\":[{\"@type\":\"SearchAction\",\"target\":{\"@type\":\"EntryPoint\",\"urlTemplate\":\"https:\/\/www.upo.es\/formacionpermanente\/?s={search_term_string}\"},\"query-input\":{\"@type\":\"PropertyValueSpecification\",\"valueRequired\":true,\"valueName\":\"search_term_string\"}}],\"inLanguage\":\"es\"},{\"@type\":\"Organization\",\"@id\":\"https:\/\/www.upo.es\/formacionpermanente\/#organization\",\"name\":\"Formaci\u00f3n Permanente Universidad Pablo de Olavide\",\"alternateName\":\"Formaci\u00f3n Permanente UPO\",\"url\":\"https:\/\/www.upo.es\/formacionpermanente\/\",\"logo\":{\"@type\":\"ImageObject\",\"inLanguage\":\"es\",\"@id\":\"https:\/\/www.upo.es\/formacionpermanente\/#\/schema\/logo\/image\/\",\"url\":\"https:\/\/www.upo.es\/formacionpermanente\/wp-content\/imagenes\/uploads\/2023\/02\/Logo-UPO-azul-amarillo-horizontal.png\",\"contentUrl\":\"https:\/\/www.upo.es\/formacionpermanente\/wp-content\/imagenes\/uploads\/2023\/02\/Logo-UPO-azul-amarillo-horizontal.png\",\"width\":1000,\"height\":407,\"caption\":\"Formaci\u00f3n Permanente Universidad Pablo de Olavide\"},\"image\":{\"@id\":\"https:\/\/www.upo.es\/formacionpermanente\/#\/schema\/logo\/image\/\"}}]}<\/script>\n<!-- \/ Yoast SEO plugin. -->","yoast_head_json":{"title":"M\u00e1steres en Salud Mental y Psiquiatr\u00eda, Sevilla |\u00a0UPO","description":"M\u00e1steres de Formaci\u00f3n Permanente en: Gesti\u00f3n Cl\u00ednica y Sanitaria en Salud Mental y Prevenci\u00f3n del Suicidio en Sevilla","robots":{"index":"index","follow":"follow","max-snippet":"max-snippet:-1","max-image-preview":"max-image-preview:large","max-video-preview":"max-video-preview:-1"},"canonical":"https:\/\/www.upo.es\/formacionpermanente\/titulos-propios\/masteres-en-salud-mental-y-psiquiatria\/","og_locale":"es_ES","og_type":"article","og_title":"M\u00e1steres en Salud Mental y Psiquiatr\u00eda, Sevilla |\u00a0UPO","og_description":"M\u00e1steres de Formaci\u00f3n Permanente en: Gesti\u00f3n Cl\u00ednica y Sanitaria en Salud Mental y Prevenci\u00f3n del Suicidio en Sevilla","og_url":"https:\/\/www.upo.es\/formacionpermanente\/titulos-propios\/masteres-en-salud-mental-y-psiquiatria\/","og_site_name":"Formaci\u00f3n Permanente UPO","article_modified_time":"2023-08-04T10:57:16+00:00","twitter_card":"summary_large_image","twitter_misc":{"Tiempo de lectura":"1 minuto"},"schema":{"@context":"https:\/\/schema.org","@graph":[{"@type":"WebPage","@id":"https:\/\/www.upo.es\/formacionpermanente\/titulos-propios\/masteres-en-salud-mental-y-psiquiatria\/","url":"https:\/\/www.upo.es\/formacionpermanente\/titulos-propios\/masteres-en-salud-mental-y-psiquiatria\/","name":"M\u00e1steres en Salud Mental y Psiquiatr\u00eda, Sevilla |\u00a0UPO","isPartOf":{"@id":"https:\/\/www.upo.es\/formacionpermanente\/#website"},"datePublished":"2023-08-03T17:19:20+00:00","dateModified":"2023-08-04T10:57:16+00:00","description":"M\u00e1steres de Formaci\u00f3n Permanente en: Gesti\u00f3n Cl\u00ednica y Sanitaria en Salud Mental y Prevenci\u00f3n del Suicidio en Sevilla","breadcrumb":{"@id":"https:\/\/www.upo.es\/formacionpermanente\/titulos-propios\/masteres-en-salud-mental-y-psiquiatria\/#breadcrumb"},"inLanguage":"es","potentialAction":[{"@type":"ReadAction","target":["https:\/\/www.upo.es\/formacionpermanente\/titulos-propios\/masteres-en-salud-mental-y-psiquiatria\/"]}]},{"@type":"BreadcrumbList","@id":"https:\/\/www.upo.es\/formacionpermanente\/titulos-propios\/masteres-en-salud-mental-y-psiquiatria\/#breadcrumb","itemListElement":[{"@type":"ListItem","position":1,"name":"Portada","item":"https:\/\/www.upo.es\/formacionpermanente\/"},{"@type":"ListItem","position":2,"name":"T\u00edtulos Propios","item":"https:\/\/www.upo.es\/formacionpermanente\/titulos-propios\/"},{"@type":"ListItem","position":3,"name":"M\u00e1steres en Salud Mental y Psiquiatr\u00eda"}]},{"@type":"WebSite","@id":"https:\/\/www.upo.es\/formacionpermanente\/#website","url":"https:\/\/www.upo.es\/formacionpermanente\/","name":"Formaci\u00f3n Permanente UPO","description":"T\u00edtulos Propios, Microcredenciales, Cursos de Verano","publisher":{"@id":"https:\/\/www.upo.es\/formacionpermanente\/#organization"},"potentialAction":[{"@type":"SearchAction","target":{"@type":"EntryPoint","urlTemplate":"https:\/\/www.upo.es\/formacionpermanente\/?s={search_term_string}"},"query-input":{"@type":"PropertyValueSpecification","valueRequired":true,"valueName":"search_term_string"}}],"inLanguage":"es"},{"@type":"Organization","@id":"https:\/\/www.upo.es\/formacionpermanente\/#organization","name":"Formaci\u00f3n Permanente Universidad Pablo de Olavide","alternateName":"Formaci\u00f3n Permanente UPO","url":"https:\/\/www.upo.es\/formacionpermanente\/","logo":{"@type":"ImageObject","inLanguage":"es","@id":"https:\/\/www.upo.es\/formacionpermanente\/#\/schema\/logo\/image\/","url":"https:\/\/www.upo.es\/formacionpermanente\/wp-content\/imagenes\/uploads\/2023\/02\/Logo-UPO-azul-amarillo-horizontal.png","contentUrl":"https:\/\/www.upo.es\/formacionpermanente\/wp-content\/imagenes\/uploads\/2023\/02\/Logo-UPO-azul-amarillo-horizontal.png","width":1000,"height":407,"caption":"Formaci\u00f3n Permanente Universidad Pablo de Olavide"},"image":{"@id":"https:\/\/www.upo.es\/formacionpermanente\/#\/schema\/logo\/image\/"}}]}},"_links":{"self":[{"href":"https:\/\/www.upo.es\/formacionpermanente\/wp-json\/wp\/v2\/pages\/26880","targetHints":{"allow":["GET"]}}],"collection":[{"href":"https:\/\/www.upo.es\/formacionpermanente\/wp-json\/wp\/v2\/pages"}],"about":[{"href":"https:\/\/www.upo.es\/formacionpermanente\/wp-json\/wp\/v2\/types\/page"}],"author":[{"embeddable":true,"href":"https:\/\/www.upo.es\/formacionpermanente\/wp-json\/wp\/v2\/users\/8"}],"replies":[{"embeddable":true,"href":"https:\/\/www.upo.es\/formacionpermanente\/wp-json\/wp\/v2\/comments?post=26880"}],"version-history":[{"count":2,"href":"https:\/\/www.upo.es\/formacionpermanente\/wp-json\/wp\/v2\/pages\/26880\/revisions"}],"predecessor-version":[{"id":26921,"href":"https:\/\/www.upo.es\/formacionpermanente\/wp-json\/wp\/v2\/pages\/26880\/revisions\/26921"}],"up":[{"embeddable":true,"href":"https:\/\/www.upo.es\/formacionpermanente\/wp-json\/wp\/v2\/pages\/19345"}],"wp:attachment":[{"href":"https:\/\/www.upo.es\/formacionpermanente\/wp-json\/wp\/v2\/media?parent=26880"}],"curies":[{"name":"wp","href":"https:\/\/api.w.org\/{rel}","templated":true}]}}