{"id":46924,"date":"2025-06-02T09:19:40","date_gmt":"2025-06-02T07:19:40","guid":{"rendered":"https:\/\/www.upo.es\/formacionpermanente\/?page_id=46924"},"modified":"2025-06-02T09:23:22","modified_gmt":"2025-06-02T07:23:22","slug":"cursos-de-verano-verano-cultural","status":"publish","type":"page","link":"https:\/\/www.upo.es\/formacionpermanente\/cursos-de-verano-olavide\/cursos-de-verano-verano-cultural\/","title":{"rendered":"Cursos de Verano &#8211; Verano Cultural"},"content":{"rendered":"\t\t<div data-elementor-type=\"wp-page\" data-elementor-id=\"46924\" class=\"elementor elementor-46924\" data-elementor-post-type=\"page\">\n\t\t\t\t\t\t<section data-dce-background-color=\"#ffffff\" data-dce-background-image-url=\"https:\/\/www.upo.es\/formacionpermanente\/wp-content\/imagenes\/uploads\/2023\/04\/Fondo.jpg\" class=\"elementor-section elementor-top-section elementor-element elementor-element-a572851 elementor-section-height-min-height elementor-section-content-middle elementor-section-boxed elementor-section-height-default elementor-section-items-middle\" data-id=\"a572851\" data-element_type=\"section\" data-e-type=\"section\" data-settings=\"{&quot;background_background&quot;:&quot;classic&quot;}\">\n\t\t\t\t\t\t\t<div class=\"elementor-background-overlay\"><\/div>\n\t\t\t\t\t\t\t<div class=\"elementor-container elementor-column-gap-default\">\n\t\t\t\t\t<div class=\"elementor-column elementor-col-100 elementor-top-column elementor-element elementor-element-01a8853\" data-id=\"01a8853\" data-element_type=\"column\" data-e-type=\"column\">\n\t\t\t<div class=\"elementor-widget-wrap elementor-element-populated\">\n\t\t\t\t\t\t<div class=\"elementor-element elementor-element-d88fa6f elementor-hidden-tablet elementor-hidden-mobile elementor-widget elementor-widget-image\" data-id=\"d88fa6f\" data-element_type=\"widget\" data-e-type=\"widget\" data-widget_type=\"image.default\">\n\t\t\t\t<div class=\"elementor-widget-container\">\n\t\t\t\t\t\t\t\t\t\t\t\t\t\t\t<img fetchpriority=\"high\" decoding=\"async\" width=\"1024\" height=\"189\" src=\"https:\/\/www.upo.es\/formacionpermanente\/wp-content\/imagenes\/uploads\/2023\/03\/cursos-de-verano-cabecera-web-1-1024x189.png\" class=\"attachment-large size-large wp-image-20518\" alt=\"\" srcset=\"https:\/\/www.upo.es\/formacionpermanente\/wp-content\/imagenes\/uploads\/2023\/03\/cursos-de-verano-cabecera-web-1-1024x189.png 1024w, https:\/\/www.upo.es\/formacionpermanente\/wp-content\/imagenes\/uploads\/2023\/03\/cursos-de-verano-cabecera-web-1-300x55.png 300w, https:\/\/www.upo.es\/formacionpermanente\/wp-content\/imagenes\/uploads\/2023\/03\/cursos-de-verano-cabecera-web-1-768x142.png 768w, https:\/\/www.upo.es\/formacionpermanente\/wp-content\/imagenes\/uploads\/2023\/03\/cursos-de-verano-cabecera-web-1-1536x283.png 1536w, https:\/\/www.upo.es\/formacionpermanente\/wp-content\/imagenes\/uploads\/2023\/03\/cursos-de-verano-cabecera-web-1.png 1920w\" sizes=\"(max-width: 1024px) 100vw, 1024px\" \/>\t\t\t\t\t\t\t\t\t\t\t\t\t\t\t<\/div>\n\t\t\t\t<\/div>\n\t\t\t\t\t<\/div>\n\t\t<\/div>\n\t\t\t\t\t<\/div>\n\t\t<\/section>\n\t\t\t\t<section class=\"elementor-section elementor-top-section elementor-element elementor-element-a03ee52 elementor-section-boxed elementor-section-height-default elementor-section-height-default\" data-id=\"a03ee52\" data-element_type=\"section\" data-e-type=\"section\">\n\t\t\t\t\t\t<div class=\"elementor-container elementor-column-gap-default\">\n\t\t\t\t\t<div class=\"elementor-column elementor-col-100 elementor-top-column elementor-element elementor-element-44dd744\" data-id=\"44dd744\" data-element_type=\"column\" data-e-type=\"column\">\n\t\t\t<div class=\"elementor-widget-wrap elementor-element-populated\">\n\t\t\t\t\t\t<div class=\"elementor-element elementor-element-92f83c5 elementor-widget elementor-widget-heading\" data-id=\"92f83c5\" data-element_type=\"widget\" data-e-type=\"widget\" data-widget_type=\"heading.default\">\n\t\t\t\t<div class=\"elementor-widget-container\">\n\t\t\t\t\t<h1 class=\"elementor-heading-title elementor-size-default\">Verano Cultural<\/h1>\t\t\t\t<\/div>\n\t\t\t\t<\/div>\n\t\t\t\t<div class=\"elementor-element elementor-element-8df4867 elementor-widget elementor-widget-text-editor\" data-id=\"8df4867\" data-element_type=\"widget\" data-e-type=\"widget\" data-widget_type=\"text-editor.default\">\n\t\t\t\t<div class=\"elementor-widget-container\">\n\t\t\t\t\t\t\t\t\t<p>La Sede Olavide en Carmona &#8211; Rectora Rosario Valpuesta y la Delegaci\u00f3n de\u00a0Cultura, Turismo y Patrimonio Hist\u00f3rico\u00a0del Excmo. Ayuntamiento de Carmona organizan el\u00a0<strong>Verano Cultural<\/strong>\u00a0carmonense.<\/p><p>La agenda cultural incluye conciertos en los principales monumentos de la ciudad (<em><strong>Ciclo M\u00fasica y Patrimonio<\/strong><\/em>), representaciones teatrales (la mayor\u00eda con fines ben\u00e9ficos), conferencias, exposiciones y muchas m\u00e1s actividades.<\/p>\t\t\t\t\t\t\t\t<\/div>\n\t\t\t\t<\/div>\n\t\t\t\t<div class=\"elementor-element elementor-element-9eee1f6 elementor-widget elementor-widget-image\" data-id=\"9eee1f6\" data-element_type=\"widget\" data-e-type=\"widget\" data-widget_type=\"image.default\">\n\t\t\t\t<div class=\"elementor-widget-container\">\n\t\t\t\t\t\t\t\t\t\t\t\t\t\t\t\t<a href=\"https:\/\/www.upo.es\/formacionpermanente\/wp-content\/imagenes\/uploads\/2025\/06\/verano-cultural-2025-musica-patrimonio.jpg\" target=\"_blank\">\n\t\t\t\t\t\t\t<img decoding=\"async\" width=\"480\" height=\"1024\" src=\"https:\/\/www.upo.es\/formacionpermanente\/wp-content\/imagenes\/uploads\/2025\/06\/verano-cultural-2025-musica-patrimonio-480x1024.jpg\" class=\"attachment-large size-large wp-image-46929\" alt=\"Ciclo M\u00fasica y Patrimonio 2025\" srcset=\"https:\/\/www.upo.es\/formacionpermanente\/wp-content\/imagenes\/uploads\/2025\/06\/verano-cultural-2025-musica-patrimonio-480x1024.jpg 480w, https:\/\/www.upo.es\/formacionpermanente\/wp-content\/imagenes\/uploads\/2025\/06\/verano-cultural-2025-musica-patrimonio-141x300.jpg 141w, https:\/\/www.upo.es\/formacionpermanente\/wp-content\/imagenes\/uploads\/2025\/06\/verano-cultural-2025-musica-patrimonio-768x1639.jpg 768w, https:\/\/www.upo.es\/formacionpermanente\/wp-content\/imagenes\/uploads\/2025\/06\/verano-cultural-2025-musica-patrimonio-720x1536.jpg 720w, https:\/\/www.upo.es\/formacionpermanente\/wp-content\/imagenes\/uploads\/2025\/06\/verano-cultural-2025-musica-patrimonio-960x2048.jpg 960w, https:\/\/www.upo.es\/formacionpermanente\/wp-content\/imagenes\/uploads\/2025\/06\/verano-cultural-2025-musica-patrimonio.jpg 1038w\" sizes=\"(max-width: 480px) 100vw, 480px\" \/>\t\t\t\t\t\t\t\t<\/a>\n\t\t\t\t\t\t\t\t\t\t\t\t\t\t\t<\/div>\n\t\t\t\t<\/div>\n\t\t\t\t<div class=\"elementor-element elementor-element-846c51c elementor-widget elementor-widget-image\" data-id=\"846c51c\" data-element_type=\"widget\" data-e-type=\"widget\" data-widget_type=\"image.default\">\n\t\t\t\t<div class=\"elementor-widget-container\">\n\t\t\t\t\t\t\t\t\t\t\t\t\t\t\t\t<a href=\"https:\/\/www.upo.es\/formacionpermanente\/wp-content\/imagenes\/uploads\/2025\/06\/verano-cultural-2025-mes-patrimonio1.jpg\" target=\"_blank\">\n\t\t\t\t\t\t\t<img decoding=\"async\" width=\"984\" height=\"695\" src=\"https:\/\/www.upo.es\/formacionpermanente\/wp-content\/imagenes\/uploads\/2025\/06\/verano-cultural-2025-mes-patrimonio1.jpg\" class=\"attachment-large size-large wp-image-46930\" alt=\"Mes del Patrimonio Carmona 2025\" srcset=\"https:\/\/www.upo.es\/formacionpermanente\/wp-content\/imagenes\/uploads\/2025\/06\/verano-cultural-2025-mes-patrimonio1.jpg 984w, https:\/\/www.upo.es\/formacionpermanente\/wp-content\/imagenes\/uploads\/2025\/06\/verano-cultural-2025-mes-patrimonio1-300x212.jpg 300w, https:\/\/www.upo.es\/formacionpermanente\/wp-content\/imagenes\/uploads\/2025\/06\/verano-cultural-2025-mes-patrimonio1-768x542.jpg 768w\" sizes=\"(max-width: 984px) 100vw, 984px\" \/>\t\t\t\t\t\t\t\t<\/a>\n\t\t\t\t\t\t\t\t\t\t\t\t\t\t\t<\/div>\n\t\t\t\t<\/div>\n\t\t\t\t<div class=\"elementor-element elementor-element-9009601 elementor-widget elementor-widget-image\" data-id=\"9009601\" data-element_type=\"widget\" data-e-type=\"widget\" data-widget_type=\"image.default\">\n\t\t\t\t<div class=\"elementor-widget-container\">\n\t\t\t\t\t\t\t\t\t\t\t\t\t\t\t\t<a href=\"https:\/\/www.upo.es\/formacionpermanente\/wp-content\/imagenes\/uploads\/2025\/06\/verano-cultural-2025-mes-patrimonio1.jpg\" target=\"_blank\">\n\t\t\t\t\t\t\t<img loading=\"lazy\" decoding=\"async\" width=\"1024\" height=\"355\" src=\"https:\/\/www.upo.es\/formacionpermanente\/wp-content\/imagenes\/uploads\/2025\/06\/verano-cultural-2025-mes-patrimonio2-1024x355.jpg\" class=\"attachment-large size-large wp-image-46931\" alt=\"Mes del Patrimonio Carmona 2025\" srcset=\"https:\/\/www.upo.es\/formacionpermanente\/wp-content\/imagenes\/uploads\/2025\/06\/verano-cultural-2025-mes-patrimonio2-1024x355.jpg 1024w, https:\/\/www.upo.es\/formacionpermanente\/wp-content\/imagenes\/uploads\/2025\/06\/verano-cultural-2025-mes-patrimonio2-300x104.jpg 300w, https:\/\/www.upo.es\/formacionpermanente\/wp-content\/imagenes\/uploads\/2025\/06\/verano-cultural-2025-mes-patrimonio2-768x267.jpg 768w, https:\/\/www.upo.es\/formacionpermanente\/wp-content\/imagenes\/uploads\/2025\/06\/verano-cultural-2025-mes-patrimonio2-1536x533.jpg 1536w, https:\/\/www.upo.es\/formacionpermanente\/wp-content\/imagenes\/uploads\/2025\/06\/verano-cultural-2025-mes-patrimonio2.jpg 2023w\" sizes=\"(max-width: 1024px) 100vw, 1024px\" \/>\t\t\t\t\t\t\t\t<\/a>\n\t\t\t\t\t\t\t\t\t\t\t\t\t\t\t<\/div>\n\t\t\t\t<\/div>\n\t\t\t\t\t<\/div>\n\t\t<\/div>\n\t\t\t\t\t<\/div>\n\t\t<\/section>\n\t\t\t\t<\/div>\n\t\t","protected":false},"excerpt":{"rendered":"<p>Verano Cultural La Sede Olavide en Carmona &#8211; Rectora Rosario Valpuesta y la Delegaci\u00f3n de\u00a0Cultura, Turismo y Patrimonio Hist\u00f3rico\u00a0del Excmo. Ayuntamiento de Carmona organizan el\u00a0Verano Cultural\u00a0carmonense. La agenda cultural incluye conciertos en los principales monumentos de la ciudad (Ciclo M\u00fasica y Patrimonio), representaciones teatrales (la mayor\u00eda con fines ben\u00e9ficos), conferencias, exposiciones y muchas m\u00e1s actividades.<\/p>\n","protected":false},"author":10,"featured_media":0,"parent":1041,"menu_order":6,"comment_status":"closed","ping_status":"closed","template":"","meta":{"_acf_changed":false,"site-sidebar-layout":"no-sidebar","site-content-layout":"page-builder","ast-site-content-layout":"full-width-container","site-content-style":"unboxed","site-sidebar-style":"unboxed","ast-global-header-display":"","ast-banner-title-visibility":"","ast-main-header-display":"","ast-hfb-above-header-display":"","ast-hfb-below-header-display":"","ast-hfb-mobile-header-display":"","site-post-title":"disabled","ast-breadcrumbs-content":"","ast-featured-img":"disabled","footer-sml-layout":"","ast-disable-related-posts":"","theme-transparent-header-meta":"default","adv-header-id-meta":"","stick-header-meta":"default","header-above-stick-meta":"","header-main-stick-meta":"","header-below-stick-meta":"","astra-migrate-meta-layouts":"set","ast-page-background-enabled":"default","ast-page-background-meta":{"desktop":{"background-color":"var(--ast-global-color-4)","background-image":"","background-repeat":"repeat","background-position":"center center","background-size":"auto","background-attachment":"scroll","background-type":"","background-media":"","overlay-type":"","overlay-color":"","overlay-opacity":"","overlay-gradient":""},"tablet":{"background-color":"","background-image":"","background-repeat":"repeat","background-position":"center center","background-size":"auto","background-attachment":"scroll","background-type":"","background-media":"","overlay-type":"","overlay-color":"","overlay-opacity":"","overlay-gradient":""},"mobile":{"background-color":"","background-image":"","background-repeat":"repeat","background-position":"center center","background-size":"auto","background-attachment":"scroll","background-type":"","background-media":"","overlay-type":"","overlay-color":"","overlay-opacity":"","overlay-gradient":""}},"ast-content-background-meta":{"desktop":{"background-color":"var(--ast-global-color-5)","background-image":"","background-repeat":"repeat","background-position":"center center","background-size":"auto","background-attachment":"scroll","background-type":"","background-media":"","overlay-type":"","overlay-color":"","overlay-opacity":"","overlay-gradient":""},"tablet":{"background-color":"var(--ast-global-color-5)","background-image":"","background-repeat":"repeat","background-position":"center center","background-size":"auto","background-attachment":"scroll","background-type":"","background-media":"","overlay-type":"","overlay-color":"","overlay-opacity":"","overlay-gradient":""},"mobile":{"background-color":"var(--ast-global-color-5)","background-image":"","background-repeat":"repeat","background-position":"center center","background-size":"auto","background-attachment":"scroll","background-type":"","background-media":"","overlay-type":"","overlay-color":"","overlay-opacity":"","overlay-gradient":""}},"footnotes":""},"class_list":["post-46924","page","type-page","status-publish","hentry"],"acf":[],"yoast_head":"<!-- This site is optimized with the Yoast SEO plugin v27.3 - https:\/\/yoast.com\/product\/yoast-seo-wordpress\/ -->\n<title>Cursos de Verano - Verano Cultural - Formaci\u00f3n Permanente UPO<\/title>\n<meta name=\"robots\" content=\"index, follow, max-snippet:-1, max-image-preview:large, max-video-preview:-1\" \/>\n<link rel=\"canonical\" href=\"https:\/\/www.upo.es\/formacionpermanente\/cursos-de-verano-olavide\/cursos-de-verano-verano-cultural\/\" \/>\n<meta property=\"og:locale\" content=\"es_ES\" \/>\n<meta property=\"og:type\" content=\"article\" \/>\n<meta property=\"og:title\" content=\"Cursos de Verano - Verano Cultural - Formaci\u00f3n Permanente UPO\" \/>\n<meta property=\"og:description\" content=\"Verano Cultural La Sede Olavide en Carmona &#8211; Rectora Rosario Valpuesta y la Delegaci\u00f3n de\u00a0Cultura, Turismo y Patrimonio Hist\u00f3rico\u00a0del Excmo. Ayuntamiento de Carmona organizan el\u00a0Verano Cultural\u00a0carmonense. La agenda cultural incluye conciertos en los principales monumentos de la ciudad (Ciclo M\u00fasica y Patrimonio), representaciones teatrales (la mayor\u00eda con fines ben\u00e9ficos), conferencias, exposiciones y muchas m\u00e1s actividades.\" \/>\n<meta property=\"og:url\" content=\"https:\/\/www.upo.es\/formacionpermanente\/cursos-de-verano-olavide\/cursos-de-verano-verano-cultural\/\" \/>\n<meta property=\"og:site_name\" content=\"Formaci\u00f3n Permanente UPO\" \/>\n<meta property=\"article:modified_time\" content=\"2025-06-02T07:23:22+00:00\" \/>\n<meta property=\"og:image\" content=\"https:\/\/www.upo.es\/formacionpermanente\/wp-content\/imagenes\/uploads\/2023\/03\/cursos-de-verano-cabecera-web-1.png\" \/>\n\t<meta property=\"og:image:width\" content=\"1920\" \/>\n\t<meta property=\"og:image:height\" content=\"354\" \/>\n\t<meta property=\"og:image:type\" content=\"image\/png\" \/>\n<meta name=\"twitter:card\" content=\"summary_large_image\" \/>\n<meta name=\"twitter:label1\" content=\"Tiempo de lectura\" \/>\n\t<meta name=\"twitter:data1\" content=\"2 minutos\" \/>\n<script type=\"application\/ld+json\" class=\"yoast-schema-graph\">{\"@context\":\"https:\\\/\\\/schema.org\",\"@graph\":[{\"@type\":\"WebPage\",\"@id\":\"https:\\\/\\\/www.upo.es\\\/formacionpermanente\\\/cursos-de-verano-olavide\\\/cursos-de-verano-verano-cultural\\\/\",\"url\":\"https:\\\/\\\/www.upo.es\\\/formacionpermanente\\\/cursos-de-verano-olavide\\\/cursos-de-verano-verano-cultural\\\/\",\"name\":\"Cursos de Verano - Verano Cultural - Formaci\u00f3n Permanente UPO\",\"isPartOf\":{\"@id\":\"https:\\\/\\\/www.upo.es\\\/formacionpermanente\\\/#website\"},\"primaryImageOfPage\":{\"@id\":\"https:\\\/\\\/www.upo.es\\\/formacionpermanente\\\/cursos-de-verano-olavide\\\/cursos-de-verano-verano-cultural\\\/#primaryimage\"},\"image\":{\"@id\":\"https:\\\/\\\/www.upo.es\\\/formacionpermanente\\\/cursos-de-verano-olavide\\\/cursos-de-verano-verano-cultural\\\/#primaryimage\"},\"thumbnailUrl\":\"https:\\\/\\\/www.upo.es\\\/formacionpermanente\\\/wp-content\\\/imagenes\\\/uploads\\\/2023\\\/03\\\/cursos-de-verano-cabecera-web-1-1024x189.png\",\"datePublished\":\"2025-06-02T07:19:40+00:00\",\"dateModified\":\"2025-06-02T07:23:22+00:00\",\"breadcrumb\":{\"@id\":\"https:\\\/\\\/www.upo.es\\\/formacionpermanente\\\/cursos-de-verano-olavide\\\/cursos-de-verano-verano-cultural\\\/#breadcrumb\"},\"inLanguage\":\"es\",\"potentialAction\":[{\"@type\":\"ReadAction\",\"target\":[\"https:\\\/\\\/www.upo.es\\\/formacionpermanente\\\/cursos-de-verano-olavide\\\/cursos-de-verano-verano-cultural\\\/\"]}]},{\"@type\":\"ImageObject\",\"inLanguage\":\"es\",\"@id\":\"https:\\\/\\\/www.upo.es\\\/formacionpermanente\\\/cursos-de-verano-olavide\\\/cursos-de-verano-verano-cultural\\\/#primaryimage\",\"url\":\"https:\\\/\\\/www.upo.es\\\/formacionpermanente\\\/wp-content\\\/imagenes\\\/uploads\\\/2023\\\/03\\\/cursos-de-verano-cabecera-web-1.png\",\"contentUrl\":\"https:\\\/\\\/www.upo.es\\\/formacionpermanente\\\/wp-content\\\/imagenes\\\/uploads\\\/2023\\\/03\\\/cursos-de-verano-cabecera-web-1.png\",\"width\":1920,\"height\":354},{\"@type\":\"BreadcrumbList\",\"@id\":\"https:\\\/\\\/www.upo.es\\\/formacionpermanente\\\/cursos-de-verano-olavide\\\/cursos-de-verano-verano-cultural\\\/#breadcrumb\",\"itemListElement\":[{\"@type\":\"ListItem\",\"position\":1,\"name\":\"Portada\",\"item\":\"https:\\\/\\\/www.upo.es\\\/formacionpermanente\\\/\"},{\"@type\":\"ListItem\",\"position\":2,\"name\":\"Cursos de Verano Olavide\",\"item\":\"https:\\\/\\\/www.upo.es\\\/formacionpermanente\\\/cursos-de-verano-olavide\\\/\"},{\"@type\":\"ListItem\",\"position\":3,\"name\":\"Cursos de Verano &#8211; Verano Cultural\"}]},{\"@type\":\"WebSite\",\"@id\":\"https:\\\/\\\/www.upo.es\\\/formacionpermanente\\\/#website\",\"url\":\"https:\\\/\\\/www.upo.es\\\/formacionpermanente\\\/\",\"name\":\"Formaci\u00f3n Permanente UPO\",\"description\":\"T\u00edtulos Propios, Microcredenciales, Cursos de Verano\",\"publisher\":{\"@id\":\"https:\\\/\\\/www.upo.es\\\/formacionpermanente\\\/#organization\"},\"potentialAction\":[{\"@type\":\"SearchAction\",\"target\":{\"@type\":\"EntryPoint\",\"urlTemplate\":\"https:\\\/\\\/www.upo.es\\\/formacionpermanente\\\/?s={search_term_string}\"},\"query-input\":{\"@type\":\"PropertyValueSpecification\",\"valueRequired\":true,\"valueName\":\"search_term_string\"}}],\"inLanguage\":\"es\"},{\"@type\":\"Organization\",\"@id\":\"https:\\\/\\\/www.upo.es\\\/formacionpermanente\\\/#organization\",\"name\":\"Formaci\u00f3n Permanente Universidad Pablo de Olavide\",\"alternateName\":\"Formaci\u00f3n Permanente UPO\",\"url\":\"https:\\\/\\\/www.upo.es\\\/formacionpermanente\\\/\",\"logo\":{\"@type\":\"ImageObject\",\"inLanguage\":\"es\",\"@id\":\"https:\\\/\\\/www.upo.es\\\/formacionpermanente\\\/#\\\/schema\\\/logo\\\/image\\\/\",\"url\":\"https:\\\/\\\/www.upo.es\\\/formacionpermanente\\\/wp-content\\\/imagenes\\\/uploads\\\/2023\\\/02\\\/Logo-UPO-azul-amarillo-horizontal.png\",\"contentUrl\":\"https:\\\/\\\/www.upo.es\\\/formacionpermanente\\\/wp-content\\\/imagenes\\\/uploads\\\/2023\\\/02\\\/Logo-UPO-azul-amarillo-horizontal.png\",\"width\":1000,\"height\":407,\"caption\":\"Formaci\u00f3n Permanente Universidad Pablo de Olavide\"},\"image\":{\"@id\":\"https:\\\/\\\/www.upo.es\\\/formacionpermanente\\\/#\\\/schema\\\/logo\\\/image\\\/\"}}]}<\/script>\n<!-- \/ Yoast SEO plugin. -->","yoast_head_json":{"title":"Cursos de Verano - Verano Cultural - Formaci\u00f3n Permanente UPO","robots":{"index":"index","follow":"follow","max-snippet":"max-snippet:-1","max-image-preview":"max-image-preview:large","max-video-preview":"max-video-preview:-1"},"canonical":"https:\/\/www.upo.es\/formacionpermanente\/cursos-de-verano-olavide\/cursos-de-verano-verano-cultural\/","og_locale":"es_ES","og_type":"article","og_title":"Cursos de Verano - Verano Cultural - Formaci\u00f3n Permanente UPO","og_description":"Verano Cultural La Sede Olavide en Carmona &#8211; Rectora Rosario Valpuesta y la Delegaci\u00f3n de\u00a0Cultura, Turismo y Patrimonio Hist\u00f3rico\u00a0del Excmo. Ayuntamiento de Carmona organizan el\u00a0Verano Cultural\u00a0carmonense. La agenda cultural incluye conciertos en los principales monumentos de la ciudad (Ciclo M\u00fasica y Patrimonio), representaciones teatrales (la mayor\u00eda con fines ben\u00e9ficos), conferencias, exposiciones y muchas m\u00e1s actividades.","og_url":"https:\/\/www.upo.es\/formacionpermanente\/cursos-de-verano-olavide\/cursos-de-verano-verano-cultural\/","og_site_name":"Formaci\u00f3n Permanente UPO","article_modified_time":"2025-06-02T07:23:22+00:00","og_image":[{"width":1920,"height":354,"url":"https:\/\/www.upo.es\/formacionpermanente\/wp-content\/imagenes\/uploads\/2023\/03\/cursos-de-verano-cabecera-web-1.png","type":"image\/png"}],"twitter_card":"summary_large_image","twitter_misc":{"Tiempo de lectura":"2 minutos"},"schema":{"@context":"https:\/\/schema.org","@graph":[{"@type":"WebPage","@id":"https:\/\/www.upo.es\/formacionpermanente\/cursos-de-verano-olavide\/cursos-de-verano-verano-cultural\/","url":"https:\/\/www.upo.es\/formacionpermanente\/cursos-de-verano-olavide\/cursos-de-verano-verano-cultural\/","name":"Cursos de Verano - Verano Cultural - Formaci\u00f3n Permanente UPO","isPartOf":{"@id":"https:\/\/www.upo.es\/formacionpermanente\/#website"},"primaryImageOfPage":{"@id":"https:\/\/www.upo.es\/formacionpermanente\/cursos-de-verano-olavide\/cursos-de-verano-verano-cultural\/#primaryimage"},"image":{"@id":"https:\/\/www.upo.es\/formacionpermanente\/cursos-de-verano-olavide\/cursos-de-verano-verano-cultural\/#primaryimage"},"thumbnailUrl":"https:\/\/www.upo.es\/formacionpermanente\/wp-content\/imagenes\/uploads\/2023\/03\/cursos-de-verano-cabecera-web-1-1024x189.png","datePublished":"2025-06-02T07:19:40+00:00","dateModified":"2025-06-02T07:23:22+00:00","breadcrumb":{"@id":"https:\/\/www.upo.es\/formacionpermanente\/cursos-de-verano-olavide\/cursos-de-verano-verano-cultural\/#breadcrumb"},"inLanguage":"es","potentialAction":[{"@type":"ReadAction","target":["https:\/\/www.upo.es\/formacionpermanente\/cursos-de-verano-olavide\/cursos-de-verano-verano-cultural\/"]}]},{"@type":"ImageObject","inLanguage":"es","@id":"https:\/\/www.upo.es\/formacionpermanente\/cursos-de-verano-olavide\/cursos-de-verano-verano-cultural\/#primaryimage","url":"https:\/\/www.upo.es\/formacionpermanente\/wp-content\/imagenes\/uploads\/2023\/03\/cursos-de-verano-cabecera-web-1.png","contentUrl":"https:\/\/www.upo.es\/formacionpermanente\/wp-content\/imagenes\/uploads\/2023\/03\/cursos-de-verano-cabecera-web-1.png","width":1920,"height":354},{"@type":"BreadcrumbList","@id":"https:\/\/www.upo.es\/formacionpermanente\/cursos-de-verano-olavide\/cursos-de-verano-verano-cultural\/#breadcrumb","itemListElement":[{"@type":"ListItem","position":1,"name":"Portada","item":"https:\/\/www.upo.es\/formacionpermanente\/"},{"@type":"ListItem","position":2,"name":"Cursos de Verano Olavide","item":"https:\/\/www.upo.es\/formacionpermanente\/cursos-de-verano-olavide\/"},{"@type":"ListItem","position":3,"name":"Cursos de Verano &#8211; Verano Cultural"}]},{"@type":"WebSite","@id":"https:\/\/www.upo.es\/formacionpermanente\/#website","url":"https:\/\/www.upo.es\/formacionpermanente\/","name":"Formaci\u00f3n Permanente UPO","description":"T\u00edtulos Propios, Microcredenciales, Cursos de Verano","publisher":{"@id":"https:\/\/www.upo.es\/formacionpermanente\/#organization"},"potentialAction":[{"@type":"SearchAction","target":{"@type":"EntryPoint","urlTemplate":"https:\/\/www.upo.es\/formacionpermanente\/?s={search_term_string}"},"query-input":{"@type":"PropertyValueSpecification","valueRequired":true,"valueName":"search_term_string"}}],"inLanguage":"es"},{"@type":"Organization","@id":"https:\/\/www.upo.es\/formacionpermanente\/#organization","name":"Formaci\u00f3n Permanente Universidad Pablo de Olavide","alternateName":"Formaci\u00f3n Permanente UPO","url":"https:\/\/www.upo.es\/formacionpermanente\/","logo":{"@type":"ImageObject","inLanguage":"es","@id":"https:\/\/www.upo.es\/formacionpermanente\/#\/schema\/logo\/image\/","url":"https:\/\/www.upo.es\/formacionpermanente\/wp-content\/imagenes\/uploads\/2023\/02\/Logo-UPO-azul-amarillo-horizontal.png","contentUrl":"https:\/\/www.upo.es\/formacionpermanente\/wp-content\/imagenes\/uploads\/2023\/02\/Logo-UPO-azul-amarillo-horizontal.png","width":1000,"height":407,"caption":"Formaci\u00f3n Permanente Universidad Pablo de Olavide"},"image":{"@id":"https:\/\/www.upo.es\/formacionpermanente\/#\/schema\/logo\/image\/"}}]}},"_links":{"self":[{"href":"https:\/\/www.upo.es\/formacionpermanente\/wp-json\/wp\/v2\/pages\/46924","targetHints":{"allow":["GET"]}}],"collection":[{"href":"https:\/\/www.upo.es\/formacionpermanente\/wp-json\/wp\/v2\/pages"}],"about":[{"href":"https:\/\/www.upo.es\/formacionpermanente\/wp-json\/wp\/v2\/types\/page"}],"author":[{"embeddable":true,"href":"https:\/\/www.upo.es\/formacionpermanente\/wp-json\/wp\/v2\/users\/10"}],"replies":[{"embeddable":true,"href":"https:\/\/www.upo.es\/formacionpermanente\/wp-json\/wp\/v2\/comments?post=46924"}],"version-history":[{"count":8,"href":"https:\/\/www.upo.es\/formacionpermanente\/wp-json\/wp\/v2\/pages\/46924\/revisions"}],"predecessor-version":[{"id":48625,"href":"https:\/\/www.upo.es\/formacionpermanente\/wp-json\/wp\/v2\/pages\/46924\/revisions\/48625"}],"up":[{"embeddable":true,"href":"https:\/\/www.upo.es\/formacionpermanente\/wp-json\/wp\/v2\/pages\/1041"}],"wp:attachment":[{"href":"https:\/\/www.upo.es\/formacionpermanente\/wp-json\/wp\/v2\/media?parent=46924"}],"curies":[{"name":"wp","href":"https:\/\/api.w.org\/{rel}","templated":true}]}}