{"id":53773,"date":"2026-03-24T14:10:40","date_gmt":"2026-03-24T13:10:40","guid":{"rendered":"https:\/\/www.upo.es\/formacionpermanente\/?page_id=53773"},"modified":"2026-04-07T10:52:32","modified_gmt":"2026-04-07T08:52:32","slug":"criterios-de-seleccion-de-los-cursos-de-verano-2026","status":"publish","type":"page","link":"https:\/\/www.upo.es\/formacionpermanente\/cursos-de-verano-olavide\/criterios-de-seleccion-de-los-cursos-de-verano-2026\/","title":{"rendered":"Criterios de selecci\u00f3n de los Cursos de Verano 2026"},"content":{"rendered":"\t\t<div data-elementor-type=\"wp-page\" data-elementor-id=\"53773\" class=\"elementor elementor-53773\" data-elementor-post-type=\"page\">\n\t\t\t\t\t\t<section data-dce-background-color=\"#ffffff\" data-dce-background-image-url=\"https:\/\/www.upo.es\/formacionpermanente\/wp-content\/imagenes\/uploads\/2023\/04\/Fondo.jpg\" class=\"elementor-section elementor-top-section elementor-element elementor-element-291d361 elementor-section-height-min-height elementor-section-content-middle elementor-section-boxed elementor-section-height-default elementor-section-items-middle\" data-id=\"291d361\" data-element_type=\"section\" data-e-type=\"section\" data-settings=\"{&quot;background_background&quot;:&quot;classic&quot;}\">\n\t\t\t\t\t\t\t<div class=\"elementor-background-overlay\"><\/div>\n\t\t\t\t\t\t\t<div class=\"elementor-container elementor-column-gap-default\">\n\t\t\t\t\t<div class=\"elementor-column elementor-col-100 elementor-top-column elementor-element elementor-element-743eb61\" data-id=\"743eb61\" data-element_type=\"column\" data-e-type=\"column\">\n\t\t\t<div class=\"elementor-widget-wrap elementor-element-populated\">\n\t\t\t\t\t\t<div class=\"elementor-element elementor-element-31e84ac elementor-hidden-tablet elementor-hidden-mobile elementor-widget elementor-widget-image\" data-id=\"31e84ac\" data-element_type=\"widget\" data-e-type=\"widget\" data-widget_type=\"image.default\">\n\t\t\t\t<div class=\"elementor-widget-container\">\n\t\t\t\t\t\t\t\t\t\t\t\t\t\t\t<img fetchpriority=\"high\" decoding=\"async\" width=\"1024\" height=\"189\" src=\"https:\/\/www.upo.es\/formacionpermanente\/wp-content\/imagenes\/uploads\/2023\/03\/cursos-de-verano-cabecera-web-1-1024x189.png\" class=\"attachment-large size-large wp-image-20518\" alt=\"\" srcset=\"https:\/\/www.upo.es\/formacionpermanente\/wp-content\/imagenes\/uploads\/2023\/03\/cursos-de-verano-cabecera-web-1-1024x189.png 1024w, https:\/\/www.upo.es\/formacionpermanente\/wp-content\/imagenes\/uploads\/2023\/03\/cursos-de-verano-cabecera-web-1-300x55.png 300w, https:\/\/www.upo.es\/formacionpermanente\/wp-content\/imagenes\/uploads\/2023\/03\/cursos-de-verano-cabecera-web-1-768x142.png 768w, https:\/\/www.upo.es\/formacionpermanente\/wp-content\/imagenes\/uploads\/2023\/03\/cursos-de-verano-cabecera-web-1-1536x283.png 1536w, https:\/\/www.upo.es\/formacionpermanente\/wp-content\/imagenes\/uploads\/2023\/03\/cursos-de-verano-cabecera-web-1.png 1920w\" sizes=\"(max-width: 1024px) 100vw, 1024px\" \/>\t\t\t\t\t\t\t\t\t\t\t\t\t\t\t<\/div>\n\t\t\t\t<\/div>\n\t\t\t\t\t<\/div>\n\t\t<\/div>\n\t\t\t\t\t<\/div>\n\t\t<\/section>\n\t\t\t\t<section class=\"elementor-section elementor-top-section elementor-element elementor-element-917bce8 elementor-section-boxed elementor-section-height-default elementor-section-height-default\" data-id=\"917bce8\" data-element_type=\"section\" data-e-type=\"section\">\n\t\t\t\t\t\t<div class=\"elementor-container elementor-column-gap-default\">\n\t\t\t\t\t<div class=\"elementor-column elementor-col-100 elementor-top-column elementor-element elementor-element-23cfc40\" data-id=\"23cfc40\" data-element_type=\"column\" data-e-type=\"column\">\n\t\t\t<div class=\"elementor-widget-wrap elementor-element-populated\">\n\t\t\t\t\t\t<div class=\"elementor-element elementor-element-b15c25d elementor-widget elementor-widget-menu-anchor\" data-id=\"b15c25d\" data-element_type=\"widget\" data-e-type=\"widget\" data-widget_type=\"menu-anchor.default\">\n\t\t\t\t<div class=\"elementor-widget-container\">\n\t\t\t\t\t\t\t<div class=\"elementor-menu-anchor\" id=\"primera\"><\/div>\n\t\t\t\t\t\t<\/div>\n\t\t\t\t<\/div>\n\t\t\t\t<div class=\"elementor-element elementor-element-09c4aeb elementor-widget elementor-widget-heading\" data-id=\"09c4aeb\" data-element_type=\"widget\" data-e-type=\"widget\" data-widget_type=\"heading.default\">\n\t\t\t\t<div class=\"elementor-widget-container\">\n\t\t\t\t\t<h3 class=\"elementor-heading-title elementor-size-default\">Criterios de selecci\u00f3n de los Cursos de Verano 2026<\/h3>\t\t\t\t<\/div>\n\t\t\t\t<\/div>\n\t\t\t\t<div class=\"elementor-element elementor-element-cff3001 elementor-widget elementor-widget-text-editor\" data-id=\"cff3001\" data-element_type=\"widget\" data-e-type=\"widget\" data-widget_type=\"text-editor.default\">\n\t\t\t\t<div class=\"elementor-widget-container\">\n\t\t\t\t\t\t\t\t\t<p>Para la selecci\u00f3n de los cursos por parte de la Universidad Pablo de Olavide se han aplicado los siguientes criterios generales:<\/p><ul><li>Excelencia acad\u00e9mica y cient\u00edfica de las propuestas.<\/li><li>Car\u00e1cter interdisciplinar de la materia.<\/li><li>Inter\u00e9s social de los temas propuestos.<\/li><li>Inter\u00e9s por tem\u00e1ticas relacionadas con las necesidades y la diversidad de los recursos, tanto humanos como culturales o econ\u00f3micos, de nuestro entorno geogr\u00e1fico m\u00e1s pr\u00f3ximo.<\/li><li>Atenci\u00f3n preferente por aquellas materias no presentes en las ense\u00f1anzas regladas.<\/li><\/ul><p>Adem\u00e1s, se valoran los siguientes criterios espec\u00edficos para la selecci\u00f3n de propuestas de Cursos de Verano:<\/p><ul><li>Que la propuesta cuente con ediciones exitosas celebradas con anterioridad.<\/li><li>Que el curso cuente entre sus participantes con alguna persona de reconocida relevancia p\u00fablica.<\/li><li>Que la propuesta cuente con financiaci\u00f3n externa.<\/li><li>Que, en caso de no poderse celebrar en la fecha propuesta, por saturaci\u00f3n de cursos, acceda a poder celebrarlo en otra de las semanas de la edici\u00f3n con menos talleres o cursos.<\/li><\/ul><p>Adem\u00e1s de estos criterios, toda oferta de curso de verano debe alcanzar un m\u00ednimo de 13 puntos del total de los 17 \u00edtems que componen el siguiente documento de par\u00e1metros internos de calidad:<\/p><p style=\"text-align: center;\"><strong>I &#8211; Adecuaci\u00f3n del personal docente<\/strong><\/p><ul><li>Porcentaje de profesorado del curso profesionales vinculados a la tem\u00e1tica del mismo. +50% -&gt; 1 punto \/ +70% -&gt; M\u00e1ximo: 2 puntos.<\/li><li>La direcci\u00f3n ejecutiva del curso tiene un perfil profesional de m\u00e1s de 3 a\u00f1os de experiencia en el sector relacionado con el contenido del programa. \u00e0 Un punto por respuesta afirmativa.<\/li><li>El curso cuenta entre sus participantes con alguno de reconocida de reconocida relevancia p\u00fablica. -&gt; Hasta dos puntos por respuesta afirmativa.<\/li><li>Se respeta la paridad en la designaci\u00f3n del profesorado del curso. -&gt; Un punto por respuesta afirmativa.<\/li><li>El equipo docente est\u00e1 integrado por profesorado universitario y profesionales externos a la Universidad. -&gt; Un punto por respuesta afirmativa.<\/li><\/ul><p style=\"text-align: center;\"><strong>II &#8211; Perfil del estudiantado<\/strong><\/p><ul><li>Perfil del estudiantado definido y es coherente con el curso. -&gt; Un punto por respuesta afirmativa.<\/li><\/ul><p style=\"text-align: center;\"><strong>III &#8211; Contenido del programa<\/strong><\/p><ul><li>Se describe el contenido del curso con suficiente informaci\u00f3n. -&gt; Un punto por respuesta afirmativa.<\/li><li>El curso ofrece una formaci\u00f3n de inter\u00e9s cient\u00edfica, acad\u00e9mica o profesional desde el punto de vista del debate y la reflexi\u00f3n. -&gt; Hasta dos puntos por respuesta afirmativa.<\/li><li>El curso incluye contenidos innovadores respecto de las ense\u00f1anzas regladas. -&gt; Hasta dos puntos por respuesta afirmativa.<\/li><li>Las competencias adquiridas permiten desarrollar habilidades en el \u00e1mbito profesional asociado al curso. -&gt; Un punto por respuesta afirmativa.<\/li><li>El curso cuenta con m\u00e1s de una edici\u00f3n celebrada. Tambi\u00e9n se tendr\u00e1 en cuenta el grado de satisfacci\u00f3n de los usuarios de las ediciones anteriores. 3,5 -&gt; 1 punto \/\/ 4 -&gt; 2 puntos \/\/ 4,5 -&gt; 3 puntos. M\u00e1ximo: 3 puntos.<\/li><\/ul><p style=\"text-align: center;\"><strong>IV &#8211; Planificaci\u00f3n de las ense\u00f1anzas<\/strong><\/p><ul><li>Las ense\u00f1anzas combinan clases te\u00f3ricas con actividades pr\u00e1cticas. -&gt; Hasta un punto por respuesta afirmativa.<\/li><li>Junto a las ense\u00f1anzas te\u00f3ricas y pr\u00e1cticas se incluyen actividades complementarias (conferencias, seminarios, visitas a instituciones, etc.). -&gt; Hasta un punto por respuesta afirmativa.<\/li><li>Se contemplan actividades colectivas y de trabajo en grupo. -&gt; Hasta un punto por respuesta afirmativa.<\/li><li>Se establece un sistema de evaluaci\u00f3n para medir los conocimientos adquiridos por el estudiantado. -&gt; Un punto por respuesta afirmativa.<\/li><\/ul><p style=\"text-align: center;\"><strong>V &#8211; Colaboraci\u00f3n de entidades externas<\/strong><\/p><ul><li>Existen convenios de colaboraci\u00f3n con empresas o entidades externas para la impartici\u00f3n del curso. -&gt; Un punto por respuesta afirmativa.<\/li><li>El curso cuenta con apoyo de financiaci\u00f3n externa. -&gt; Dos puntos por respuesta afirmativa.<\/li><\/ul>\t\t\t\t\t\t\t\t<\/div>\n\t\t\t\t<\/div>\n\t\t\t\t\t<\/div>\n\t\t<\/div>\n\t\t\t\t\t<\/div>\n\t\t<\/section>\n\t\t\t\t<section class=\"elementor-section elementor-top-section elementor-element elementor-element-3ba9084 elementor-section-boxed elementor-section-height-default elementor-section-height-default\" data-id=\"3ba9084\" data-element_type=\"section\" data-e-type=\"section\">\n\t\t\t\t\t\t<div class=\"elementor-container elementor-column-gap-default\">\n\t\t\t\t\t<div class=\"elementor-column elementor-col-100 elementor-top-column elementor-element elementor-element-071d518\" data-id=\"071d518\" data-element_type=\"column\" data-e-type=\"column\">\n\t\t\t<div class=\"elementor-widget-wrap\">\n\t\t\t\t\t\t\t<\/div>\n\t\t<\/div>\n\t\t\t\t\t<\/div>\n\t\t<\/section>\n\t\t\t\t<\/div>\n\t\t","protected":false},"excerpt":{"rendered":"<p>Criterios de selecci\u00f3n de los Cursos de Verano 2026 Para la selecci\u00f3n de los cursos por parte de la Universidad Pablo de Olavide se han aplicado los siguientes criterios generales: Excelencia acad\u00e9mica y cient\u00edfica de las propuestas. Car\u00e1cter interdisciplinar de la materia. Inter\u00e9s social de los temas propuestos. Inter\u00e9s por tem\u00e1ticas relacionadas con las necesidades [&hellip;]<\/p>\n","protected":false},"author":8,"featured_media":0,"parent":1041,"menu_order":1,"comment_status":"closed","ping_status":"closed","template":"","meta":{"_acf_changed":false,"site-sidebar-layout":"no-sidebar","site-content-layout":"page-builder","ast-site-content-layout":"full-width-container","site-content-style":"unboxed","site-sidebar-style":"unboxed","ast-global-header-display":"","ast-banner-title-visibility":"","ast-main-header-display":"","ast-hfb-above-header-display":"","ast-hfb-below-header-display":"","ast-hfb-mobile-header-display":"","site-post-title":"disabled","ast-breadcrumbs-content":"","ast-featured-img":"disabled","footer-sml-layout":"","ast-disable-related-posts":"","theme-transparent-header-meta":"default","adv-header-id-meta":"","stick-header-meta":"default","header-above-stick-meta":"","header-main-stick-meta":"","header-below-stick-meta":"","astra-migrate-meta-layouts":"set","ast-page-background-enabled":"default","ast-page-background-meta":{"desktop":{"background-color":"var(--ast-global-color-4)","background-image":"","background-repeat":"repeat","background-position":"center center","background-size":"auto","background-attachment":"scroll","background-type":"","background-media":"","overlay-type":"","overlay-color":"","overlay-opacity":"","overlay-gradient":""},"tablet":{"background-color":"","background-image":"","background-repeat":"repeat","background-position":"center center","background-size":"auto","background-attachment":"scroll","background-type":"","background-media":"","overlay-type":"","overlay-color":"","overlay-opacity":"","overlay-gradient":""},"mobile":{"background-color":"","background-image":"","background-repeat":"repeat","background-position":"center center","background-size":"auto","background-attachment":"scroll","background-type":"","background-media":"","overlay-type":"","overlay-color":"","overlay-opacity":"","overlay-gradient":""}},"ast-content-background-meta":{"desktop":{"background-color":"var(--ast-global-color-5)","background-image":"","background-repeat":"repeat","background-position":"center center","background-size":"auto","background-attachment":"scroll","background-type":"","background-media":"","overlay-type":"","overlay-color":"","overlay-opacity":"","overlay-gradient":""},"tablet":{"background-color":"var(--ast-global-color-5)","background-image":"","background-repeat":"repeat","background-position":"center center","background-size":"auto","background-attachment":"scroll","background-type":"","background-media":"","overlay-type":"","overlay-color":"","overlay-opacity":"","overlay-gradient":""},"mobile":{"background-color":"var(--ast-global-color-5)","background-image":"","background-repeat":"repeat","background-position":"center center","background-size":"auto","background-attachment":"scroll","background-type":"","background-media":"","overlay-type":"","overlay-color":"","overlay-opacity":"","overlay-gradient":""}},"footnotes":""},"class_list":["post-53773","page","type-page","status-publish","hentry"],"acf":[],"yoast_head":"<!-- This site is optimized with the Yoast SEO plugin v27.5 - https:\/\/yoast.com\/product\/yoast-seo-wordpress\/ -->\n<title>Criterios de selecci\u00f3n de los Cursos de Verano 2026<\/title>\n<meta name=\"robots\" content=\"index, follow, max-snippet:-1, max-image-preview:large, max-video-preview:-1\" \/>\n<link rel=\"canonical\" href=\"https:\/\/www.upo.es\/formacionpermanente\/cursos-de-verano-olavide\/criterios-de-seleccion-de-los-cursos-de-verano-2026\/\" \/>\n<meta property=\"og:locale\" content=\"es_ES\" \/>\n<meta property=\"og:type\" content=\"article\" \/>\n<meta property=\"og:title\" content=\"Criterios de selecci\u00f3n de los Cursos de Verano 2026\" \/>\n<meta property=\"og:description\" content=\"Criterios de selecci\u00f3n de los Cursos de Verano 2026 Para la selecci\u00f3n de los cursos por parte de la Universidad Pablo de Olavide se han aplicado los siguientes criterios generales: Excelencia acad\u00e9mica y cient\u00edfica de las propuestas. Car\u00e1cter interdisciplinar de la materia. Inter\u00e9s social de los temas propuestos. Inter\u00e9s por tem\u00e1ticas relacionadas con las necesidades [&hellip;]\" \/>\n<meta property=\"og:url\" content=\"https:\/\/www.upo.es\/formacionpermanente\/cursos-de-verano-olavide\/criterios-de-seleccion-de-los-cursos-de-verano-2026\/\" \/>\n<meta property=\"og:site_name\" content=\"Formaci\u00f3n Permanente UPO\" \/>\n<meta property=\"article:modified_time\" content=\"2026-04-07T08:52:32+00:00\" \/>\n<meta property=\"og:image\" content=\"https:\/\/www.upo.es\/formacionpermanente\/wp-content\/imagenes\/uploads\/2023\/03\/cursos-de-verano-cabecera-web-1.png\" \/>\n\t<meta property=\"og:image:width\" content=\"1920\" \/>\n\t<meta property=\"og:image:height\" content=\"354\" \/>\n\t<meta property=\"og:image:type\" content=\"image\/png\" \/>\n<meta name=\"twitter:card\" content=\"summary_large_image\" \/>\n<meta name=\"twitter:label1\" content=\"Tiempo de lectura\" \/>\n\t<meta name=\"twitter:data1\" content=\"3 minutos\" \/>\n<script type=\"application\/ld+json\" class=\"yoast-schema-graph\">{\"@context\":\"https:\\\/\\\/schema.org\",\"@graph\":[{\"@type\":\"WebPage\",\"@id\":\"https:\\\/\\\/www.upo.es\\\/formacionpermanente\\\/cursos-de-verano-olavide\\\/criterios-de-seleccion-de-los-cursos-de-verano-2026\\\/\",\"url\":\"https:\\\/\\\/www.upo.es\\\/formacionpermanente\\\/cursos-de-verano-olavide\\\/criterios-de-seleccion-de-los-cursos-de-verano-2026\\\/\",\"name\":\"Criterios de selecci\u00f3n de los Cursos de Verano 2026\",\"isPartOf\":{\"@id\":\"https:\\\/\\\/www.upo.es\\\/formacionpermanente\\\/#website\"},\"primaryImageOfPage\":{\"@id\":\"https:\\\/\\\/www.upo.es\\\/formacionpermanente\\\/cursos-de-verano-olavide\\\/criterios-de-seleccion-de-los-cursos-de-verano-2026\\\/#primaryimage\"},\"image\":{\"@id\":\"https:\\\/\\\/www.upo.es\\\/formacionpermanente\\\/cursos-de-verano-olavide\\\/criterios-de-seleccion-de-los-cursos-de-verano-2026\\\/#primaryimage\"},\"thumbnailUrl\":\"https:\\\/\\\/www.upo.es\\\/formacionpermanente\\\/wp-content\\\/imagenes\\\/uploads\\\/2023\\\/03\\\/cursos-de-verano-cabecera-web-1-1024x189.png\",\"datePublished\":\"2026-03-24T13:10:40+00:00\",\"dateModified\":\"2026-04-07T08:52:32+00:00\",\"breadcrumb\":{\"@id\":\"https:\\\/\\\/www.upo.es\\\/formacionpermanente\\\/cursos-de-verano-olavide\\\/criterios-de-seleccion-de-los-cursos-de-verano-2026\\\/#breadcrumb\"},\"inLanguage\":\"es\",\"potentialAction\":[{\"@type\":\"ReadAction\",\"target\":[\"https:\\\/\\\/www.upo.es\\\/formacionpermanente\\\/cursos-de-verano-olavide\\\/criterios-de-seleccion-de-los-cursos-de-verano-2026\\\/\"]}]},{\"@type\":\"ImageObject\",\"inLanguage\":\"es\",\"@id\":\"https:\\\/\\\/www.upo.es\\\/formacionpermanente\\\/cursos-de-verano-olavide\\\/criterios-de-seleccion-de-los-cursos-de-verano-2026\\\/#primaryimage\",\"url\":\"https:\\\/\\\/www.upo.es\\\/formacionpermanente\\\/wp-content\\\/imagenes\\\/uploads\\\/2023\\\/03\\\/cursos-de-verano-cabecera-web-1.png\",\"contentUrl\":\"https:\\\/\\\/www.upo.es\\\/formacionpermanente\\\/wp-content\\\/imagenes\\\/uploads\\\/2023\\\/03\\\/cursos-de-verano-cabecera-web-1.png\",\"width\":1920,\"height\":354},{\"@type\":\"BreadcrumbList\",\"@id\":\"https:\\\/\\\/www.upo.es\\\/formacionpermanente\\\/cursos-de-verano-olavide\\\/criterios-de-seleccion-de-los-cursos-de-verano-2026\\\/#breadcrumb\",\"itemListElement\":[{\"@type\":\"ListItem\",\"position\":1,\"name\":\"Portada\",\"item\":\"https:\\\/\\\/www.upo.es\\\/formacionpermanente\\\/\"},{\"@type\":\"ListItem\",\"position\":2,\"name\":\"Cursos de Verano Olavide\",\"item\":\"https:\\\/\\\/www.upo.es\\\/formacionpermanente\\\/cursos-de-verano-olavide\\\/\"},{\"@type\":\"ListItem\",\"position\":3,\"name\":\"Criterios de selecci\u00f3n de los Cursos de Verano 2026\"}]},{\"@type\":\"WebSite\",\"@id\":\"https:\\\/\\\/www.upo.es\\\/formacionpermanente\\\/#website\",\"url\":\"https:\\\/\\\/www.upo.es\\\/formacionpermanente\\\/\",\"name\":\"Formaci\u00f3n Permanente UPO\",\"description\":\"T\u00edtulos Propios, Microcredenciales, Cursos de Verano\",\"publisher\":{\"@id\":\"https:\\\/\\\/www.upo.es\\\/formacionpermanente\\\/#organization\"},\"potentialAction\":[{\"@type\":\"SearchAction\",\"target\":{\"@type\":\"EntryPoint\",\"urlTemplate\":\"https:\\\/\\\/www.upo.es\\\/formacionpermanente\\\/?s={search_term_string}\"},\"query-input\":{\"@type\":\"PropertyValueSpecification\",\"valueRequired\":true,\"valueName\":\"search_term_string\"}}],\"inLanguage\":\"es\"},{\"@type\":\"Organization\",\"@id\":\"https:\\\/\\\/www.upo.es\\\/formacionpermanente\\\/#organization\",\"name\":\"Formaci\u00f3n Permanente Universidad Pablo de Olavide\",\"alternateName\":\"Formaci\u00f3n Permanente UPO\",\"url\":\"https:\\\/\\\/www.upo.es\\\/formacionpermanente\\\/\",\"logo\":{\"@type\":\"ImageObject\",\"inLanguage\":\"es\",\"@id\":\"https:\\\/\\\/www.upo.es\\\/formacionpermanente\\\/#\\\/schema\\\/logo\\\/image\\\/\",\"url\":\"https:\\\/\\\/www.upo.es\\\/formacionpermanente\\\/wp-content\\\/imagenes\\\/uploads\\\/2023\\\/02\\\/Logo-UPO-azul-amarillo-horizontal.png\",\"contentUrl\":\"https:\\\/\\\/www.upo.es\\\/formacionpermanente\\\/wp-content\\\/imagenes\\\/uploads\\\/2023\\\/02\\\/Logo-UPO-azul-amarillo-horizontal.png\",\"width\":1000,\"height\":407,\"caption\":\"Formaci\u00f3n Permanente Universidad Pablo de Olavide\"},\"image\":{\"@id\":\"https:\\\/\\\/www.upo.es\\\/formacionpermanente\\\/#\\\/schema\\\/logo\\\/image\\\/\"}}]}<\/script>\n<!-- \/ Yoast SEO plugin. -->","yoast_head_json":{"title":"Criterios de selecci\u00f3n de los Cursos de Verano 2026","robots":{"index":"index","follow":"follow","max-snippet":"max-snippet:-1","max-image-preview":"max-image-preview:large","max-video-preview":"max-video-preview:-1"},"canonical":"https:\/\/www.upo.es\/formacionpermanente\/cursos-de-verano-olavide\/criterios-de-seleccion-de-los-cursos-de-verano-2026\/","og_locale":"es_ES","og_type":"article","og_title":"Criterios de selecci\u00f3n de los Cursos de Verano 2026","og_description":"Criterios de selecci\u00f3n de los Cursos de Verano 2026 Para la selecci\u00f3n de los cursos por parte de la Universidad Pablo de Olavide se han aplicado los siguientes criterios generales: Excelencia acad\u00e9mica y cient\u00edfica de las propuestas. Car\u00e1cter interdisciplinar de la materia. Inter\u00e9s social de los temas propuestos. Inter\u00e9s por tem\u00e1ticas relacionadas con las necesidades [&hellip;]","og_url":"https:\/\/www.upo.es\/formacionpermanente\/cursos-de-verano-olavide\/criterios-de-seleccion-de-los-cursos-de-verano-2026\/","og_site_name":"Formaci\u00f3n Permanente UPO","article_modified_time":"2026-04-07T08:52:32+00:00","og_image":[{"width":1920,"height":354,"url":"https:\/\/www.upo.es\/formacionpermanente\/wp-content\/imagenes\/uploads\/2023\/03\/cursos-de-verano-cabecera-web-1.png","type":"image\/png"}],"twitter_card":"summary_large_image","twitter_misc":{"Tiempo de lectura":"3 minutos"},"schema":{"@context":"https:\/\/schema.org","@graph":[{"@type":"WebPage","@id":"https:\/\/www.upo.es\/formacionpermanente\/cursos-de-verano-olavide\/criterios-de-seleccion-de-los-cursos-de-verano-2026\/","url":"https:\/\/www.upo.es\/formacionpermanente\/cursos-de-verano-olavide\/criterios-de-seleccion-de-los-cursos-de-verano-2026\/","name":"Criterios de selecci\u00f3n de los Cursos de Verano 2026","isPartOf":{"@id":"https:\/\/www.upo.es\/formacionpermanente\/#website"},"primaryImageOfPage":{"@id":"https:\/\/www.upo.es\/formacionpermanente\/cursos-de-verano-olavide\/criterios-de-seleccion-de-los-cursos-de-verano-2026\/#primaryimage"},"image":{"@id":"https:\/\/www.upo.es\/formacionpermanente\/cursos-de-verano-olavide\/criterios-de-seleccion-de-los-cursos-de-verano-2026\/#primaryimage"},"thumbnailUrl":"https:\/\/www.upo.es\/formacionpermanente\/wp-content\/imagenes\/uploads\/2023\/03\/cursos-de-verano-cabecera-web-1-1024x189.png","datePublished":"2026-03-24T13:10:40+00:00","dateModified":"2026-04-07T08:52:32+00:00","breadcrumb":{"@id":"https:\/\/www.upo.es\/formacionpermanente\/cursos-de-verano-olavide\/criterios-de-seleccion-de-los-cursos-de-verano-2026\/#breadcrumb"},"inLanguage":"es","potentialAction":[{"@type":"ReadAction","target":["https:\/\/www.upo.es\/formacionpermanente\/cursos-de-verano-olavide\/criterios-de-seleccion-de-los-cursos-de-verano-2026\/"]}]},{"@type":"ImageObject","inLanguage":"es","@id":"https:\/\/www.upo.es\/formacionpermanente\/cursos-de-verano-olavide\/criterios-de-seleccion-de-los-cursos-de-verano-2026\/#primaryimage","url":"https:\/\/www.upo.es\/formacionpermanente\/wp-content\/imagenes\/uploads\/2023\/03\/cursos-de-verano-cabecera-web-1.png","contentUrl":"https:\/\/www.upo.es\/formacionpermanente\/wp-content\/imagenes\/uploads\/2023\/03\/cursos-de-verano-cabecera-web-1.png","width":1920,"height":354},{"@type":"BreadcrumbList","@id":"https:\/\/www.upo.es\/formacionpermanente\/cursos-de-verano-olavide\/criterios-de-seleccion-de-los-cursos-de-verano-2026\/#breadcrumb","itemListElement":[{"@type":"ListItem","position":1,"name":"Portada","item":"https:\/\/www.upo.es\/formacionpermanente\/"},{"@type":"ListItem","position":2,"name":"Cursos de Verano Olavide","item":"https:\/\/www.upo.es\/formacionpermanente\/cursos-de-verano-olavide\/"},{"@type":"ListItem","position":3,"name":"Criterios de selecci\u00f3n de los Cursos de Verano 2026"}]},{"@type":"WebSite","@id":"https:\/\/www.upo.es\/formacionpermanente\/#website","url":"https:\/\/www.upo.es\/formacionpermanente\/","name":"Formaci\u00f3n Permanente UPO","description":"T\u00edtulos Propios, Microcredenciales, Cursos de Verano","publisher":{"@id":"https:\/\/www.upo.es\/formacionpermanente\/#organization"},"potentialAction":[{"@type":"SearchAction","target":{"@type":"EntryPoint","urlTemplate":"https:\/\/www.upo.es\/formacionpermanente\/?s={search_term_string}"},"query-input":{"@type":"PropertyValueSpecification","valueRequired":true,"valueName":"search_term_string"}}],"inLanguage":"es"},{"@type":"Organization","@id":"https:\/\/www.upo.es\/formacionpermanente\/#organization","name":"Formaci\u00f3n Permanente Universidad Pablo de Olavide","alternateName":"Formaci\u00f3n Permanente UPO","url":"https:\/\/www.upo.es\/formacionpermanente\/","logo":{"@type":"ImageObject","inLanguage":"es","@id":"https:\/\/www.upo.es\/formacionpermanente\/#\/schema\/logo\/image\/","url":"https:\/\/www.upo.es\/formacionpermanente\/wp-content\/imagenes\/uploads\/2023\/02\/Logo-UPO-azul-amarillo-horizontal.png","contentUrl":"https:\/\/www.upo.es\/formacionpermanente\/wp-content\/imagenes\/uploads\/2023\/02\/Logo-UPO-azul-amarillo-horizontal.png","width":1000,"height":407,"caption":"Formaci\u00f3n Permanente Universidad Pablo de Olavide"},"image":{"@id":"https:\/\/www.upo.es\/formacionpermanente\/#\/schema\/logo\/image\/"}}]}},"_links":{"self":[{"href":"https:\/\/www.upo.es\/formacionpermanente\/wp-json\/wp\/v2\/pages\/53773","targetHints":{"allow":["GET"]}}],"collection":[{"href":"https:\/\/www.upo.es\/formacionpermanente\/wp-json\/wp\/v2\/pages"}],"about":[{"href":"https:\/\/www.upo.es\/formacionpermanente\/wp-json\/wp\/v2\/types\/page"}],"author":[{"embeddable":true,"href":"https:\/\/www.upo.es\/formacionpermanente\/wp-json\/wp\/v2\/users\/8"}],"replies":[{"embeddable":true,"href":"https:\/\/www.upo.es\/formacionpermanente\/wp-json\/wp\/v2\/comments?post=53773"}],"version-history":[{"count":14,"href":"https:\/\/www.upo.es\/formacionpermanente\/wp-json\/wp\/v2\/pages\/53773\/revisions"}],"predecessor-version":[{"id":54093,"href":"https:\/\/www.upo.es\/formacionpermanente\/wp-json\/wp\/v2\/pages\/53773\/revisions\/54093"}],"up":[{"embeddable":true,"href":"https:\/\/www.upo.es\/formacionpermanente\/wp-json\/wp\/v2\/pages\/1041"}],"wp:attachment":[{"href":"https:\/\/www.upo.es\/formacionpermanente\/wp-json\/wp\/v2\/media?parent=53773"}],"curies":[{"name":"wp","href":"https:\/\/api.w.org\/{rel}","templated":true}]}}