{"id":7883,"date":"2022-09-02T13:27:11","date_gmt":"2022-09-02T11:27:11","guid":{"rendered":"https:\/\/www.upo.es\/formacionpermanente\/?page_id=7883"},"modified":"2022-09-02T13:34:57","modified_gmt":"2022-09-02T11:34:57","slug":"accesibilidad","status":"publish","type":"page","link":"https:\/\/www.upo.es\/formacionpermanente\/accesibilidad\/","title":{"rendered":"Accesibilidad"},"content":{"rendered":"\t\t<div data-elementor-type=\"wp-page\" data-elementor-id=\"7883\" class=\"elementor elementor-7883\" data-elementor-post-type=\"page\">\n\t\t\t\t\t\t<section class=\"elementor-section elementor-top-section elementor-element elementor-element-80448c1 elementor-section-boxed elementor-section-height-default elementor-section-height-default\" data-id=\"80448c1\" data-element_type=\"section\" data-e-type=\"section\">\n\t\t\t\t\t\t<div class=\"elementor-container elementor-column-gap-default\">\n\t\t\t\t\t<div class=\"elementor-column elementor-col-100 elementor-top-column elementor-element elementor-element-3ef0b30\" data-id=\"3ef0b30\" data-element_type=\"column\" data-e-type=\"column\">\n\t\t\t<div class=\"elementor-widget-wrap elementor-element-populated\">\n\t\t\t\t\t\t<div class=\"elementor-element elementor-element-d04c066 elementor-widget elementor-widget-heading\" data-id=\"d04c066\" data-element_type=\"widget\" data-e-type=\"widget\" data-widget_type=\"heading.default\">\n\t\t\t\t<div class=\"elementor-widget-container\">\n\t\t\t\t\t<h2 class=\"elementor-heading-title elementor-size-default\">Accesibilidad<\/h2>\t\t\t\t<\/div>\n\t\t\t\t<\/div>\n\t\t\t\t<div class=\"elementor-element elementor-element-8b93303 elementor-widget elementor-widget-text-editor\" data-id=\"8b93303\" data-element_type=\"widget\" data-e-type=\"widget\" data-widget_type=\"text-editor.default\">\n\t\t\t\t<div class=\"elementor-widget-container\">\n\t\t\t\t\t\t\t\t\t<div class=\"fusion-fullwidth fullwidth-box fusion-fullwidth-1  fusion-parallax-none\"><div class=\"fusion-row\"><p>La Universidad Pablo de Olavide desea que todos los contenidos y servicios puestos a disposici\u00f3n de la ciudadan\u00eda bajo el dominio upo.es sean accesibles independientemente de las posibles limitaciones que pudieran condicionar el acceso al sitio web, ya sean ocasionadas por el entorno, la conexi\u00f3n o de car\u00e1cter personal.<\/p><p>Seg\u00fan el Real Decreto 1494\/2007, de 12 de noviembre, \u201cLa informaci\u00f3n disponible en las p\u00e1ginas de Internet de las administraciones p\u00fablicas deber\u00e1 ser accesible a las personas mayores y personas con discapacidad, con un nivel m\u00ednimo de accesibilidad que cumpla las prioridades 1 y 2 de la Norma UNE 139803:2004.\u201d (\u2026) \u201cAsimismo, ser\u00e1 obligatorio lo expresado en este apartado para las p\u00e1ginas de Internet y sus contenidos, de los centros p\u00fablicos educativos, de formaci\u00f3n y universitarios, as\u00ed como, de los centros privados sostenidos, total o parcialmente, con fondos p\u00fablicos.\u201d<\/p><p>Por ello hemos dise\u00f1ado los distintos sitios web de la Universidad siguiendo las Pautas de Accesibilidad al Contenido Web (WCAG 1.0), incorporadas en Espa\u00f1a a trav\u00e9s de la Norma UNE 139803:2004, con el objetivo de lograr el nivel de conformidad <strong>Doble A <\/strong>o <strong>Prioridad 2 <\/strong>requerido.<\/p><p>Para comprobar el nivel de accesibilidad alcanzado en www.upo.es, portales institucionales y sede electr\u00f3nica analizamos sus p\u00e1ginas peri\u00f3dicamente con la herramienta TAW Monitor habiendo realizado la \u00faltima revisi\u00f3n con fecha <strong>1 de marzo de 2012<\/strong>.<\/p><p>No obstante, la Universidad Pablo de Olavide cuenta con gran n\u00famero de sitios web y son muchos los editores que introducen informaci\u00f3n en sus p\u00e1ginas a diario. Por ello, si encuentra dificultades de navegaci\u00f3n, o no puede acceder a alg\u00fan contenido en concreto, le rogamos nos lo comunique a trav\u00e9s de la direcci\u00f3n de correo <a href=\"mailto:infoaccesibilidad@upo.es\">infoaccesibilidad@upo.es<\/a>.<\/p><\/div><\/div><div class=\"fusion-fullwidth fullwidth-box fusion-fullwidth-2  fusion-parallax-none\"><div class=\"fusion-row\"><div class=\"fusion-title title fusion-title-size-three\"><h3 class=\"title-heading-left\" data-fontsize=\"16\" data-lineheight=\"24\">Divulgaci\u00f3n sobre accesibilidad web<\/h3><p class=\"title-heading-left\" data-fontsize=\"16\" data-lineheight=\"24\">Para ampliar informaci\u00f3n sobre c\u00f3mo publicar informaci\u00f3n y dise\u00f1ar un web accesible, la UPO ha puesto a disposici\u00f3n de los usuarios gu\u00edas y manuales a trav\u00e9s de <a href=\"http:\/\/www.upo.es\/administradores\" target=\"_blank\" rel=\"noopener\">www.upo.es\/administradores<\/a>, con el objetivo de asistir a la comunidad universitaria que publica informaci\u00f3n web y sensibilizar sobre la importancia de la accesibilidad universal y el dise\u00f1o para todos.<\/p><\/div><\/div><\/div>\t\t\t\t\t\t\t\t<\/div>\n\t\t\t\t<\/div>\n\t\t\t\t\t<\/div>\n\t\t<\/div>\n\t\t\t\t\t<\/div>\n\t\t<\/section>\n\t\t\t\t<\/div>\n\t\t","protected":false},"excerpt":{"rendered":"<p>Accesibilidad La Universidad Pablo de Olavide desea que todos los contenidos y servicios puestos a disposici\u00f3n de la ciudadan\u00eda bajo el dominio upo.es sean accesibles independientemente de las posibles limitaciones que pudieran condicionar el acceso al sitio web, ya sean ocasionadas por el entorno, la conexi\u00f3n o de car\u00e1cter personal. Seg\u00fan el Real Decreto 1494\/2007, [&hellip;]<\/p>\n","protected":false},"author":3,"featured_media":0,"parent":0,"menu_order":7,"comment_status":"closed","ping_status":"closed","template":"elementor_theme","meta":{"_acf_changed":false,"site-sidebar-layout":"no-sidebar","site-content-layout":"page-builder","ast-site-content-layout":"default","site-content-style":"default","site-sidebar-style":"default","ast-global-header-display":"","ast-banner-title-visibility":"","ast-main-header-display":"","ast-hfb-above-header-display":"","ast-hfb-below-header-display":"","ast-hfb-mobile-header-display":"","site-post-title":"disabled","ast-breadcrumbs-content":"","ast-featured-img":"disabled","footer-sml-layout":"","ast-disable-related-posts":"","theme-transparent-header-meta":"default","adv-header-id-meta":"","stick-header-meta":"default","header-above-stick-meta":"","header-main-stick-meta":"","header-below-stick-meta":"","astra-migrate-meta-layouts":"default","ast-page-background-enabled":"default","ast-page-background-meta":{"desktop":{"background-color":"var(--ast-global-color-4)","background-image":"","background-repeat":"repeat","background-position":"center center","background-size":"auto","background-attachment":"scroll","background-type":"","background-media":"","overlay-type":"","overlay-color":"","overlay-opacity":"","overlay-gradient":""},"tablet":{"background-color":"","background-image":"","background-repeat":"repeat","background-position":"center center","background-size":"auto","background-attachment":"scroll","background-type":"","background-media":"","overlay-type":"","overlay-color":"","overlay-opacity":"","overlay-gradient":""},"mobile":{"background-color":"","background-image":"","background-repeat":"repeat","background-position":"center center","background-size":"auto","background-attachment":"scroll","background-type":"","background-media":"","overlay-type":"","overlay-color":"","overlay-opacity":"","overlay-gradient":""}},"ast-content-background-meta":{"desktop":{"background-color":"var(--ast-global-color-5)","background-image":"","background-repeat":"repeat","background-position":"center center","background-size":"auto","background-attachment":"scroll","background-type":"","background-media":"","overlay-type":"","overlay-color":"","overlay-opacity":"","overlay-gradient":""},"tablet":{"background-color":"var(--ast-global-color-5)","background-image":"","background-repeat":"repeat","background-position":"center center","background-size":"auto","background-attachment":"scroll","background-type":"","background-media":"","overlay-type":"","overlay-color":"","overlay-opacity":"","overlay-gradient":""},"mobile":{"background-color":"var(--ast-global-color-5)","background-image":"","background-repeat":"repeat","background-position":"center center","background-size":"auto","background-attachment":"scroll","background-type":"","background-media":"","overlay-type":"","overlay-color":"","overlay-opacity":"","overlay-gradient":""}},"footnotes":""},"class_list":["post-7883","page","type-page","status-publish","hentry"],"acf":[],"yoast_head":"<!-- This site is optimized with the Yoast SEO plugin v27.5 - https:\/\/yoast.com\/product\/yoast-seo-wordpress\/ -->\n<title>Accesibilidad - Formaci\u00f3n Permanente UPO<\/title>\n<meta name=\"robots\" content=\"index, follow, max-snippet:-1, max-image-preview:large, max-video-preview:-1\" \/>\n<link rel=\"canonical\" href=\"https:\/\/www.upo.es\/formacionpermanente\/accesibilidad\/\" \/>\n<meta property=\"og:locale\" content=\"es_ES\" \/>\n<meta property=\"og:type\" content=\"article\" \/>\n<meta property=\"og:title\" content=\"Accesibilidad - Formaci\u00f3n Permanente UPO\" \/>\n<meta property=\"og:description\" content=\"Accesibilidad La Universidad Pablo de Olavide desea que todos los contenidos y servicios puestos a disposici\u00f3n de la ciudadan\u00eda bajo el dominio upo.es sean accesibles independientemente de las posibles limitaciones que pudieran condicionar el acceso al sitio web, ya sean ocasionadas por el entorno, la conexi\u00f3n o de car\u00e1cter personal. Seg\u00fan el Real Decreto 1494\/2007, [&hellip;]\" \/>\n<meta property=\"og:url\" content=\"https:\/\/www.upo.es\/formacionpermanente\/accesibilidad\/\" \/>\n<meta property=\"og:site_name\" content=\"Formaci\u00f3n Permanente UPO\" \/>\n<meta property=\"article:modified_time\" content=\"2022-09-02T11:34:57+00:00\" \/>\n<meta name=\"twitter:card\" content=\"summary_large_image\" \/>\n<meta name=\"twitter:label1\" content=\"Tiempo de lectura\" \/>\n\t<meta name=\"twitter:data1\" content=\"2 minutos\" \/>\n<script type=\"application\/ld+json\" class=\"yoast-schema-graph\">{\"@context\":\"https:\\\/\\\/schema.org\",\"@graph\":[{\"@type\":\"WebPage\",\"@id\":\"https:\\\/\\\/www.upo.es\\\/formacionpermanente\\\/accesibilidad\\\/\",\"url\":\"https:\\\/\\\/www.upo.es\\\/formacionpermanente\\\/accesibilidad\\\/\",\"name\":\"Accesibilidad - Formaci\u00f3n Permanente UPO\",\"isPartOf\":{\"@id\":\"https:\\\/\\\/www.upo.es\\\/formacionpermanente\\\/#website\"},\"datePublished\":\"2022-09-02T11:27:11+00:00\",\"dateModified\":\"2022-09-02T11:34:57+00:00\",\"breadcrumb\":{\"@id\":\"https:\\\/\\\/www.upo.es\\\/formacionpermanente\\\/accesibilidad\\\/#breadcrumb\"},\"inLanguage\":\"es\",\"potentialAction\":[{\"@type\":\"ReadAction\",\"target\":[\"https:\\\/\\\/www.upo.es\\\/formacionpermanente\\\/accesibilidad\\\/\"]}]},{\"@type\":\"BreadcrumbList\",\"@id\":\"https:\\\/\\\/www.upo.es\\\/formacionpermanente\\\/accesibilidad\\\/#breadcrumb\",\"itemListElement\":[{\"@type\":\"ListItem\",\"position\":1,\"name\":\"Portada\",\"item\":\"https:\\\/\\\/www.upo.es\\\/formacionpermanente\\\/\"},{\"@type\":\"ListItem\",\"position\":2,\"name\":\"Accesibilidad\"}]},{\"@type\":\"WebSite\",\"@id\":\"https:\\\/\\\/www.upo.es\\\/formacionpermanente\\\/#website\",\"url\":\"https:\\\/\\\/www.upo.es\\\/formacionpermanente\\\/\",\"name\":\"Formaci\u00f3n Permanente UPO\",\"description\":\"T\u00edtulos Propios, Microcredenciales, Cursos de Verano\",\"publisher\":{\"@id\":\"https:\\\/\\\/www.upo.es\\\/formacionpermanente\\\/#organization\"},\"potentialAction\":[{\"@type\":\"SearchAction\",\"target\":{\"@type\":\"EntryPoint\",\"urlTemplate\":\"https:\\\/\\\/www.upo.es\\\/formacionpermanente\\\/?s={search_term_string}\"},\"query-input\":{\"@type\":\"PropertyValueSpecification\",\"valueRequired\":true,\"valueName\":\"search_term_string\"}}],\"inLanguage\":\"es\"},{\"@type\":\"Organization\",\"@id\":\"https:\\\/\\\/www.upo.es\\\/formacionpermanente\\\/#organization\",\"name\":\"Formaci\u00f3n Permanente Universidad Pablo de Olavide\",\"alternateName\":\"Formaci\u00f3n Permanente UPO\",\"url\":\"https:\\\/\\\/www.upo.es\\\/formacionpermanente\\\/\",\"logo\":{\"@type\":\"ImageObject\",\"inLanguage\":\"es\",\"@id\":\"https:\\\/\\\/www.upo.es\\\/formacionpermanente\\\/#\\\/schema\\\/logo\\\/image\\\/\",\"url\":\"https:\\\/\\\/www.upo.es\\\/formacionpermanente\\\/wp-content\\\/imagenes\\\/uploads\\\/2023\\\/02\\\/Logo-UPO-azul-amarillo-horizontal.png\",\"contentUrl\":\"https:\\\/\\\/www.upo.es\\\/formacionpermanente\\\/wp-content\\\/imagenes\\\/uploads\\\/2023\\\/02\\\/Logo-UPO-azul-amarillo-horizontal.png\",\"width\":1000,\"height\":407,\"caption\":\"Formaci\u00f3n Permanente Universidad Pablo de Olavide\"},\"image\":{\"@id\":\"https:\\\/\\\/www.upo.es\\\/formacionpermanente\\\/#\\\/schema\\\/logo\\\/image\\\/\"}}]}<\/script>\n<!-- \/ Yoast SEO plugin. -->","yoast_head_json":{"title":"Accesibilidad - Formaci\u00f3n Permanente UPO","robots":{"index":"index","follow":"follow","max-snippet":"max-snippet:-1","max-image-preview":"max-image-preview:large","max-video-preview":"max-video-preview:-1"},"canonical":"https:\/\/www.upo.es\/formacionpermanente\/accesibilidad\/","og_locale":"es_ES","og_type":"article","og_title":"Accesibilidad - Formaci\u00f3n Permanente UPO","og_description":"Accesibilidad La Universidad Pablo de Olavide desea que todos los contenidos y servicios puestos a disposici\u00f3n de la ciudadan\u00eda bajo el dominio upo.es sean accesibles independientemente de las posibles limitaciones que pudieran condicionar el acceso al sitio web, ya sean ocasionadas por el entorno, la conexi\u00f3n o de car\u00e1cter personal. Seg\u00fan el Real Decreto 1494\/2007, [&hellip;]","og_url":"https:\/\/www.upo.es\/formacionpermanente\/accesibilidad\/","og_site_name":"Formaci\u00f3n Permanente UPO","article_modified_time":"2022-09-02T11:34:57+00:00","twitter_card":"summary_large_image","twitter_misc":{"Tiempo de lectura":"2 minutos"},"schema":{"@context":"https:\/\/schema.org","@graph":[{"@type":"WebPage","@id":"https:\/\/www.upo.es\/formacionpermanente\/accesibilidad\/","url":"https:\/\/www.upo.es\/formacionpermanente\/accesibilidad\/","name":"Accesibilidad - Formaci\u00f3n Permanente UPO","isPartOf":{"@id":"https:\/\/www.upo.es\/formacionpermanente\/#website"},"datePublished":"2022-09-02T11:27:11+00:00","dateModified":"2022-09-02T11:34:57+00:00","breadcrumb":{"@id":"https:\/\/www.upo.es\/formacionpermanente\/accesibilidad\/#breadcrumb"},"inLanguage":"es","potentialAction":[{"@type":"ReadAction","target":["https:\/\/www.upo.es\/formacionpermanente\/accesibilidad\/"]}]},{"@type":"BreadcrumbList","@id":"https:\/\/www.upo.es\/formacionpermanente\/accesibilidad\/#breadcrumb","itemListElement":[{"@type":"ListItem","position":1,"name":"Portada","item":"https:\/\/www.upo.es\/formacionpermanente\/"},{"@type":"ListItem","position":2,"name":"Accesibilidad"}]},{"@type":"WebSite","@id":"https:\/\/www.upo.es\/formacionpermanente\/#website","url":"https:\/\/www.upo.es\/formacionpermanente\/","name":"Formaci\u00f3n Permanente UPO","description":"T\u00edtulos Propios, Microcredenciales, Cursos de Verano","publisher":{"@id":"https:\/\/www.upo.es\/formacionpermanente\/#organization"},"potentialAction":[{"@type":"SearchAction","target":{"@type":"EntryPoint","urlTemplate":"https:\/\/www.upo.es\/formacionpermanente\/?s={search_term_string}"},"query-input":{"@type":"PropertyValueSpecification","valueRequired":true,"valueName":"search_term_string"}}],"inLanguage":"es"},{"@type":"Organization","@id":"https:\/\/www.upo.es\/formacionpermanente\/#organization","name":"Formaci\u00f3n Permanente Universidad Pablo de Olavide","alternateName":"Formaci\u00f3n Permanente UPO","url":"https:\/\/www.upo.es\/formacionpermanente\/","logo":{"@type":"ImageObject","inLanguage":"es","@id":"https:\/\/www.upo.es\/formacionpermanente\/#\/schema\/logo\/image\/","url":"https:\/\/www.upo.es\/formacionpermanente\/wp-content\/imagenes\/uploads\/2023\/02\/Logo-UPO-azul-amarillo-horizontal.png","contentUrl":"https:\/\/www.upo.es\/formacionpermanente\/wp-content\/imagenes\/uploads\/2023\/02\/Logo-UPO-azul-amarillo-horizontal.png","width":1000,"height":407,"caption":"Formaci\u00f3n Permanente Universidad Pablo de Olavide"},"image":{"@id":"https:\/\/www.upo.es\/formacionpermanente\/#\/schema\/logo\/image\/"}}]}},"_links":{"self":[{"href":"https:\/\/www.upo.es\/formacionpermanente\/wp-json\/wp\/v2\/pages\/7883","targetHints":{"allow":["GET"]}}],"collection":[{"href":"https:\/\/www.upo.es\/formacionpermanente\/wp-json\/wp\/v2\/pages"}],"about":[{"href":"https:\/\/www.upo.es\/formacionpermanente\/wp-json\/wp\/v2\/types\/page"}],"author":[{"embeddable":true,"href":"https:\/\/www.upo.es\/formacionpermanente\/wp-json\/wp\/v2\/users\/3"}],"replies":[{"embeddable":true,"href":"https:\/\/www.upo.es\/formacionpermanente\/wp-json\/wp\/v2\/comments?post=7883"}],"version-history":[{"count":0,"href":"https:\/\/www.upo.es\/formacionpermanente\/wp-json\/wp\/v2\/pages\/7883\/revisions"}],"wp:attachment":[{"href":"https:\/\/www.upo.es\/formacionpermanente\/wp-json\/wp\/v2\/media?parent=7883"}],"curies":[{"name":"wp","href":"https:\/\/api.w.org\/{rel}","templated":true}]}}