{"id":1239,"date":"2020-11-10T09:20:26","date_gmt":"2020-11-10T09:20:26","guid":{"rendered":"https:\/\/www.upo.es\/fundaciones-citaprevia\/?page_id=1239"},"modified":"2020-11-10T11:50:43","modified_gmt":"2020-11-10T11:50:43","slug":"politica-de-privacidad","status":"publish","type":"page","link":"https:\/\/www.upo.es\/fundaciones-citaprevia\/politica-de-privacidad\/","title":{"rendered":"Pol\u00edtica de privacidad"},"content":{"rendered":"\t\t<div data-elementor-type=\"wp-page\" data-elementor-id=\"1239\" class=\"elementor elementor-1239\">\n\t\t\t\t\t\t<section class=\"elementor-section elementor-top-section elementor-element elementor-element-a67f1e3 elementor-section-boxed elementor-section-height-default elementor-section-height-default\" data-id=\"a67f1e3\" data-element_type=\"section\">\n\t\t\t\t\t\t<div class=\"elementor-container elementor-column-gap-default\">\n\t\t\t\t\t<div class=\"elementor-column elementor-col-25 elementor-top-column elementor-element elementor-element-89bae74\" data-id=\"89bae74\" data-element_type=\"column\">\n\t\t\t<div class=\"elementor-widget-wrap\">\n\t\t\t\t\t\t\t<\/div>\n\t\t<\/div>\n\t\t\t\t<div class=\"elementor-column elementor-col-50 elementor-top-column elementor-element elementor-element-9f98c36\" data-id=\"9f98c36\" data-element_type=\"column\">\n\t\t\t<div class=\"elementor-widget-wrap elementor-element-populated\">\n\t\t\t\t\t\t<div class=\"elementor-element elementor-element-d0f42d8 elementor-widget elementor-widget-text-editor\" data-id=\"d0f42d8\" data-element_type=\"widget\" data-widget_type=\"text-editor.default\">\n\t\t\t\t<div class=\"elementor-widget-container\">\n\t\t\t\t\t\t\t\t\t<div class=\"fusion-fullwidth fullwidth-box fusion-fullwidth-1 fusion-parallax-none\"><div class=\"fusion-row\"><p>La\u00a0<strong>Fundaci\u00f3n Universidad Pablo de Olavide\u00a0<\/strong>no s\u00f3lo es una entidad comprometida con ofrecer a sus usuarios la m\u00e1xima calidad en sus servicios, sino tambi\u00e9n con el escrupuloso cumplimiento de la legislaci\u00f3n vigente en materia de privacidad e internet. Por ello, se establece el objetivo de tratar los datos de manera l\u00edcita, leal y transparente.<\/p><p>Es por ello que, a trav\u00e9s del presente aviso, la\u00a0<strong>Fundaci\u00f3n Universidad Pablo de Olavide\u00a0<\/strong>proporciona los datos que est\u00e1 obligado a poner a disposici\u00f3n de los consumidores y usuarios, de conformidad con lo previsto en el art. 10 de la Ley 34\/2002, de 11 de julio, de servicios de la sociedad de la informaci\u00f3n y de comercio electr\u00f3nico y en la normativa europea sobre Protecci\u00f3n de Datos de Car\u00e1cter Personal.<\/p><p>En este documento se explica qui\u00e9n es el responsable del tratamiento, con qu\u00e9 finalidad se va a tratar la informaci\u00f3n personal, la legitimaci\u00f3n para el tratamiento, qu\u00e9 datos se recaban y procedencia de los mismos, el plazo de conservaci\u00f3n de los datos, a qui\u00e9n se les puede comunicar, los derechos existentes, la pol\u00edtica de cookies y las posibles modificaciones referidas del presente documento.<\/p><p>\u00a0<\/p><\/div><\/div><div class=\"fusion-fullwidth fullwidth-box fusion-fullwidth-2 fusion-parallax-none\"><div class=\"fusion-row\"><div class=\"fusion-title title fusion-title-size-three\"><h3 class=\"title-heading-left\" data-fontsize=\"16\" data-lineheight=\"24\">1.- Datos de contacto del responsable del tratamiento de datos<\/h3><div class=\"title-sep-container\"><div class=\"title-sep sep-none\">Este subdominio, el cual deriva del dominio <a href=\"http:\/\/www.upo.es\/\">www.upo.es<\/a>, es propiedad de la\u00a0<strong>Fundaci\u00f3n\u00a0Universidad Pablo de Olavide<\/strong>, con CIF G91094235, domiciliada en Universidad Pablo de Olavide, Autov\u00eda A 376, Km 1, Edificio 17, 41013 \u2013 Sevilla, y con e-mail\u00a0<u><a href=\"mailto:protecciondedatos.fundacion@fundacion.upo.es\">protecciondedatos.fundacion@fundacion.upo.es<\/a><\/u>\u00a0y tel\u00e9fono 954.349.074.<\/div><\/div><\/div><p>La\u00a0<strong>Fundaci\u00f3n Universidad Pablo de Olavide<\/strong>\u00a0est\u00e1 inscrita en el Registro de Fundaciones de Andaluc\u00eda con el n\u00famero 762.<\/p><p>\u00a0<\/p><\/div><\/div><div class=\"fusion-fullwidth fullwidth-box fusion-fullwidth-3 fusion-parallax-none\"><div class=\"fusion-row\"><div class=\"fusion-title title fusion-title-size-three\"><h3 class=\"title-heading-left\" data-fontsize=\"16\" data-lineheight=\"24\">2.-Finalidad del tratamiento de datos<\/h3><div class=\"title-sep-container\"><div class=\"title-sep sep-none\">Los datos son recabados con las siguientes finalidades:<\/div><\/div><\/div><ul><li>Asegurar la correcta gesti\u00f3n integral de todos los servicios o productos prestados desde la\u00a0<strong>Fundaci\u00f3n Universidad Pablo de Olavide<\/strong>.<\/li><li>Gesti\u00f3n, estudio y resoluci\u00f3n de consultas.<\/li><li>Env\u00edo de comunicaciones comerciales e informaci\u00f3n mediante cualquier medio, incluido el correo electr\u00f3nico, sobre los productos, actividades y servicios prestados por la\u00a0<strong>Fundaci\u00f3n Universidad Pablo de Olavide<\/strong>, as\u00ed como informaci\u00f3n institucional. Estas comunicaciones tienen car\u00e1cter informativo, por lo que no se derivar\u00e1 efecto jur\u00eddico vinculante alguno.<\/li><\/ul><\/div><\/div><div class=\"fusion-fullwidth fullwidth-box fusion-fullwidth-4 fusion-parallax-none\"><div class=\"fusion-row\"><div class=\"fusion-title title fusion-title-size-three\"><h3 data-fontsize=\"16\" data-lineheight=\"24\">\u00a0<\/h3><h3 class=\"title-heading-left\" data-fontsize=\"16\" data-lineheight=\"24\">3.-Legitimaci\u00f3n para el tratamiento de datos<\/h3><div class=\"title-sep-container\"><div class=\"title-sep sep-none\">La base legal para el desarrollo del tratamiento de datos ser\u00e1 la existencia de una relaci\u00f3n contractual con el interesado,\u00a0 el consentimiento expreso por parte del mismo y por la presencia de un inter\u00e9s leg\u00edtimo de la <strong>Fundaci\u00f3n Universidad Pablo de Olavide<\/strong>.<\/div><\/div><\/div><p>Atendiendo al considerando 47 del RGPD se establece el inter\u00e9s leg\u00edtimo al que hace referencia la Fundaci\u00f3n Universidad Pablo de Olavide:<\/p><blockquote><p>\u201cEl inter\u00e9s leg\u00edtimo de un responsable del tratamiento, incluso el de un responsable al que se puedan comunicar datos personales, o de un tercero, puede constituir una base jur\u00eddica para el tratamiento, siempre que no prevalezcan los intereses o los derechos y libertades del interesado, teniendo en cuenta las expectativas razonables de los interesados basadas en su relaci\u00f3n con el responsable. Tal inter\u00e9s leg\u00edtimo podr\u00eda darse, por ejemplo,\u00a0<strong>cuando existe una relaci\u00f3n pertinente y apropiada entre el interesado y el responsable, como en situaciones en las que el interesado es cliente o est\u00e1 al servicio del responsable.<\/strong>[\u2026]\u00a0<strong>El tratamiento de datos de car\u00e1cter personal estrictamente necesario para la prevenci\u00f3n del fraude\u00a0<\/strong>constituye tambi\u00e9n un inter\u00e9s leg\u00edtimo del responsable del tratamiento de que se trate.\u00a0<strong>El tratamiento de datos personales con fines de mercadotecnia directa\u00a0<\/strong>puede considerarse realizado por inter\u00e9s leg\u00edtimo.\u201d<\/p><\/blockquote><p>El consentimiento puede ser revocado en cualquier momento. Debi\u00e9ndose comunicar expresamente a la\u00a0<strong>Fundaci\u00f3n Universidad Pablo de Olavide<\/strong>\u00a0a trav\u00e9s de la siguiente direcci\u00f3n de correo,\u00a0<a href=\"mailto:protecciondedatos.fundacion@fundacion.upo.es\">protecciondedatos.fundacion@fundacion.upo.es<\/a><\/p><p>La negativa a suministrar los datos personales solicitados, o la entrega de datos inexactos o incompletos, podr\u00eda ocasionar la imposibilidad de prestar los servicios de forma adecuada.<\/p><p>\u00a0<\/p><\/div><\/div><div class=\"fusion-fullwidth fullwidth-box fusion-fullwidth-5 fusion-parallax-none\"><div class=\"fusion-row\"><div class=\"fusion-title title fusion-title-size-three\"><h3 class=\"title-heading-left\" data-fontsize=\"16\" data-lineheight=\"24\">4.-Datos recabados y procedencia<\/h3><div class=\"title-sep-container\"><div class=\"title-sep sep-none\">Los datos tratados desde la <strong>Fundaci\u00f3n Universidad Pablo de Olavide<\/strong> son de naturaleza identificativa, acad\u00e9mica, econ\u00f3mica, personal y de contacto. Entre ellos se encuentran: nombre, apellidos, documento identificativo, tel\u00e9fonos, correos electr\u00f3nicos, direcciones postales, firma, datos bancarios y fiscales, empresa, sector de actividad, datos de hijos menores de edad, curr\u00edculos profesionales, estudios cursados, curso, universidad de procedencia, nota media e intereses personales.<\/div><\/div><\/div><p>Ocasionalmente, podemos solicitar y tratar datos sensibles relativos a salud, alergias alimentarias, minusval\u00edas u otros para la organizaci\u00f3n de alguna actividad espec\u00edfica, ya que sin ellos no se podr\u00eda prestar el servicio al interesado en las debidas condiciones. As\u00ed mismo, tambi\u00e9n, se tratar\u00e1n eventualmente fotos y videos de los interesados. No obstante, la finalidad del tratamiento de los datos por <strong>Fundaci\u00f3n Universidad Pablo de Olavide<\/strong> no es espec\u00edficamente la recopilaci\u00f3n de este tipo de informaci\u00f3n.<\/p><p>Los datos son obtenidos a trav\u00e9s de la facilitaci\u00f3n directa del interesado o por la intermediaci\u00f3n de un tercero (Universidad Pablo de Olavide, otras universidades, organismos p\u00fablicos o privados, entidades p\u00fablicas o privadas y plataformas educativas (\u00cdcaro, Universitas XXI, entre otras).<\/p><p>\u00a0<\/p><\/div><\/div><div class=\"fusion-fullwidth fullwidth-box fusion-fullwidth-6 fusion-parallax-none\"><div class=\"fusion-row\"><div class=\"fusion-title title fusion-title-size-three\"><h3 class=\"title-heading-left\" data-fontsize=\"16\" data-lineheight=\"24\">5.-Destinatarios a los que se comunicar\u00e1n sus datos<\/h3><div class=\"title-sep-container\"><div class=\"title-sep sep-none\">Sus datos podr\u00e1n ser cedidos a las empresas, entidades, organismos p\u00fablicos o privados o agentes que intervengan, participen, organicen o colaboren en el correcto desarrollo de los servicios prestados por la <strong>Fundaci\u00f3n Universidad Pablo de Olavide<\/strong>. Tambi\u00e9n ser\u00e1n cedidos bajo imperativo legal.<\/div><\/div><\/div><p>Se pone en conocimiento del interesado la posibilidad de transferencia de datos a terceros pa\u00edses por la organizaci\u00f3n y participaci\u00f3n en actividades, programas, eventos o cursos que se realicen en los mismos. Esta transferencia se ampara legalmente tanto en su consentimiento expreso, como en el art\u00edculo 49.1.b del Reglamento General de Protecci\u00f3n de Datos, esto es, cuando la transferencia internacional:<\/p><blockquote><p>\u201c\u2026sea necesaria para la ejecuci\u00f3n de un contrato entre el interesado y el responsable del tratamiento o para la ejecuci\u00f3n de medidas precontractuales adoptadas a solicitud del interesado\u201d.<\/p><\/blockquote><p>Cuando la cesi\u00f3n se deba producir fuera de lo expresado en los p\u00e1rrafos anteriores, ser\u00e1 necesario el consentimiento expreso del interesado.<\/p><p>\u00a0<\/p><\/div><\/div><div class=\"fusion-fullwidth fullwidth-box fusion-fullwidth-7 fusion-parallax-none\"><div class=\"fusion-row\"><div class=\"fusion-title title fusion-title-size-three\"><h3 class=\"title-heading-left\" data-fontsize=\"16\" data-lineheight=\"24\">6.-Plazo de conservaci\u00f3n de datos<\/h3><div class=\"title-sep-container\"><div class=\"title-sep sep-none\">Los datos personales proporcionados se conservar\u00e1n mientras se mantenga la relaci\u00f3n de prestaci\u00f3n de servicios o mientras no se solicite su supresi\u00f3n por parte del interesado.<\/div><div>\u00a0<\/div><div>\u00a0<\/div><\/div><\/div><\/div><\/div><div class=\"fusion-fullwidth fullwidth-box fusion-fullwidth-8 fusion-parallax-none\"><div class=\"fusion-row\"><div class=\"fusion-title title fusion-title-size-three\"><h3 class=\"title-heading-left\" data-fontsize=\"16\" data-lineheight=\"24\">7.-Protecci\u00f3n de los datos<\/h3><div class=\"title-sep-container\"><div class=\"title-sep sep-none\">La <strong>Fundaci\u00f3n Universidad Pablo de Olavide<\/strong>\u00a0se compromete a proteger la informaci\u00f3n personal. Utiliza las medidas t\u00e9cnicas y organizativas adecuadas con la finalidad de proteger la seguridad y confidencialidad de los datos almacenados y garantizar la privacidad de los interesados, y revisa dichas medidas peri\u00f3dicamente.<\/div><\/div><\/div><p>La informaci\u00f3n personal se protege mediante el uso de una combinaci\u00f3n de controles de seguridad tanto f\u00edsicos como inform\u00e1ticos, incorporando la restricci\u00f3n de acceso a los datos.<\/p><p>Con la combinaci\u00f3n de estos medios, se reduce la posibilidad de alteraci\u00f3n, p\u00e9rdida, tratamiento o acceso no autorizado a los datos que obra en las bases de datos de la\u00a0<strong>Fundaci\u00f3n Universidad Pablo de Olavide<\/strong>. No obstante, en el entorno internet la seguridad nunca es un bien inexpugnable, por lo que las medidas de seguridad adoptadas son las que resultan del sistema de gesti\u00f3n a medida, por considerarse que son las adecuadas para garantizar la protecci\u00f3n de los datos personales que se tratan en relaci\u00f3n con el nivel del riesgo en el contexto de las actividades de la\u00a0<strong>Fundaci\u00f3n Universidad Pablo de Olavide<\/strong>.<\/p><p>\u00a0<\/p><\/div><\/div><div class=\"fusion-fullwidth fullwidth-box fusion-fullwidth-9 fusion-parallax-none\"><div class=\"fusion-row\"><div class=\"fusion-title title fusion-title-size-three\"><h3 class=\"title-heading-left\" data-fontsize=\"16\" data-lineheight=\"24\">8.-Ejercicio de los derechos sobre los datos<\/h3><div class=\"title-sep-container\"><div class=\"title-sep sep-none\">Los interesados podr\u00e1n ejercer los siguientes derechos:<\/div><\/div><\/div><ul><li>Derecho de acceso a los datos personales registrados.<\/li><li>Derecho de rectificaci\u00f3n de los datos.<\/li><li>Derecho de supresi\u00f3n de los datos.<\/li><li>Derecho a la limitaci\u00f3n del uso de los datos.<\/li><li>Derecho a la portabilidad de los datos.<\/li><li>Derecho a la oposici\u00f3n del tratamiento.<\/li><li>Derecho a retirar el consentimiento prestado y a oponerse a recibir comunicaciones comerciales.<\/li><\/ul><p>Para ejercer estos derechos podr\u00e1 dirigirse a\u00a0<strong>Fundaci\u00f3n Universidad Pablo de Olavide<\/strong>\u00a0por alguno de los siguientes medios:<\/p><p>Correo postal, adjuntando fotocopia de su D.N.I., pasaporte o cualquier otro documento identificativo, y petici\u00f3n en que se concrete la solicitud a la siguiente direcci\u00f3n: Fundaci\u00f3n Universidad Pablo de Olavide, Universidad Pablo de Olavide, Autov\u00eda A 376, Km 1, Edificio 17, 41013 \u2013 Sevilla.<\/p><p>Correo electr\u00f3nico a la direcci\u00f3n\u00a0<a href=\"mailto:protecciondedatos.fundacion@fundacion.upo.es\">protecciondedatos.fundacion@fundacion.upo.es<\/a>\u00a0con la siguiente informaci\u00f3n: nombre y apellidos del interesado, fotocopia del Documento Nacional de Identidad, pasaporte o cualquier otro documento identificativo, y petici\u00f3n en que se concrete la solicitud.<\/p><p>Tambi\u00e9n se informa de su derecho a presentar una reclamaci\u00f3n ante la Agencia Espa\u00f1ola de Protecci\u00f3n de Datos.<\/p><p>\u00a0<\/p><\/div><\/div><div class=\"fusion-fullwidth fullwidth-box fusion-fullwidth-10 fusion-parallax-none\"><div class=\"fusion-row\"><div class=\"fusion-title title fusion-title-size-three\"><h3 class=\"title-heading-left\" data-fontsize=\"16\" data-lineheight=\"24\">9.-Uso de cookies<\/h3><div class=\"title-sep-container\"><div class=\"title-sep sep-none\">La <strong>Fundaci\u00f3n Universidad Pablo de Olavide<\/strong>\u00a0no hace uso de\u00a0<em>cookies<\/em>\u00a0durante la navegaci\u00f3n del usuario que no tengan una finalidad t\u00e9cnica. La informaci\u00f3n sobre la navegaci\u00f3n se realiza de forma totalmente an\u00f3nima. En ning\u00fan caso servir\u00e1n para recoger informaci\u00f3n de car\u00e1cter personal sin consentimiento del interesado. Para m\u00e1s informaci\u00f3n accede a la\u00a0<a href=\"https:\/\/www.upo.es\/fundaciones\/politica-de-cookies\/\" target=\"_blank\" rel=\"noopener\">Pol\u00edtica de Cookies<\/a>.<\/div><div>\u00a0<\/div><div>\u00a0<\/div><\/div><\/div><\/div><\/div><div class=\"fusion-fullwidth fullwidth-box fusion-fullwidth-11 fusion-parallax-none\"><div class=\"fusion-row\"><div class=\"fusion-title title fusion-title-size-three\"><h3 class=\"title-heading-left\" data-fontsize=\"16\" data-lineheight=\"24\">10.-Modificaci\u00f3n de la pol\u00edtica de privacidad de la Fundaci\u00f3n Universidad Pablo de Olavide<\/h3><div class=\"title-sep-container\"><div class=\"title-sep sep-none\">La <strong>Fundaci\u00f3n Universidad Pablo de Olavide<\/strong>\u00a0se reserva la facultad de modificar la presente Pol\u00edtica de Privacidad para adaptarla a las novedades legislativas. Indicar\u00e1 la fecha de la \u00faltima modificaci\u00f3n. En caso de ser necesario, se solicitar\u00e1 de nuevo el consentimiento de dichos cambios.<\/div><\/div><\/div><\/div><\/div>\t\t\t\t\t\t\t\t<\/div>\n\t\t\t\t<\/div>\n\t\t\t\t\t<\/div>\n\t\t<\/div>\n\t\t\t\t<div class=\"elementor-column elementor-col-25 elementor-top-column elementor-element elementor-element-75ce54c\" data-id=\"75ce54c\" data-element_type=\"column\">\n\t\t\t<div class=\"elementor-widget-wrap\">\n\t\t\t\t\t\t\t<\/div>\n\t\t<\/div>\n\t\t\t\t\t<\/div>\n\t\t<\/section>\n\t\t\t\t<\/div>\n\t\t","protected":false},"excerpt":{"rendered":"<p>La&nbsp;Fundaci\u00f3n Universidad Pablo de Olavide&nbsp;no s\u00f3lo es una entidad comprometida con ofrecer a sus usuarios la m\u00e1xima calidad en sus servicios, sino tambi\u00e9n con el escrupuloso cumplimiento de la legislaci\u00f3n &#8230;<\/p>\n","protected":false},"author":1,"featured_media":0,"parent":0,"menu_order":0,"comment_status":"closed","ping_status":"closed","template":"","meta":{"footnotes":""},"class_list":["post-1239","page","type-page","status-publish","hentry"],"_links":{"self":[{"href":"https:\/\/www.upo.es\/fundaciones-citaprevia\/wp-json\/wp\/v2\/pages\/1239","targetHints":{"allow":["GET"]}}],"collection":[{"href":"https:\/\/www.upo.es\/fundaciones-citaprevia\/wp-json\/wp\/v2\/pages"}],"about":[{"href":"https:\/\/www.upo.es\/fundaciones-citaprevia\/wp-json\/wp\/v2\/types\/page"}],"author":[{"embeddable":true,"href":"https:\/\/www.upo.es\/fundaciones-citaprevia\/wp-json\/wp\/v2\/users\/1"}],"replies":[{"embeddable":true,"href":"https:\/\/www.upo.es\/fundaciones-citaprevia\/wp-json\/wp\/v2\/comments?post=1239"}],"version-history":[{"count":11,"href":"https:\/\/www.upo.es\/fundaciones-citaprevia\/wp-json\/wp\/v2\/pages\/1239\/revisions"}],"predecessor-version":[{"id":1292,"href":"https:\/\/www.upo.es\/fundaciones-citaprevia\/wp-json\/wp\/v2\/pages\/1239\/revisions\/1292"}],"wp:attachment":[{"href":"https:\/\/www.upo.es\/fundaciones-citaprevia\/wp-json\/wp\/v2\/media?parent=1239"}],"curies":[{"name":"wp","href":"https:\/\/api.w.org\/{rel}","templated":true}]}}