{"id":1250,"date":"2020-11-10T09:37:19","date_gmt":"2020-11-10T09:37:19","guid":{"rendered":"https:\/\/www.upo.es\/fundaciones-citaprevia\/?page_id=1250"},"modified":"2020-11-10T09:37:38","modified_gmt":"2020-11-10T09:37:38","slug":"accesibilidad","status":"publish","type":"page","link":"https:\/\/www.upo.es\/fundaciones-citaprevia\/accesibilidad\/","title":{"rendered":"Accesibilidad"},"content":{"rendered":"\t\t<div data-elementor-type=\"wp-page\" data-elementor-id=\"1250\" class=\"elementor elementor-1250\">\n\t\t\t\t\t\t<section class=\"elementor-section elementor-top-section elementor-element elementor-element-4a113ed elementor-section-boxed elementor-section-height-default elementor-section-height-default\" data-id=\"4a113ed\" data-element_type=\"section\">\n\t\t\t\t\t\t<div class=\"elementor-container elementor-column-gap-default\">\n\t\t\t\t\t<div class=\"elementor-column elementor-col-25 elementor-top-column elementor-element elementor-element-a0284ef\" data-id=\"a0284ef\" data-element_type=\"column\">\n\t\t\t<div class=\"elementor-widget-wrap\">\n\t\t\t\t\t\t\t<\/div>\n\t\t<\/div>\n\t\t\t\t<div class=\"elementor-column elementor-col-50 elementor-top-column elementor-element elementor-element-6f1ef10\" data-id=\"6f1ef10\" data-element_type=\"column\">\n\t\t\t<div class=\"elementor-widget-wrap elementor-element-populated\">\n\t\t\t\t\t\t<div class=\"elementor-element elementor-element-d2c11b7 elementor-widget elementor-widget-text-editor\" data-id=\"d2c11b7\" data-element_type=\"widget\" data-widget_type=\"text-editor.default\">\n\t\t\t\t<div class=\"elementor-widget-container\">\n\t\t\t\t\t\t\t\t\t<div class=\"fusion-fullwidth fullwidth-box fusion-fullwidth-1  fusion-parallax-none\"><div class=\"fusion-row\"><div class=\"fusion-title title fusion-title-size-two\">\u00a0<\/div><p>La Universidad Pablo de Olavide desea que todos los contenidos y servicios puestos a disposici\u00f3n de la ciudadan\u00eda bajo el dominio upo.es sean accesibles independientemente de las posibles limitaciones que pudieran condicionar el acceso al sitio web, ya sean ocasionadas por el entorno, la conexi\u00f3n o de car\u00e1cter personal.<\/p><p>Seg\u00fan el Real Decreto 1494\/2007, de 12 de noviembre, \u201cLa informaci\u00f3n disponible en las p\u00e1ginas de Internet de las administraciones p\u00fablicas deber\u00e1 ser accesible a las personas mayores y personas con discapacidad, con un nivel m\u00ednimo de accesibilidad que cumpla las prioridades 1 y 2 de la Norma UNE 139803:2004.\u201d (\u2026) \u201cAsimismo, ser\u00e1 obligatorio lo expresado en este apartado para las p\u00e1ginas de Internet y sus contenidos, de los centros p\u00fablicos educativos, de formaci\u00f3n y universitarios, as\u00ed como, de los centros privados sostenidos, total o parcialmente, con fondos p\u00fablicos.\u201d<\/p><p>Por ello hemos dise\u00f1ado los distintos sitios web de la Universidad siguiendo las Pautas de Accesibilidad al Contenido Web (WCAG 1.0), incorporadas en Espa\u00f1a a trav\u00e9s de la Norma UNE 139803:2004, con el objetivo de lograr el nivel de conformidad\u00a0<strong>Doble A\u00a0<\/strong>o\u00a0<strong>Prioridad 2\u00a0<\/strong>requerido.<\/p><p>Para comprobar el nivel de accesibilidad alcanzado en www.upo.es, portales institucionales y sede electr\u00f3nica analizamos sus p\u00e1ginas peri\u00f3dicamente con la herramienta TAW Monitor habiendo realizado la \u00faltima revisi\u00f3n con fecha\u00a0<strong>1 de marzo de 2012<\/strong>.<\/p><p>No obstante, la Universidad Pablo de Olavide cuenta con gran n\u00famero de sitios web y son muchos los editores que introducen informaci\u00f3n en sus p\u00e1ginas a diario. Por ello, si encuentra dificultades de navegaci\u00f3n, o no puede acceder a alg\u00fan contenido en concreto, le rogamos nos lo comunique a trav\u00e9s de la direcci\u00f3n de correo\u00a0<a href=\"mailto:infoaccesibilidad@upo.es\"><strong>infoaccesibilidad@upo.es<\/strong><\/a>.<\/p><p>\u00a0<\/p><\/div><\/div><div class=\"fusion-fullwidth fullwidth-box fusion-fullwidth-2  fusion-parallax-none\"><div class=\"fusion-row\"><div class=\"fusion-title title fusion-title-size-three\"><h3 class=\"title-heading-left\" data-fontsize=\"16\" data-lineheight=\"24\">Divulgaci\u00f3n sobre accesibilidad web<\/h3><div class=\"title-sep-container\"><div class=\"title-sep sep-none\">Para ampliar informaci\u00f3n sobre c\u00f3mo publicar informaci\u00f3n y dise\u00f1ar un web accesible, la UPO ha puesto a disposici\u00f3n de los usuarios gu\u00edas y manuales a trav\u00e9s de <a href=\"http:\/\/www.upo.es\/administradores\" target=\"_blank\" rel=\"noopener\">www.upo.es\/administradores<\/a>, con el objetivo de asistir a la comunidad universitaria que publica informaci\u00f3n web y sensibilizar sobre la importancia de la accesibilidad universal y el dise\u00f1o para todos.<\/div><\/div><\/div><\/div><\/div>\t\t\t\t\t\t\t\t<\/div>\n\t\t\t\t<\/div>\n\t\t\t\t\t<\/div>\n\t\t<\/div>\n\t\t\t\t<div class=\"elementor-column elementor-col-25 elementor-top-column elementor-element elementor-element-03d2699\" data-id=\"03d2699\" data-element_type=\"column\">\n\t\t\t<div class=\"elementor-widget-wrap\">\n\t\t\t\t\t\t\t<\/div>\n\t\t<\/div>\n\t\t\t\t\t<\/div>\n\t\t<\/section>\n\t\t\t\t<\/div>\n\t\t","protected":false},"excerpt":{"rendered":"<p>\u00a0 La Universidad Pablo de Olavide desea que todos los contenidos y servicios puestos a disposici\u00f3n de la ciudadan\u00eda bajo el dominio upo.es sean accesibles independientemente de las posibles limitaciones &#8230;<\/p>\n","protected":false},"author":1,"featured_media":0,"parent":0,"menu_order":0,"comment_status":"closed","ping_status":"closed","template":"","meta":{"footnotes":""},"class_list":["post-1250","page","type-page","status-publish","hentry"],"_links":{"self":[{"href":"https:\/\/www.upo.es\/fundaciones-citaprevia\/wp-json\/wp\/v2\/pages\/1250","targetHints":{"allow":["GET"]}}],"collection":[{"href":"https:\/\/www.upo.es\/fundaciones-citaprevia\/wp-json\/wp\/v2\/pages"}],"about":[{"href":"https:\/\/www.upo.es\/fundaciones-citaprevia\/wp-json\/wp\/v2\/types\/page"}],"author":[{"embeddable":true,"href":"https:\/\/www.upo.es\/fundaciones-citaprevia\/wp-json\/wp\/v2\/users\/1"}],"replies":[{"embeddable":true,"href":"https:\/\/www.upo.es\/fundaciones-citaprevia\/wp-json\/wp\/v2\/comments?post=1250"}],"version-history":[{"count":4,"href":"https:\/\/www.upo.es\/fundaciones-citaprevia\/wp-json\/wp\/v2\/pages\/1250\/revisions"}],"predecessor-version":[{"id":1254,"href":"https:\/\/www.upo.es\/fundaciones-citaprevia\/wp-json\/wp\/v2\/pages\/1250\/revisions\/1254"}],"wp:attachment":[{"href":"https:\/\/www.upo.es\/fundaciones-citaprevia\/wp-json\/wp\/v2\/media?parent=1250"}],"curies":[{"name":"wp","href":"https:\/\/api.w.org\/{rel}","templated":true}]}}