{"id":1255,"date":"2020-11-10T10:00:25","date_gmt":"2020-11-10T10:00:25","guid":{"rendered":"https:\/\/www.upo.es\/fundaciones-citaprevia\/?page_id=1255"},"modified":"2020-11-10T10:13:44","modified_gmt":"2020-11-10T10:13:44","slug":"aviso-legal","status":"publish","type":"page","link":"https:\/\/www.upo.es\/fundaciones-citaprevia\/aviso-legal\/","title":{"rendered":"Aviso legal"},"content":{"rendered":"\t\t<div data-elementor-type=\"wp-page\" data-elementor-id=\"1255\" class=\"elementor elementor-1255\">\n\t\t\t\t\t\t<section class=\"elementor-section elementor-top-section elementor-element elementor-element-b73ceb2 elementor-section-boxed elementor-section-height-default elementor-section-height-default\" data-id=\"b73ceb2\" data-element_type=\"section\">\n\t\t\t\t\t\t<div class=\"elementor-container elementor-column-gap-default\">\n\t\t\t\t\t<div class=\"elementor-column elementor-col-16 elementor-top-column elementor-element elementor-element-79330ea\" data-id=\"79330ea\" data-element_type=\"column\">\n\t\t\t<div class=\"elementor-widget-wrap\">\n\t\t\t\t\t\t\t<\/div>\n\t\t<\/div>\n\t\t\t\t<div class=\"elementor-column elementor-col-66 elementor-top-column elementor-element elementor-element-4027c31\" data-id=\"4027c31\" data-element_type=\"column\">\n\t\t\t<div class=\"elementor-widget-wrap elementor-element-populated\">\n\t\t\t\t\t\t<div class=\"elementor-element elementor-element-60e6eda elementor-widget elementor-widget-text-editor\" data-id=\"60e6eda\" data-element_type=\"widget\" data-widget_type=\"text-editor.default\">\n\t\t\t\t<div class=\"elementor-widget-container\">\n\t\t\t\t\t\t\t\t\t<div class=\"fusion-fullwidth fullwidth-box fusion-fullwidth-1 fusion-parallax-none\"><div class=\"fusion-row\"><p>El sitio web\u00a0<a href=\"http:\/\/www.upo.es\/\">www.upo.es<\/a>, los dominios y subdominios con el sufijo .upo.es, as\u00ed como todos los directorios incluidos bajo este grupo de direcciones de Internet, son propiedad de la Universidad Pablo de Olavide, de Sevilla (CIF Q9150016E) creada por la Ley 3\/1997, de 1 de junio (B.O.E. de 29 de julio de 1997).<\/p><p>El subdominio\u00a0<a href=\"http:\/\/www.upo.es\/fundaciones-citaprevia\">www.upo.es\/fundaciones-citaprevia<\/a>\u00a0es gestionado por la Fundaci\u00f3n Universidad Pablo de Olavide con CIF (G91094235) y cuya direcci\u00f3n, a la que podr\u00e1n dirigirse los usuarios, es la siguiente:<\/p><\/div><\/div><div class=\"fusion-fullwidth fullwidth-box fusion-fullwidth-2 fusion-parallax-none destacado-gris\"><div class=\"fusion-row\"><p><strong>Fundaci\u00f3n Universidad Pablo de Olavide<\/strong><br \/>Universidad Pablo de Olavide (Edificio 17)<br \/>Autov\u00eda A-376, km. 1<br \/>41013 Sevilla<br \/>Tel: +34 954 977 917<br \/>Correo electr\u00f3nico:\u00a0<a href=\"mailto:fundacion@upo.es\">fundacion@upo.es<\/a><\/p><p>\u00a0<\/p><p><span style=\"color: #333333; font-family: Raleway, Helvetica, Arial, sans-serif; font-size: 1.25rem; font-weight: 600;\">Condiciones generales del uso del portal www.upo.es<\/span><\/p><\/div><\/div><div class=\"fusion-fullwidth fullwidth-box fusion-fullwidth-3 fusion-parallax-none\"><div class=\"fusion-row\"><div class=\"fusion-title title fusion-title-size-three\"><div class=\"title-sep-container\"><div class=\"title-sep sep-none\">La Universidad Pablo de Olavide le informa de que el acceso y uso de la p\u00e1gina web <a href=\"http:\/\/www.upo.es\/\">www.upo.es<\/a> y todos los subdominios y directorios incluidos bajo la misma (en adelante, conjuntamente denominados como el Portal), as\u00ed como los servicios o contenidos que a trav\u00e9s de \u00e9l se puedan obtener, est\u00e1n sujetos a los t\u00e9rminos que se detallan en este Aviso Legal, sin perjuicio de que el acceso a alguno de dichos servicios o contenidos pudieran precisar de la aceptaci\u00f3n de unas Condiciones Generales adicionales.<\/div><div>\u00a0<\/div><div class=\"title-sep sep-none\">La Universidad Pablo de Olavide se reserva el derecho a realizar cambios en el Portal sin previo aviso, con el objeto de actualizar, corregir, modificar, a\u00f1adir o eliminar los contenidos del Portal o de su dise\u00f1o. Los contenidos y servicios que ofrece el Portal se actualizan peri\u00f3dicamente. Debido a que la actualizaci\u00f3n de la informaci\u00f3n no es inmediata, le sugerimos que compruebe siempre la vigencia y exactitud de la informaci\u00f3n, servicios y contenidos recogidos en el Portal.<\/div><\/div><\/div><p>Los contenidos disponibles en estos dominios tienen car\u00e1cter meramente informativo, sin que en ning\u00fan caso pueda derivarse de ellos efecto jur\u00eddico vinculante alguno.<\/p><p>Las condiciones y t\u00e9rminos que se recogen en el presente Aviso pueden variar, por lo que le invitamos a que revise estos t\u00e9rminos cuando visite de nuevo el Portal.<\/p><\/div><\/div><div class=\"fusion-fullwidth fullwidth-box fusion-fullwidth-4 fusion-parallax-none\"><div class=\"fusion-row\"><div class=\"fusion-title title fusion-title-size-three\"><h3 data-fontsize=\"16\" data-lineheight=\"24\">\u00a0<\/h3><h3 class=\"title-heading-left\" data-fontsize=\"16\" data-lineheight=\"24\">Derechos de propiedad intelectual y de propiedad industrial<\/h3><div class=\"title-sep-container\"><div class=\"title-sep sep-none\">Tanto el dise\u00f1o del Portal y sus c\u00f3digos fuente, como los logos, marcas, y dem\u00e1s signos distintivos que aparecen en el mismo, pertenecen a la Universidad Pablo de Olavide o entidades colaboradoras y est\u00e1n protegidos por los correspondientes derechos de propiedad intelectual e industrial.<\/div><div>\u00a0<\/div><\/div><\/div><p>Cualquier acto de transmisi\u00f3n, distribuci\u00f3n, cesi\u00f3n, reproducci\u00f3n, comercializaci\u00f3n, almacenaje, comunicaci\u00f3n p\u00fablica o transformaci\u00f3n, total o parcial, de los contenidos del Portal, necesita el consentimiento expreso y escrito de la UPO a menos que conste lo contrario.<\/p><p>La Universidad Pablo de Olavide declara su respeto a los derechos de propiedad intelectual e industrial de terceros; por ello, si considera que este sitio pudiera estar violando sus derechos, rogamos se ponga en contacto con la Universidad Pablo de Olavide.<\/p><\/div><\/div><div class=\"fusion-fullwidth fullwidth-box fusion-fullwidth-5 fusion-parallax-none\"><div class=\"fusion-row\"><div class=\"fusion-title title fusion-title-size-three\"><h3 data-fontsize=\"16\" data-lineheight=\"24\">\u00a0<\/h3><h3 class=\"title-heading-left\" data-fontsize=\"16\" data-lineheight=\"24\">Links o hiperenlaces<\/h3><div class=\"title-sep-container\"><div class=\"title-sep sep-none\">La Universidad Pablo de Olavide le facilita el acceso a otras p\u00e1ginas web que consideramos pueden ser de su inter\u00e9s. El objetivo de dichos enlaces es \u00fanicamente facilitarle la b\u00fasqueda de los recursos que le puedan interesar a trav\u00e9s de Internet. No obstante, dichas p\u00e1ginas no le pertenecen, ni hace una revisi\u00f3n de sus contenidos y, por ello, no puede hacerse responsable de los mismos, del funcionamiento de la p\u00e1gina enlazada o de los posibles da\u00f1os que puedan derivarse del acceso o uso de la misma.<\/div><\/div><\/div><p>Los titulares de otros sitios Web que deseen crear un hiperv\u00ednculo a www.upo.es se comprometen, asimismo, a no establecer hiperv\u00ednculos con sitios Web que contengan contenidos, manifestaciones o propaganda de \u00edndole racista, xen\u00f3foba, pornogr\u00e1fica, de apolog\u00eda del terrorismo y, en general, puedan perjudicar de cualquier modo el buen nombre o la imagen de la Universidad Pablo de Olavide.<\/p><p>La inclusi\u00f3n de hiperv\u00ednculos en www.upo.es, no implica necesariamente que la Universidad Pablo de Olavide mantenga relaciones mercantiles o v\u00ednculos asociativos con el titular del sitio Web en el que se establezca el enlace.<\/p><p>La presencia de hiperv\u00ednculos en www.upo.es tiene una finalidad meramente informativa, motivo por el cual la Universidad Pablo de Olavide no se responsabiliza ni otorga garant\u00eda de ninguna naturaleza, ni expresa ni impl\u00edcita respecto a la comerciabilidad, idoneidad, calidad, caracter\u00edsticas, procedencia, comercializaci\u00f3n o cualquier otro aspecto de las informaciones y\/o productos y\/o.<\/p><\/div><\/div><div class=\"fusion-fullwidth fullwidth-box fusion-fullwidth-6 fusion-parallax-none\"><div class=\"fusion-row\"><div class=\"fusion-title title fusion-title-size-three\"><h3 data-fontsize=\"16\" data-lineheight=\"24\">\u00a0<\/h3><h3 class=\"title-heading-left\" data-fontsize=\"16\" data-lineheight=\"24\">Frames<\/h3><div class=\"title-sep-container\"><div class=\"title-sep sep-none\">La Universidad Pablo de Olavide proh\u00edbe expresamente la realizaci\u00f3n de \u00abframings\u00bb o la utilizaci\u00f3n por parte de terceros de cualesquiera otros mecanismos que alteren el dise\u00f1o, configuraci\u00f3n original o contenidos de su Portal.<\/div><\/div><\/div><\/div><\/div><div class=\"fusion-fullwidth fullwidth-box fusion-fullwidth-7 fusion-parallax-none\"><div class=\"fusion-row\"><div class=\"fusion-title title fusion-title-size-three\"><h3 data-fontsize=\"16\" data-lineheight=\"24\">\u00a0<\/h3><h3 class=\"title-heading-left\" data-fontsize=\"16\" data-lineheight=\"24\">Manifestaciones<\/h3><div class=\"title-sep-container\"><div class=\"title-sep sep-none\">La Universidad Pablo de Olavide manifiesta que este sitio Web dispone de la tecnolog\u00eda adecuada para permitir el acceso y utilizaci\u00f3n del mismo. No obstante, no se responsabiliza por la eventual existencia de virus u otros elementos nocivos, introducidos por cualquier medio o por cualquier tercero, que puedan producir alteraciones en sus sistemas inform\u00e1ticos.<\/div><div>\u00a0<\/div><\/div><\/div><p>El sitio web\u00a0<a href=\"http:\/\/www.upo.es\/\" target=\"_blank\" rel=\"noopener\">www.upo.es<\/a>\u00a0podr\u00eda contener inexactitudes, omisiones relevantes, imprecisiones o erratas. La Universidad Pablo de Olavide no garantiza, en ning\u00fan caso, la veracidad, exactitud y actualidad de los datos contenidos en su sitio Web. El usuario que accede a<a href=\"http:\/\/www.upo.es\/\" target=\"_blank\" rel=\"noopener\">\u00a0www.upo.es<\/a>\u00a0exonera a la Universidad Pablo de Olavide de cualquier responsabilidad en relaci\u00f3n a la fiabilidad, utilidad o falsas expectativas que este sitio Web pudiera producirle.<\/p><\/div><\/div><div class=\"fusion-fullwidth fullwidth-box fusion-fullwidth-8 fusion-parallax-none\"><div class=\"fusion-row\"><div class=\"fusion-title title fusion-title-size-three\"><h3 data-fontsize=\"16\" data-lineheight=\"24\">\u00a0<\/h3><h3 class=\"title-heading-left\" data-fontsize=\"16\" data-lineheight=\"24\">Limitaci\u00f3n de responsabilidad<\/h3><div class=\"title-sep-container\"><div class=\"title-sep sep-none\">La Universidad Pablo de Olavide no ofrece garant\u00edas de ninguna clase en cuanto al funcionamiento del sitio Web www.upo.es o a la informaci\u00f3n contenida en el mismo. La Universidad Pablo de Olavide no ser\u00e1 responsable de los da\u00f1os o perjuicios, de cualquier \u00edndole, que puedan derivarse del uso del sitio web <a href=\"http:\/\/www.upo.es\/\">www.upo.es<\/a>.<\/div><div>\u00a0<\/div><\/div><\/div><p>La Universidad Pablo de Olavide excluye toda responsabilidad por la licitud, contenido y calidad de los datos e informaciones ofrecidos por terceras entidades a trav\u00e9s del sitio web\u00a0<a href=\"http:\/\/www.upo.es\/\" target=\"_blank\" rel=\"noopener\">www.upo.es<\/a>.<\/p><\/div><\/div>\t\t\t\t\t\t\t\t<\/div>\n\t\t\t\t<\/div>\n\t\t\t\t\t<\/div>\n\t\t<\/div>\n\t\t\t\t<div class=\"elementor-column elementor-col-16 elementor-top-column elementor-element elementor-element-f620519\" data-id=\"f620519\" data-element_type=\"column\">\n\t\t\t<div class=\"elementor-widget-wrap\">\n\t\t\t\t\t\t\t<\/div>\n\t\t<\/div>\n\t\t\t\t\t<\/div>\n\t\t<\/section>\n\t\t\t\t<\/div>\n\t\t","protected":false},"excerpt":{"rendered":"<p>El sitio web\u00a0www.upo.es, los dominios y subdominios con el sufijo .upo.es, as\u00ed como todos los directorios incluidos bajo este grupo de direcciones de Internet, son propiedad de la Universidad Pablo &#8230;<\/p>\n","protected":false},"author":1,"featured_media":0,"parent":0,"menu_order":0,"comment_status":"closed","ping_status":"closed","template":"","meta":{"footnotes":""},"class_list":["post-1255","page","type-page","status-publish","hentry"],"_links":{"self":[{"href":"https:\/\/www.upo.es\/fundaciones-citaprevia\/wp-json\/wp\/v2\/pages\/1255","targetHints":{"allow":["GET"]}}],"collection":[{"href":"https:\/\/www.upo.es\/fundaciones-citaprevia\/wp-json\/wp\/v2\/pages"}],"about":[{"href":"https:\/\/www.upo.es\/fundaciones-citaprevia\/wp-json\/wp\/v2\/types\/page"}],"author":[{"embeddable":true,"href":"https:\/\/www.upo.es\/fundaciones-citaprevia\/wp-json\/wp\/v2\/users\/1"}],"replies":[{"embeddable":true,"href":"https:\/\/www.upo.es\/fundaciones-citaprevia\/wp-json\/wp\/v2\/comments?post=1255"}],"version-history":[{"count":7,"href":"https:\/\/www.upo.es\/fundaciones-citaprevia\/wp-json\/wp\/v2\/pages\/1255\/revisions"}],"predecessor-version":[{"id":1262,"href":"https:\/\/www.upo.es\/fundaciones-citaprevia\/wp-json\/wp\/v2\/pages\/1255\/revisions\/1262"}],"wp:attachment":[{"href":"https:\/\/www.upo.es\/fundaciones-citaprevia\/wp-json\/wp\/v2\/media?parent=1255"}],"curies":[{"name":"wp","href":"https:\/\/api.w.org\/{rel}","templated":true}]}}