{"id":1314,"date":"2020-11-23T09:38:46","date_gmt":"2020-11-23T09:38:46","guid":{"rendered":"https:\/\/www.upo.es\/fundaciones-citaprevia\/?page_id=1314"},"modified":"2024-11-22T12:36:24","modified_gmt":"2024-11-22T11:36:24","slug":"area-de-practicas-en-empresas","status":"publish","type":"page","link":"https:\/\/www.upo.es\/fundaciones-citaprevia\/area-de-practicas-en-empresas\/","title":{"rendered":"\u00c1rea de Pr\u00e1cticas en Empresas"},"content":{"rendered":"\t\t<div data-elementor-type=\"wp-page\" data-elementor-id=\"1314\" class=\"elementor elementor-1314\">\n\t\t\t\t\t\t<section class=\"elementor-section elementor-top-section elementor-element elementor-element-6a09fdf elementor-section-boxed elementor-section-height-default elementor-section-height-default\" data-id=\"6a09fdf\" data-element_type=\"section\">\n\t\t\t\t\t\t<div class=\"elementor-container elementor-column-gap-default\">\n\t\t\t\t\t<div class=\"elementor-column elementor-col-100 elementor-top-column elementor-element elementor-element-b90a12d\" data-id=\"b90a12d\" data-element_type=\"column\">\n\t\t\t<div class=\"elementor-widget-wrap elementor-element-populated\">\n\t\t\t\t\t\t<section class=\"elementor-section elementor-inner-section elementor-element elementor-element-8dae89b elementor-section-content-middle elementor-section-boxed elementor-section-height-default elementor-section-height-default\" data-id=\"8dae89b\" data-element_type=\"section\">\n\t\t\t\t\t\t<div class=\"elementor-container elementor-column-gap-wider\">\n\t\t\t\t\t<div class=\"elementor-column elementor-col-50 elementor-inner-column elementor-element elementor-element-2dbc2a3\" data-id=\"2dbc2a3\" data-element_type=\"column\">\n\t\t\t<div class=\"elementor-widget-wrap elementor-element-populated\">\n\t\t\t\t\t\t<div class=\"elementor-element elementor-element-6392f47 elementor-widget elementor-widget-image\" data-id=\"6392f47\" data-element_type=\"widget\" data-widget_type=\"image.default\">\n\t\t\t\t<div class=\"elementor-widget-container\">\n\t\t\t\t\t\t\t\t\t\t\t\t\t\t\t<img fetchpriority=\"high\" decoding=\"async\" width=\"800\" height=\"800\" src=\"https:\/\/www.upo.es\/fundaciones-citaprevia\/wp-content\/uploads\/2024\/09\/pregunta-practicas-empresas.jpg\" class=\"attachment-large size-large wp-image-1645\" alt=\"\" srcset=\"https:\/\/www.upo.es\/fundaciones-citaprevia\/wp-content\/uploads\/2024\/09\/pregunta-practicas-empresas.jpg 1000w, https:\/\/www.upo.es\/fundaciones-citaprevia\/wp-content\/uploads\/2024\/09\/pregunta-practicas-empresas-300x300.jpg 300w, https:\/\/www.upo.es\/fundaciones-citaprevia\/wp-content\/uploads\/2024\/09\/pregunta-practicas-empresas-150x150.jpg 150w, https:\/\/www.upo.es\/fundaciones-citaprevia\/wp-content\/uploads\/2024\/09\/pregunta-practicas-empresas-768x768.jpg 768w\" sizes=\"(max-width: 800px) 100vw, 800px\" \/>\t\t\t\t\t\t\t\t\t\t\t\t\t\t\t<\/div>\n\t\t\t\t<\/div>\n\t\t\t\t\t<\/div>\n\t\t<\/div>\n\t\t\t\t<div class=\"elementor-column elementor-col-50 elementor-inner-column elementor-element elementor-element-cdaf26a\" data-id=\"cdaf26a\" data-element_type=\"column\">\n\t\t\t<div class=\"elementor-widget-wrap elementor-element-populated\">\n\t\t\t\t\t\t<div class=\"elementor-element elementor-element-5a8d773 elementor-widget elementor-widget-heading\" data-id=\"5a8d773\" data-element_type=\"widget\" data-widget_type=\"heading.default\">\n\t\t\t\t<div class=\"elementor-widget-container\">\n\t\t\t\t\t<h2 class=\"elementor-heading-title elementor-size-default\"><a href=\"https:\/\/www.upo.es\/fundacion\/practicas-en-empresas\/formulario-de-consultas\/\">Si tienes una consulta, puedes realizarla a trav\u00e9s del formulario del \u00c1rea de Pr\u00e1cticas en Empresas<\/a><\/h2>\t\t\t\t<\/div>\n\t\t\t\t<\/div>\n\t\t\t\t<div class=\"elementor-element elementor-element-ae6dcde elementor-align-left elementor-widget elementor-widget-button\" data-id=\"ae6dcde\" data-element_type=\"widget\" data-widget_type=\"button.default\">\n\t\t\t\t<div class=\"elementor-widget-container\">\n\t\t\t\t\t\t\t\t\t<div class=\"elementor-button-wrapper\">\n\t\t\t\t\t<a class=\"elementor-button elementor-button-link elementor-size-sm\" href=\"https:\/\/www.upo.es\/fundacion\/practicas-en-empresas\/formulario-de-consultas\/\">\n\t\t\t\t\t\t<span class=\"elementor-button-content-wrapper\">\n\t\t\t\t\t\t\t\t\t<span class=\"elementor-button-text\">Ll\u00e9vame al formulario de consultas<\/span>\n\t\t\t\t\t<\/span>\n\t\t\t\t\t<\/a>\n\t\t\t\t<\/div>\n\t\t\t\t\t\t\t\t<\/div>\n\t\t\t\t<\/div>\n\t\t\t\t\t<\/div>\n\t\t<\/div>\n\t\t\t\t\t<\/div>\n\t\t<\/section>\n\t\t\t\t<div class=\"elementor-element elementor-element-043b8c0 elementor-alert-danger elementor-widget elementor-widget-alert\" data-id=\"043b8c0\" data-element_type=\"widget\" data-widget_type=\"alert.default\">\n\t\t\t\t<div class=\"elementor-widget-container\">\n\t\t\t\t\t\t\t<div class=\"elementor-alert\" role=\"alert\">\n\n\t\t\t\t\t\t<span class=\"elementor-alert-title\">Nota sobre la cita<\/span>\n\t\t\t\n\t\t\t\t\t\t<span class=\"elementor-alert-description\">Recuerda que la cita no estar\u00e1 confirmada hasta que un gestor se ponga en contacto, confirmando d\u00eda y hora.<\/span>\n\t\t\t\n\t\t\t\t\t\t<button type=\"button\" class=\"elementor-alert-dismiss\" aria-label=\"Descartar esta alerta.\">\n\t\t\t\t\t\t\t\t\t<span aria-hidden=\"true\">&times;<\/span>\n\t\t\t\t\t\t\t<\/button>\n\t\t\t\n\t\t<\/div>\n\t\t\t\t\t\t<\/div>\n\t\t\t\t<\/div>\n\t\t\t\t\t<\/div>\n\t\t<\/div>\n\t\t\t\t\t<\/div>\n\t\t<\/section>\n\t\t\t\t<section class=\"elementor-section elementor-top-section elementor-element elementor-element-2dbc6e7 elementor-section-boxed elementor-section-height-default elementor-section-height-default\" data-id=\"2dbc6e7\" data-element_type=\"section\">\n\t\t\t\t\t\t<div class=\"elementor-container elementor-column-gap-default\">\n\t\t\t\t\t<div class=\"elementor-column elementor-col-100 elementor-top-column elementor-element elementor-element-165414c\" data-id=\"165414c\" data-element_type=\"column\">\n\t\t\t<div class=\"elementor-widget-wrap elementor-element-populated\">\n\t\t\t\t\t\t<div class=\"elementor-element elementor-element-855ac17 elementor-widget elementor-widget-text-editor\" data-id=\"855ac17\" data-element_type=\"widget\" data-widget_type=\"text-editor.default\">\n\t\t\t\t<div class=\"elementor-widget-container\">\n\t\t\t\t\t\t\t\t\t<!--\nPlugin Name: Bookly \u2013 Responsive WordPress Appointment Booking and Scheduling Plugin\nPlugin URI: https:\/\/www.booking-wp-plugin.com\/?utm_source=bookly_admin&utm_medium=plugins_page&utm_campaign=plugins_page\nVersion: 25.3-->\n<style type=\"text\/css\">\n    :root {\n        --bookly-main-color: #00335b !important;\n        --bookly-color: #00335b !important;\n    }\n\n    <\/style><div class=\"bookly-css-root\">\n    <div id=\"bookly-form-69e84c6be39bf\" class=\"bookly-form\" data-form_id=\"69e84c6be39bf\" aria-live=\"polite\">\n        <div style=\"text-align: center\"><img decoding=\"async\" src=\"https:\/\/www.upo.es\/fundaciones-citaprevia\/wp-includes\/js\/tinymce\/skins\/lightgray\/img\/loader.gif\" alt=\"Cargando ...\"\/><\/div>\n    <\/div>\n<\/div>\n<script type=\"text\/javascript\">\n    (function (win, fn) {\n        var done = false, top = true,\n            doc = win.document,\n            root = doc.documentElement,\n            modern = doc.addEventListener,\n            add = modern ? 'addEventListener' : 'attachEvent',\n            rem = modern ? 'removeEventListener' : 'detachEvent',\n            pre = modern ? '' : 'on',\n            init = function (e) {\n                if (e.type == 'readystatechange') if (doc.readyState != 'complete') return;\n                (e.type == 'load' ? win : doc)[rem](pre + e.type, init, false);\n                if (!done) {\n                    done = true;\n                    fn.call(win, e.type || e);\n                }\n            },\n            poll = function () {\n                try {\n                    root.doScroll('left');\n                } catch (e) {\n                    setTimeout(poll, 50);\n                    return;\n                }\n                init('poll');\n            };\n        if (doc.readyState == 'complete') fn.call(win, 'lazy');\n        else {\n            if (!modern) if (root.doScroll) {\n                try {\n                    top = !win.frameElement;\n                } catch (e) {\n                }\n                if (top) poll();\n            }\n            doc[add](pre + 'DOMContentLoaded', init, false);\n            doc[add](pre + 'readystatechange', init, false);\n            win[add](pre + 'load', init, false);\n        }\n    })(window, function () {\n        window.bookly( {\"form_id\":\"69e84c6be39bf\",\"status\":{\"booking\":\"new\"},\"skip_steps\":{\"service_part1\":0,\"service_part2\":0,\"extras\":1,\"time\":0,\"repeat\":1,\"cart\":1},\"errors\":{\"session_error\":\"Error de sesi\\u00f3n.\",\"form_id_error\":\"Error Identificaci\\u00f3n formulario.\",\"cart_item_not_available\":\"La hora seleccionada ya no est\\u00e1 disponible. Por favor elije otra ranura de hora.\",\"pay_locally_not_available\":\"Pagu\\u00e9 no est\\u00e1 disponible.\",\"invalid_gateway\":\"Puerta de enlace no es v\\u00e1lido.\",\"payment_error\":\" Error.\",\"incorrect_username_password\":\"Nombre de usuario o contrase\\u00f1a incorrectos.\"},\"form_attributes\":{\"hide_categories\":true,\"hide_services\":false,\"hide_staff_members\":false,\"show_number_of_persons\":false,\"hide_service_duration\":true,\"hide_locations\":true,\"hide_quantity\":true,\"hide_date\":false,\"hide_week_days\":false,\"hide_time_range\":false,\"const_category_id\":1},\"use_client_time_zone\":0,\"defaults\":{\"service_id\":0,\"staff_id\":0,\"location_id\":0,\"category_id\":1},\"datepicker_mode\":\"text-accent\",\"facebook\":{\"enabled\":0,\"appId\":\"\"}} );\n    });\n<\/script>\t\t\t\t\t\t\t\t<\/div>\n\t\t\t\t<\/div>\n\t\t\t\t\t<\/div>\n\t\t<\/div>\n\t\t\t\t\t<\/div>\n\t\t<\/section>\n\t\t\t\t<section class=\"elementor-section elementor-top-section elementor-element elementor-element-b09559d elementor-section-boxed elementor-section-height-default elementor-section-height-default\" data-id=\"b09559d\" data-element_type=\"section\">\n\t\t\t\t\t\t<div class=\"elementor-container elementor-column-gap-default\">\n\t\t\t\t\t<div class=\"elementor-column elementor-col-100 elementor-top-column elementor-element elementor-element-e5ee1df\" data-id=\"e5ee1df\" data-element_type=\"column\">\n\t\t\t<div class=\"elementor-widget-wrap elementor-element-populated\">\n\t\t\t\t\t\t<div class=\"elementor-element elementor-element-46c2099 elementor-widget elementor-widget-heading\" data-id=\"46c2099\" data-element_type=\"widget\" data-widget_type=\"heading.default\">\n\t\t\t\t<div class=\"elementor-widget-container\">\n\t\t\t\t\t<h3 class=\"elementor-heading-title elementor-size-default\">Gesti\u00f3n de Grados<\/h3>\t\t\t\t<\/div>\n\t\t\t\t<\/div>\n\t\t\t\t<div class=\"elementor-element elementor-element-6e181e7 elementor-widget elementor-widget-text-editor\" data-id=\"6e181e7\" data-element_type=\"widget\" data-widget_type=\"text-editor.default\">\n\t\t\t\t<div class=\"elementor-widget-container\">\n\t\t\t\t\t\t\t\t\t\n<table id=\"tablepress-68\" class=\"tablepress tablepress-id-68 responsables-practicas2 tbody-has-connected-cells\">\n<thead>\n<tr class=\"row-1\">\n\t<th class=\"column-1\"><strong>Gestor\/a<\/strong><\/th><th class=\"column-2\"><strong>Puesto<\/strong><\/th><th class=\"column-3\"><strong>Titulaciones que gestiona<\/strong><\/th><th class=\"column-4\"><strong>Responsable de facultad<\/strong><\/th>\n<\/tr>\n<\/thead>\n<tbody class=\"row-hover\">\n<tr class=\"row-2\">\n\t<td class=\"column-1\">Alicia Barbero D\u00edaz<br \/>\nE-mail: abardia@fundacion.upo.es<br \/>\nTel\u00e9fono: 659.979.954<\/td><td colspan=\"3\" class=\"column-2\">Coordinadora del \u00c1rea<\/td>\n<\/tr>\n<tr class=\"row-3\">\n\t<td class=\"column-1\">Felipe Camacho Miranda<br \/>\n<a href=\"https:\/\/www.upo.es\/fundacion\/practicas-en-empresas\/formulario-de-consultas\/\" target=\"_blank\">Enviar consulta<\/a><br \/>\nTel\u00e9fono: 609.323.700<\/td><td class=\"column-2\">Gestor de programa<\/td><td class=\"column-3\">&#8211; Gesti\u00f3n Pr\u00e1cticas Curriculares y Extracurriculares de los estudios de grados de la Facultad de Empresariales.<\/td><td class=\"column-4\">Macarena Lozano Oyola<br \/>\nUbicaci\u00f3n: edf. 3, 3\u00aa planta, despacho 8<br \/>\nTel\u00e9fono: 954.34.90.61<br \/>\nE-mail: vicpracticasempresasfce@upo.es<\/td>\n<\/tr>\n<tr class=\"row-4\">\n\t<td class=\"column-1\">Vera Escalas Laakso<br \/>\n<a href=\"https:\/\/www.upo.es\/fundacion\/practicas-en-empresas\/formulario-de-consultas\/\" target=\"_blank\">Enviar consulta<\/a><br \/>\nTel\u00e9fono: 616.673.006<\/td><td class=\"column-2\">Gestora de programa<\/td><td class=\"column-3\">&#8211; Gesti\u00f3n Pr\u00e1cticas Curriculares y Extracurriculares de los estudios de grado de la Facultad de Humanidades.<br \/>\n&#8211; Gesti\u00f3n Pr\u00e1cticas Curriculares y Extracurriculares de los estudios de grado de la Facultad del Deporte.<br \/>\n<\/td><td class=\"column-4\">Christiane Limbach<br \/>\nTel\u00e9fono: 954977347<br \/>\nE-mail: clim@upo.es<br \/>\n<br \/>\nFernando Pareja<br \/>\nUbicaci\u00f3n: edf. 13, planta 1 despacho 3<br \/>\nTel\u00e9fono: 954348533<br \/>\nEmail: fparbla@upo.es <br \/>\n<\/td>\n<\/tr>\n<tr class=\"row-5\">\n\t<td class=\"column-1\">Pilar Mart\u00ednez Quintana<br \/>\n<a href=\"https:\/\/www.upo.es\/fundacion\/practicas-en-empresas\/formulario-de-consultas\/\" target=\"_blank\">Enviar consulta<\/a><br \/>\nTel\u00e9fono: 648.622.470<\/td><td class=\"column-2\">Gestora de programa<\/td><td class=\"column-3\">&#8211; Gesti\u00f3n de Pr\u00e1cticas Curriculares y Extracurriculares de estudios de grados de la Facultad de Experimentales.<br \/>\n&#8211; Gesti\u00f3n de Pr\u00e1cticas Extracurriculares de la Escuela Polit\u00e9cnica Superior. <\/td><td class=\"column-4\">Isabel Cerrillo Garc\u00eda<br \/>\nE-mail: cpracfcex@upo.es<br \/>\nTel\u00e9fono: 954977613<br \/>\nDespacho: E22-B.04<\/td>\n<\/tr>\n<tr class=\"row-6\">\n\t<td class=\"column-1\">M\u00aa \u00c1ngeles Casta\u00f1o Carreras<br \/>\n<a href=\"https:\/\/www.upo.es\/fundacion\/practicas-en-empresas\/formulario-de-consultas\/\" target=\"_blank\">Enviar consulta<\/a><br \/>\nTlf. Contacto: 619.008.977<\/td><td class=\"column-2\">Gestor de Programa<\/td><td class=\"column-3\">&#8211; Gesti\u00f3n de pr\u00e1cticas Curriculares y Extracurriculares de titulaciones no jur\u00eddicas de la Facultad de Derecho.<br \/>\n&#8211; Gesti\u00f3n de Pr\u00e1cticas Curriculares y Extracurrilculares del Doble Grado en Trabajo y Educaci\u00f3n Social<\/td><td class=\"column-4\">Manuel Garc\u00eda Mu\u00f1oz<br \/>\nUbicaci\u00f3n: edf. 6, planta 3\u00aa, despacho 16<br \/>\nTel\u00e9fono: 954.34.91.94<br \/>\nE-mail: mgarmun@upo.es<\/td>\n<\/tr>\n<tr class=\"row-7\">\n\t<td class=\"column-1\">Pilar Le\u00f3n Borrero<br \/>\n<a href=\"https:\/\/www.upo.es\/fundacion\/practicas-en-empresas\/formulario-de-consultas\/\" target=\"_blank\">Enviar consulta<\/a><br \/>\nTel\u00e9fono: 679.857.825<\/td><td colspan=\"3\" class=\"column-2\">Gestora Oficina de Convenios<\/td>\n<\/tr>\n<\/tbody>\n<\/table>\n<!-- #tablepress-68 from cache -->\t\t\t\t\t\t\t\t<\/div>\n\t\t\t\t<\/div>\n\t\t\t\t\t<\/div>\n\t\t<\/div>\n\t\t\t\t\t<\/div>\n\t\t<\/section>\n\t\t\t\t<section class=\"elementor-section elementor-top-section elementor-element elementor-element-ef2bf4d elementor-section-boxed elementor-section-height-default elementor-section-height-default\" data-id=\"ef2bf4d\" data-element_type=\"section\">\n\t\t\t\t\t\t<div class=\"elementor-container elementor-column-gap-default\">\n\t\t\t\t\t<div class=\"elementor-column elementor-col-100 elementor-top-column elementor-element elementor-element-5c71140\" data-id=\"5c71140\" data-element_type=\"column\">\n\t\t\t<div class=\"elementor-widget-wrap elementor-element-populated\">\n\t\t\t\t\t\t<div class=\"elementor-element elementor-element-400c0a8 elementor-widget elementor-widget-heading\" data-id=\"400c0a8\" data-element_type=\"widget\" data-widget_type=\"heading.default\">\n\t\t\t\t<div class=\"elementor-widget-container\">\n\t\t\t\t\t<h3 class=\"elementor-heading-title elementor-size-default\">Gesti\u00f3n de Postgrados<\/h3>\t\t\t\t<\/div>\n\t\t\t\t<\/div>\n\t\t\t\t<div class=\"elementor-element elementor-element-e2a3afb elementor-widget elementor-widget-text-editor\" data-id=\"e2a3afb\" data-element_type=\"widget\" data-widget_type=\"text-editor.default\">\n\t\t\t\t<div class=\"elementor-widget-container\">\n\t\t\t\t\t\t\t\t\t\n<table id=\"tablepress-5\" class=\"tablepress tablepress-id-5 tbody-has-connected-cells\">\n<thead>\n<tr class=\"row-1\">\n\t<th class=\"column-1\"><strong>Gestor\/a<\/strong><\/th><th class=\"column-2\"><strong>Puesto<\/strong><\/th><th class=\"column-3\"><strong>Titulaciones que gestiona<\/strong><\/th><th class=\"column-4\"><strong>Responsable de facultad<\/strong><\/th>\n<\/tr>\n<\/thead>\n<tbody class=\"row-striping row-hover\">\n<tr class=\"row-2\">\n\t<td rowspan=\"5\" class=\"column-1\">Almudena Gonz\u00e1lez<br \/>\n<a href=\"https:\/\/www.upo.es\/fundacion\/practicas-en-empresas\/formulario-de-consultas\/\" target=\"_blank\">Enviar consulta<\/a><br \/>\nTel\u00e9fono: 620.899.356<\/td><td rowspan=\"5\" class=\"column-2\">Gestora de programa<\/td><td class=\"column-3\">M\u00e1ster Universitario Consultor\u00eda y Auditor\u00eda Laboral<\/td><td class=\"column-4\">Margarita Arenas Viruez<br \/>\nE-mail: marevir@upo.es<\/td>\n<\/tr>\n<tr class=\"row-3\">\n\t<td class=\"column-3\">M\u00e1ster Universitario Direcci\u00f3n de Empresas<\/td><td class=\"column-4\">Antonio Carmona<br \/>\nE-mail: acarlav@upo.es<\/td>\n<\/tr>\n<tr class=\"row-4\">\n\t<td class=\"column-3\">M\u00e1ster Universitario Direcci\u00f3n Estrat\u00e9gica en RR.HH.<\/td><td class=\"column-4\">Mar\u00eda Dolores de la Rosa Navarro<br \/>\nE-mail: mdrosnav@upo.es<br \/>\n<\/td>\n<\/tr>\n<tr class=\"row-5\">\n\t<td class=\"column-3\">M\u00e1ster Universitario Direcci\u00f3n de Negocios Internacionales<\/td><td class=\"column-4\">Paloma Gallurt Pla<br \/>\nE-mail: pgalpla@upo.es<br \/>\nTel\u00e9fono: 954.977.922<\/td>\n<\/tr>\n<tr class=\"row-6\">\n\t<td class=\"column-3\">M\u00e1ster Universitario Gesti\u00f3n Administrativa<\/td><td class=\"column-4\">Pierre-Henri Cialti<br \/>\nE-mail: phcia@upo.es<\/td>\n<\/tr>\n<tr class=\"row-7\">\n\t<td rowspan=\"5\" class=\"column-1\">M\u00aa Carmen Borr\u00e1s Velasco<br \/>\n<a href=\"https:\/\/www.upo.es\/fundacion\/practicas-en-empresas\/formulario-de-consultas\/\" target=\"_blank\">Enviar consulta<\/a><br \/>\nTlf. Contacto: 954.349.081<\/td><td rowspan=\"5\" class=\"column-2\">Gestora de programa<\/td><td class=\"column-3\">M\u00e1ster Universitario Finanzas y Banca<\/td><td class=\"column-4\">Jos\u00e9 Manuel Feria Dom\u00ednguez<br \/>\nE-mail: jmferdom@upo.es<\/td>\n<\/tr>\n<tr class=\"row-8\">\n\t<td class=\"column-3\">M\u00e1ster Universitario en Abogac\u00eda<\/td><td rowspan=\"3\" class=\"column-4\">Alfonso Gal\u00e1n Mu\u00f1oz<br \/>\nE-mail: agalmun@upo.es<\/td>\n<\/tr>\n<tr class=\"row-9\">\n\t<td class=\"column-3\">Doble M\u00e1ster Universitario en Abogac\u00eda y Derecho de las NNTT<\/td>\n<\/tr>\n<tr class=\"row-10\">\n\t<td class=\"column-3\">Doble M\u00e1ster M\u00e1ster Universitario en Abogac\u00eda y Derecho de la Contrataci\u00f3n y Responsabilidad Civil<\/td>\n<\/tr>\n<tr class=\"row-11\">\n\t<td class=\"column-3\">M\u00e1ster Universitario Derecho de las Nuevas  Tecnolog\u00edas<\/td><td class=\"column-4\">M\u00aa Jes\u00fas Blanco S\u00e1nchez<br \/>\nE-mail: mjblasan@upo.es<\/td>\n<\/tr>\n<tr class=\"row-12\">\n\t<td rowspan=\"7\" class=\"column-1\">M\u00aa \u00c1ngeles Casta\u00f1o Carreras<br \/>\n<a href=\"https:\/\/www.upo.es\/fundacion\/practicas-en-empresas\/formulario-de-consultas\/\" target=\"_blank\">Enviar consulta<\/a><br \/>\nTlf. Contacto: 619.008.977<\/td><td rowspan=\"7\" class=\"column-2\">Gestora de programa<\/td><td class=\"column-3\">M\u00e1ster Universitario G\u00e9nero e Igualdad<\/td><td class=\"column-4\">Astrid Agenjo Calder\u00f3n<br \/>\nE-mail: cmagecal@upo.es<br \/>\nTlf. Contacto: 954.977.459<\/td>\n<\/tr>\n<tr class=\"row-13\">\n\t<td class=\"column-3\">M\u00e1ster Universitario Intervenci\u00f3n Social, Cultura y Diversidad<\/td><td class=\"column-4\">Antonio Luis D\u00edaz Aguilar<br \/>\nE-mail: aldiaagu@upo.es<br \/>\nTlf. Contacto: 954977506<\/td>\n<\/tr>\n<tr class=\"row-14\">\n\t<td class=\"column-3\">M\u00e1ster Universitario Investigaci\u00f3n y An\u00e1lisis del Flamenco<\/td><td class=\"column-4\">Fernando Carlos Ruiz Morales<br \/>\nE-mail: fcruimor@upo.es<br \/>\nTlf. Contacto: 954.978.247<\/td>\n<\/tr>\n<tr class=\"row-15\">\n\t<td class=\"column-3\">M\u00e1ster Universitario Educaci\u00f3n para el Desarrollo, Sensibilizaci\u00f3n Social y Cultura de Paz<\/td><td class=\"column-4\">Esther Prieto Jim\u00e9nez<br \/>\nE-mail: eprijim@upo.es<br \/>\nTlf. Contacto: 954.978.014<\/td>\n<\/tr>\n<tr class=\"row-16\">\n\t<td class=\"column-3\">M\u00e1ster Universitario Educaci\u00f3n Ambiental<\/td><td class=\"column-4\">Macarena Esteban Ib\u00e1\u00f1ez<br \/>\nE-mail: mestiba@upo.es<\/td>\n<\/tr>\n<tr class=\"row-17\">\n\t<td class=\"column-3\">M\u00e1ster Universitario Gerontolog\u00eda y Direcci\u00f3n de Centros Gerontol\u00f3gicos<\/td><td class=\"column-4\">M\u00aa Del Castillo Gallardo Fern\u00e1ndez<br \/>\nE-mail: cgalfer@upo.es<\/td>\n<\/tr>\n<tr class=\"row-18\">\n\t<td class=\"column-3\">M\u00e1ster Universitario Profesorado de Educaci\u00f3n Secundaria Obligatoria y Bachillerato, Formaci\u00f3n Profesional y Ense\u00f1anza de Idiomas<\/td><td class=\"column-4\">Alicia Ja\u00e9n Mart\u00ednez<br \/>\nE-mail: ajaemar@upo.es<\/td>\n<\/tr>\n<tr class=\"row-19\">\n\t<td rowspan=\"5\" class=\"column-1\">Pilar Mart\u00ednez Quintana<br \/>\n<a href=\"https:\/\/www.upo.es\/fundacion\/practicas-en-empresas\/formulario-de-consultas\/\" target=\"_blank\">Enviar consulta<\/a><br \/>\nTlf. Contacto: 648.622.470<\/td><td rowspan=\"5\" class=\"column-2\">Gestora de programa<\/td><td class=\"column-3\">M\u00e1ster Universitario Ciencia y Tecnolog\u00eda de Aceites y Bebidas Fermentadas<\/td><td class=\"column-4\">Eva Valero Blanco<br \/>\nE-mail: evalero@upo.es<br \/>\nTlf. Contacto: 954.978.215<\/td>\n<\/tr>\n<tr class=\"row-20\">\n\t<td class=\"column-3\">M\u00e1ster Universitario Biotecnolog\u00eda Sanitaria<\/td><td class=\"column-4\">Daniel Jos\u00e9 Moreno Fern\u00e1ndez-Ayala<br \/>\nE-mail: dmorfer@upo.es<\/td>\n<\/tr>\n<tr class=\"row-21\">\n\t<td class=\"column-3\">M\u00e1ster Universitario Biotecnolog\u00eda Ambiental, Industrial y Alimentaria<\/td><td class=\"column-4\">Ram\u00f3n Ramos Barrales<br \/>\nE-mail: rrambar@upo.es<\/td>\n<\/tr>\n<tr class=\"row-22\">\n\t<td class=\"column-3\">M\u00e1ster Universitario Cambio Clim\u00e1tico, Carbono y Recursos H\u00eddricos<\/td><td class=\"column-4\">Agust\u00edn Ignacio Gonz\u00e1lez Fontes de Albornoz<br \/>\nE-mail: agonfon@upo.es<\/td>\n<\/tr>\n<tr class=\"row-23\">\n\t<td class=\"column-3\">M\u00e1ster Universitario Diagn\u00f3stico del Estado de Conservaci\u00f3n del Patrimonio Hist\u00f3rico<\/td><td class=\"column-4\">Pilar Ortiz Calder\u00f3n<br \/>\nE-mail: mportcal@upo.es<\/td>\n<\/tr>\n<tr class=\"row-24\">\n\t<td rowspan=\"5\" class=\"column-1\">Vera Escalas Laakso<br \/>\n<a href=\"https:\/\/www.upo.es\/fundacion\/practicas-en-empresas\/formulario-de-consultas\/\" target=\"_blank\">Enviar consulta<\/a><br \/>\nTlf. Contacto: 616.673.006<\/td><td rowspan=\"5\" class=\"column-2\">Gestor de programa<\/td><td class=\"column-3\">M\u00e1ster Universitario Arte, Museo y Gesti\u00f3n del Patrimonio Hist\u00f3rico<\/td><td class=\"column-4\">M\u00aa Angeles Fern\u00e1ndez Valle<br \/>\nE-amil: mafarvel@upo.es<br \/>\nTlf. Contacto: 954.349.158<\/td>\n<\/tr>\n<tr class=\"row-25\">\n\t<td class=\"column-3\">M\u00e1ster Universitario Comunicaci\u00f3n Internacional, Traducci\u00f3n e Interpretaci\u00f3n<\/td><td class=\"column-4\">Isabel Briales Bell\u00f3n<br \/>\nE-mail: ibribel@upo.es<br \/>\nTlf. Contacto: 954.977.346<\/td>\n<\/tr>\n<tr class=\"row-26\">\n\t<td class=\"column-3\">M\u00e1ster Universitario Ense\u00f1anza Biling\u00fce<\/td><td class=\"column-4\">M\u00aa Dolores L\u00f3pez Jim\u00e9nez<br \/>\nE-mail: mdlopjim@upo.es<br \/>\nTlf. Contacto: 954.977.993<\/td>\n<\/tr>\n<tr class=\"row-27\">\n\t<td class=\"column-3\">M\u00e1ster Universitario Ense\u00f1anza de Espa\u00f1ol como Lengua Extranjera<\/td><td class=\"column-4\">Olga Cruz Moya<br \/>\nE-mail: ocrumoy@upo.es<br \/>\nTlf.: 954.348.355<\/td>\n<\/tr>\n<tr class=\"row-28\">\n\t<td class=\"column-3\">M\u00e1ster Universitario Historia y Humanidades Digitales<\/td><td class=\"column-4\">Domingo Savio Rodr\u00edguez Baena<br \/>\nE-mail: dsrodbae@upo.es<br \/>\nTlf. Contacto: 954.977.590<\/td>\n<\/tr>\n<\/tbody>\n<\/table>\n<!-- #tablepress-5 from cache -->\t\t\t\t\t\t\t\t<\/div>\n\t\t\t\t<\/div>\n\t\t\t\t\t<\/div>\n\t\t<\/div>\n\t\t\t\t\t<\/div>\n\t\t<\/section>\n\t\t\t\t<\/div>\n\t\t","protected":false},"excerpt":{"rendered":"<p>Si tienes una consulta, puedes realizarla a trav\u00e9s del formulario del \u00c1rea de Pr\u00e1cticas en Empresas Ll\u00e9vame al formulario de consultas Nota sobre la cita Recuerda que la cita no &#8230;<\/p>\n","protected":false},"author":1,"featured_media":0,"parent":0,"menu_order":0,"comment_status":"closed","ping_status":"closed","template":"","meta":{"footnotes":""},"class_list":["post-1314","page","type-page","status-publish","hentry"],"_links":{"self":[{"href":"https:\/\/www.upo.es\/fundaciones-citaprevia\/wp-json\/wp\/v2\/pages\/1314","targetHints":{"allow":["GET"]}}],"collection":[{"href":"https:\/\/www.upo.es\/fundaciones-citaprevia\/wp-json\/wp\/v2\/pages"}],"about":[{"href":"https:\/\/www.upo.es\/fundaciones-citaprevia\/wp-json\/wp\/v2\/types\/page"}],"author":[{"embeddable":true,"href":"https:\/\/www.upo.es\/fundaciones-citaprevia\/wp-json\/wp\/v2\/users\/1"}],"replies":[{"embeddable":true,"href":"https:\/\/www.upo.es\/fundaciones-citaprevia\/wp-json\/wp\/v2\/comments?post=1314"}],"version-history":[{"count":38,"href":"https:\/\/www.upo.es\/fundaciones-citaprevia\/wp-json\/wp\/v2\/pages\/1314\/revisions"}],"predecessor-version":[{"id":1662,"href":"https:\/\/www.upo.es\/fundaciones-citaprevia\/wp-json\/wp\/v2\/pages\/1314\/revisions\/1662"}],"wp:attachment":[{"href":"https:\/\/www.upo.es\/fundaciones-citaprevia\/wp-json\/wp\/v2\/media?parent=1314"}],"curies":[{"name":"wp","href":"https:\/\/api.w.org\/{rel}","templated":true}]}}