{"id":3,"date":"2021-04-20T11:20:21","date_gmt":"2021-04-20T11:20:21","guid":{"rendered":"https:\/\/www.upo.es\/fundacionmunicipios\/?page_id=3"},"modified":"2022-01-12T11:42:19","modified_gmt":"2022-01-12T11:42:19","slug":"politica-privacidad","status":"publish","type":"page","link":"https:\/\/www.upo.es\/fundacionmunicipios\/politica-privacidad\/","title":{"rendered":"Pol\u00edtica de privacidad"},"content":{"rendered":"<div class=\"fusion-fullwidth fullwidth-box fusion-builder-row-1 fusion-flex-container nonhundred-percent-fullwidth non-hundred-percent-height-scrolling\" style=\"--awb-border-radius-top-left:0px;--awb-border-radius-top-right:0px;--awb-border-radius-bottom-right:0px;--awb-border-radius-bottom-left:0px;--awb-flex-wrap:wrap;\" ><div class=\"fusion-builder-row fusion-row fusion-flex-align-items-flex-start fusion-flex-content-wrap\" style=\"max-width:1248px;margin-left: calc(-4% \/ 2 );margin-right: calc(-4% \/ 2 );\"><div class=\"fusion-layout-column fusion_builder_column fusion-builder-column-0 fusion_builder_column_1_1 1_1 fusion-flex-column\" style=\"--awb-bg-size:cover;--awb-width-large:100%;--awb-margin-top-large:0px;--awb-spacing-right-large:1.92%;--awb-margin-bottom-large:20px;--awb-spacing-left-large:1.92%;--awb-width-medium:100%;--awb-order-medium:0;--awb-spacing-right-medium:1.92%;--awb-spacing-left-medium:1.92%;--awb-width-small:100%;--awb-order-small:0;--awb-spacing-right-small:1.92%;--awb-spacing-left-small:1.92%;\"><div class=\"fusion-column-wrapper fusion-column-has-shadow fusion-flex-justify-content-flex-start fusion-content-layout-column\"><div class=\"fusion-title title fusion-title-1 fusion-title-text fusion-title-size-two\" style=\"--awb-margin-right:0px;--awb-margin-bottom:0px;--awb-margin-left:0px;\"><div class=\"title-sep-container title-sep-container-left fusion-no-large-visibility fusion-no-medium-visibility fusion-no-small-visibility\"><div class=\"title-sep sep- sep-solid\" style=\"border-color:#e0dede;\"><\/div><\/div><span class=\"awb-title-spacer fusion-no-large-visibility fusion-no-medium-visibility fusion-no-small-visibility\"><\/span><h2 class=\"fusion-title-heading title-heading-left fusion-responsive-typography-calculated\" style=\"margin:0;--fontSize:38;line-height:1.12;\"><h2 style=\"text-align: left;\">Pol\u00edtica de Privacidad<\/h2><\/h2><span class=\"awb-title-spacer\"><\/span><div class=\"title-sep-container title-sep-container-right\"><div class=\"title-sep sep- sep-solid\" style=\"border-color:#e0dede;\"><\/div><\/div><\/div><div class=\"fusion-text fusion-text-1\" style=\"--awb-text-transform:none;\"><p style=\"text-align: left;\">La <strong>Fundaci\u00f3n de Municipios Pablo de Olavide <\/strong>no s\u00f3lo es una entidad comprometida con ofrecer a sus usuarios la m\u00e1xima calidad en sus servicios, sino tambi\u00e9n con el escrupuloso cumplimiento de la legislaci\u00f3n vigente en materia de privacidad e internet. Por ello, se establece el objetivo de tratar los datos de manera l\u00edcita, leal y transparente.<\/p>\n<p style=\"text-align: left;\">Es por ello que, a trav\u00e9s del presente aviso, la <strong>Fundaci\u00f3n de Municipios Pablo de Olavide <\/strong>proporciona los datos que est\u00e1 obligado a poner a disposici\u00f3n de los consumidores y usuarios, de conformidad con lo previsto en el art. 10 de la Ley 34\/2002, de 11 de julio, de servicios de la sociedad de la informaci\u00f3n y de comercio electr\u00f3nico y en la normativa europea sobre Protecci\u00f3n de Datos de Car\u00e1cter Personal.<\/p>\n<p style=\"text-align: left;\">En este documento se explica qui\u00e9n es el responsable del tratamiento, con qu\u00e9 finalidad se va a tratar la informaci\u00f3n personal, la legitimaci\u00f3n para el tratamiento, qu\u00e9 datos se recaban y procedencia de los mismos, el plazo de conservaci\u00f3n de los datos, a qui\u00e9n se les puede comunicar, los derechos existentes, la pol\u00edtica de cookies y las posibles modificaciones referidas del presente documento.<\/p>\n<\/div><div class=\"fusion-title title fusion-title-2 fusion-title-text fusion-title-size-three\" style=\"--awb-margin-right:0px;--awb-margin-bottom:0px;--awb-margin-left:0px;\"><div class=\"title-sep-container title-sep-container-left fusion-no-large-visibility fusion-no-medium-visibility fusion-no-small-visibility\"><div class=\"title-sep sep- sep-solid\" style=\"border-color:#e0dede;\"><\/div><\/div><span class=\"awb-title-spacer fusion-no-large-visibility fusion-no-medium-visibility fusion-no-small-visibility\"><\/span><h3 class=\"fusion-title-heading title-heading-left fusion-responsive-typography-calculated\" style=\"margin:0;--fontSize:28;line-height:1.6;\"><h3><strong>1. Datos de contacto del responsable del tratamiento de datos<\/strong><\/h3><\/h3><span class=\"awb-title-spacer\"><\/span><div class=\"title-sep-container title-sep-container-right\"><div class=\"title-sep sep- sep-solid\" style=\"border-color:#e0dede;\"><\/div><\/div><\/div><div class=\"fusion-text fusion-text-2\" style=\"--awb-text-transform:none;\"><p>Este subdominio, el cual deriva del dominio <a href=\"http:\/\/www.upo.es\/\">www.upo.es<\/a>, es propiedad de la <strong>Fundaci\u00f3n de Municipios Pablo de Olavide<\/strong>, con CIF G91181032, domiciliada en Universidad Pablo de Olavide, Autov\u00eda A 376, Km 1, Edificio 17, 41013 \u2013 Sevilla, y con e-mail <a href=\"mailto:protecciondedatos.fundacion@fundacion.upo.es\">protecciondedatos.fundacion@fundacion.upo.es<\/a> y tel\u00e9fono 954.349.074.<\/p>\n<p>La <strong>Fundaci\u00f3n de Municipios Pablo de Olavide<\/strong> est\u00e1 inscrita en el Registro de Fundaciones de Andaluc\u00eda con el n\u00famero 00762.<\/p>\n<\/div><div class=\"fusion-title title fusion-title-3 fusion-title-text fusion-title-size-three\" style=\"--awb-margin-right:0px;--awb-margin-bottom:0px;--awb-margin-left:0px;\"><div class=\"title-sep-container title-sep-container-left fusion-no-large-visibility fusion-no-medium-visibility fusion-no-small-visibility\"><div class=\"title-sep sep- sep-solid\" style=\"border-color:#e0dede;\"><\/div><\/div><span class=\"awb-title-spacer fusion-no-large-visibility fusion-no-medium-visibility fusion-no-small-visibility\"><\/span><h3 class=\"fusion-title-heading title-heading-left fusion-responsive-typography-calculated\" style=\"margin:0;--fontSize:28;line-height:1.6;\"><h3><strong>2. Finalidad del tratamiento de datos<\/strong><\/h3><\/h3><span class=\"awb-title-spacer\"><\/span><div class=\"title-sep-container title-sep-container-right\"><div class=\"title-sep sep- sep-solid\" style=\"border-color:#e0dede;\"><\/div><\/div><\/div><div class=\"fusion-text fusion-text-3\" style=\"--awb-text-transform:none;\"><p>Los datos son recabados con las siguientes finalidades:<\/p>\n<ul>\n<li>Asegurar la correcta gesti\u00f3n integral de todos los servicios o productos prestados desde la <strong>Fundaci\u00f3n de Municipios Pablo de Olavide<\/strong>.<\/li>\n<li>Gesti\u00f3n, estudio y resoluci\u00f3n de consultas.<\/li>\n<li>Env\u00edo de comunicaciones comerciales e informaci\u00f3n mediante cualquier medio, incluido el correo electr\u00f3nico, sobre los productos, actividades y servicios prestados por la <strong>Fundaci\u00f3n de Municipios Pablo de Olavide<\/strong>, as\u00ed como informaci\u00f3n institucional. Estas comunicaciones tienen car\u00e1cter informativo, por lo que no se derivar\u00e1 efecto jur\u00eddico vinculante alguno.<\/li>\n<\/ul>\n<\/div><div class=\"fusion-title title fusion-title-4 fusion-title-text fusion-title-size-three\" style=\"--awb-margin-right:0px;--awb-margin-bottom:0px;--awb-margin-left:0px;\"><div class=\"title-sep-container title-sep-container-left fusion-no-large-visibility fusion-no-medium-visibility fusion-no-small-visibility\"><div class=\"title-sep sep- sep-solid\" style=\"border-color:#e0dede;\"><\/div><\/div><span class=\"awb-title-spacer fusion-no-large-visibility fusion-no-medium-visibility fusion-no-small-visibility\"><\/span><h3 class=\"fusion-title-heading title-heading-left fusion-responsive-typography-calculated\" style=\"margin:0;--fontSize:28;line-height:1.6;\"><h3><strong>3. Legitimaci\u00f3n para el tratamiento de datos<\/strong><\/h3><\/h3><span class=\"awb-title-spacer\"><\/span><div class=\"title-sep-container title-sep-container-right\"><div class=\"title-sep sep- sep-solid\" style=\"border-color:#e0dede;\"><\/div><\/div><\/div><div class=\"fusion-text fusion-text-4\" style=\"--awb-text-transform:none;\"><p>La base legal para el desarrollo del tratamiento de datos ser\u00e1 la existencia de una relaci\u00f3n contractual con el interesado,  el consentimiento expreso por parte del mismo y por la presencia de un inter\u00e9s leg\u00edtimo de la <strong>Fundaci\u00f3n de Municipios Pablo de Olavide<\/strong>.<\/p>\n<p>Atendiendo al considerando 47 del RGPD se establece el inter\u00e9s leg\u00edtimo al que hace referencia la Fundaci\u00f3n de Municipios Pablo de Olavide:<\/p>\n<blockquote>\n<p>\u201cEl inter\u00e9s leg\u00edtimo de un responsable del tratamiento, incluso el de un responsable al que se puedan comunicar datos personales, o de un tercero, puede constituir una base jur\u00eddica para el tratamiento, siempre que no prevalezcan los intereses o los derechos y libertades del interesado, teniendo en cuenta las expectativas razonables de los interesados basadas en su relaci\u00f3n con el responsable. Tal inter\u00e9s leg\u00edtimo podr\u00eda darse, por ejemplo, <strong>cuando existe una relaci\u00f3n pertinente y apropiada entre el interesado y el responsable, como en situaciones en las que el interesado es cliente o est\u00e1 al servicio del responsable.<\/strong>[&#8230;] <strong>El tratamiento de datos de car\u00e1cter personal estrictamente necesario para la prevenci\u00f3n del fraude <\/strong>constituye tambi\u00e9n un inter\u00e9s leg\u00edtimo del responsable del tratamiento de que se trate. <strong>El tratamiento de datos personales con fines de mercadotecnia directa <\/strong>puede considerarse realizado por inter\u00e9s leg\u00edtimo.\u201d<\/p>\n<\/blockquote>\n<p>El consentimiento puede ser revocado en cualquier momento. Debi\u00e9ndose comunicar expresamente a la <strong>Fundaci\u00f3n de Municipios Pablo de Olavide<\/strong> a trav\u00e9s de la siguiente direcci\u00f3n de correo, <a href=\"mailto:protecciondedatos.fundacion@fundacion.upo.es\">protecciondedatos.fundacion@fundacion.upo.es<\/a><\/p>\n<p>La negativa a suministrar los datos personales solicitados, o la entrega de datos inexactos o incompletos, podr\u00eda ocasionar la imposibilidad de prestar los servicios de forma adecuada.<\/p>\n<\/div><div class=\"fusion-title title fusion-title-5 fusion-title-text fusion-title-size-three\" style=\"--awb-margin-right:0px;--awb-margin-bottom:0px;--awb-margin-left:0px;\"><div class=\"title-sep-container title-sep-container-left fusion-no-large-visibility fusion-no-medium-visibility fusion-no-small-visibility\"><div class=\"title-sep sep- sep-solid\" style=\"border-color:#e0dede;\"><\/div><\/div><span class=\"awb-title-spacer fusion-no-large-visibility fusion-no-medium-visibility fusion-no-small-visibility\"><\/span><h3 class=\"fusion-title-heading title-heading-left fusion-responsive-typography-calculated\" style=\"margin:0;--fontSize:28;line-height:1.6;\"><h3><strong>4. Datos recabados y procedencia<\/strong><\/h3><\/h3><span class=\"awb-title-spacer\"><\/span><div class=\"title-sep-container title-sep-container-right\"><div class=\"title-sep sep- sep-solid\" style=\"border-color:#e0dede;\"><\/div><\/div><\/div><div class=\"fusion-text fusion-text-5\" style=\"--awb-text-transform:none;\"><p>Los datos tratados desde la <strong>Fundaci\u00f3n de Municipios Pablo de Olavide<\/strong> son de naturaleza identificativa, acad\u00e9mica, econ\u00f3mica, personal y de contacto. Entre ellos se encuentran: nombre, apellidos, documento identificativo, tel\u00e9fonos, correos electr\u00f3nicos, direcciones postales, firma, datos bancarios y fiscales, empresa, sector de actividad, datos de hijos menores de edad, curr\u00edculos profesionales, estudios cursados, curso, universidad de procedencia, nota media e intereses personales.<\/p>\n<p>Ocasionalmente, podemos solicitar y tratar datos sensibles relativos a salud, alergias alimentarias, minusval\u00edas u otros para la organizaci\u00f3n de alguna actividad espec\u00edfica, ya que sin ellos no se podr\u00eda prestar el servicio al interesado en las debidas condiciones. As\u00ed mismo, tambi\u00e9n, se tratar\u00e1n eventualmente fotos y videos de los interesados. No obstante, la finalidad del tratamiento de los datos por <strong>Fundaci\u00f3n de Municipios Pablo de Olavide<\/strong> no es espec\u00edficamente la recopilaci\u00f3n de este tipo de informaci\u00f3n.<\/p>\n<p>Los datos son obtenidos a trav\u00e9s de la facilitaci\u00f3n directa del interesado o por la intermediaci\u00f3n de un tercero (Universidad Pablo de Olavide, otras universidades, organismos p\u00fablicos o privados, entidades p\u00fablicas o privadas y plataformas educativas (\u00cdcaro, Universitas XXI, entre otras).<\/p>\n<\/div><div class=\"fusion-title title fusion-title-6 fusion-title-text fusion-title-size-three\" style=\"--awb-margin-right:0px;--awb-margin-bottom:0px;--awb-margin-left:0px;\"><div class=\"title-sep-container title-sep-container-left fusion-no-large-visibility fusion-no-medium-visibility fusion-no-small-visibility\"><div class=\"title-sep sep- sep-solid\" style=\"border-color:#e0dede;\"><\/div><\/div><span class=\"awb-title-spacer fusion-no-large-visibility fusion-no-medium-visibility fusion-no-small-visibility\"><\/span><h3 class=\"fusion-title-heading title-heading-left fusion-responsive-typography-calculated\" style=\"margin:0;--fontSize:28;line-height:1.6;\"><h3><strong>5. Destinatarios a los que se comunicar\u00e1n sus datos<\/strong><\/h3><\/h3><span class=\"awb-title-spacer\"><\/span><div class=\"title-sep-container title-sep-container-right\"><div class=\"title-sep sep- sep-solid\" style=\"border-color:#e0dede;\"><\/div><\/div><\/div><div class=\"fusion-text fusion-text-6\" style=\"--awb-text-transform:none;\"><p>Sus datos podr\u00e1n ser cedidos a las empresas, entidades, organismos p\u00fablicos o privados o agentes que intervengan, participen, organicen o colaboren en el correcto desarrollo de los servicios prestados por la <strong>Fundaci\u00f3n de Municipios Pablo de Olavide<\/strong>. Tambi\u00e9n ser\u00e1n cedidos bajo imperativo legal.<\/p>\n<p>Se pone en conocimiento del interesado la posibilidad de transferencia de datos a terceros pa\u00edses por la organizaci\u00f3n y participaci\u00f3n en actividades, programas, eventos o cursos que se realicen en los mismos. Esta transferencia se ampara legalmente tanto en su consentimiento expreso, como en el art\u00edculo 49.1.b del Reglamento General de Protecci\u00f3n de Datos, esto es, cuando la transferencia internacional:<\/p>\n<blockquote>\n<p>\u201c\u2026sea necesaria para la ejecuci\u00f3n de un contrato entre el interesado y el responsable del tratamiento o para la ejecuci\u00f3n de medidas precontractuales adoptadas a solicitud del interesado\u201d.<\/p>\n<\/blockquote>\n<p>Cuando la cesi\u00f3n se deba producir fuera de lo expresado en los p\u00e1rrafos anteriores, ser\u00e1 necesario el consentimiento expreso del interesado.<\/p>\n<\/div><div class=\"fusion-title title fusion-title-7 fusion-title-text fusion-title-size-three\" style=\"--awb-margin-right:0px;--awb-margin-bottom:0px;--awb-margin-left:0px;\"><div class=\"title-sep-container title-sep-container-left fusion-no-large-visibility fusion-no-medium-visibility fusion-no-small-visibility\"><div class=\"title-sep sep- sep-solid\" style=\"border-color:#e0dede;\"><\/div><\/div><span class=\"awb-title-spacer fusion-no-large-visibility fusion-no-medium-visibility fusion-no-small-visibility\"><\/span><h3 class=\"fusion-title-heading title-heading-left fusion-responsive-typography-calculated\" style=\"margin:0;--fontSize:28;line-height:1.6;\"><h3><strong>6. Plazo de conservaci\u00f3n de datos<\/strong><\/h3><\/h3><span class=\"awb-title-spacer\"><\/span><div class=\"title-sep-container title-sep-container-right\"><div class=\"title-sep sep- sep-solid\" style=\"border-color:#e0dede;\"><\/div><\/div><\/div><div class=\"fusion-text fusion-text-7\" style=\"--awb-text-transform:none;\"><p>Los datos personales proporcionados se conservar\u00e1n mientras se mantenga la relaci\u00f3n de prestaci\u00f3n de servicios o mientras no se solicite su supresi\u00f3n por parte del interesado.<\/p>\n<\/div><div class=\"fusion-title title fusion-title-8 fusion-title-text fusion-title-size-three\" style=\"--awb-margin-right:0px;--awb-margin-bottom:0px;--awb-margin-left:0px;\"><div class=\"title-sep-container title-sep-container-left fusion-no-large-visibility fusion-no-medium-visibility fusion-no-small-visibility\"><div class=\"title-sep sep- sep-solid\" style=\"border-color:#e0dede;\"><\/div><\/div><span class=\"awb-title-spacer fusion-no-large-visibility fusion-no-medium-visibility fusion-no-small-visibility\"><\/span><h3 class=\"fusion-title-heading title-heading-left fusion-responsive-typography-calculated\" style=\"margin:0;--fontSize:28;line-height:1.6;\"><h3><strong>7. Protecci\u00f3n de los datos<\/strong><\/h3><\/h3><span class=\"awb-title-spacer\"><\/span><div class=\"title-sep-container title-sep-container-right\"><div class=\"title-sep sep- sep-solid\" style=\"border-color:#e0dede;\"><\/div><\/div><\/div><div class=\"fusion-text fusion-text-8\" style=\"--awb-text-transform:none;\"><p>La <b>Fundaci\u00f3n de Municipios Pablo de Olavide<\/b> se compromete a proteger la informaci\u00f3n personal. Utiliza las medidas t\u00e9cnicas y organizativas adecuadas con la finalidad de proteger la seguridad y confidencialidad de los datos almacenados y garantizar la privacidad de los interesados, y revisa dichas medidas peri\u00f3dicamente.<\/p>\n<p>La informaci\u00f3n personal se protege mediante el uso de una combinaci\u00f3n de controles de seguridad tanto f\u00edsicos como inform\u00e1ticos, incorporando la restricci\u00f3n de acceso a los datos.<\/p>\n<p>Con la combinaci\u00f3n de estos medios, se reduce la posibilidad de alteraci\u00f3n, p\u00e9rdida, tratamiento o acceso no autorizado a los datos que obra en las bases de datos de la <b>Fundaci\u00f3n de Municipios Pablo de Olavide<\/b>. No obstante, en el entorno internet la seguridad nunca es un bien inexpugnable, por lo que las medidas de seguridad adoptadas son las que resultan del sistema de gesti\u00f3n a medida, por considerarse que son las adecuadas para garantizar la protecci\u00f3n de los datos personales que se tratan en relaci\u00f3n con el nivel del riesgo en el contexto de las actividades de la <b>Fundaci\u00f3n de Municipios Pablo de Olavide<\/b>.<\/p>\n<\/div><div class=\"fusion-title title fusion-title-9 fusion-title-text fusion-title-size-three\" style=\"--awb-margin-right:0px;--awb-margin-bottom:0px;--awb-margin-left:0px;\"><div class=\"title-sep-container title-sep-container-left fusion-no-large-visibility fusion-no-medium-visibility fusion-no-small-visibility\"><div class=\"title-sep sep- sep-solid\" style=\"border-color:#e0dede;\"><\/div><\/div><span class=\"awb-title-spacer fusion-no-large-visibility fusion-no-medium-visibility fusion-no-small-visibility\"><\/span><h3 class=\"fusion-title-heading title-heading-left fusion-responsive-typography-calculated\" style=\"margin:0;--fontSize:28;line-height:1.6;\"><h3><strong>8. Ejercicio de los derechos sobre los datos<\/strong><\/h3><\/h3><span class=\"awb-title-spacer\"><\/span><div class=\"title-sep-container title-sep-container-right\"><div class=\"title-sep sep- sep-solid\" style=\"border-color:#e0dede;\"><\/div><\/div><\/div><div class=\"fusion-text fusion-text-9\" style=\"--awb-text-transform:none;\"><p>Los interesados podr\u00e1n ejercer los siguientes derechos:<\/p>\n<ul>\n<li>Derecho de acceso a los datos personales registrados.<\/li>\n<li>Derecho de rectificaci\u00f3n de los datos.<\/li>\n<li>Derecho de supresi\u00f3n de los datos.<\/li>\n<li>Derecho a la limitaci\u00f3n del uso de los datos.<\/li>\n<li>Derecho a la portabilidad de los datos.<\/li>\n<li>Derecho a la oposici\u00f3n del tratamiento.<\/li>\n<li>Derecho a retirar el consentimiento prestado y a oponerse a recibir comunicaciones comerciales.<\/li>\n<\/ul>\n<p>Para ejercer estos derechos podr\u00e1 dirigirse a <b>Fundaci\u00f3n de Municipios Pablo de Olavide<\/b> por alguno de los siguientes medios:<\/p>\n<p>Correo postal, adjuntando fotocopia de su D.N.I., pasaporte o cualquier otro documento identificativo, y petici\u00f3n en que se concrete la solicitud a la siguiente direcci\u00f3n: <b>Fundaci\u00f3n de Municipios Pablo de Olavide<\/b>, Universidad Pablo de Olavide, Autov\u00eda A 376, Km 1, Edificio 17, 41013 \u2013 Sevilla.<\/p>\n<p>Correo electr\u00f3nico a la direcci\u00f3n <a href=\"mailto:protecciondedatos.fundacion@fundacion.upo.es\">protecciondedatos.fundacion@fundacion.upo.es<\/a> con la siguiente informaci\u00f3n: nombre y apellidos del interesado, fotocopia del Documento Nacional de Identidad, pasaporte o cualquier otro documento identificativo, y petici\u00f3n en que se concrete la solicitud.<\/p>\n<p>Tambi\u00e9n se informa de su derecho a presentar una reclamaci\u00f3n ante la Agencia Espa\u00f1ola de Protecci\u00f3n de Datos.<\/p>\n<\/div><div class=\"fusion-title title fusion-title-10 fusion-title-text fusion-title-size-three\" style=\"--awb-margin-right:0px;--awb-margin-bottom:0px;--awb-margin-left:0px;\"><div class=\"title-sep-container title-sep-container-left fusion-no-large-visibility fusion-no-medium-visibility fusion-no-small-visibility\"><div class=\"title-sep sep- sep-solid\" style=\"border-color:#e0dede;\"><\/div><\/div><span class=\"awb-title-spacer fusion-no-large-visibility fusion-no-medium-visibility fusion-no-small-visibility\"><\/span><h3 class=\"fusion-title-heading title-heading-left fusion-responsive-typography-calculated\" style=\"margin:0;--fontSize:28;line-height:1.6;\"><h3><strong>9. Uso de cookies<\/strong><\/h3><\/h3><span class=\"awb-title-spacer\"><\/span><div class=\"title-sep-container title-sep-container-right\"><div class=\"title-sep sep- sep-solid\" style=\"border-color:#e0dede;\"><\/div><\/div><\/div><div class=\"fusion-text fusion-text-10\" style=\"--awb-text-transform:none;\"><p>La <b>Fundaci\u00f3n de Municipios Pablo de Olavide<\/b> no hace uso de <em>cookies<\/em> durante la navegaci\u00f3n del usuario que no tengan una finalidad t\u00e9cnica. La informaci\u00f3n sobre la navegaci\u00f3n se realiza de forma totalmente an\u00f3nima. En ning\u00fan caso servir\u00e1n para recoger informaci\u00f3n de car\u00e1cter personal sin consentimiento del interesado. Para m\u00e1s informaci\u00f3n accede a la <a href=\"https:\/\/www.upo.es\/fundacionmunicipios\/politica-de-cookies\/\" target=\"_blank\" rel=\"noopener\">Pol\u00edtica de Cookies<\/a>.<\/p>\n<\/div><div class=\"fusion-title title fusion-title-11 fusion-title-text fusion-title-size-three\" style=\"--awb-margin-right:0px;--awb-margin-bottom:0px;--awb-margin-left:0px;\"><div class=\"title-sep-container title-sep-container-left fusion-no-large-visibility fusion-no-medium-visibility fusion-no-small-visibility\"><div class=\"title-sep sep- sep-solid\" style=\"border-color:#e0dede;\"><\/div><\/div><span class=\"awb-title-spacer fusion-no-large-visibility fusion-no-medium-visibility fusion-no-small-visibility\"><\/span><h3 class=\"fusion-title-heading title-heading-left fusion-responsive-typography-calculated\" style=\"margin:0;--fontSize:28;line-height:1.6;\"><h3><strong>10. Modificaci\u00f3n de la pol\u00edtica de privacidad de la Fundaci\u00f3n de Municipios Pablo de Olavide<\/strong><\/h3><\/h3><span class=\"awb-title-spacer\"><\/span><div class=\"title-sep-container title-sep-container-right\"><div class=\"title-sep sep- sep-solid\" style=\"border-color:#e0dede;\"><\/div><\/div><\/div><div class=\"fusion-text fusion-text-11\" style=\"--awb-text-transform:none;\"><p>La <b>Fundaci\u00f3n de Municipios Pablo de Olavide<\/b> se reserva la facultad de modificar la presente Pol\u00edtica de Privacidad para adaptarla a las novedades legislativas. Indicar\u00e1 la fecha de la \u00faltima modificaci\u00f3n. En caso de ser necesario, se solicitar\u00e1 de nuevo el consentimiento de dichos cambios.<\/p>\n<\/div><\/div><\/div><\/div><\/div>\n","protected":false},"excerpt":{"rendered":"","protected":false},"author":1,"featured_media":0,"parent":0,"menu_order":2,"comment_status":"closed","ping_status":"open","template":"","meta":{"_acf_changed":false,"footnotes":""},"class_list":["post-3","page","type-page","status-publish","hentry"],"acf":[],"_links":{"self":[{"href":"https:\/\/www.upo.es\/fundacionmunicipios\/wp-json\/wp\/v2\/pages\/3","targetHints":{"allow":["GET"]}}],"collection":[{"href":"https:\/\/www.upo.es\/fundacionmunicipios\/wp-json\/wp\/v2\/pages"}],"about":[{"href":"https:\/\/www.upo.es\/fundacionmunicipios\/wp-json\/wp\/v2\/types\/page"}],"author":[{"embeddable":true,"href":"https:\/\/www.upo.es\/fundacionmunicipios\/wp-json\/wp\/v2\/users\/1"}],"replies":[{"embeddable":true,"href":"https:\/\/www.upo.es\/fundacionmunicipios\/wp-json\/wp\/v2\/comments?post=3"}],"version-history":[{"count":0,"href":"https:\/\/www.upo.es\/fundacionmunicipios\/wp-json\/wp\/v2\/pages\/3\/revisions"}],"wp:attachment":[{"href":"https:\/\/www.upo.es\/fundacionmunicipios\/wp-json\/wp\/v2\/media?parent=3"}],"curies":[{"name":"wp","href":"https:\/\/api.w.org\/{rel}","templated":true}]}}