{"id":31190,"date":"2023-02-21T11:54:38","date_gmt":"2023-02-21T10:54:38","guid":{"rendered":"https:\/\/www.upo.es\/fundacionmunicipios\/?page_id=31190"},"modified":"2023-02-27T14:23:03","modified_gmt":"2023-02-27T13:23:03","slug":"formulario-de-participacion-en-el-premio-a-la-mejor-idea-para-apoyar-la-visita-cultural-virtual-al-eco-parque-por-la-solidaridad-y-concordia-de-los-pueblos","status":"publish","type":"page","link":"https:\/\/www.upo.es\/fundacionmunicipios\/formulario-de-participacion-en-el-premio-a-la-mejor-idea-para-apoyar-la-visita-cultural-virtual-al-eco-parque-por-la-solidaridad-y-concordia-de-los-pueblos\/","title":{"rendered":"Formulario de participaci\u00f3n en el Premio a la mejor idea para apoyar la visita cultural-virtual al eco-parque por la solidaridad y concordia de los pueblos"},"content":{"rendered":"<p><div class=\"fusion-fullwidth fullwidth-box fusion-builder-row-1 fusion-flex-container has-pattern-background has-mask-background nonhundred-percent-fullwidth non-hundred-percent-height-scrolling\" style=\"--awb-border-radius-top-left:0px;--awb-border-radius-top-right:0px;--awb-border-radius-bottom-right:0px;--awb-border-radius-bottom-left:0px;--awb-flex-wrap:wrap;\" ><div class=\"fusion-builder-row fusion-row fusion-flex-align-items-flex-start fusion-flex-content-wrap\" style=\"max-width:1248px;margin-left: calc(-4% \/ 2 );margin-right: calc(-4% \/ 2 );\"><div class=\"fusion-layout-column fusion_builder_column fusion-builder-column-0 fusion_builder_column_1_1 1_1 fusion-flex-column\" style=\"--awb-bg-size:cover;--awb-width-large:100%;--awb-margin-top-large:0px;--awb-spacing-right-large:1.92%;--awb-margin-bottom-large:20px;--awb-spacing-left-large:1.92%;--awb-width-medium:100%;--awb-order-medium:0;--awb-spacing-right-medium:1.92%;--awb-spacing-left-medium:1.92%;--awb-width-small:100%;--awb-order-small:0;--awb-spacing-right-small:1.92%;--awb-spacing-left-small:1.92%;\"><div class=\"fusion-column-wrapper fusion-column-has-shadow fusion-flex-justify-content-flex-start fusion-content-layout-column\"><div class=\"fusion-title title fusion-title-1 fusion-title-text fusion-title-size-three\"><div class=\"title-sep-container title-sep-container-left fusion-no-large-visibility fusion-no-medium-visibility fusion-no-small-visibility\"><div class=\"title-sep sep- sep-solid\" style=\"border-color:#e0dede;\"><\/div><\/div><span class=\"awb-title-spacer fusion-no-large-visibility fusion-no-medium-visibility fusion-no-small-visibility\"><\/span><h3 class=\"fusion-title-heading title-heading-left fusion-responsive-typography-calculated\" style=\"margin:0;--fontSize:28;line-height:1.6;\">Formulario de participaci\u00f3n en el Premio Fundaci\u00f3n de Municipios &#8211; Fundaci\u00f3n Lumi\u00e8re, a la mejor idea para apoyar la visita cultural-virtual al eco-parque por la solidaridad y concordia de los pueblos<\/h3><span class=\"awb-title-spacer\"><\/span><div class=\"title-sep-container title-sep-container-right\"><div class=\"title-sep sep- sep-solid\" style=\"border-color:#e0dede;\"><\/div><\/div><\/div><div class=\"fusion-text fusion-text-1\"><p>S\u00f3lo podr\u00e1n participar estudiantes de la Universidad Pablo de Olavide, profesorado y miembros de la Comunidad Universitaria. Puede consultar en<strong> <a href=\"https:\/\/www.upo.es\/fundacionmunicipios\/wp-content\/uploads\/2023\/02\/Bases-Concurso.pdf\" target=\"_blank\" rel=\"noopener\">este enlace las bases<\/a>.<\/strong><\/p>\n<p>Periodo de inscripciones: del 27 de febrero al 30 de septiembre de 2023. Para cualquier consulta, dir\u00edjase a <a href=\"mailto:municipiosolavide@upo.es\">municipiosolavide@upo.es<\/a> o al tel\u00e9fono 630529590.<\/p>\n<p>Para realizar la inscripci\u00f3n de tu proyecto, completa el siguiente formulario:<\/p>\n<\/div><\/div><\/div><\/div><\/div><div class=\"fusion-fullwidth fullwidth-box fusion-builder-row-2 fusion-flex-container has-pattern-background has-mask-background nonhundred-percent-fullwidth non-hundred-percent-height-scrolling\" style=\"--awb-border-radius-top-left:0px;--awb-border-radius-top-right:0px;--awb-border-radius-bottom-right:0px;--awb-border-radius-bottom-left:0px;--awb-flex-wrap:wrap;\" ><div class=\"fusion-builder-row fusion-row fusion-flex-align-items-flex-start fusion-flex-content-wrap\" style=\"max-width:1248px;margin-left: calc(-4% \/ 2 );margin-right: calc(-4% \/ 2 );\"><div class=\"fusion-layout-column fusion_builder_column fusion-builder-column-1 fusion_builder_column_1_5 1_5 fusion-flex-column\" style=\"--awb-bg-size:cover;--awb-width-large:20%;--awb-margin-top-large:0px;--awb-spacing-right-large:9.6%;--awb-margin-bottom-large:20px;--awb-spacing-left-large:9.6%;--awb-width-medium:100%;--awb-order-medium:0;--awb-spacing-right-medium:1.92%;--awb-spacing-left-medium:1.92%;--awb-width-small:100%;--awb-order-small:0;--awb-spacing-right-small:1.92%;--awb-spacing-left-small:1.92%;\"><div class=\"fusion-column-wrapper fusion-column-has-shadow fusion-flex-justify-content-flex-start fusion-content-layout-column\"><\/div><\/div><div class=\"fusion-layout-column fusion_builder_column fusion-builder-column-2 fusion_builder_column_3_5 3_5 fusion-flex-column\" style=\"--awb-bg-size:cover;--awb-width-large:60%;--awb-margin-top-large:0px;--awb-spacing-right-large:3.2%;--awb-margin-bottom-large:20px;--awb-spacing-left-large:3.2%;--awb-width-medium:100%;--awb-order-medium:0;--awb-spacing-right-medium:1.92%;--awb-spacing-left-medium:1.92%;--awb-width-small:100%;--awb-order-small:0;--awb-spacing-right-small:1.92%;--awb-spacing-left-small:1.92%;\"><div class=\"fusion-column-wrapper fusion-column-has-shadow fusion-flex-justify-content-flex-start fusion-content-layout-column\">\n<div class=\"wpcf7 no-js\" id=\"wpcf7-f31188-o1\" lang=\"es-ES\" dir=\"ltr\" data-wpcf7-id=\"31188\">\n<div class=\"screen-reader-response\"><p role=\"status\" aria-live=\"polite\" aria-atomic=\"true\"><\/p> <ul><\/ul><\/div>\n<form action=\"\/fundacionmunicipios\/wp-json\/wp\/v2\/pages\/31190#wpcf7-f31188-o1\" method=\"post\" class=\"wpcf7-form init\" aria-label=\"Formulario de contacto\" novalidate=\"novalidate\" data-status=\"init\">\n<fieldset class=\"hidden-fields-container\"><input type=\"hidden\" name=\"_wpcf7\" value=\"31188\" \/><input type=\"hidden\" name=\"_wpcf7_version\" value=\"6.1.5\" \/><input type=\"hidden\" name=\"_wpcf7_locale\" value=\"es_ES\" \/><input type=\"hidden\" name=\"_wpcf7_unit_tag\" value=\"wpcf7-f31188-o1\" \/><input type=\"hidden\" name=\"_wpcf7_container_post\" value=\"0\" \/><input type=\"hidden\" name=\"_wpcf7_posted_data_hash\" value=\"\" \/><input type=\"hidden\" name=\"_wpcf7cf_hidden_group_fields\" value=\"[]\" \/><input type=\"hidden\" name=\"_wpcf7cf_hidden_groups\" value=\"[]\" \/><input type=\"hidden\" name=\"_wpcf7cf_visible_groups\" value=\"[]\" \/><input type=\"hidden\" name=\"_wpcf7cf_repeaters\" value=\"[]\" \/><input type=\"hidden\" name=\"_wpcf7cf_steps\" value=\"{}\" \/><input type=\"hidden\" name=\"_wpcf7cf_options\" value=\"{&quot;form_id&quot;:31188,&quot;conditions&quot;:[],&quot;settings&quot;:{&quot;animation&quot;:&quot;yes&quot;,&quot;animation_intime&quot;:200,&quot;animation_outtime&quot;:200,&quot;conditions_ui&quot;:&quot;normal&quot;,&quot;notice_dismissed&quot;:false,&quot;notice_dismissed_rollback-cf7-5.8.1&quot;:true,&quot;notice_dismissed_rollback-cf7-5.8.3&quot;:true,&quot;notice_dismissed_rollback-cf7-5.8.5&quot;:true,&quot;notice_dismissed_rollback-cf7-5.8.6&quot;:true,&quot;notice_dismissed_rollback-cf7-5.8.7&quot;:true,&quot;notice_dismissed_rollback-cf7-5.9.3&quot;:true,&quot;notice_dismissed_rollback-cf7-6.0.2&quot;:true}}\" \/>\n<\/fieldset>\n<h3>Datos del proyecto\n<\/h3>\n<p><label> T\u00edtulo<br \/>\n<span class=\"wpcf7-form-control-wrap\" data-name=\"titulo\"><input size=\"40\" maxlength=\"400\" class=\"wpcf7-form-control wpcf7-text wpcf7-validates-as-required\" aria-required=\"true\" aria-invalid=\"false\" value=\"\" type=\"text\" name=\"titulo\" \/><\/span> <\/label>\n<\/p>\n<p><label> Fecha de realizaci\u00f3n<br \/>\n<span class=\"wpcf7-form-control-wrap\" data-name=\"fecha-realizacion\"><input class=\"wpcf7-form-control wpcf7-date wpcf7-validates-as-required wpcf7-validates-as-date\" aria-required=\"true\" aria-invalid=\"false\" value=\"\" type=\"date\" name=\"fecha-realizacion\" \/><\/span> <\/label>\n<\/p>\n<p><label> Categor\u00eda a la que opta (puede elegir una o varias opciones)<br \/>\n<span class=\"wpcf7-form-control-wrap\" data-name=\"categoria-opta\"><span class=\"wpcf7-form-control wpcf7-checkbox wpcf7-validates-as-required\"><span class=\"wpcf7-list-item first\"><label><input type=\"checkbox\" name=\"categoria-opta[]\" value=\"Audiogu\u00eda\" \/><span class=\"wpcf7-list-item-label\">Audiogu\u00eda<\/span><\/label><\/span><span class=\"wpcf7-list-item\"><label><input type=\"checkbox\" name=\"categoria-opta[]\" value=\"Folleto informativo digital\" \/><span class=\"wpcf7-list-item-label\">Folleto informativo digital<\/span><\/label><\/span><span class=\"wpcf7-list-item last\"><label><input type=\"checkbox\" name=\"categoria-opta[]\" value=\"Audiovisual de presentaci\u00f3n\" \/><span class=\"wpcf7-list-item-label\">Audiovisual de presentaci\u00f3n<\/span><\/label><\/span><\/span><\/span> <\/label>\n<\/p>\n<p><label> Descripci\u00f3n del contenido<br \/>\n<span class=\"wpcf7-form-control-wrap\" data-name=\"descripcion\"><textarea cols=\"40\" rows=\"10\" maxlength=\"2000\" class=\"wpcf7-form-control wpcf7-textarea\" aria-invalid=\"false\" name=\"descripcion\"><\/textarea><\/span> <\/label>\n<\/p>\n<p><label> Enlace de Drive\/Wetransfer o cualquier m\u00e9todo para compartir el archivo<br \/>\n<span class=\"wpcf7-form-control-wrap\" data-name=\"enlace-wetransfer\"><input size=\"40\" maxlength=\"400\" class=\"wpcf7-form-control wpcf7-text wpcf7-validates-as-required\" aria-required=\"true\" aria-invalid=\"false\" value=\"\" type=\"text\" name=\"enlace-wetransfer\" \/><\/span> <\/label>\n<\/p>\n<h3>Datos del autor\/a o autores\n<\/h3>\n<p><label> \u00bfCu\u00e1ntos autores han participado en el proyecto?<br \/>\n<span class=\"wpcf7-form-control-wrap\" data-name=\"numero-autores\"><select class=\"wpcf7-form-control wpcf7-select wpcf7-validates-as-required\" aria-required=\"true\" aria-invalid=\"false\" name=\"numero-autores\"><option value=\"1\">1<\/option><option value=\"2\">2<\/option><option value=\"3\">3<\/option><option value=\"4\">4<\/option><option value=\"5\">5<\/option><\/select><\/span><\/label>\n<\/p>\n<h4>Autor\/a\n<\/h4>\n<p><label> Nombre<br \/>\n<span class=\"wpcf7-form-control-wrap\" data-name=\"nombre-1\"><input size=\"40\" maxlength=\"400\" class=\"wpcf7-form-control wpcf7-text wpcf7-validates-as-required\" aria-required=\"true\" aria-invalid=\"false\" value=\"\" type=\"text\" name=\"nombre-1\" \/><\/span> <\/label>\n<\/p>\n<p><label> Apellidos<br \/>\n<span class=\"wpcf7-form-control-wrap\" data-name=\"apellidos-1\"><input size=\"40\" maxlength=\"400\" class=\"wpcf7-form-control wpcf7-text wpcf7-validates-as-required\" aria-required=\"true\" aria-invalid=\"false\" value=\"\" type=\"text\" name=\"apellidos-1\" \/><\/span> <\/label>\n<\/p>\n<p><label> DNI<br \/>\n<span class=\"wpcf7-form-control-wrap\" data-name=\"dni-1\"><input size=\"40\" maxlength=\"400\" class=\"wpcf7-form-control wpcf7-text wpcf7-validates-as-required\" aria-required=\"true\" aria-invalid=\"false\" value=\"\" type=\"text\" name=\"dni-1\" \/><\/span> <\/label>\n<\/p>\n<p><label> Tel\u00e9fono<br \/>\n<span class=\"wpcf7-form-control-wrap\" data-name=\"telefono-1\"><input size=\"40\" maxlength=\"400\" class=\"wpcf7-form-control wpcf7-text wpcf7-validates-as-required\" aria-required=\"true\" aria-invalid=\"false\" value=\"\" type=\"text\" name=\"telefono-1\" \/><\/span> <\/label>\n<\/p>\n<p><label> E-mail<br \/>\n<span class=\"wpcf7-form-control-wrap\" data-name=\"email-1\"><input size=\"40\" maxlength=\"400\" class=\"wpcf7-form-control wpcf7-email wpcf7-validates-as-required wpcf7-text wpcf7-validates-as-email\" aria-required=\"true\" aria-invalid=\"false\" value=\"\" type=\"email\" name=\"email-1\" \/><\/span> <\/label>\n<\/p>\n<p><label> Localidad<br \/>\n<span class=\"wpcf7-form-control-wrap\" data-name=\"localidad-1\"><input size=\"40\" maxlength=\"400\" class=\"wpcf7-form-control wpcf7-text wpcf7-validates-as-required\" aria-required=\"true\" aria-invalid=\"false\" value=\"\" type=\"text\" name=\"localidad-1\" \/><\/span> <\/label>\n<\/p>\n<p><label> Provincia<br \/>\n<span class=\"wpcf7-form-control-wrap\" data-name=\"provincia-1\"><input size=\"40\" maxlength=\"400\" class=\"wpcf7-form-control wpcf7-text wpcf7-validates-as-required\" aria-required=\"true\" aria-invalid=\"false\" value=\"\" type=\"text\" name=\"provincia-1\" \/><\/span> <\/label>\n<\/p>\n<p><label> Nombre y apellidos del resto del equipo si los hubiera<br \/>\n<span class=\"wpcf7-form-control-wrap\" data-name=\"resto-equipo\"><textarea cols=\"40\" rows=\"10\" maxlength=\"2000\" class=\"wpcf7-form-control wpcf7-textarea wpcf7-validates-as-required\" aria-required=\"true\" aria-invalid=\"false\" name=\"resto-equipo\"><\/textarea><\/span> <\/label>\n<\/p>\n<p><label> \u00bfC\u00f3mo conociste el concurso?<br \/>\n<span class=\"wpcf7-form-control-wrap\" data-name=\"conocer-concurso-1\"><textarea cols=\"40\" rows=\"10\" maxlength=\"2000\" class=\"wpcf7-form-control wpcf7-textarea wpcf7-validates-as-required\" aria-required=\"true\" aria-invalid=\"false\" name=\"conocer-concurso-1\"><\/textarea><\/span> <\/label>\n<\/p>\n<p><span class=\"wpcf7-form-control-wrap\" data-name=\"propiedad-intelectual\"><span class=\"wpcf7-form-control wpcf7-acceptance\"><span class=\"wpcf7-list-item\"><label><input type=\"checkbox\" name=\"propiedad-intelectual\" value=\"1\" aria-invalid=\"false\" \/><span class=\"wpcf7-list-item-label\">El participante podr\u00e1 utilizar elementos art\u00edsticos, m\u00fasica, im\u00e1genes o cualquier otro elemento que estime oportuno. Todo el material utilizado, tanto audio como imagen, debe estar libre de derechos de propiedad intelectual y de autor, o ser de producci\u00f3n propia.<\/span><\/label><\/span><\/span><\/span>\n<\/p>\n<p><span class=\"wpcf7-form-control-wrap\" data-name=\"tratamiento-datos\"><span class=\"wpcf7-form-control wpcf7-acceptance\"><span class=\"wpcf7-list-item\"><label><input type=\"checkbox\" name=\"tratamiento-datos\" value=\"1\" aria-invalid=\"false\" \/><span class=\"wpcf7-list-item-label\">Los datos personales aportados por los participantes ser\u00e1n objeto de tratamiento, en r\u00e9gimen de corresponsabilidad, por parte de la Fundaci\u00f3n de Municipios Pablo de Olavide, con la finalidad de gestionar su participaci\u00f3n en el concurso y, en su caso, gestionar la entrega y disfrute del premio que corresponda al participante agraciado, todo ello sobre la base del acuerdo de contrato que se establecer\u00e1 entre las partes al aceptar las presentes bases.<\/span><\/label><\/span><\/span><\/span>\n<\/p>\n<p><span class=\"wpcf7-form-control-wrap\" data-name=\"autorizacion\"><span class=\"wpcf7-form-control wpcf7-acceptance\"><span class=\"wpcf7-list-item\"><label><input type=\"checkbox\" name=\"autorizacion\" value=\"1\" aria-invalid=\"false\" \/><span class=\"wpcf7-list-item-label\">El \/ los firmantes arriba relacionados garantizan que cumplen los requisitos establecidos en el Premio Fundaci\u00f3n de Municipios \u2013 Fundaci\u00f3n Lumi\u00e8re, a la vez que se comprometen a aceptar las bases y funcionamiento del mismo. En caso de ser premiado la organizaci\u00f3n comprobar\u00e1 que todos los datos aportados sean correctos. Asimismo, y con car\u00e1cter adicional, al aceptar las presentes bases, los participantes consienten y autorizan la publicaci\u00f3n de su nombre y\/o su imagen, en los t\u00e9rminos establecidos en la cl\u00e1usula anterior, para el caso de que resulten agraciados con el premio.<\/span><\/label><\/span><\/span><\/span>\n<\/p>\n<p><input class=\"wpcf7-form-control wpcf7-submit has-spinner\" type=\"submit\" value=\"Enviar\" \/>\n<\/p><p style=\"display: none !important;\" class=\"akismet-fields-container\" data-prefix=\"_wpcf7_ak_\"><label>&#916;<textarea name=\"_wpcf7_ak_hp_textarea\" cols=\"45\" rows=\"8\" maxlength=\"100\"><\/textarea><\/label><input type=\"hidden\" id=\"ak_js_1\" name=\"_wpcf7_ak_js\" value=\"112\"\/><script>document.getElementById( \"ak_js_1\" ).setAttribute( \"value\", ( new Date() ).getTime() );<\/script><\/p><div class=\"fusion-alert alert custom alert-custom fusion-alert-center wpcf7-response-output awb-alert-native-link-color alert-dismissable awb-alert-close-boxed\" style=\"--awb-border-size:1px;--awb-border-top-left-radius:0px;--awb-border-top-right-radius:0px;--awb-border-bottom-left-radius:0px;--awb-border-bottom-right-radius:0px;\" role=\"alert\"><div class=\"fusion-alert-content-wrapper\"><span class=\"fusion-alert-content\"><\/span><\/div><button type=\"button\" class=\"close toggle-alert\" data-dismiss=\"alert\" aria-label=\"Close\">&times;<\/button><\/div>\n<\/form>\n<\/div>\n<\/div><\/div><div class=\"fusion-layout-column fusion_builder_column fusion-builder-column-3 fusion_builder_column_1_5 1_5 fusion-flex-column\" style=\"--awb-bg-size:cover;--awb-width-large:20%;--awb-margin-top-large:0px;--awb-spacing-right-large:9.6%;--awb-margin-bottom-large:20px;--awb-spacing-left-large:9.6%;--awb-width-medium:100%;--awb-order-medium:0;--awb-spacing-right-medium:1.92%;--awb-spacing-left-medium:1.92%;--awb-width-small:100%;--awb-order-small:0;--awb-spacing-right-small:1.92%;--awb-spacing-left-small:1.92%;\"><div class=\"fusion-column-wrapper fusion-column-has-shadow fusion-flex-justify-content-flex-start fusion-content-layout-column\"><\/div><\/div><\/div><\/div><\/p>\n","protected":false},"excerpt":{"rendered":"","protected":false},"author":1,"featured_media":0,"parent":0,"menu_order":0,"comment_status":"closed","ping_status":"closed","template":"","meta":{"_acf_changed":false,"footnotes":""},"class_list":["post-31190","page","type-page","status-publish","hentry"],"acf":[],"_links":{"self":[{"href":"https:\/\/www.upo.es\/fundacionmunicipios\/wp-json\/wp\/v2\/pages\/31190","targetHints":{"allow":["GET"]}}],"collection":[{"href":"https:\/\/www.upo.es\/fundacionmunicipios\/wp-json\/wp\/v2\/pages"}],"about":[{"href":"https:\/\/www.upo.es\/fundacionmunicipios\/wp-json\/wp\/v2\/types\/page"}],"author":[{"embeddable":true,"href":"https:\/\/www.upo.es\/fundacionmunicipios\/wp-json\/wp\/v2\/users\/1"}],"replies":[{"embeddable":true,"href":"https:\/\/www.upo.es\/fundacionmunicipios\/wp-json\/wp\/v2\/comments?post=31190"}],"version-history":[{"count":0,"href":"https:\/\/www.upo.es\/fundacionmunicipios\/wp-json\/wp\/v2\/pages\/31190\/revisions"}],"wp:attachment":[{"href":"https:\/\/www.upo.es\/fundacionmunicipios\/wp-json\/wp\/v2\/media?parent=31190"}],"curies":[{"name":"wp","href":"https:\/\/api.w.org\/{rel}","templated":true}]}}