{"id":31304,"date":"2023-11-28T16:00:13","date_gmt":"2023-11-28T15:00:13","guid":{"rendered":"https:\/\/www.upo.es\/fundacionmunicipios\/?page_id=31304"},"modified":"2023-12-04T12:22:15","modified_gmt":"2023-12-04T11:22:15","slug":"premios-i-concurso-de-videos-olavide-vuelve-a-clase","status":"publish","type":"page","link":"https:\/\/www.upo.es\/fundacionmunicipios\/premios-i-concurso-de-videos-olavide-vuelve-a-clase\/","title":{"rendered":"Premios I Concurso de V\u00eddeos &#8216;Olavide vuelve a clase&#8217;"},"content":{"rendered":"<p><div class=\"fusion-fullwidth fullwidth-box fusion-builder-row-1 fusion-flex-container nonhundred-percent-fullwidth non-hundred-percent-height-scrolling\" style=\"--awb-border-radius-top-left:0px;--awb-border-radius-top-right:0px;--awb-border-radius-bottom-right:0px;--awb-border-radius-bottom-left:0px;--awb-margin-bottom:55px;--awb-flex-wrap:wrap;\" ><div class=\"fusion-builder-row fusion-row fusion-flex-align-items-flex-start fusion-flex-content-wrap\" style=\"max-width:1248px;margin-left: calc(-4% \/ 2 );margin-right: calc(-4% \/ 2 );\"><div class=\"fusion-layout-column fusion_builder_column fusion-builder-column-0 fusion_builder_column_1_3 1_3 fusion-flex-column\" style=\"--awb-bg-size:cover;--awb-width-large:33.333333333333%;--awb-margin-top-large:0px;--awb-spacing-right-large:5.76%;--awb-margin-bottom-large:20px;--awb-spacing-left-large:5.76%;--awb-width-medium:100%;--awb-order-medium:0;--awb-spacing-right-medium:1.92%;--awb-spacing-left-medium:1.92%;--awb-width-small:100%;--awb-order-small:0;--awb-spacing-right-small:1.92%;--awb-spacing-left-small:1.92%;\"><div class=\"fusion-column-wrapper fusion-column-has-shadow fusion-flex-justify-content-flex-start fusion-content-layout-column\"><div class=\"fusion-title title fusion-title-1 fusion-title-text fusion-title-size-three\"><div class=\"title-sep-container title-sep-container-left fusion-no-large-visibility fusion-no-medium-visibility fusion-no-small-visibility\"><div class=\"title-sep sep- sep-solid\" style=\"border-color:#e0dede;\"><\/div><\/div><span class=\"awb-title-spacer fusion-no-large-visibility fusion-no-medium-visibility fusion-no-small-visibility\"><\/span><h3 class=\"fusion-title-heading title-heading-left fusion-responsive-typography-calculated\" style=\"margin:0;--fontSize:28;line-height:1.6;\">Primer Premio<\/h3><span class=\"awb-title-spacer\"><\/span><div class=\"title-sep-container title-sep-container-right\"><div class=\"title-sep sep- sep-solid\" style=\"border-color:#e0dede;\"><\/div><\/div><\/div><iframe class=\"lazyload\" src=\"data:image\/svg+xml,%3Csvg%20xmlns%3D%27http%3A%2F%2Fwww.w3.org%2F2000%2Fsvg%27%20width%3D%27300%27%20height%3D%27200%27%20viewBox%3D%270%200%20300%20200%27%3E%3Crect%20width%3D%27300%27%20height%3D%27200%27%20fill-opacity%3D%220%22%2F%3E%3C%2Fsvg%3E\" data-orig-src=\"https:\/\/drive.google.com\/file\/d\/1NJhIWNGzdueDMJuCEoXz6djfP1D0pruQ\/preview\" width=\"300\" height=\"200\" allow=\"autoplay\"><\/iframe><\/div><\/div><div class=\"fusion-layout-column fusion_builder_column fusion-builder-column-1 fusion_builder_column_1_3 1_3 fusion-flex-column\" style=\"--awb-bg-size:cover;--awb-width-large:33.333333333333%;--awb-margin-top-large:0px;--awb-spacing-right-large:5.76%;--awb-margin-bottom-large:20px;--awb-spacing-left-large:5.76%;--awb-width-medium:100%;--awb-order-medium:0;--awb-spacing-right-medium:1.92%;--awb-spacing-left-medium:1.92%;--awb-width-small:100%;--awb-order-small:0;--awb-spacing-right-small:1.92%;--awb-spacing-left-small:1.92%;\"><div class=\"fusion-column-wrapper fusion-column-has-shadow fusion-flex-justify-content-flex-start fusion-content-layout-column\"><div class=\"fusion-title title fusion-title-2 fusion-title-text fusion-title-size-three\"><div class=\"title-sep-container title-sep-container-left fusion-no-large-visibility fusion-no-medium-visibility fusion-no-small-visibility\"><div class=\"title-sep sep- sep-solid\" style=\"border-color:#e0dede;\"><\/div><\/div><span class=\"awb-title-spacer fusion-no-large-visibility fusion-no-medium-visibility fusion-no-small-visibility\"><\/span><h3 class=\"fusion-title-heading title-heading-left fusion-responsive-typography-calculated\" style=\"margin:0;--fontSize:28;line-height:1.6;\">Segundo Premio<\/h3><span class=\"awb-title-spacer\"><\/span><div class=\"title-sep-container title-sep-container-right\"><div class=\"title-sep sep- sep-solid\" style=\"border-color:#e0dede;\"><\/div><\/div><\/div><iframe class=\"lazyload\" src=\"data:image\/svg+xml,%3Csvg%20xmlns%3D%27http%3A%2F%2Fwww.w3.org%2F2000%2Fsvg%27%20width%3D%27300%27%20height%3D%27200%27%20viewBox%3D%270%200%20300%20200%27%3E%3Crect%20width%3D%27300%27%20height%3D%27200%27%20fill-opacity%3D%220%22%2F%3E%3C%2Fsvg%3E\" data-orig-src=\"https:\/\/drive.google.com\/file\/d\/1QXB5f6uDRwrrt-G9Q30maWCSdt7sC7kV\/preview\" width=\"300\" height=\"200\" allow=\"autoplay\"><\/iframe><\/div><\/div><div class=\"fusion-layout-column fusion_builder_column fusion-builder-column-2 fusion_builder_column_1_3 1_3 fusion-flex-column\" style=\"--awb-bg-size:cover;--awb-width-large:33.333333333333%;--awb-margin-top-large:0px;--awb-spacing-right-large:5.76%;--awb-margin-bottom-large:20px;--awb-spacing-left-large:5.76%;--awb-width-medium:100%;--awb-order-medium:0;--awb-spacing-right-medium:1.92%;--awb-spacing-left-medium:1.92%;--awb-width-small:100%;--awb-order-small:0;--awb-spacing-right-small:1.92%;--awb-spacing-left-small:1.92%;\"><div class=\"fusion-column-wrapper fusion-column-has-shadow fusion-flex-justify-content-flex-start fusion-content-layout-column\"><div class=\"fusion-title title fusion-title-3 fusion-title-text fusion-title-size-three\"><div class=\"title-sep-container title-sep-container-left fusion-no-large-visibility fusion-no-medium-visibility fusion-no-small-visibility\"><div class=\"title-sep sep- sep-solid\" style=\"border-color:#e0dede;\"><\/div><\/div><span class=\"awb-title-spacer fusion-no-large-visibility fusion-no-medium-visibility fusion-no-small-visibility\"><\/span><h3 class=\"fusion-title-heading title-heading-left fusion-responsive-typography-calculated\" style=\"margin:0;--fontSize:28;line-height:1.6;\">Menci\u00f3n Especial<\/h3><span class=\"awb-title-spacer\"><\/span><div class=\"title-sep-container title-sep-container-right\"><div class=\"title-sep sep- sep-solid\" style=\"border-color:#e0dede;\"><\/div><\/div><\/div><iframe class=\"lazyload\" src=\"data:image\/svg+xml,%3Csvg%20xmlns%3D%27http%3A%2F%2Fwww.w3.org%2F2000%2Fsvg%27%20width%3D%27300%27%20height%3D%27200%27%20viewBox%3D%270%200%20300%20200%27%3E%3Crect%20width%3D%27300%27%20height%3D%27200%27%20fill-opacity%3D%220%22%2F%3E%3C%2Fsvg%3E\" data-orig-src=\"https:\/\/drive.google.com\/file\/d\/1GsfiJGFdg5aw5NkJOtaViA_T4pnMJnow\/preview\" width=\"300\" height=\"200\" allow=\"autoplay\"><\/iframe><\/div><\/div><\/div><\/div><div class=\"fusion-fullwidth fullwidth-box fusion-builder-row-2 fusion-flex-container nonhundred-percent-fullwidth non-hundred-percent-height-scrolling\" style=\"--awb-border-radius-top-left:0px;--awb-border-radius-top-right:0px;--awb-border-radius-bottom-right:0px;--awb-border-radius-bottom-left:0px;--awb-flex-wrap:wrap;\" ><div class=\"fusion-builder-row fusion-row fusion-flex-align-items-flex-start fusion-flex-content-wrap\" style=\"max-width:1248px;margin-left: calc(-4% \/ 2 );margin-right: calc(-4% \/ 2 );\"><div class=\"fusion-layout-column fusion_builder_column fusion-builder-column-3 fusion_builder_column_1_1 1_1 fusion-flex-column\" style=\"--awb-bg-blend:overlay;--awb-bg-size:cover;--awb-width-large:100%;--awb-margin-top-large:0px;--awb-spacing-right-large:1.92%;--awb-margin-bottom-large:0px;--awb-spacing-left-large:1.92%;--awb-width-medium:100%;--awb-spacing-right-medium:1.92%;--awb-spacing-left-medium:1.92%;--awb-width-small:100%;--awb-spacing-right-small:1.92%;--awb-spacing-left-small:1.92%;\"><div class=\"fusion-column-wrapper fusion-flex-justify-content-flex-start fusion-content-layout-column\"><div class=\"fusion-text fusion-text-1\"><div><\/div>\n<div>\n<p>La Fundaci\u00f3n de Municipios Pablo de Olavide ha hecho entrega de los premios del concurso de v\u00eddeos \u2018Olavide vuelve a clase\u2019 en su primera edici\u00f3n. La entrega de premios ha tenido lugar en el auditorio municipal \u2018Casa de la Ilustraci\u00f3n\u2019 de la localidad de Guarrom\u00e1n, localidad que este a\u00f1o ha acogido tanto la celebraci\u00f3n del Patronato de esta Fundaci\u00f3n como la posterior entrega de premios.<\/p>\n<\/div>\n<p>Tambi\u00e9n han estado presentes, el vicesecretario general de la Universidad, Francisco Toscano Gil; la vicerrectora de Estudiantes, Mari\u00e1n Mor\u00f3n Mart\u00edn; los alcaldes y alcaldesas, as\u00ed como el resto de representantes de las corporaciones municipales que forman parte de la Fundaci\u00f3n de Municipios.<\/p>\n<p>Los v\u00eddeos del concurso \u2018Olavide vuelve a clase\u2019, en su primera edici\u00f3n, tienen como tem\u00e1tica la vida, influencia y legado hist\u00f3rico y social de Pablo de Olavide, as\u00ed como la historia, cultura y patrimonio de los municipios que esta Fundaci\u00f3n de Municipios. Un concurso que ha estado dirigido a estudiantes de centros educativos de primaria y secundaria de los municipios integrantes del Patronato y con una participaci\u00f3n a nivel de centro.<\/p>\n<p>Se han entregado dos premios en este concurso, un primer premio al IES Pablo de Olavide de la Luisiana, consistente en una dotaci\u00f3n econ\u00f3mica de 1.000 euros, por el v\u00eddeo realizado por los estudiantes de 3\u00ba de la ESO Olga Rodr\u00edguez Ruiz, Araceli Ganfornina Valderrama y \u00c1lvaro Arjona Rivero y dirigido por la profesora Mar\u00eda Isabel Escribano Navarrete. Y un segundo premio, consistente en una dotaci\u00f3n econ\u00f3mica de 500 euros, para el Colegio Buen Pastor de Sevilla, por el v\u00eddeo realizado por los estudiantes de 1\u00ba de Bachillerato Ignacio Borrallo Forte, Angustias Alejandre Due\u00f1as y Raquel Mart\u00edn Guti\u00e9rrez, dirigidos por el profesor Jorge Francisco Corzo Ca\u00f1ete.<\/p>\n<p>Adem\u00e1s de estos dos premios, ha sido merecedor de una menci\u00f3n especial el equipo compuesto por Mario Arroyo Rodr\u00edguez, Cristian Fern\u00e1ndez Torres, Samuel Gonz\u00e1lez Jim\u00e9nez, Minerva L\u00f3pez Arcas y Adri\u00e1n Valderrama Soriano, dirigidos por la profesora Mar\u00eda Isabel Escribano Navarrete, de 3\u00ba de Diversificaci\u00f3n del IES Pablo de Olavide de la Luisiana.<\/p>\n<p>La Fundaci\u00f3n de Municipios Pablo de Olavide, constituida en el a\u00f1o 2001, est\u00e1 compuesta por 17 poblaciones andaluzas: Aldeaquemada, Arquillos, Baeza, Ca\u00f1ada Rosal, Carboneros, Dos Hermanas, Fuente Carreteros, Fuente Palmera, Guarrom\u00e1n, La Carlota, La Carolina, La Luisiana, Montiz\u00f3n, Prado del Rey, San Sebasti\u00e1n de los Ballesteros, Santa Elena y Sevilla.<\/p>\n<\/div><\/div><\/div><\/div><\/div><\/p>\n","protected":false},"excerpt":{"rendered":"","protected":false},"author":5,"featured_media":0,"parent":0,"menu_order":1,"comment_status":"closed","ping_status":"closed","template":"","meta":{"_acf_changed":false,"footnotes":""},"class_list":["post-31304","page","type-page","status-publish","hentry"],"acf":[],"_links":{"self":[{"href":"https:\/\/www.upo.es\/fundacionmunicipios\/wp-json\/wp\/v2\/pages\/31304","targetHints":{"allow":["GET"]}}],"collection":[{"href":"https:\/\/www.upo.es\/fundacionmunicipios\/wp-json\/wp\/v2\/pages"}],"about":[{"href":"https:\/\/www.upo.es\/fundacionmunicipios\/wp-json\/wp\/v2\/types\/page"}],"author":[{"embeddable":true,"href":"https:\/\/www.upo.es\/fundacionmunicipios\/wp-json\/wp\/v2\/users\/5"}],"replies":[{"embeddable":true,"href":"https:\/\/www.upo.es\/fundacionmunicipios\/wp-json\/wp\/v2\/comments?post=31304"}],"version-history":[{"count":0,"href":"https:\/\/www.upo.es\/fundacionmunicipios\/wp-json\/wp\/v2\/pages\/31304\/revisions"}],"wp:attachment":[{"href":"https:\/\/www.upo.es\/fundacionmunicipios\/wp-json\/wp\/v2\/media?parent=31304"}],"curies":[{"name":"wp","href":"https:\/\/api.w.org\/{rel}","templated":true}]}}