{"id":4158,"date":"2021-11-12T13:33:02","date_gmt":"2021-11-12T13:33:02","guid":{"rendered":"https:\/\/www.upo.es\/fundacionmunicipios\/?page_id=4158"},"modified":"2022-01-12T11:44:41","modified_gmt":"2022-01-12T11:44:41","slug":"accesibilidad","status":"publish","type":"page","link":"https:\/\/www.upo.es\/fundacionmunicipios\/accesibilidad\/","title":{"rendered":"Accesibilidad"},"content":{"rendered":"<div class=\"fusion-fullwidth fullwidth-box fusion-builder-row-1 fusion-flex-container nonhundred-percent-fullwidth non-hundred-percent-height-scrolling\" style=\"--awb-border-radius-top-left:0px;--awb-border-radius-top-right:0px;--awb-border-radius-bottom-right:0px;--awb-border-radius-bottom-left:0px;--awb-flex-wrap:wrap;\" ><div class=\"fusion-builder-row fusion-row fusion-flex-align-items-flex-start fusion-flex-content-wrap\" style=\"max-width:1248px;margin-left: calc(-4% \/ 2 );margin-right: calc(-4% \/ 2 );\"><div class=\"fusion-layout-column fusion_builder_column fusion-builder-column-0 fusion_builder_column_1_1 1_1 fusion-flex-column\" style=\"--awb-bg-size:cover;--awb-width-large:100%;--awb-margin-top-large:0px;--awb-spacing-right-large:1.92%;--awb-margin-bottom-large:20px;--awb-spacing-left-large:1.92%;--awb-width-medium:100%;--awb-order-medium:0;--awb-spacing-right-medium:1.92%;--awb-spacing-left-medium:1.92%;--awb-width-small:100%;--awb-order-small:0;--awb-spacing-right-small:1.92%;--awb-spacing-left-small:1.92%;\"><div class=\"fusion-column-wrapper fusion-column-has-shadow fusion-flex-justify-content-flex-start fusion-content-layout-column\"><div class=\"fusion-title title fusion-title-1 fusion-title-text fusion-title-size-two\" style=\"--awb-margin-right:0px;--awb-margin-bottom:0px;--awb-margin-left:0px;\"><div class=\"title-sep-container title-sep-container-left fusion-no-large-visibility fusion-no-medium-visibility fusion-no-small-visibility\"><div class=\"title-sep sep- sep-solid\" style=\"border-color:#e0dede;\"><\/div><\/div><span class=\"awb-title-spacer fusion-no-large-visibility fusion-no-medium-visibility fusion-no-small-visibility\"><\/span><h2 class=\"fusion-title-heading title-heading-left fusion-responsive-typography-calculated\" style=\"margin:0;--fontSize:38;line-height:1.12;\"><h2 style=\"text-align: left;\">Accesibilidad<\/h2><\/h2><span class=\"awb-title-spacer\"><\/span><div class=\"title-sep-container title-sep-container-right\"><div class=\"title-sep sep- sep-solid\" style=\"border-color:#e0dede;\"><\/div><\/div><\/div><div class=\"fusion-text fusion-text-1\" style=\"--awb-text-transform:none;\"><p>La Universidad Pablo de Olavide desea que todos los contenidos y servicios puestos a disposici\u00f3n de la ciudadan\u00eda bajo el dominio upo.es sean accesibles independientemente de las posibles limitaciones que pudieran condicionar el acceso al sitio web, ya sean ocasionadas por el entorno, la conexi\u00f3n o de car\u00e1cter personal.<\/p>\n<p>Seg\u00fan el Real Decreto 1494\/2007, de 12 de noviembre, \u201cLa informaci\u00f3n disponible en las p\u00e1ginas de Internet de las administraciones p\u00fablicas deber\u00e1 ser accesible a las personas mayores y personas con discapacidad, con un nivel m\u00ednimo de accesibilidad que cumpla las prioridades 1 y 2 de la Norma UNE 139803:2004.\u201d (\u2026) \u201cAsimismo, ser\u00e1 obligatorio lo expresado en este apartado para las p\u00e1ginas de Internet y sus contenidos, de los centros p\u00fablicos educativos, de formaci\u00f3n y universitarios, as\u00ed como, de los centros privados sostenidos, total o parcialmente, con fondos p\u00fablicos.\u201d<\/p>\n<p>Por ello hemos dise\u00f1ado los distintos sitios web de la Universidad siguiendo las Pautas de Accesibilidad al Contenido Web (WCAG 1.0), incorporadas en Espa\u00f1a a trav\u00e9s de la Norma UNE 139803:2004, con el objetivo de lograr el nivel de conformidad <strong>Doble A <\/strong>o <strong>Prioridad 2 <\/strong>requerido.<\/p>\n<p><span style=\"color: var(--body_typography-color); font-family: var(--body_typography-font-family); font-size: var(--body_typography-font-size); font-style: var(--body_typography-font-style,normal); font-weight: var(--body_typography-font-weight); letter-spacing: var(--body_typography-letter-spacing);\">No obstante, la Universidad Pablo de Olavide cuenta con gran n\u00famero de sitios web y son muchos los editores que introducen informaci\u00f3n en sus p\u00e1ginas a diario. Por ello, si encuentra dificultades de navegaci\u00f3n, o no puede acceder a alg\u00fan contenido en concreto, le rogamos nos lo comunique a trav\u00e9s de la direcci\u00f3n de correo <\/span><font face=\"var(--body_typography-font-family)\"><span style=\"font-style: var(--body_typography-font-style,normal); letter-spacing: var(--body_typography-letter-spacing);\"><a href=\"mailto:infoaccesibilidad@upo.es\">infoaccesibilidad@upo.es<\/a><\/span><\/font><span style=\"color: var(--body_typography-color); font-family: var(--body_typography-font-family); font-size: var(--body_typography-font-size); font-style: var(--body_typography-font-style,normal); font-weight: var(--body_typography-font-weight); letter-spacing: var(--body_typography-letter-spacing);\">.<\/span><\/p>\n<\/div><div class=\"fusion-title title fusion-title-2 fusion-title-text fusion-title-size-three\" style=\"--awb-margin-right:0px;--awb-margin-bottom:0px;--awb-margin-left:0px;\"><div class=\"title-sep-container title-sep-container-left fusion-no-large-visibility fusion-no-medium-visibility fusion-no-small-visibility\"><div class=\"title-sep sep- sep-solid\" style=\"border-color:#e0dede;\"><\/div><\/div><span class=\"awb-title-spacer fusion-no-large-visibility fusion-no-medium-visibility fusion-no-small-visibility\"><\/span><h3 class=\"fusion-title-heading title-heading-left fusion-responsive-typography-calculated\" style=\"margin:0;--fontSize:28;line-height:1.6;\"><h3><strong>Divulgaci\u00f3n sobre accesibilidad web<\/strong><\/h3><\/h3><span class=\"awb-title-spacer\"><\/span><div class=\"title-sep-container title-sep-container-right\"><div class=\"title-sep sep- sep-solid\" style=\"border-color:#e0dede;\"><\/div><\/div><\/div><div class=\"fusion-text fusion-text-2\" style=\"--awb-text-transform:none;\"><p>Para ampliar informaci\u00f3n sobre c\u00f3mo publicar informaci\u00f3n y dise\u00f1ar un web accesible, la UPO ha puesto a disposici\u00f3n de los usuarios gu\u00edas y manuales a trav\u00e9s de <a href=\"http:\/\/www.upo.es\/administradores\" target=\"_blank\" rel=\"noopener noreferrer\">www.upo.es\/administradores<\/a>, con el objetivo de asistir a la comunidad universitaria que publica informaci\u00f3n web y sensibilizar sobre la importancia de la accesibilidad universal y el dise\u00f1o para todos.<\/p>\n<\/div><\/div><\/div><\/div><\/div>\n","protected":false},"excerpt":{"rendered":"","protected":false},"author":1,"featured_media":0,"parent":0,"menu_order":2,"comment_status":"closed","ping_status":"closed","template":"","meta":{"_acf_changed":false,"footnotes":""},"class_list":["post-4158","page","type-page","status-publish","hentry"],"acf":[],"_links":{"self":[{"href":"https:\/\/www.upo.es\/fundacionmunicipios\/wp-json\/wp\/v2\/pages\/4158","targetHints":{"allow":["GET"]}}],"collection":[{"href":"https:\/\/www.upo.es\/fundacionmunicipios\/wp-json\/wp\/v2\/pages"}],"about":[{"href":"https:\/\/www.upo.es\/fundacionmunicipios\/wp-json\/wp\/v2\/types\/page"}],"author":[{"embeddable":true,"href":"https:\/\/www.upo.es\/fundacionmunicipios\/wp-json\/wp\/v2\/users\/1"}],"replies":[{"embeddable":true,"href":"https:\/\/www.upo.es\/fundacionmunicipios\/wp-json\/wp\/v2\/comments?post=4158"}],"version-history":[{"count":0,"href":"https:\/\/www.upo.es\/fundacionmunicipios\/wp-json\/wp\/v2\/pages\/4158\/revisions"}],"wp:attachment":[{"href":"https:\/\/www.upo.es\/fundacionmunicipios\/wp-json\/wp\/v2\/media?parent=4158"}],"curies":[{"name":"wp","href":"https:\/\/api.w.org\/{rel}","templated":true}]}}