{"id":4162,"date":"2021-11-12T13:45:44","date_gmt":"2021-11-12T12:45:44","guid":{"rendered":"https:\/\/www.upo.es\/fundacionmunicipios\/?page_id=4162"},"modified":"2022-02-02T09:56:23","modified_gmt":"2022-02-02T08:56:23","slug":"cookies","status":"publish","type":"page","link":"https:\/\/www.upo.es\/fundacionmunicipios\/cookies\/","title":{"rendered":"Pol\u00edtica de cookies"},"content":{"rendered":"<div class=\"fusion-fullwidth fullwidth-box fusion-builder-row-1 fusion-flex-container nonhundred-percent-fullwidth non-hundred-percent-height-scrolling\" style=\"--awb-border-radius-top-left:0px;--awb-border-radius-top-right:0px;--awb-border-radius-bottom-right:0px;--awb-border-radius-bottom-left:0px;--awb-flex-wrap:wrap;\" ><div class=\"fusion-builder-row fusion-row fusion-flex-align-items-flex-start fusion-flex-content-wrap\" style=\"max-width:1248px;margin-left: calc(-4% \/ 2 );margin-right: calc(-4% \/ 2 );\"><div class=\"fusion-layout-column fusion_builder_column fusion-builder-column-0 fusion_builder_column_1_1 1_1 fusion-flex-column\" style=\"--awb-bg-size:cover;--awb-width-large:100%;--awb-margin-top-large:0px;--awb-spacing-right-large:1.92%;--awb-margin-bottom-large:20px;--awb-spacing-left-large:1.92%;--awb-width-medium:100%;--awb-order-medium:0;--awb-spacing-right-medium:1.92%;--awb-spacing-left-medium:1.92%;--awb-width-small:100%;--awb-order-small:0;--awb-spacing-right-small:1.92%;--awb-spacing-left-small:1.92%;\"><div class=\"fusion-column-wrapper fusion-column-has-shadow fusion-flex-justify-content-flex-start fusion-content-layout-column\"><div class=\"fusion-title title fusion-title-1 fusion-title-text fusion-title-size-two\" style=\"--awb-margin-right:0px;--awb-margin-bottom:0px;--awb-margin-left:0px;\"><div class=\"title-sep-container title-sep-container-left fusion-no-large-visibility fusion-no-medium-visibility fusion-no-small-visibility\"><div class=\"title-sep sep- sep-solid\" style=\"border-color:#e0dede;\"><\/div><\/div><span class=\"awb-title-spacer fusion-no-large-visibility fusion-no-medium-visibility fusion-no-small-visibility\"><\/span><h2 class=\"fusion-title-heading title-heading-left fusion-responsive-typography-calculated\" style=\"margin:0;--fontSize:38;line-height:1.12;\"><h2 style=\"text-align: left;\">Pol\u00edtica de cookies<\/h2><\/h2><span class=\"awb-title-spacer\"><\/span><div class=\"title-sep-container title-sep-container-right\"><div class=\"title-sep sep- sep-solid\" style=\"border-color:#e0dede;\"><\/div><\/div><\/div><div class=\"fusion-text fusion-text-1\" style=\"--awb-text-transform:none;\"><p>La <strong>Fundaci\u00f3n de Municipios Pablo de Olavide<\/strong> utiliza cookies propias y de terceros con el fin de ofrecer una mejor experiencia de navegaci\u00f3n que se ajuste a las necesidades del usuario, as\u00ed como para proteger y mejorar el sitio web. Usted puede rechazar o deshabilitar el uso de las cookies a trav\u00e9s de las opciones de su navegador, tal como se indica en el presente documento.<\/p>\n<\/div><div class=\"fusion-title title fusion-title-2 fusion-title-text fusion-title-size-three\" style=\"--awb-margin-right:0px;--awb-margin-bottom:0px;--awb-margin-left:0px;\"><div class=\"title-sep-container title-sep-container-left fusion-no-large-visibility fusion-no-medium-visibility fusion-no-small-visibility\"><div class=\"title-sep sep- sep-solid\" style=\"border-color:#e0dede;\"><\/div><\/div><span class=\"awb-title-spacer fusion-no-large-visibility fusion-no-medium-visibility fusion-no-small-visibility\"><\/span><h3 class=\"fusion-title-heading title-heading-left fusion-responsive-typography-calculated\" style=\"margin:0;--fontSize:28;line-height:1.6;\"><h3>\u00bfQu\u00e9 son las Cookies?<\/h3><\/h3><span class=\"awb-title-spacer\"><\/span><div class=\"title-sep-container title-sep-container-right\"><div class=\"title-sep sep- sep-solid\" style=\"border-color:#e0dede;\"><\/div><\/div><\/div><div class=\"fusion-text fusion-text-2\" style=\"--awb-text-transform:none;\"><p>Las Cookies, y otras t\u00e9cnicas similares, son ficheros de texto o imagen que el sitio web al que accede instala en el equipo o dispositivo (PC, smartphone, tablet, etc.) del usuario para registrar la actividad, almacenar y recuperar informaci\u00f3n sobre su navegaci\u00f3n a trav\u00e9s de las p\u00e1ginas y secciones de las webs de la <b>Fundaci\u00f3n de Municipios Pablo de Olavide<\/b>.<\/p>\n<p>Las Cookies se asocian \u00fanicamente a un c\u00f3digo (ID) que identifica el dispositivo y el navegador que utiliza en cada visita, por lo que no proporcionan referencias que permitan deducir otros datos personales del usuario.<\/p>\n<\/div><div class=\"fusion-title title fusion-title-3 fusion-title-text fusion-title-size-three\" style=\"--awb-margin-right:0px;--awb-margin-bottom:0px;--awb-margin-left:0px;\"><div class=\"title-sep-container title-sep-container-left fusion-no-large-visibility fusion-no-medium-visibility fusion-no-small-visibility\"><div class=\"title-sep sep- sep-solid\" style=\"border-color:#e0dede;\"><\/div><\/div><span class=\"awb-title-spacer fusion-no-large-visibility fusion-no-medium-visibility fusion-no-small-visibility\"><\/span><h3 class=\"fusion-title-heading title-heading-left fusion-responsive-typography-calculated\" style=\"margin:0;--fontSize:28;line-height:1.6;\"><h3>\u00bfQu\u00e9 tipos de Cookies utiliza la Fundaci\u00f3n de Municipios Pablo de Olavide?<\/h3><\/h3><span class=\"awb-title-spacer\"><\/span><div class=\"title-sep-container title-sep-container-right\"><div class=\"title-sep sep- sep-solid\" style=\"border-color:#e0dede;\"><\/div><\/div><\/div><div class=\"fusion-text fusion-text-3\" style=\"--awb-text-transform:none;\"><ul>\n<li><strong>Cookies propias<\/strong>: son las cookies habilitadas por el sitio web por el que navega.<\/li>\n<li><strong>Cookies de sesi\u00f3n<\/strong>: son cookies temporales que permanecen en el archivo de cookies de su navegador hasta que abandone la p\u00e1gina web, por lo que ninguna queda registrada en el disco duro del usuario. La informaci\u00f3n obtenida por medio de estas cookies, sirven para analizar pautas de tr\u00e1fico en la web. A largo plazo, esto nos permite proporcionar una mejor experiencia para optimizar el contenido y facilitar su uso.<\/li>\n<\/ul>\n<\/div><div class=\"fusion-title title fusion-title-4 fusion-title-text fusion-title-size-three\" style=\"--awb-margin-right:0px;--awb-margin-bottom:0px;--awb-margin-left:0px;\"><div class=\"title-sep-container title-sep-container-left fusion-no-large-visibility fusion-no-medium-visibility fusion-no-small-visibility\"><div class=\"title-sep sep- sep-solid\" style=\"border-color:#e0dede;\"><\/div><\/div><span class=\"awb-title-spacer fusion-no-large-visibility fusion-no-medium-visibility fusion-no-small-visibility\"><\/span><h3 class=\"fusion-title-heading title-heading-left fusion-responsive-typography-calculated\" style=\"margin:0;--fontSize:28;line-height:1.6;\"><h3>\u00bfPara qu\u00e9 utiliza las Cookies la Fundaci\u00f3n de Municipios Pablo de Olavide?<\/h3><\/h3><span class=\"awb-title-spacer\"><\/span><div class=\"title-sep-container title-sep-container-right\"><div class=\"title-sep sep- sep-solid\" style=\"border-color:#e0dede;\"><\/div><\/div><\/div><div class=\"fusion-text fusion-text-4\" style=\"--awb-text-transform:none;\"><p><strong>Cookie de sesi\u00f3n<\/strong>: utilizada para guardar el tipo de sesi\u00f3n del usuario (an\u00f3nimo).<\/p>\n<p>Asimismo por fines de seguimiento estad\u00edstico del tr\u00e1fico web, nos reservamos el derecho a utilizar Google Analytics (en adelante, \u00abGoogle\u00bb), servicio de an\u00e1lisis web facilitado por Google, Inc., compa\u00f1\u00eda cuya oficina principal est\u00e1 ubicada en 1600 Amphitheatre Parkway, Mountain View (California), CA 94043, Estados Unidos.<\/p>\n<p>Google utiliza cookies, archivos ubicados en el ordenador del usuario, mediante los cuales puede realizar un an\u00e1lisis estad\u00edstico del uso que \u00e9ste hace del sitio web. La informaci\u00f3n que genera la cookie acerca de su uso del sitio web (incluyendo la direcci\u00f3n IP) ser\u00e1 directamente gestionada y archivada por Google en sus servidores de Estados Unidos. Google usar\u00e1 esta informaci\u00f3n por cuenta de la asociaci\u00f3n con el \u00fanico prop\u00f3sito de proporcionar estad\u00edsticas sobre el uso del sitio web, pudiendo transmitir dicha informaci\u00f3n a terceros en los supuestos legales espec\u00edficamente recogidos, o cuando dichos terceros traten la informaci\u00f3n por cuenta de Google. Google no asociar\u00e1 su direcci\u00f3n IP con ning\u00fan otro dato del que disponga Google.<\/p>\n<\/div><div class=\"fusion-title title fusion-title-5 fusion-title-text fusion-title-size-three\" style=\"--awb-margin-right:0px;--awb-margin-bottom:0px;--awb-margin-left:0px;\"><div class=\"title-sep-container title-sep-container-left fusion-no-large-visibility fusion-no-medium-visibility fusion-no-small-visibility\"><div class=\"title-sep sep- sep-solid\" style=\"border-color:#e0dede;\"><\/div><\/div><span class=\"awb-title-spacer fusion-no-large-visibility fusion-no-medium-visibility fusion-no-small-visibility\"><\/span><h3 class=\"fusion-title-heading title-heading-left fusion-responsive-typography-calculated\" style=\"margin:0;--fontSize:28;line-height:1.6;\"><h3>\u00bfPueden Deshabilitarse\/Rechazarse las Cookies?<\/h3><\/h3><span class=\"awb-title-spacer\"><\/span><div class=\"title-sep-container title-sep-container-right\"><div class=\"title-sep sep- sep-solid\" style=\"border-color:#e0dede;\"><\/div><\/div><\/div><div class=\"fusion-text fusion-text-5\" style=\"--awb-text-transform:none;\"><p>El usuario tiene la posibilidad de impedir el tratamiento de dicha informaci\u00f3n configurando su navegador para que rechace el uso de cookies. Las cookies utilizadas nos proporcionan informaci\u00f3n estad\u00edstica sobre la navegaci\u00f3n de forma an\u00f3nima; sin embargo se pueden deshabilitar y borrar directamente en el navegador que usted utilice. En caso de que no lo haga y siga navegando en la web, entenderemos que las acepta.<\/p>\n<p>Puede gestionar las cookies siguiendo las siguientes instrucciones seg\u00fan el navegador que use:<\/p>\n<ul>\n<li><strong>Internet Explorer:\u00a0<\/strong>Herramientas\/Opciones de Internet\/Privacidad\/Configuraci\u00f3n.<\/li>\n<\/ul>\n<p>M\u00e1s informaci\u00f3n en el Soporte t\u00e9cnico de Microsoft o en el <a href=\"https:\/\/support.microsoft.com\/es-es\/help\/17442\/windows-internet-explorer-delete-manage-cookies\">men\u00fa de ayuda<\/a>\u00a0de Internet Explorer.<\/p>\n<ul>\n<li><strong>Chrome:\u00a0<\/strong>Configuraci\u00f3n\/Configuraci\u00f3n avanzada\/Privacidad y seguridad\/Configuraci\u00f3n de contenido\/Cookies .<\/li>\n<\/ul>\n<p>M\u00e1s informaci\u00f3n en el Soporte t\u00e9cnico de Google o en el <a href=\"https:\/\/support.google.com\/chrome\/answer\/95647?hl=es\">men\u00fa de ayuda<\/a>\u00a0de Chrome.<\/p>\n<ul>\n<li><strong>Firefox: <\/strong>Herramientas\/Opciones\/Privacidad y Seguridad\/Cookies y datos del sitio.<\/li>\n<\/ul>\n<p>M\u00e1s informaci\u00f3n en el Soporte t\u00e9cnico de Mozilla o en el <a href=\"https:\/\/support.mozilla.org\/es\/kb\/habilitar-y-deshabilitar-cookies-sitios-web-rastrear-preferencias?redirectlocale=es&amp;redirectslug=habilitar-y-deshabilitar-cookies-que-los-sitios-we\">men\u00fa de ayuda<\/a>de Firefox.<\/p>\n<ul>\n<li><strong>Safari: <\/strong>Preferencias.\u00a0M\u00e1s informaci\u00f3n en el Soporte t\u00e9cnico de Apple o en el <a href=\"https:\/\/support.apple.com\/es-es\/guide\/safari-developer\/welcome\/mac\">men\u00fa de ayuda<\/a>\u00a0de Safari.<\/li>\n<li><strong>Opera: <\/strong>Configuraci\u00f3n\/Preferencias\/Opciones avanzadas\/Privacidad y seguridad.<\/li>\n<li>M\u00e1s informaci\u00f3n en el Soporte t\u00e9cnico de Opera o en el <a href=\"https:\/\/www.opera.com\/help\/tutorials\/security\/cookies\/\">men\u00fa de ayuda<\/a>\u00a0de Opera.<\/li>\n<\/ul>\n<p>El bloqueo del uso de cookies en su navegaci\u00f3n puede hacer que algunos servicios o funciones del sitio web no est\u00e9n disponibles.<\/p>\n<\/div><div class=\"fusion-title title fusion-title-6 fusion-title-text fusion-title-size-three\" style=\"--awb-margin-right:0px;--awb-margin-bottom:0px;--awb-margin-left:0px;\"><div class=\"title-sep-container title-sep-container-left fusion-no-large-visibility fusion-no-medium-visibility fusion-no-small-visibility\"><div class=\"title-sep sep- sep-solid\" style=\"border-color:#e0dede;\"><\/div><\/div><span class=\"awb-title-spacer fusion-no-large-visibility fusion-no-medium-visibility fusion-no-small-visibility\"><\/span><h3 class=\"fusion-title-heading title-heading-left fusion-responsive-typography-calculated\" style=\"margin:0;--fontSize:28;line-height:1.6;\"><h3>Cambios y Actualizaciones en la Pol\u00edtica de Cookies<\/h3><\/h3><span class=\"awb-title-spacer\"><\/span><div class=\"title-sep-container title-sep-container-right\"><div class=\"title-sep sep- sep-solid\" style=\"border-color:#e0dede;\"><\/div><\/div><\/div><div class=\"fusion-text fusion-text-6\" style=\"--awb-text-transform:none;\"><p>La<strong> Fundaci\u00f3n de Municipios Pablo de Olavide <\/strong>puede modificar esta Pol\u00edtica de Cookies en funci\u00f3n de exigencias legislativas, reglamentarias, o con la finalidad de adaptar dicha pol\u00edtica a las instrucciones y recomendaciones dictadas por los reguladores. Se recomienda, por tanto, revisar peri\u00f3dicamente la Pol\u00edtica de Cookies.<\/p>\n<\/div><\/div><\/div><\/div><\/div>\n","protected":false},"excerpt":{"rendered":"","protected":false},"author":1,"featured_media":0,"parent":0,"menu_order":0,"comment_status":"closed","ping_status":"closed","template":"","meta":{"_acf_changed":false,"footnotes":""},"class_list":["post-4162","page","type-page","status-publish","hentry"],"acf":[],"_links":{"self":[{"href":"https:\/\/www.upo.es\/fundacionmunicipios\/wp-json\/wp\/v2\/pages\/4162","targetHints":{"allow":["GET"]}}],"collection":[{"href":"https:\/\/www.upo.es\/fundacionmunicipios\/wp-json\/wp\/v2\/pages"}],"about":[{"href":"https:\/\/www.upo.es\/fundacionmunicipios\/wp-json\/wp\/v2\/types\/page"}],"author":[{"embeddable":true,"href":"https:\/\/www.upo.es\/fundacionmunicipios\/wp-json\/wp\/v2\/users\/1"}],"replies":[{"embeddable":true,"href":"https:\/\/www.upo.es\/fundacionmunicipios\/wp-json\/wp\/v2\/comments?post=4162"}],"version-history":[{"count":0,"href":"https:\/\/www.upo.es\/fundacionmunicipios\/wp-json\/wp\/v2\/pages\/4162\/revisions"}],"wp:attachment":[{"href":"https:\/\/www.upo.es\/fundacionmunicipios\/wp-json\/wp\/v2\/media?parent=4162"}],"curies":[{"name":"wp","href":"https:\/\/api.w.org\/{rel}","templated":true}]}}