{"id":2889,"date":"2019-03-12T11:20:41","date_gmt":"2019-03-12T11:20:41","guid":{"rendered":"https:\/\/www.upo.es\/fundacionmunicipios\/?post_type=product&#038;p=2889"},"modified":"2025-12-03T10:01:02","modified_gmt":"2025-12-03T09:01:02","slug":"hacia-el-puerto-de-la-felicidad","status":"publish","type":"product","link":"https:\/\/www.upo.es\/fundacionmunicipios\/tienda\/hacia-el-puerto-de-la-felicidad\/","title":{"rendered":"Hacia el puerto de la felicidad. La emigraci\u00f3n alemana a Sierra Morena y Andaluc\u00eda en el siglo XVIII"},"content":{"rendered":"<p><strong>T\u00edtulo: <\/strong>Hacia el puerto de la felicidad. La emigraci\u00f3n alemana a Sierra Morena y Andaluc\u00eda en el siglo XVIII.<br \/>\n<strong>Autora:<\/strong> Nicola Veith<br \/>\n<strong>Editorial:<\/strong> Fundaci\u00f3n de Municipios Pablo de Olavide<br \/>\n<strong>A\u00f1o de publicaci\u00f3n:<\/strong> 2021<br \/>\n<strong>P\u00e1ginas:<\/strong> 395<br \/>\n<strong>Pa\u00eds: <\/strong>Espa\u00f1a<br \/>\n<strong>Idioma:<\/strong> espa\u00f1ol<br \/>\n<strong>ISBN:<\/strong> 978-84-120123-3-0<\/p>\n","protected":false},"excerpt":{"rendered":"<p style=\"text-align: justify;\">A\u00fan hoy d\u00eda, los viajeros que van de Madrid a Sevilla pasan por peque\u00f1as poblaciones rodeadas de olivares hasta donde alcanza la vista. Llaman la atenci\u00f3n las blancas casas, sencillas y muy parecidas entre s\u00ed, alineadas a lo largo de calles rectil\u00edneas. All\u00ed todav\u00eda se oyen apellidos poco comunes en Espa\u00f1a: Neff, Smit, Hamer, Mayer, Payer, Wigner o Filter, portados por descendientes de campesinos y artesanos de origen alem\u00e1n que hace 250 a\u00f1os emigraron a Espa\u00f1a esperando encontrar el Puerto de la Felicidad. El b\u00e1varo Johan Kaspar von Th\u00fcrriegel tras la firma de una contrata con el monarca Carlos III, promocion\u00f3 en el Sacro Imperio Romano Germ\u00e1nico y sus zonas lim\u00edtrofes, entre 1767 y 1769, la migraci\u00f3n a Sierra Morena. Aunque Espa\u00f1a no era el t\u00edpico pa\u00eds de destino de los emigrantes centroeuropeos en el siglo XVIII, los condiciones de la colonizaci\u00f3n eran prometedoras y atrajeron a unas 8000 personas, con las que se pusieron en marcha las conocidas como Nuevas Poblaciones de Sierra Morena y Andaluc\u00eda.<\/p>\n<p style=\"text-align: justify;\">Apoy\u00e1ndose en una s\u00f3lida investigaci\u00f3n, Nicola Veith realiza en este libro un an\u00e1lisis del contexto y las causas de la referida migraci\u00f3n a trav\u00e9s de los casos del Palatinado Electoral (Kurpfalz), de Baden-Durlach y del C\u00edrculo de Suabia, identificando adem\u00e1s la situaci\u00f3n de las familias que dejaron Centroeuropa y ofreciendo algunas pinceladas sobre su proceso de adaptaci\u00f3n a las nuevas colonias espa\u00f1olas. As\u00ed pues, esta obra, surgida de la primera tesis doctoral realizada en un universidad extranjera sobre los inmigrantes alemanes llegados a tierras andaluzas en el Siglo de las Luces, supone una magn\u00edfica aportaci\u00f3n al conocimiento de esas familias, sus lugares de origen y su contexto migratorio.<\/p>\n<p style=\"text-align: left;\"><strong>Sobre la colecci\u00f3n<\/strong><\/p>\n<p style=\"text-align: justify;\">En esta colecci\u00f3n de libros se trata de recomponer los hechos y las ideas que hicieron de la Ilustraci\u00f3n, tanto en Espa\u00f1a como en Am\u00e9rica, un tiempo de progreso. En los sucesivos t\u00edtulos se aludir\u00e1 a la Ilustraci\u00f3n, en su trascendencia social y cultural, a su tiempo y a su circunstancia. Se reconocer\u00e1 a los ilustrados e ilustradas, poniendo en claro sus hechos\u00a0 y movi\u00e9ndose por sus espacios, tanto en la Pen\u00ednsula como en Am\u00e9rica. Y en sentido amplio, esta colecci\u00f3n se interesar\u00e1 por el correlato formativo y cultural, en su trascendencia a los tiempos actuales.<\/p>\n","protected":false},"featured_media":30271,"template":"","meta":{"_acf_changed":false},"product_brand":[],"product_cat":[305,298],"product_tag":[300,302,299,301],"class_list":{"0":"post-2889","1":"product","2":"type-product","3":"status-publish","4":"has-post-thumbnail","6":"product_cat-coleccion-olavide-ilustracion","7":"product_cat-libros","8":"product_tag-andalucia","9":"product_tag-fundacion-de-municipios","10":"product_tag-olavide-ilustracion","11":"product_tag-universidad-pablo-de-olavide","13":"first","14":"instock","15":"taxable","16":"shipping-taxable","17":"purchasable","18":"product-type-simple"},"acf":[],"_links":{"self":[{"href":"https:\/\/www.upo.es\/fundacionmunicipios\/wp-json\/wp\/v2\/product\/2889","targetHints":{"allow":["GET"]}}],"collection":[{"href":"https:\/\/www.upo.es\/fundacionmunicipios\/wp-json\/wp\/v2\/product"}],"about":[{"href":"https:\/\/www.upo.es\/fundacionmunicipios\/wp-json\/wp\/v2\/types\/product"}],"wp:featuredmedia":[{"embeddable":true,"href":"https:\/\/www.upo.es\/fundacionmunicipios\/wp-json\/wp\/v2\/media\/30271"}],"wp:attachment":[{"href":"https:\/\/www.upo.es\/fundacionmunicipios\/wp-json\/wp\/v2\/media?parent=2889"}],"wp:term":[{"taxonomy":"product_brand","embeddable":true,"href":"https:\/\/www.upo.es\/fundacionmunicipios\/wp-json\/wp\/v2\/product_brand?post=2889"},{"taxonomy":"product_cat","embeddable":true,"href":"https:\/\/www.upo.es\/fundacionmunicipios\/wp-json\/wp\/v2\/product_cat?post=2889"},{"taxonomy":"product_tag","embeddable":true,"href":"https:\/\/www.upo.es\/fundacionmunicipios\/wp-json\/wp\/v2\/product_tag?post=2889"}],"curies":[{"name":"wp","href":"https:\/\/api.w.org\/{rel}","templated":true}]}}