{"id":2891,"date":"2019-03-12T11:00:13","date_gmt":"2019-03-12T11:00:13","guid":{"rendered":"https:\/\/www.upo.es\/fundacionmunicipios\/?post_type=product&#038;p=2891"},"modified":"2025-12-03T10:02:56","modified_gmt":"2025-12-03T09:02:56","slug":"las-nuevas-poblaciones-de-sierra-morena-y-andalucia","status":"publish","type":"product","link":"https:\/\/www.upo.es\/fundacionmunicipios\/tienda\/las-nuevas-poblaciones-de-sierra-morena-y-andalucia\/","title":{"rendered":"Las Nuevas Poblaciones de Sierra Morena y Andaluc\u00eda. Un sue\u00f1o ilustrado en la Espa\u00f1a de Carlos III"},"content":{"rendered":"<p><strong>T\u00edtulo: <\/strong>Las Nuevas Poblaciones de Sierra Morena y Andaluc\u00eda. Un sue\u00f1o ilustrado en la Espa\u00f1a de Carlos III<br \/>\n<strong>Autor:<\/strong> Jos\u00e9 Antonio F\u00edlter Rodr\u00edguez (coord.)<br \/>\n<strong>Editorial:<\/strong> Fundaci\u00f3n de Municipios Pablo de Olavide<br \/>\n<strong>A\u00f1o de publicaci\u00f3n:<\/strong> 2019<br \/>\n<strong>P\u00e1ginas:\u00a0<\/strong>216<br \/>\n<strong>Pa\u00eds: <\/strong>Espa\u00f1a<br \/>\n<strong>Idioma:<\/strong> espa\u00f1ol<br \/>\n<strong>ISBN:<\/strong> 978-84-120123-0-9<\/p>\n","protected":false},"excerpt":{"rendered":"<p style=\"text-align: justify;\">Este libro es principalmente un compendio, a la par que homenaje, a la historia de los hombre y mujeres que a lo largo de los siglos se asentaron primero en la Nuevas Poblaciones y luego, con su cotidiano quehacer las han hecho avanzar hasta consolidarlas y llegar a la actual realidad de estos importantes y queridos pueblos. Una historia de personas pero tambi\u00e9n una apuesta en valor del patrimonio, tanto material como inmaterial, que se fue generando, que nos fueron legando, y que hoy disfrutamos constituyendo el testimonio m\u00e1s claro del conjunto de los valores que encierra nuestra identidad local.<\/p>\n<p style=\"text-align: justify;\">Con este libro nos encontramos ante un excelente recurso para conocer y descubrir todas y cada una de las colonias ilustradas fundadas por el rey Carlos III y el Superintendente Pablo de Olavide, dentro de ese gran proyecto de europeidad, que se hizo realidad gracias a la entrega, tes\u00f3n y desvelos de miles de colonos centroeuropeos que abandonaron su tierra de origen para dar vida a la nuestra.<\/p>\n<p style=\"text-align: justify;\">Esta obra, a su vez, es el primer trabajo conjunto que ve la luz y recoge de manera sintetizada y clara lo mejor de todos y cada uno de los municipios que conforman las Nuevas Poblaciones de Sierra Morena y Andaluc\u00eda. Todos tienen una historia en com\u00fan pero cada uno a su vez tiene la suya propia, cada uno ha mantenido y custodiado su legado cultural, art\u00edstico y gastron\u00f3mico de la mejor manera posible y este trabajo es una buena muestra de ello.<\/p>\n","protected":false},"featured_media":30274,"template":"","meta":{"_acf_changed":false},"product_brand":[],"product_cat":[298,309],"product_tag":[300,302,301],"class_list":{"0":"post-2891","1":"product","2":"type-product","3":"status-publish","4":"has-post-thumbnail","6":"product_cat-libros","7":"product_cat-otras-publicaciones","8":"product_tag-andalucia","9":"product_tag-fundacion-de-municipios","10":"product_tag-universidad-pablo-de-olavide","12":"first","13":"instock","14":"taxable","15":"shipping-taxable","16":"purchasable","17":"product-type-simple"},"acf":[],"_links":{"self":[{"href":"https:\/\/www.upo.es\/fundacionmunicipios\/wp-json\/wp\/v2\/product\/2891","targetHints":{"allow":["GET"]}}],"collection":[{"href":"https:\/\/www.upo.es\/fundacionmunicipios\/wp-json\/wp\/v2\/product"}],"about":[{"href":"https:\/\/www.upo.es\/fundacionmunicipios\/wp-json\/wp\/v2\/types\/product"}],"wp:featuredmedia":[{"embeddable":true,"href":"https:\/\/www.upo.es\/fundacionmunicipios\/wp-json\/wp\/v2\/media\/30274"}],"wp:attachment":[{"href":"https:\/\/www.upo.es\/fundacionmunicipios\/wp-json\/wp\/v2\/media?parent=2891"}],"wp:term":[{"taxonomy":"product_brand","embeddable":true,"href":"https:\/\/www.upo.es\/fundacionmunicipios\/wp-json\/wp\/v2\/product_brand?post=2891"},{"taxonomy":"product_cat","embeddable":true,"href":"https:\/\/www.upo.es\/fundacionmunicipios\/wp-json\/wp\/v2\/product_cat?post=2891"},{"taxonomy":"product_tag","embeddable":true,"href":"https:\/\/www.upo.es\/fundacionmunicipios\/wp-json\/wp\/v2\/product_tag?post=2891"}],"curies":[{"name":"wp","href":"https:\/\/api.w.org\/{rel}","templated":true}]}}