{"id":30449,"date":"2022-01-17T11:57:41","date_gmt":"2022-01-17T11:57:41","guid":{"rendered":"https:\/\/www.upo.es\/fundacionmunicipios\/?post_type=product&#038;p=30449"},"modified":"2025-12-03T11:02:35","modified_gmt":"2025-12-03T10:02:35","slug":"los-arsenales-del-rey-vicente-ruiz-garcia","status":"publish","type":"product","link":"https:\/\/www.upo.es\/fundacionmunicipios\/tienda\/los-arsenales-del-rey-vicente-ruiz-garcia\/","title":{"rendered":"Los arsenales del Rey (1750-1820). Ciencia, tecnolog\u00eda e industria bajo el esp\u00edritu de la Ilustraci\u00f3n"},"content":{"rendered":"<p><strong>T\u00edtulo: <\/strong>Los arsenales del Rey (1750-1820). Ciencia, tecnolog\u00eda e industria bajo el esp\u00edritu de la Ilustraci\u00f3n<br \/>\n<strong>Autor:<\/strong> Vicente Ruiz Garc\u00eda<br \/>\n<strong>Editorial:<\/strong> C\u00edrculo Rojo y Fundaci\u00f3n de Municipios Pablo de Olavide<br \/>\n<strong>A\u00f1o de publicaci\u00f3n:<\/strong> 2018<br \/>\n<strong>P\u00e1ginas: <\/strong>386<br \/>\n<strong>Pa\u00eds: <\/strong>Espa\u00f1a<br \/>\n<strong>Idioma:<\/strong> espa\u00f1ol<br \/>\n<strong>ISBN:<\/strong> 978-84-1304-724-9<\/p>\n","protected":false},"excerpt":{"rendered":"<p>A mediados del siglo XVIII, cuando la Revoluci\u00f3n Industrial hab\u00eda comenzado en Inglaterra, el infatigable marino y cient\u00edfico Jorge Juan de Santacilia fue enviado a Londres con la misi\u00f3n, entre otras, de atraer a un pu\u00f1ados de t\u00e9cnicos brit\u00e1nicos con el fin de mejorar los m\u00e9todos de construcci\u00f3n naval en nuestro pa\u00eds. A partir de aquella arriesgada operaci\u00f3n de espionaje industrial, los arsenales de la Marina Espa\u00f1ola se fueron configurando como complejos industriales para la construcci\u00f3n y reparaci\u00f3n de los buques de la Armada optimizando sus instalaciones y perfeccionando sus m\u00e9todos de construcci\u00f3n a lo largo del siglo para llegar a fabricar los mejores nav\u00edos de su tiempo.<\/p>\n<p>Guarnizo, La Carraca, Ferrol Cartagena, La Habana o Mah\u00f3n se proyectaron entonces como centros fabriles de innovaci\u00f3n tecnol\u00f3gica preindustrial esencialmente entre mediados del siglo XVIII y principios del siglo XIX, periodo en el que se construyeron las naves que protegieron el comercio americano y que escribieron las p\u00e1ginas m\u00e1s brillantes, pero tambi\u00e9n m\u00e1s tr\u00e1gicas, de nuestra historia naval. Un periodo donde estos arsenales coinciden en el tiempo con la Revoluci\u00f3n Industrial inglesa de la que asumen muchos rasgos como la especializaci\u00f3n del trabajo, la mecanizaci\u00f3n o el empleo de la m\u00e1quina de vapor.<\/p>\n","protected":false},"featured_media":30454,"template":"","meta":{"_acf_changed":false},"product_brand":[],"product_cat":[298,308],"product_tag":[300,302,301],"class_list":{"0":"post-30449","1":"product","2":"type-product","3":"status-publish","4":"has-post-thumbnail","6":"product_cat-libros","7":"product_cat-premios-ensayo","8":"product_tag-andalucia","9":"product_tag-fundacion-de-municipios","10":"product_tag-universidad-pablo-de-olavide","12":"first","13":"instock","14":"taxable","15":"shipping-taxable","16":"purchasable","17":"product-type-simple"},"acf":[],"_links":{"self":[{"href":"https:\/\/www.upo.es\/fundacionmunicipios\/wp-json\/wp\/v2\/product\/30449","targetHints":{"allow":["GET"]}}],"collection":[{"href":"https:\/\/www.upo.es\/fundacionmunicipios\/wp-json\/wp\/v2\/product"}],"about":[{"href":"https:\/\/www.upo.es\/fundacionmunicipios\/wp-json\/wp\/v2\/types\/product"}],"wp:featuredmedia":[{"embeddable":true,"href":"https:\/\/www.upo.es\/fundacionmunicipios\/wp-json\/wp\/v2\/media\/30454"}],"wp:attachment":[{"href":"https:\/\/www.upo.es\/fundacionmunicipios\/wp-json\/wp\/v2\/media?parent=30449"}],"wp:term":[{"taxonomy":"product_brand","embeddable":true,"href":"https:\/\/www.upo.es\/fundacionmunicipios\/wp-json\/wp\/v2\/product_brand?post=30449"},{"taxonomy":"product_cat","embeddable":true,"href":"https:\/\/www.upo.es\/fundacionmunicipios\/wp-json\/wp\/v2\/product_cat?post=30449"},{"taxonomy":"product_tag","embeddable":true,"href":"https:\/\/www.upo.es\/fundacionmunicipios\/wp-json\/wp\/v2\/product_tag?post=30449"}],"curies":[{"name":"wp","href":"https:\/\/api.w.org\/{rel}","templated":true}]}}