{"id":30459,"date":"2022-01-17T13:27:52","date_gmt":"2022-01-17T13:27:52","guid":{"rendered":"https:\/\/www.upo.es\/fundacionmunicipios\/?post_type=product&#038;p=30459"},"modified":"2025-12-03T09:58:00","modified_gmt":"2025-12-03T08:58:00","slug":"maria-del-rosario-fernandez-la-tirana-jose-maria-martin-valverde","status":"publish","type":"product","link":"https:\/\/www.upo.es\/fundacionmunicipios\/tienda\/maria-del-rosario-fernandez-la-tirana-jose-maria-martin-valverde\/","title":{"rendered":"Mar\u00eda del Rosario Fernandez \u00abLa Tirana\u00bb (1755-1803). Una actriz en la \u00e9poca de Olavide"},"content":{"rendered":"<p><strong>T\u00edtulo: <\/strong>Mar\u00eda del Rosario Fernandez \u00abLa Tirana\u00bb (1755-1803). Una actriz en la \u00e9poca de Olavide<br \/>\n<strong>Autor:<\/strong> Jos\u00e9 M\u00aa Mart\u00edn Valverde<br \/>\n<strong>Editorial:<\/strong> C\u00edrculo Rojo y Fundaci\u00f3n de Municipios Pablo de Olavide<br \/>\n<strong>A\u00f1o de publicaci\u00f3n:<\/strong> 2019<br \/>\n<strong>P\u00e1ginas: <\/strong>472<br \/>\n<strong>Pa\u00eds: <\/strong>Espa\u00f1a<br \/>\n<strong>Idioma:<\/strong> espa\u00f1ol<br \/>\n<strong>ISBN:<\/strong> 978-84-1304-720-1<\/p>\n","protected":false},"excerpt":{"rendered":"<p>Proyectada en el complejo escenario de la Espa\u00f1a de la Ilustraci\u00f3n, la trayectoria de Mar\u00eda del Rosario Fern\u00e1ndez, la Tirana, sirve al autor de esta apasionante biograf\u00eda para reconstruir no s\u00f3lo lo que sabemos de la actriz m\u00e1s reconocida de su tiempo, sino tambi\u00e9n los entresijos de la sociedad espa\u00f1ola de la segunda mitad del siglo XVIII. El retrato de la Tirana ilumina un momento crucial de la historia del teatro y nos acerca a la atm\u00f3sfera moral, intelectual, art\u00edstica y pol\u00edtica de toda una \u00e9poca.<\/p>\n","protected":false},"featured_media":30460,"template":"","meta":{"_acf_changed":false},"product_brand":[],"product_cat":[298,308],"product_tag":[300,302,301],"class_list":{"0":"post-30459","1":"product","2":"type-product","3":"status-publish","4":"has-post-thumbnail","6":"product_cat-libros","7":"product_cat-premios-ensayo","8":"product_tag-andalucia","9":"product_tag-fundacion-de-municipios","10":"product_tag-universidad-pablo-de-olavide","12":"first","13":"instock","14":"taxable","15":"shipping-taxable","16":"purchasable","17":"product-type-simple"},"acf":[],"_links":{"self":[{"href":"https:\/\/www.upo.es\/fundacionmunicipios\/wp-json\/wp\/v2\/product\/30459","targetHints":{"allow":["GET"]}}],"collection":[{"href":"https:\/\/www.upo.es\/fundacionmunicipios\/wp-json\/wp\/v2\/product"}],"about":[{"href":"https:\/\/www.upo.es\/fundacionmunicipios\/wp-json\/wp\/v2\/types\/product"}],"wp:featuredmedia":[{"embeddable":true,"href":"https:\/\/www.upo.es\/fundacionmunicipios\/wp-json\/wp\/v2\/media\/30460"}],"wp:attachment":[{"href":"https:\/\/www.upo.es\/fundacionmunicipios\/wp-json\/wp\/v2\/media?parent=30459"}],"wp:term":[{"taxonomy":"product_brand","embeddable":true,"href":"https:\/\/www.upo.es\/fundacionmunicipios\/wp-json\/wp\/v2\/product_brand?post=30459"},{"taxonomy":"product_cat","embeddable":true,"href":"https:\/\/www.upo.es\/fundacionmunicipios\/wp-json\/wp\/v2\/product_cat?post=30459"},{"taxonomy":"product_tag","embeddable":true,"href":"https:\/\/www.upo.es\/fundacionmunicipios\/wp-json\/wp\/v2\/product_tag?post=30459"}],"curies":[{"name":"wp","href":"https:\/\/api.w.org\/{rel}","templated":true}]}}