{"id":30483,"date":"2022-01-18T08:51:03","date_gmt":"2022-01-18T08:51:03","guid":{"rendered":"https:\/\/www.upo.es\/fundacionmunicipios\/?post_type=product&#038;p=30483"},"modified":"2025-12-03T09:55:06","modified_gmt":"2025-12-03T08:55:06","slug":"la-ilustracion-y-la-unidad-cultural-europea-francisco-sanchez-blanco","status":"publish","type":"product","link":"https:\/\/www.upo.es\/fundacionmunicipios\/tienda\/la-ilustracion-y-la-unidad-cultural-europea-francisco-sanchez-blanco\/","title":{"rendered":"La Ilustraci\u00f3n y la unidad cultural europea"},"content":{"rendered":"<p><strong>T\u00edtulo: <\/strong>La Ilustraci\u00f3n y la unidad cultural europea<br \/>\n<strong>Autor:<\/strong> Francisco S\u00e1nchez-Blanco<br \/>\n<strong>Editorial:<\/strong> Marcial Pons y Fundaci\u00f3n de Municipios Pablo de Olavide<br \/>\n<strong>A\u00f1o de publicaci\u00f3n:<\/strong> 2011<br \/>\n<strong>P\u00e1ginas: <\/strong>240<br \/>\n<strong>Pa\u00eds: <\/strong>Espa\u00f1a<br \/>\n<strong>Idioma:<\/strong> espa\u00f1ol<br \/>\n<strong>ISBN:<\/strong> 978-84-92820-78-8<\/p>\n","protected":false},"excerpt":{"rendered":"<p>En el siglo XVIII, academias, peri\u00f3dicos, diplom\u00e1ticos y mercaderes tejen una red institucional que agiliza la comunicaci\u00f3n cient\u00edfica y literaria entre los pa\u00edses europeos. Nace una cultura com\u00fan que impulsa el conocimiento de la realidad f\u00edsica y analiza la racionalidad de las sociedades humanas. La filosof\u00eda de las Luces no se limita a una especulaci\u00f3n te\u00f3rica, sino que modifica profundamente tanto el mundo dom\u00e9stico y urbano, como la administraci\u00f3n p\u00fablica de los Estados. La raz\u00f3n cr\u00edtica tiene enfrente la mentalidad tradicional, representada sobre todo por las instituciones religiosas y por la concepci\u00f3n desp\u00f3tica de la monarqu\u00eda. La cuesti\u00f3n que sigue discuti\u00e9ndose es si esa Ilustraci\u00f3n significa al mismo tiempo la descristianizaci\u00f3n de la cultura europea.<\/p>\n","protected":false},"featured_media":30484,"template":"","meta":{"_acf_changed":false},"product_brand":[],"product_cat":[298,308],"product_tag":[300,302,301],"class_list":{"0":"post-30483","1":"product","2":"type-product","3":"status-publish","4":"has-post-thumbnail","6":"product_cat-libros","7":"product_cat-premios-ensayo","8":"product_tag-andalucia","9":"product_tag-fundacion-de-municipios","10":"product_tag-universidad-pablo-de-olavide","12":"first","13":"instock","14":"taxable","15":"shipping-taxable","16":"purchasable","17":"product-type-simple"},"acf":[],"_links":{"self":[{"href":"https:\/\/www.upo.es\/fundacionmunicipios\/wp-json\/wp\/v2\/product\/30483","targetHints":{"allow":["GET"]}}],"collection":[{"href":"https:\/\/www.upo.es\/fundacionmunicipios\/wp-json\/wp\/v2\/product"}],"about":[{"href":"https:\/\/www.upo.es\/fundacionmunicipios\/wp-json\/wp\/v2\/types\/product"}],"wp:featuredmedia":[{"embeddable":true,"href":"https:\/\/www.upo.es\/fundacionmunicipios\/wp-json\/wp\/v2\/media\/30484"}],"wp:attachment":[{"href":"https:\/\/www.upo.es\/fundacionmunicipios\/wp-json\/wp\/v2\/media?parent=30483"}],"wp:term":[{"taxonomy":"product_brand","embeddable":true,"href":"https:\/\/www.upo.es\/fundacionmunicipios\/wp-json\/wp\/v2\/product_brand?post=30483"},{"taxonomy":"product_cat","embeddable":true,"href":"https:\/\/www.upo.es\/fundacionmunicipios\/wp-json\/wp\/v2\/product_cat?post=30483"},{"taxonomy":"product_tag","embeddable":true,"href":"https:\/\/www.upo.es\/fundacionmunicipios\/wp-json\/wp\/v2\/product_tag?post=30483"}],"curies":[{"name":"wp","href":"https:\/\/api.w.org\/{rel}","templated":true}]}}