{"id":30488,"date":"2022-01-18T09:47:45","date_gmt":"2022-01-18T09:47:45","guid":{"rendered":"https:\/\/www.upo.es\/fundacionmunicipios\/?post_type=product&#038;p=30488"},"modified":"2025-12-03T09:54:31","modified_gmt":"2025-12-03T08:54:31","slug":"una-nueva-majestad-pablo-vazquez-gestal","status":"publish","type":"product","link":"https:\/\/www.upo.es\/fundacionmunicipios\/tienda\/una-nueva-majestad-pablo-vazquez-gestal\/","title":{"rendered":"Una nueva majestad. Felipe V, Isabel de Farnesio y la identidad de la monarqu\u00eda (1700-1729)"},"content":{"rendered":"<p><strong>T\u00edtulo: <\/strong>Una nueva majestad. Felipe V, Isabel de Farnesio y la identidad de la monarqu\u00eda (1700-1729)<br \/>\n<strong>Autor:<\/strong> Pablo V\u00e1zquez Gestal<br \/>\n<strong>Editorial:<\/strong> Marcial Pons y Fundaci\u00f3n de Municipios Pablo de Olavide<br \/>\n<strong>A\u00f1o de publicaci\u00f3n:<\/strong> 2013<br \/>\n<strong>P\u00e1ginas: <\/strong>408<br \/>\n<strong>Pa\u00eds: <\/strong>Espa\u00f1a<br \/>\n<strong>Idioma:<\/strong> espa\u00f1ol<br \/>\n<strong>ISBN:<\/strong> 978-84-92820-79-5<\/p>\n","protected":false},"excerpt":{"rendered":"<p>Felipe V, lejos de imitar a sus antepasados Borbones o perpetuar el modelo establecido por los reyes hisp\u00e1nicos, alter\u00f3 significativamente la forma en que un soberano del Antiguo R\u00e9gimen deb\u00eda ejercer sus responsabilidades p\u00fablicas. Con el fin de satisfacer las demandas de sus numerosas inclinaciones personales, el nuevo monarca espa\u00f1ol alent\u00f3 la creaci\u00f3n de una esfera privada en el seno de la corte al tiempo que permiti\u00f3 que su segunda mujer, la reina Isabel de Farnesio, incrementara tanto su autoridad p\u00fablica como su influencia a la hora de administrar la potestad regia. Este libro analiza c\u00f3mo la cultura cortesana espa\u00f1ola se vio alterada durante las tres primeras d\u00e9cadas del siglo XVIII promoviendo con ello el nacimiento y consolidaci\u00f3n de una nueva idea y pr\u00e1ctica de la majestad.<\/p>\n","protected":false},"featured_media":30493,"template":"","meta":{"_acf_changed":false},"product_brand":[],"product_cat":[298,308],"product_tag":[300,302,301],"class_list":{"0":"post-30488","1":"product","2":"type-product","3":"status-publish","4":"has-post-thumbnail","6":"product_cat-libros","7":"product_cat-premios-ensayo","8":"product_tag-andalucia","9":"product_tag-fundacion-de-municipios","10":"product_tag-universidad-pablo-de-olavide","12":"first","13":"instock","14":"taxable","15":"shipping-taxable","16":"purchasable","17":"product-type-simple"},"acf":[],"_links":{"self":[{"href":"https:\/\/www.upo.es\/fundacionmunicipios\/wp-json\/wp\/v2\/product\/30488","targetHints":{"allow":["GET"]}}],"collection":[{"href":"https:\/\/www.upo.es\/fundacionmunicipios\/wp-json\/wp\/v2\/product"}],"about":[{"href":"https:\/\/www.upo.es\/fundacionmunicipios\/wp-json\/wp\/v2\/types\/product"}],"wp:featuredmedia":[{"embeddable":true,"href":"https:\/\/www.upo.es\/fundacionmunicipios\/wp-json\/wp\/v2\/media\/30493"}],"wp:attachment":[{"href":"https:\/\/www.upo.es\/fundacionmunicipios\/wp-json\/wp\/v2\/media?parent=30488"}],"wp:term":[{"taxonomy":"product_brand","embeddable":true,"href":"https:\/\/www.upo.es\/fundacionmunicipios\/wp-json\/wp\/v2\/product_brand?post=30488"},{"taxonomy":"product_cat","embeddable":true,"href":"https:\/\/www.upo.es\/fundacionmunicipios\/wp-json\/wp\/v2\/product_cat?post=30488"},{"taxonomy":"product_tag","embeddable":true,"href":"https:\/\/www.upo.es\/fundacionmunicipios\/wp-json\/wp\/v2\/product_tag?post=30488"}],"curies":[{"name":"wp","href":"https:\/\/api.w.org\/{rel}","templated":true}]}}