{"id":31132,"date":"2023-02-10T09:38:19","date_gmt":"2023-02-10T08:38:19","guid":{"rendered":"https:\/\/www.upo.es\/fundacionmunicipios\/?post_type=product&#038;p=31132"},"modified":"2025-12-03T09:53:16","modified_gmt":"2025-12-03T08:53:16","slug":"vida-y-obra-de-un-sacerdote-ilustrado-ursaones-manuel-maria-de-arjona-y-cubas","status":"publish","type":"product","link":"https:\/\/www.upo.es\/fundacionmunicipios\/tienda\/vida-y-obra-de-un-sacerdote-ilustrado-ursaones-manuel-maria-de-arjona-y-cubas\/","title":{"rendered":"Vida y obra de un sacerdote ilustrado ursaon\u00e9s. Manuel Mar\u00eda de Arjona y Cubas (1771-1820)"},"content":{"rendered":"<p><strong>T\u00edtulo: <\/strong>Vida y obra de un sacerdote ilustrado ursaon\u00e9s. Manuel Mar\u00eda de Arjona y Cubas (1771-1820)<br \/>\n<strong>Autores:<\/strong> Francisco Luis D\u00edaz Torrej\u00f3n y Juan Manuel Moreno D\u00edaz (coordinadores)<br \/>\n<strong>Editorial:<\/strong> Fundaci\u00f3n de Municipios Pablo de Olavide<br \/>\n<strong>A\u00f1o de publicaci\u00f3n:<\/strong> 2023<br \/>\n<strong>P\u00e1ginas: <\/strong>414<br \/>\n<strong>Pa\u00eds: <\/strong>Espa\u00f1a<br \/>\n<strong>Idioma:<\/strong> espa\u00f1ol<br \/>\n<strong>ISBN:<\/strong> 978-84-120123-6-1<\/p>\n","protected":false},"excerpt":{"rendered":"<p>Doscientos a\u00f1os despu\u00e9s de su fallecimiento \u2013hecho acaecido el 25 de julio de 1820\u2013 regresa a la luz, como pieza arqueol\u00f3gica rescatada de las profundidades, el recuerdo de una figura que por personalidad, formaci\u00f3n y pensamiento encaja con el clich\u00e9 protot\u00edpico de esa generaci\u00f3n de esa generaci\u00f3n, en gran medida marginada, que fueron los hijos de la Ilustraci\u00f3n. Este movimiento cultural, social y pol\u00edtico fue el territorio original y la atm\u00f3sfera envolvente de la vida y de la obra del protagonista del presente trabajo colectivo: Manuel Mar\u00eda Arjona.<\/p>\n<p>Este libro no se circunscribe solamente a un estudio biogr\u00e1fico del personaje y a un examen de su producci\u00f3n literaria, sino que retrata tambi\u00e9n la realidad de la \u00e9poca que enmarcaron sus pasos. Arjona, incomprendido por tantos contempor\u00e1neos, vivi\u00f3 zarandeando por las circunstancias de d\u00edas revueltos y estuvo caso siempre a merced de las vicisitudes cambiantes de los tiempos por inestabilidades sociales y pol\u00edticas. La contextualizaci\u00f3n vital y cronol\u00f3gica de este intelectual ilustrado, con marchamo de perdedor a pesar de su inmenso talento, ocupa las p\u00e1ginas de los siete cap\u00edtulos de este libro, cap\u00edtulos debidos a las plumas de sendos autores diferentes, aunque todos los especialistas y conocedores del tema tratan respectivamente.<\/p>\n<p>Por fin, despu\u00e9s de tantos afanes, cristaliza en esta obra el empe\u00f1o colectivo de rescatar la memoria de una figura tan emblem\u00e1tica como olvidada de la Cultura de entresiglos, cuya azarosa existencia transcurri\u00f3 a caballo entre el Siglo de las Luces y la \u00e9poca del Liberalismo.<\/p>\n<p style=\"text-align: left;\"><strong>Sobre la colecci\u00f3n<\/strong><\/p>\n<p>En esta colecci\u00f3n de libros se trata de recomponer los hechos y las ideas que hicieron de la Ilustraci\u00f3n, tanto en Espa\u00f1a como en Am\u00e9rica, un tiempo de progreso. En los sucesivos t\u00edtulos se aludir\u00e1 a la Ilustraci\u00f3n, en su trascendencia social y cultural, a su tiempo y a su circunstancia. Se reconocer\u00e1 a los ilustrados e ilustradas, poniendo en claro sus hechos\u00a0 y movi\u00e9ndose por sus espacios, tanto en la Pen\u00ednsula como en Am\u00e9rica. Y en sentido amplio, esta colecci\u00f3n se interesar\u00e1 por el correlato formativo y cultural, en su trascendencia a los tiempos actuales.<\/p>\n","protected":false},"featured_media":31133,"template":"","meta":{"_acf_changed":false},"product_brand":[],"product_cat":[305,298],"product_tag":[300,302,301],"class_list":{"0":"post-31132","1":"product","2":"type-product","3":"status-publish","4":"has-post-thumbnail","6":"product_cat-coleccion-olavide-ilustracion","7":"product_cat-libros","8":"product_tag-andalucia","9":"product_tag-fundacion-de-municipios","10":"product_tag-universidad-pablo-de-olavide","12":"first","13":"instock","14":"taxable","15":"shipping-taxable","16":"purchasable","17":"product-type-simple"},"acf":[],"_links":{"self":[{"href":"https:\/\/www.upo.es\/fundacionmunicipios\/wp-json\/wp\/v2\/product\/31132","targetHints":{"allow":["GET"]}}],"collection":[{"href":"https:\/\/www.upo.es\/fundacionmunicipios\/wp-json\/wp\/v2\/product"}],"about":[{"href":"https:\/\/www.upo.es\/fundacionmunicipios\/wp-json\/wp\/v2\/types\/product"}],"wp:featuredmedia":[{"embeddable":true,"href":"https:\/\/www.upo.es\/fundacionmunicipios\/wp-json\/wp\/v2\/media\/31133"}],"wp:attachment":[{"href":"https:\/\/www.upo.es\/fundacionmunicipios\/wp-json\/wp\/v2\/media?parent=31132"}],"wp:term":[{"taxonomy":"product_brand","embeddable":true,"href":"https:\/\/www.upo.es\/fundacionmunicipios\/wp-json\/wp\/v2\/product_brand?post=31132"},{"taxonomy":"product_cat","embeddable":true,"href":"https:\/\/www.upo.es\/fundacionmunicipios\/wp-json\/wp\/v2\/product_cat?post=31132"},{"taxonomy":"product_tag","embeddable":true,"href":"https:\/\/www.upo.es\/fundacionmunicipios\/wp-json\/wp\/v2\/product_tag?post=31132"}],"curies":[{"name":"wp","href":"https:\/\/api.w.org\/{rel}","templated":true}]}}