{"id":31636,"date":"2026-01-13T13:20:20","date_gmt":"2026-01-13T12:20:20","guid":{"rendered":"https:\/\/www.upo.es\/fundacionmunicipios\/?post_type=product&#038;p=31636"},"modified":"2026-02-02T13:08:39","modified_gmt":"2026-02-02T12:08:39","slug":"pablo-de-olavide-un-personaje-ilustrado","status":"publish","type":"product","link":"https:\/\/www.upo.es\/fundacionmunicipios\/tienda\/pablo-de-olavide-un-personaje-ilustrado\/","title":{"rendered":"Pablo de Olavide. Un personaje ilustrado"},"content":{"rendered":"<p><strong>T\u00edtulo: <\/strong>Pablo de Olavide. Un personaje ilustrado<br \/>\n<strong>Autores:<\/strong> Rafael Jim\u00e9nez S\u00e1nchez (textos) y Juanfer Briones (ilustraciones)<br \/>\n<strong>Correcci\u00f3n y supervisi\u00f3n de la\u00a0presente edici\u00f3n a cargo de:<\/strong><br \/>\nJos\u00e9 Antonio Filter, Adolfo Hamer Flores, Pedro Ramos Miguel y Francisco Hidalgo Rosendo<br \/>\n<strong>Editorial:<\/strong> Fundaci\u00f3n de Municipios Pablo de Olavide<br \/>\n<strong>A\u00f1o de publicaci\u00f3n:<\/strong> 2025<br \/>\n<strong>P\u00e1ginas: <\/strong>52<br \/>\n<strong>Pa\u00eds: <\/strong>Espa\u00f1a<br \/>\n<strong>Idioma:<\/strong> espa\u00f1ol<br \/>\n<strong>ISBN:<\/strong> 979-13-991346-0-5<\/p>\n","protected":false},"excerpt":{"rendered":"<div class=\"page\" title=\"Page 1\">\n<div class=\"section\">\n<div class=\"layoutArea\">\n<div class=\"column\">\n<p class=\"p1\">El objetivo de este c\u00f3mic es acercar la figura de Pablo de Olavide al p\u00fablico m\u00e1s joven de las poblaciones que conforman la Fundaci\u00f3n de Municipios Pablo de Olavide, adem\u00e1s de al p\u00fablico en general, a trav\u00e9s de un formato m\u00e1s visual y did\u00e1ctico, promoviendo el conocimiento de su legado ilustrado y su impacto en el territorio.<\/p>\n<\/div>\n<\/div>\n<\/div>\n<\/div>\n<p style=\"text-align: left;\"><strong>Sobre la colecci\u00f3n<\/strong><\/p>\n<p>En esta colecci\u00f3n de libros se trata de recomponer los hechos y las ideas que hicieron de la Ilustraci\u00f3n, tanto en Espa\u00f1a como en Am\u00e9rica, un tiempo de progreso. En los sucesivos t\u00edtulos se aludir\u00e1 a la Ilustraci\u00f3n, en su trascendencia social y cultural, a su tiempo y a su circunstancia. Se reconocer\u00e1 a los ilustrados e ilustradas, poniendo en claro sus hechos\u00a0 y movi\u00e9ndose por sus espacios, tanto en la Pen\u00ednsula como en Am\u00e9rica. Y en sentido amplio, esta colecci\u00f3n se interesar\u00e1 por el correlato formativo y cultural, en su trascendencia a los tiempos actuales.<\/p>\n","protected":false},"featured_media":31656,"template":"","meta":{"_acf_changed":false},"product_brand":[],"product_cat":[305,298],"product_tag":[300,302,301],"class_list":{"0":"post-31636","1":"product","2":"type-product","3":"status-publish","4":"has-post-thumbnail","6":"product_cat-coleccion-olavide-ilustracion","7":"product_cat-libros","8":"product_tag-andalucia","9":"product_tag-fundacion-de-municipios","10":"product_tag-universidad-pablo-de-olavide","12":"first","13":"instock","14":"taxable","15":"shipping-taxable","16":"purchasable","17":"product-type-simple"},"acf":[],"_links":{"self":[{"href":"https:\/\/www.upo.es\/fundacionmunicipios\/wp-json\/wp\/v2\/product\/31636","targetHints":{"allow":["GET"]}}],"collection":[{"href":"https:\/\/www.upo.es\/fundacionmunicipios\/wp-json\/wp\/v2\/product"}],"about":[{"href":"https:\/\/www.upo.es\/fundacionmunicipios\/wp-json\/wp\/v2\/types\/product"}],"wp:featuredmedia":[{"embeddable":true,"href":"https:\/\/www.upo.es\/fundacionmunicipios\/wp-json\/wp\/v2\/media\/31656"}],"wp:attachment":[{"href":"https:\/\/www.upo.es\/fundacionmunicipios\/wp-json\/wp\/v2\/media?parent=31636"}],"wp:term":[{"taxonomy":"product_brand","embeddable":true,"href":"https:\/\/www.upo.es\/fundacionmunicipios\/wp-json\/wp\/v2\/product_brand?post=31636"},{"taxonomy":"product_cat","embeddable":true,"href":"https:\/\/www.upo.es\/fundacionmunicipios\/wp-json\/wp\/v2\/product_cat?post=31636"},{"taxonomy":"product_tag","embeddable":true,"href":"https:\/\/www.upo.es\/fundacionmunicipios\/wp-json\/wp\/v2\/product_tag?post=31636"}],"curies":[{"name":"wp","href":"https:\/\/api.w.org\/{rel}","templated":true}]}}