{"id":1002,"date":"2013-03-15T16:37:30","date_gmt":"2013-03-15T15:37:30","guid":{"rendered":"https:\/\/www.upo.es\/gepdo\/?page_id=1002"},"modified":"2018-02-16T12:15:53","modified_gmt":"2018-02-16T11:15:53","slug":"oscar-david-marcenaro-gutierrez","status":"publish","type":"page","link":"https:\/\/www.upo.es\/gepdo\/quienes-somos\/oscar-david-marcenaro-gutierrez\/","title":{"rendered":"Oscar David Marcenaro Guti\u00e9rrez"},"content":{"rendered":"<p align=\"JUSTIFY\"><span style=\"color: #000000\"><span style=\"font-family: Times New Roman,serif\"><span style=\"font-size: medium\"><a href=\"https:\/\/www.upo.es\/gepdo\/wp-content\/uploads\/2013\/03\/Oscar_Marcerano.jpg\"><img decoding=\"async\" loading=\"lazy\" class=\"alignleft size-full wp-image-1014\" src=\"https:\/\/www.upo.es\/gepdo\/wp-content\/uploads\/2013\/03\/Oscar_Marcerano.jpg\" alt=\"Oscar_Marcerano\" width=\"100\" height=\"100\" \/><\/a><\/span><\/span><\/span><\/p>\n<p>Oscar David Marcenaro Guti\u00e9rrez es Catedr\u00e1tico de Universidad en el Departamento de Econom\u00eda Aplicada (Estad\u00edstica y Econometr\u00eda). Es Doctor en Econom\u00eda, habiendo completado parte de sus estudios de doctorado en la Universidad de Newcastle. A su experiencia profesional hay que sumar la adquirida durante los tres a\u00f1os que trabaj\u00f3 como <em>Research Officer<\/em> en el <em>Centre for Economics of Education<\/em> de la <em>London School of Economics<\/em>.<\/p>\n<p>Adem\u00e1s de su actividad docente en diversas universidades, desarrolla una amplia actividad investigadora que se centra, principalmente, en la Econom\u00eda de la Educaci\u00f3n, con particular \u00e9nfasis en el an\u00e1lisis microeconom\u00e9trico de las funciones de producci\u00f3n educativa, eficiencia, g\u00e9nero e igualdad, movilidad intergeneracional y uso del tiempo. Ha publicado numerosos art\u00edculos en revistas cient\u00edficas y cap\u00edtulos de libro (m\u00e1s de setenta publicaciones), ha presentado comunicaciones y ponencias en m\u00e1s de ochenta congresos y, adicionalmente, ha sido invitado como Ponente en una veintena de ocasiones. Adem\u00e1s, es evaluador de m\u00e1s de veinte revistas indexadas JCR.<\/p>\n<p>En el contexto de la movilidad internacional ha realizado siete estancias de investigaci\u00f3n en centros de reconocido prestigio (University of Newcastle, University College of London, University of Cambridge, etc).<\/p>\n<p align=\"JUSTIFY\"><span style=\"color: #000000\"><span style=\"font-family: Times New Roman,serif\"><span style=\"font-size: medium\">\u00a0<\/span><\/span><\/span><\/p>\n<p><strong>Perfil acad\u00e9mico y profesional<\/strong><\/p>\n<p><a href=\"https:\/\/www.upo.es\/gepdo\/wp-content\/uploads\/2013\/03\/CV-Enero-2018.pdf\">CV Enero 2018<\/a><\/p>\n","protected":false},"excerpt":{"rendered":"<p>Oscar David Marcenaro Guti\u00e9rrez es Catedr\u00e1tico de Universidad en el Departamento de Econom\u00eda Aplicada (Estad\u00edstica y Econometr\u00eda). Es Doctor en Econom\u00eda, habiendo completado parte de sus estudios de doctorado en la Universidad de Newcastle. A su experiencia profesional hay que sumar la adquirida durante los tres a\u00f1os que trabaj\u00f3 como Research Officer en el Centre&hellip;<\/p>\n","protected":false},"author":1,"featured_media":0,"parent":227,"menu_order":13,"comment_status":"closed","ping_status":"closed","template":"template-onecolumn.php","meta":[],"_links":{"self":[{"href":"https:\/\/www.upo.es\/gepdo\/wp-json\/wp\/v2\/pages\/1002"}],"collection":[{"href":"https:\/\/www.upo.es\/gepdo\/wp-json\/wp\/v2\/pages"}],"about":[{"href":"https:\/\/www.upo.es\/gepdo\/wp-json\/wp\/v2\/types\/page"}],"author":[{"embeddable":true,"href":"https:\/\/www.upo.es\/gepdo\/wp-json\/wp\/v2\/users\/1"}],"replies":[{"embeddable":true,"href":"https:\/\/www.upo.es\/gepdo\/wp-json\/wp\/v2\/comments?post=1002"}],"version-history":[{"count":9,"href":"https:\/\/www.upo.es\/gepdo\/wp-json\/wp\/v2\/pages\/1002\/revisions"}],"predecessor-version":[{"id":2115,"href":"https:\/\/www.upo.es\/gepdo\/wp-json\/wp\/v2\/pages\/1002\/revisions\/2115"}],"up":[{"embeddable":true,"href":"https:\/\/www.upo.es\/gepdo\/wp-json\/wp\/v2\/pages\/227"}],"wp:attachment":[{"href":"https:\/\/www.upo.es\/gepdo\/wp-json\/wp\/v2\/media?parent=1002"}],"curies":[{"name":"wp","href":"https:\/\/api.w.org\/{rel}","templated":true}]}}