{"id":1293,"date":"2014-11-14T10:21:02","date_gmt":"2014-11-14T09:21:02","guid":{"rendered":"https:\/\/www.upo.es\/gepdo\/?page_id=1293"},"modified":"2019-10-06T14:01:30","modified_gmt":"2019-10-06T12:01:30","slug":"laura-martinez-jimenez","status":"publish","type":"page","link":"https:\/\/www.upo.es\/gepdo\/quienes-somos\/laura-martinez-jimenez\/","title":{"rendered":"Laura Mart\u00ednez Jim\u00e9nez"},"content":{"rendered":"<h3><span style=\"color: #000000\"><a href=\"https:\/\/www.upo.es\/gepdo\/wp-content\/uploads\/2014\/11\/Laura-II-1.jpg\"><img decoding=\"async\" loading=\"lazy\" class=\"alignleft size-thumbnail wp-image-2288\" src=\"https:\/\/www.upo.es\/gepdo\/wp-content\/uploads\/2014\/11\/Laura-II-1-150x150.jpg\" alt=\"Laura-II (1)\" width=\"150\" height=\"150\" \/><\/a>Doctora en Ciencias Sociales por la Universidad Pablo de Olavide (2019) e investigadora postdoctoral especialista en estudios culturales feministas en el grupo de investigaci\u00f3n SEJ507 EcoEcoFem (Universidad Pablo de Olavide). Licenciada en Periodismo (Universidad de Sevilla, 2012) y M\u00e1ster en G\u00e9nero e Igualdad (Universidad Pablo de Olavide, 2013).<\/span><\/h3>\n<h3><span style=\"color: #000000\">Mis intereses de investigaci\u00f3n\/formaci\u00f3n son muy amplios, pero actualmente se aterrizan en la interrelaci\u00f3n entre (post)feminismo, capitalismo neoliberal,\u00a0<em>nuevas<\/em> feminidades y cultura popular. De esta curiosidad se ha alimentado mi tesis doctoral, titulada <em><strong>La M\u00edstica del Postfeminismo Neoliberal en el Escenario (Post)recesivo<\/strong><\/em>.<\/span><\/h3>\n<h3><span style=\"color: #000000\">En 1928, Virginia Woolf nos pregunt\u00f3 a las mujeres: \u00ab\u00bfOs dais cuenta de que sois quiz\u00e1s el animal m\u00e1s discutido del universo?\u00bb\u00a0Revisitar esta cuesti\u00f3n hoy, como investigadora feminista, me anima a participar de esa discusi\u00f3n &#8211;nuestra\u00a0discusi\u00f3n.<\/span><\/h3>\n<h3><strong><a style=\"color: #e01212;text-decoration: underline\" href=\"https:\/\/www.researchgate.net\/profile\/Laura_Martinez_Jimenez\" target=\"_blank\">Perfil en ResearchGate<\/a>\u00a0 \u00b7\u00a0\u00a0<\/strong>Twitter: <span style=\"color: #d90202\"><a style=\"color: #d90202\" href=\"https:\/\/twitter.com\/elemejota13\" target=\"_blank\">@elemejota13<\/a>\u00a0 <strong><span style=\"color: #000000\">\u00b7<\/span><\/strong>\u00a0\u00a0<\/span>marjim.laura@gmail.com<\/h3>\n","protected":false},"excerpt":{"rendered":"<p>Doctora en Ciencias Sociales por la Universidad Pablo de Olavide (2019) e investigadora postdoctoral especialista en estudios culturales feministas en el grupo de investigaci\u00f3n SEJ507 EcoEcoFem (Universidad Pablo de Olavide). Licenciada en Periodismo (Universidad de Sevilla, 2012) y M\u00e1ster en G\u00e9nero e Igualdad (Universidad Pablo de Olavide, 2013). Mis intereses de investigaci\u00f3n\/formaci\u00f3n son muy amplios,&hellip;<\/p>\n","protected":false},"author":3,"featured_media":0,"parent":227,"menu_order":14,"comment_status":"closed","ping_status":"open","template":"template-onecolumn.php","meta":[],"_links":{"self":[{"href":"https:\/\/www.upo.es\/gepdo\/wp-json\/wp\/v2\/pages\/1293"}],"collection":[{"href":"https:\/\/www.upo.es\/gepdo\/wp-json\/wp\/v2\/pages"}],"about":[{"href":"https:\/\/www.upo.es\/gepdo\/wp-json\/wp\/v2\/types\/page"}],"author":[{"embeddable":true,"href":"https:\/\/www.upo.es\/gepdo\/wp-json\/wp\/v2\/users\/3"}],"replies":[{"embeddable":true,"href":"https:\/\/www.upo.es\/gepdo\/wp-json\/wp\/v2\/comments?post=1293"}],"version-history":[{"count":37,"href":"https:\/\/www.upo.es\/gepdo\/wp-json\/wp\/v2\/pages\/1293\/revisions"}],"predecessor-version":[{"id":3745,"href":"https:\/\/www.upo.es\/gepdo\/wp-json\/wp\/v2\/pages\/1293\/revisions\/3745"}],"up":[{"embeddable":true,"href":"https:\/\/www.upo.es\/gepdo\/wp-json\/wp\/v2\/pages\/227"}],"wp:attachment":[{"href":"https:\/\/www.upo.es\/gepdo\/wp-json\/wp\/v2\/media?parent=1293"}],"curies":[{"name":"wp","href":"https:\/\/api.w.org\/{rel}","templated":true}]}}