{"id":132,"date":"2013-01-03T17:50:24","date_gmt":"2013-01-03T16:50:24","guid":{"rendered":"https:\/\/www.upo.es\/gepdo\/public\/?page_id=132"},"modified":"2015-02-23T22:24:37","modified_gmt":"2015-02-23T21:24:37","slug":"divulgacion-y-transferencia-de-conocimiento","status":"publish","type":"page","link":"https:\/\/www.upo.es\/gepdo\/que-hacemos-2\/divulgacion-y-transferencia-de-conocimiento\/","title":{"rendered":"Participaci\u00f3n y transferencia del conocimiento"},"content":{"rendered":"<p><a title=\"Diagn\u00f3stico sobre la realidad social\" href=\"https:\/\/www.upo.es\/gepdo\/que-hacemos-2\/divulgacion-y-transferencia-de-conocimiento\/diagnostico-sobre-la-realidad-social\/\"><img decoding=\"async\" loading=\"lazy\" class=\"size-full wp-image-1473\" src=\"https:\/\/www.upo.es\/gepdo\/wp-content\/uploads\/2013\/01\/diag.jpg\" alt=\"diag\" width=\"320\" height=\"150\" srcset=\"https:\/\/www.upo.es\/gepdo\/wp-content\/uploads\/2013\/01\/diag.jpg 320w, https:\/\/www.upo.es\/gepdo\/wp-content\/uploads\/2013\/01\/diag-300x140.jpg 300w, https:\/\/www.upo.es\/gepdo\/wp-content\/uploads\/2013\/01\/diag-250x117.jpg 250w, https:\/\/www.upo.es\/gepdo\/wp-content\/uploads\/2013\/01\/diag-150x70.jpg 150w\" sizes=\"(max-width: 320px) 100vw, 320px\" \/><\/a>\u00a0 \u00a0 \u00a0 \u00a0<a title=\"Planificaci\u00f3n, evaluaci\u00f3n y gesti\u00f3n del conocimiento\" href=\"https:\/\/www.upo.es\/gepdo\/que-hacemos-2\/divulgacion-y-transferencia-de-conocimiento\/planificacion-evaluacion-y-gestion-del-conocimiento\/\"><img decoding=\"async\" loading=\"lazy\" class=\"wp-image-1482 size-full\" src=\"https:\/\/www.upo.es\/gepdo\/wp-content\/uploads\/2013\/01\/6666.jpg\" alt=\"\" width=\"320\" height=\"150\" srcset=\"https:\/\/www.upo.es\/gepdo\/wp-content\/uploads\/2013\/01\/6666.jpg 320w, https:\/\/www.upo.es\/gepdo\/wp-content\/uploads\/2013\/01\/6666-300x140.jpg 300w, https:\/\/www.upo.es\/gepdo\/wp-content\/uploads\/2013\/01\/6666-250x117.jpg 250w, https:\/\/www.upo.es\/gepdo\/wp-content\/uploads\/2013\/01\/6666-150x70.jpg 150w\" sizes=\"(max-width: 320px) 100vw, 320px\" \/><\/a><\/p>\n<p style=\"text-align: justify\"><a title=\"Divulgaci\u00f3n e incidencia pol\u00edtica y social\" href=\"https:\/\/www.upo.es\/gepdo\/que-hacemos-2\/divulgacion-y-transferencia-de-conocimiento\/incidencia-social-y-politica\/\"><img decoding=\"async\" loading=\"lazy\" class=\"size-full wp-image-1477\" src=\"https:\/\/www.upo.es\/gepdo\/wp-content\/uploads\/2013\/01\/4444.jpg\" alt=\"4444\" width=\"320\" height=\"150\" srcset=\"https:\/\/www.upo.es\/gepdo\/wp-content\/uploads\/2013\/01\/4444.jpg 320w, https:\/\/www.upo.es\/gepdo\/wp-content\/uploads\/2013\/01\/4444-300x140.jpg 300w, https:\/\/www.upo.es\/gepdo\/wp-content\/uploads\/2013\/01\/4444-250x117.jpg 250w, https:\/\/www.upo.es\/gepdo\/wp-content\/uploads\/2013\/01\/4444-150x70.jpg 150w\" sizes=\"(max-width: 320px) 100vw, 320px\" \/><\/a>\u00a0 \u00a0 \u00a0 \u00a0<a title=\"Creaci\u00f3n y fomento de Redes\" href=\"https:\/\/www.upo.es\/gepdo\/que-hacemos-2\/divulgacion-y-transferencia-de-conocimiento\/creacion-y-fomento-de-redes\/\"><img decoding=\"async\" loading=\"lazy\" class=\"size-full wp-image-1478\" src=\"https:\/\/www.upo.es\/gepdo\/wp-content\/uploads\/2013\/01\/555.jpg\" alt=\"555\" width=\"320\" height=\"150\" srcset=\"https:\/\/www.upo.es\/gepdo\/wp-content\/uploads\/2013\/01\/555.jpg 320w, https:\/\/www.upo.es\/gepdo\/wp-content\/uploads\/2013\/01\/555-300x140.jpg 300w, https:\/\/www.upo.es\/gepdo\/wp-content\/uploads\/2013\/01\/555-250x117.jpg 250w, https:\/\/www.upo.es\/gepdo\/wp-content\/uploads\/2013\/01\/555-150x70.jpg 150w\" sizes=\"(max-width: 320px) 100vw, 320px\" \/><\/a><\/p>\n<p><!-- @page { margin: 2cm } P { margin-right: -2.46cm; margin-bottom: 0cm; direction: ltr; color: #00000a; line-height: 200%; widows: 2; orphans: 2 } P.western { font-family: \"Arial Narrow\", serif; font-size: 10pt } P.cjk { font-size: 10pt; so-language: ar-SA } P.ctl { font-family: \"Times New Roman\"; font-size: 14pt; font-weight: bold } A:link { color: #0000ff } A.western:link { so-language: zxx } A.cjk:link { so-language: zxx } A.ctl:link { font-family: \"Times New Roman\"; so-language: zxx } --><\/p>\n","protected":false},"excerpt":{"rendered":"<p>\u00a0 \u00a0 \u00a0 \u00a0 \u00a0 \u00a0 \u00a0 \u00a0<\/p>\n","protected":false},"author":1,"featured_media":0,"parent":91,"menu_order":3,"comment_status":"closed","ping_status":"closed","template":"template-onecolumn.php","meta":[],"_links":{"self":[{"href":"https:\/\/www.upo.es\/gepdo\/wp-json\/wp\/v2\/pages\/132"}],"collection":[{"href":"https:\/\/www.upo.es\/gepdo\/wp-json\/wp\/v2\/pages"}],"about":[{"href":"https:\/\/www.upo.es\/gepdo\/wp-json\/wp\/v2\/types\/page"}],"author":[{"embeddable":true,"href":"https:\/\/www.upo.es\/gepdo\/wp-json\/wp\/v2\/users\/1"}],"replies":[{"embeddable":true,"href":"https:\/\/www.upo.es\/gepdo\/wp-json\/wp\/v2\/comments?post=132"}],"version-history":[{"count":22,"href":"https:\/\/www.upo.es\/gepdo\/wp-json\/wp\/v2\/pages\/132\/revisions"}],"predecessor-version":[{"id":1485,"href":"https:\/\/www.upo.es\/gepdo\/wp-json\/wp\/v2\/pages\/132\/revisions\/1485"}],"up":[{"embeddable":true,"href":"https:\/\/www.upo.es\/gepdo\/wp-json\/wp\/v2\/pages\/91"}],"wp:attachment":[{"href":"https:\/\/www.upo.es\/gepdo\/wp-json\/wp\/v2\/media?parent=132"}],"curies":[{"name":"wp","href":"https:\/\/api.w.org\/{rel}","templated":true}]}}